{"id":1037,"date":"2022-04-01T11:00:42","date_gmt":"2022-04-01T14:00:42","guid":{"rendered":"https:\/\/sites.uel.br\/sebec\/?page_id=1037"},"modified":"2022-04-06T09:56:28","modified_gmt":"2022-04-06T12:56:28","slug":"processo-de-selecao-para-emprestimo-de-instrumentais-odontologicos-2021","status":"publish","type":"page","link":"https:\/\/sites.uel.br\/sebec\/processo-de-selecao-para-emprestimo-de-instrumentais-odontologicos-2021\/","title":{"rendered":"Processo de Sele\u00e7\u00e3o para Empr\u00e9stimo de Instrumentais Odontol\u00f3gicos\u00a02021"},"content":{"rendered":"\n<p><\/p>\n\n\n\n<figure class=\"wp-block-table\"><table><tbody><tr><td class=\"has-text-align-center\" data-align=\"center\">09\/04\/2021<\/td><td class=\"has-text-align-center\" data-align=\"center\"><a href=\"https:\/\/sites.uel.br\/sebec\/wp-content\/uploads\/2022\/04\/Edital-011_2021-Resultado-Final-Instrumental-Odontologico-2021.pdf\" target=\"_blank\" rel=\"noreferrer noopener\">Resultado Final &#8211; Edital SEBEC n\u00ba 011\/2021<\/a><\/td><\/tr><tr><td class=\"has-text-align-center\" data-align=\"center\">05\/04\/2021<\/td><td class=\"has-text-align-center\" data-align=\"center\"><a href=\"https:\/\/sites.uel.br\/sebec\/wp-content\/uploads\/2022\/04\/edital-010_2021-Resultado-Provisorio-instrumental-odontologico-2021.pdf\" target=\"_blank\" rel=\"noreferrer noopener\">Resultado Provis\u00f3rio &#8211; Edital SEBEC n\u00b0 010\/2021<\/a><\/td><\/tr><tr><td class=\"has-text-align-center\" data-align=\"center\">29\/03\/2021<\/td><td class=\"has-text-align-center\" data-align=\"center\"><a href=\"https:\/\/sites.uel.br\/sebec\/wp-content\/uploads\/2022\/04\/Prorrogacao-do-Edital-008_2021-Processo-Instrumental-Odontologico.pdf\" data-type=\"URL\" data-id=\"https:\/\/sites.uel.br\/sebec\/wp-content\/uploads\/2022\/04\/Prorrogacao-do-Edital-008_2021-Processo-Instrumental-Odontologico.pdf\">Prorroga\u00e7\u00e3o do Edital SEBEC n\u00ba 008\/2021<\/a><\/td><\/tr><tr><td class=\"has-text-align-center\" data-align=\"center\">26\/03\/2021 a 31\/03\/2021<\/td><td class=\"has-text-align-center\" data-align=\"center\"><a href=\"https:\/\/www.sistemasweb.uel.br\/index.php?contents=system\/insc\/index.php&amp;pagina=view\/inscricoes\/seleciona_evento.php&amp;cod_evento=6419\" target=\"_blank\" rel=\"noreferrer noopener\">Inscri\u00e7\u00f5es<\/a><\/td><\/tr><tr><td class=\"has-text-align-center\" data-align=\"center\">16\/03\/2021<\/td><td class=\"has-text-align-center\" data-align=\"center\"><a href=\"https:\/\/sites.uel.br\/sebec\/wp-content\/uploads\/2022\/04\/Edital-008_2021-Processo-Instrumental-Odontologico.pdf\" data-type=\"URL\" data-id=\"https:\/\/sites.uel.br\/sebec\/wp-content\/uploads\/2022\/04\/Edital-008_2021-Processo-Instrumental-Odontologico.pdf\" target=\"_blank\" rel=\"noreferrer noopener\">Edital SEBEC n\u00ba 008\/2021<\/a><\/td><\/tr><\/tbody><\/table><\/figure>\n\n\n\n<p><\/p>\n","protected":false},"excerpt":{"rendered":"<p>09\/04\/2021 Resultado Final &#8211; Edital SEBEC n\u00ba 011\/2021 05\/04\/2021 Resultado Provis\u00f3rio &#8211; Edital SEBEC n\u00b0 010\/2021 29\/03\/2021 Prorroga\u00e7\u00e3o do Edital SEBEC n\u00ba 008\/2021 26\/03\/2021 a 31\/03\/2021 Inscri\u00e7\u00f5es 16\/03\/2021 Edital SEBEC n\u00ba 008\/2021<\/p>\n","protected":false},"author":1,"featured_media":0,"parent":0,"menu_order":0,"comment_status":"closed","ping_status":"closed","template":"","meta":{"_acf_changed":false,"footnotes":""},"class_list":["post-1037","page","type-page","status-publish","hentry"],"acf":[],"_links":{"self":[{"href":"https:\/\/sites.uel.br\/sebec\/wp-json\/wp\/v2\/pages\/1037","targetHints":{"allow":["GET"]}}],"collection":[{"href":"https:\/\/sites.uel.br\/sebec\/wp-json\/wp\/v2\/pages"}],"about":[{"href":"https:\/\/sites.uel.br\/sebec\/wp-json\/wp\/v2\/types\/page"}],"author":[{"embeddable":true,"href":"https:\/\/sites.uel.br\/sebec\/wp-json\/wp\/v2\/users\/1"}],"replies":[{"embeddable":true,"href":"https:\/\/sites.uel.br\/sebec\/wp-json\/wp\/v2\/comments?post=1037"}],"version-history":[{"count":2,"href":"https:\/\/sites.uel.br\/sebec\/wp-json\/wp\/v2\/pages\/1037\/revisions"}],"predecessor-version":[{"id":1219,"href":"https:\/\/sites.uel.br\/sebec\/wp-json\/wp\/v2\/pages\/1037\/revisions\/1219"}],"wp:attachment":[{"href":"https:\/\/sites.uel.br\/sebec\/wp-json\/wp\/v2\/media?parent=1037"}],"curies":[{"name":"wp","href":"https:\/\/api.w.org\/{rel}","templated":true}]}}