{"id":1034,"date":"2022-04-01T10:51:37","date_gmt":"2022-04-01T13:51:37","guid":{"rendered":"https:\/\/sites.uel.br\/sebec\/?page_id=1034"},"modified":"2022-12-20T14:18:28","modified_gmt":"2022-12-20T17:18:28","slug":"selecao-para-emprestimo-de-instrumentais-odontologicos","status":"publish","type":"page","link":"https:\/\/sites.uel.br\/sebec\/selecao-para-emprestimo-de-instrumentais-odontologicos\/","title":{"rendered":"Sele\u00e7\u00e3o para Empr\u00e9stimo de Instrumentais Odontol\u00f3gicos"},"content":{"rendered":"\n<p><\/p>\n\n\n\n<p>A sele\u00e7\u00e3o para o empr\u00e9stimo de instrumentais odontol\u00f3gicos \u00e9 destinada aos estudantes regularmente matriculados no curso de Odontologia da UEL com o objetivo de ofertar na categoria de empr\u00e9stimo, <em>Kits<\/em> de instrumentos odontol\u00f3gicos disponibilizados pelo Colegiado do Curso de Odontologia para o desenvolvimento das pr\u00e1ticas acad\u00eamicas. Com isso, o programa visa minimizar as desigualdades existentes entre os estudantes, viabilizando recursos m\u00ednimos necess\u00e1rios a perman\u00eancia e forma\u00e7\u00e3o com qualidade de discentes em situa\u00e7\u00e3o de vulnerabilidade socioecon\u00f4mica no ensino superior p\u00fablico.<\/p>\n\n\n\n<p><\/p>\n\n\n\n<ul class=\"wp-block-list\">\n<li><a href=\"https:\/\/sites.uel.br\/sebec\/processo-de-selecao-para-emprestimo-de-instrumentais-odontologicos-2023\/\" target=\"_blank\" rel=\"noreferrer noopener\">Processo de <span style=\"font-size: 19.2px;font-weight: 400\">Sele\u00e7\u00e3o para Empr\u00e9stimo de Instrumentais Odontol\u00f3gicos<\/span>\u00a02023<\/a><\/li>\n\n\n\n<li><a href=\"https:\/\/sites.uel.br\/sebec\/?page_id=1037\" data-type=\"URL\" data-id=\"https:\/\/sites.uel.br\/sebec\/?page_id=1037\">Processo de <span style=\"font-size: 19.2px;font-weight: 400\">Sele\u00e7\u00e3o para Empr\u00e9stimo de Instrumentais Odontol\u00f3gicos<\/span>\u00a02021<\/a><\/li>\n\n\n\n<li><a href=\"https:\/\/sites.uel.br\/sebec\/?page_id=674\">Processo de <span style=\"font-size: 19.2px;font-weight: 400\">Sele\u00e7\u00e3o para Empr\u00e9stimo de Instrumentais Odontol\u00f3gicos<\/span>&nbsp;2020<\/a><\/li>\n<\/ul>\n\n\n\n<p><\/p>\n","protected":false},"excerpt":{"rendered":"<p>A sele\u00e7\u00e3o para o empr\u00e9stimo de instrumentais odontol\u00f3gicos \u00e9 destinada aos estudantes regularmente matriculados no curso de Odontologia da UEL com o objetivo de ofertar na categoria de empr\u00e9stimo, Kits de instrumentos odontol\u00f3gicos disponibilizados pelo Colegiado do Curso de Odontologia para o desenvolvimento das pr\u00e1ticas acad\u00eamicas. Com isso, o programa visa minimizar as desigualdades existentes [&hellip;]<\/p>\n","protected":false},"author":1,"featured_media":0,"parent":0,"menu_order":0,"comment_status":"closed","ping_status":"closed","template":"","meta":{"_acf_changed":false,"footnotes":""},"class_list":["post-1034","page","type-page","status-publish","hentry"],"acf":[],"_links":{"self":[{"href":"https:\/\/sites.uel.br\/sebec\/wp-json\/wp\/v2\/pages\/1034","targetHints":{"allow":["GET"]}}],"collection":[{"href":"https:\/\/sites.uel.br\/sebec\/wp-json\/wp\/v2\/pages"}],"about":[{"href":"https:\/\/sites.uel.br\/sebec\/wp-json\/wp\/v2\/types\/page"}],"author":[{"embeddable":true,"href":"https:\/\/sites.uel.br\/sebec\/wp-json\/wp\/v2\/users\/1"}],"replies":[{"embeddable":true,"href":"https:\/\/sites.uel.br\/sebec\/wp-json\/wp\/v2\/comments?post=1034"}],"version-history":[{"count":6,"href":"https:\/\/sites.uel.br\/sebec\/wp-json\/wp\/v2\/pages\/1034\/revisions"}],"predecessor-version":[{"id":2540,"href":"https:\/\/sites.uel.br\/sebec\/wp-json\/wp\/v2\/pages\/1034\/revisions\/2540"}],"wp:attachment":[{"href":"https:\/\/sites.uel.br\/sebec\/wp-json\/wp\/v2\/media?parent=1034"}],"curies":[{"name":"wp","href":"https:\/\/api.w.org\/{rel}","templated":true}]}}