{"id":1023,"date":"2022-04-01T10:36:06","date_gmt":"2022-04-01T13:36:06","guid":{"rendered":"https:\/\/sites.uel.br\/sebec\/?page_id=1023"},"modified":"2022-05-02T09:43:53","modified_gmt":"2022-05-02T12:43:53","slug":"participacao-em-comissoes","status":"publish","type":"page","link":"https:\/\/sites.uel.br\/sebec\/participacao-em-comissoes\/","title":{"rendered":"Promo\u00e7\u00e3o de Pol\u00edticas P\u00fablicas e Institucionais"},"content":{"rendered":"\n<p><\/p>\n\n\n\n<p>A Se\u00e7\u00e3o de Sa\u00fade Mental participa em inst\u00e2ncias da Universidade com os objetivos de elabora\u00e7\u00e3o, promo\u00e7\u00e3o e acompanhamento de pol\u00edticas de assist\u00eancia estudantil, sa\u00fade mental, educa\u00e7\u00e3o e direitos humanos, com aten\u00e7\u00e3o em pol\u00edticas de enfrentamento \u00e0s viol\u00eancias sociais como racismo, machismo, misoginia, viol\u00eancias sexuais e de g\u00eanero e \u00e0s desigualdades sociais e econ\u00f4micas e \u00e0s a\u00e7\u00f5es afirmativas e inclusivas para popula\u00e7\u00f5es minorit\u00e1rias, entre as principais a serem atendidas: ind\u00edgenas, negras, gays, l\u00e9sbicas, transexuais, transg\u00eanero e mulheres. Com participa\u00e7\u00e3o atual nas seguintes Comiss\u00f5es:<\/p>\n\n\n\n<p><strong><strong>Comiss\u00e3o Universidade para os \u00cdndios \u2013 CUIA<\/strong><\/strong><\/p>\n\n\n\n<p><\/p>\n\n\n\n<p>Participa\u00e7\u00e3o na CUIA, com atua\u00e7\u00e3o  em parceria com a Divis\u00e3o de Servi\u00e7o Social do SEBEC na contribui\u00e7\u00e3o da elabora\u00e7\u00e3o e da execu\u00e7\u00e3o de a\u00e7\u00f5es de assist\u00eancia social e psicol\u00f3gica dos estudantes ind\u00edgenas da UEL. A participa\u00e7\u00e3o ocorre por meio das reuni\u00f5es ordin\u00e1rias e extraordin\u00e1rias da CUIA  para organiza\u00e7\u00e3o do trabalho e acompanhamento dos estudantes, discuss\u00f5es de casos com docentes espec\u00edficos e coordena\u00e7\u00e3o da CUIA, atividades com o grupo de estudantes ind\u00edgenas e atendimentos individuais e em grupos aos estudantes, sendo estes atendimentos para suporte psicol\u00f3gico e social, com visitas domiciliares mensais a alguns estudantes com maior vulnerabilidade social, econ\u00f4mica ou de sa\u00fade. <\/p>\n\n\n\n<p><\/p>\n\n\n\n<p><strong>Comiss\u00e3o de Preven\u00e7\u00e3o \u00e0s Viol\u00eancias Sexuais e de G\u00eanero \u2013 CLCH<\/strong><\/p>\n\n\n\n<p><\/p>\n\n\n\n<p>A Comiss\u00e3o tem o objetivo de organizar  atividades educativas e abordagens de acolhimento e acompanhamento de casos na preven\u00e7\u00e3o e enfrentamento \u00e0s viol\u00eancias sexuais e de g\u00eanero no \u00e2mbito da Comunidade Universit\u00e1ria que pertencem ao CLCH da UEL. <\/p>\n\n\n\n<p><\/p>\n\n\n\n<p><strong>Grupo de Trabalho  para propor Pol\u00edtica de Preven\u00e7\u00e3o e Enfrentamento \u00e0s Viol\u00eancias Sexuais e de G\u00eanero<\/strong> <strong>na UEL <\/strong><\/p>\n\n\n\n<p><\/p>\n\n\n\n<p>Grupo que tem como objetivo propor uma pol\u00edtica institucional para acolhimento e acompanhamento de den\u00fancias de viol\u00eancias ocorridas na UEL e de acompanhamento e apoio \u00e0s pessoas v\u00edtimas de viol\u00eancias sexuais e de g\u00eanero. <\/p>\n","protected":false},"excerpt":{"rendered":"<p>A Se\u00e7\u00e3o de Sa\u00fade Mental participa em inst\u00e2ncias da Universidade com os objetivos de elabora\u00e7\u00e3o, promo\u00e7\u00e3o e acompanhamento de pol\u00edticas de assist\u00eancia estudantil, sa\u00fade mental, educa\u00e7\u00e3o e direitos humanos, com aten\u00e7\u00e3o em pol\u00edticas de enfrentamento \u00e0s viol\u00eancias sociais como racismo, machismo, misoginia, viol\u00eancias sexuais e de g\u00eanero e \u00e0s desigualdades sociais e econ\u00f4micas e \u00e0s [&hellip;]<\/p>\n","protected":false},"author":1,"featured_media":0,"parent":0,"menu_order":0,"comment_status":"closed","ping_status":"closed","template":"","meta":{"_acf_changed":false,"footnotes":""},"class_list":["post-1023","page","type-page","status-publish","hentry"],"acf":[],"_links":{"self":[{"href":"https:\/\/sites.uel.br\/sebec\/wp-json\/wp\/v2\/pages\/1023","targetHints":{"allow":["GET"]}}],"collection":[{"href":"https:\/\/sites.uel.br\/sebec\/wp-json\/wp\/v2\/pages"}],"about":[{"href":"https:\/\/sites.uel.br\/sebec\/wp-json\/wp\/v2\/types\/page"}],"author":[{"embeddable":true,"href":"https:\/\/sites.uel.br\/sebec\/wp-json\/wp\/v2\/users\/1"}],"replies":[{"embeddable":true,"href":"https:\/\/sites.uel.br\/sebec\/wp-json\/wp\/v2\/comments?post=1023"}],"version-history":[{"count":9,"href":"https:\/\/sites.uel.br\/sebec\/wp-json\/wp\/v2\/pages\/1023\/revisions"}],"predecessor-version":[{"id":1520,"href":"https:\/\/sites.uel.br\/sebec\/wp-json\/wp\/v2\/pages\/1023\/revisions\/1520"}],"wp:attachment":[{"href":"https:\/\/sites.uel.br\/sebec\/wp-json\/wp\/v2\/media?parent=1023"}],"curies":[{"name":"wp","href":"https:\/\/api.w.org\/{rel}","templated":true}]}}