{"id":1013,"date":"2022-04-01T10:12:48","date_gmt":"2022-04-01T13:12:48","guid":{"rendered":"https:\/\/sites.uel.br\/sebec\/?page_id=1013"},"modified":"2022-07-08T17:25:22","modified_gmt":"2022-07-08T20:25:22","slug":"acolhimento-individual","status":"publish","type":"page","link":"https:\/\/sites.uel.br\/sebec\/acolhimento-individual\/","title":{"rendered":"Atendimentos Psicol\u00f3gicos"},"content":{"rendered":"\n<p><\/p>\n\n\n\n<p class=\"has-verde-escuro-color has-text-color\" style=\"font-size:25px\"><strong>Acolhimento para estudantes e servidores da UEL <\/strong><\/p>\n\n\n\n<p>O Acolhimento psicol\u00f3gico \u00e9 o atendimento inicial para a identifica\u00e7\u00e3o de demandas relacionadas aos sofrimentos ps\u00edquicos diversos da Comunidade Universit\u00e1ria, disponibilizando vagas mensais de primeiras consultas, com objetivos de acolher, orientar e avaliar as necessidades das pessoas atendidas e a possibilidade de iniciar tratamento, conforme grau de urg\u00eancia (gravidade) e vagas dispon\u00edveis no Servi\u00e7o.<\/p>\n\n\n\n<p><\/p>\n\n\n\n<p><strong>Acolhimento Individual<\/strong><\/p>\n\n\n\n<p>Para realizar o agendamento, ligar no ramal (43) 3371-4452 ou comparecer na secretaria do SEBEC do Campus, com n\u00famero de matr\u00edcula ou chapa funcional da UEL. A agenda para o acolhimento inicial disponibiliza vagas mensais de primeiras consultas sempre a partir do \u00faltimo dia do m\u00eas atual para agendamentos no m\u00eas seguinte.<\/p>\n\n\n\n<p>Para t\u00e9cnicas (os), docentes e estudantes do CCS-HU e HU, o agendamento pode ser realizado por mensagens escritas pelo WhatsApp: (43) 99146-0786.<\/p>\n\n\n\n<p><\/p>\n\n\n\n<p><strong>Acolhimento em Grupo<\/strong><\/p>\n\n\n\n<p>Atendimento inicial realizado em grupo a ser agendado na secretaria do SEBEC do Campus. Essa modalidade ser\u00e1 ofertada quando n\u00e3o houver mais vagas para o acolhimento individual no m\u00eas vigente.<\/p>\n\n\n\n<p><\/p>\n\n\n\n<p class=\"has-verde-escuro-color has-text-color\" style=\"font-size:25px\"><strong>Tratamento Psicol\u00f3gico<\/strong><\/p>\n\n\n\n<p>Atendimentos a serem realizados ap\u00f3s o Acolhimento Psicol\u00f3gico inicial:<\/p>\n\n\n\n<p><\/p>\n\n\n\n<p><strong>Orienta\u00e7\u00f5es e Encaminhamentos<\/strong><\/p>\n\n\n\n<p>Trabalho de orienta\u00e7\u00e3o, acompanhamento e encaminhamento de estudantes, t\u00e9cnicas (os) e docentes da UEL para outros profissionais e servi\u00e7os.<\/p>\n\n\n\n<p><\/p>\n\n\n\n<p><strong>Atendimento Psicol\u00f3gico Individual ou em Grupo<\/strong><\/p>\n\n\n\n<p>Atendimentos psicol\u00f3gicos realizados com sess\u00f5es semanais ou quinzenais, acompanhamentos em servi\u00e7os externos, media\u00e7\u00e3o junto ao Colegiado ou Chefias e apoio familiar conforme necessidade e autoriza\u00e7\u00e3o da (o) paciente.<\/p>\n\n\n\n<p><\/p>\n\n\n\n<p><\/p>\n\n\n\n<p><\/p>\n\n\n\n<p><\/p>\n\n\n\n<p><\/p>\n","protected":false},"excerpt":{"rendered":"<p>Acolhimento para estudantes e servidores da UEL O Acolhimento psicol\u00f3gico \u00e9 o atendimento inicial para a identifica\u00e7\u00e3o de demandas relacionadas aos sofrimentos ps\u00edquicos diversos da Comunidade Universit\u00e1ria, disponibilizando vagas mensais de primeiras consultas, com objetivos de acolher, orientar e avaliar as necessidades das pessoas atendidas e a possibilidade de iniciar tratamento, conforme grau de urg\u00eancia [&hellip;]<\/p>\n","protected":false},"author":1,"featured_media":0,"parent":0,"menu_order":0,"comment_status":"closed","ping_status":"closed","template":"","meta":{"_acf_changed":false,"footnotes":""},"class_list":["post-1013","page","type-page","status-publish","hentry"],"acf":[],"_links":{"self":[{"href":"https:\/\/sites.uel.br\/sebec\/wp-json\/wp\/v2\/pages\/1013","targetHints":{"allow":["GET"]}}],"collection":[{"href":"https:\/\/sites.uel.br\/sebec\/wp-json\/wp\/v2\/pages"}],"about":[{"href":"https:\/\/sites.uel.br\/sebec\/wp-json\/wp\/v2\/types\/page"}],"author":[{"embeddable":true,"href":"https:\/\/sites.uel.br\/sebec\/wp-json\/wp\/v2\/users\/1"}],"replies":[{"embeddable":true,"href":"https:\/\/sites.uel.br\/sebec\/wp-json\/wp\/v2\/comments?post=1013"}],"version-history":[{"count":25,"href":"https:\/\/sites.uel.br\/sebec\/wp-json\/wp\/v2\/pages\/1013\/revisions"}],"predecessor-version":[{"id":1894,"href":"https:\/\/sites.uel.br\/sebec\/wp-json\/wp\/v2\/pages\/1013\/revisions\/1894"}],"wp:attachment":[{"href":"https:\/\/sites.uel.br\/sebec\/wp-json\/wp\/v2\/media?parent=1013"}],"curies":[{"name":"wp","href":"https:\/\/api.w.org\/{rel}","templated":true}]}}