{"id":99,"date":"2025-03-17T16:44:34","date_gmt":"2025-03-17T19:44:34","guid":{"rendered":"https:\/\/sites.uel.br\/sauel\/?page_id=99"},"modified":"2025-04-04T16:18:32","modified_gmt":"2025-04-04T19:18:32","slug":"tramite-de-processos","status":"publish","type":"page","link":"https:\/\/sites.uel.br\/sauel\/tramite-de-processos\/","title":{"rendered":"Autua\u00e7\u00e3o e Tr\u00e2mite de Processos"},"content":{"rendered":"\n<p>Abaixo segue <strong>Ato Executivo n\u00ba 02\/2011 <\/strong>que estabelece procedimentos relacionados ao protocolo, autua\u00e7\u00e3o e tr\u00e2mite de processos:<\/p>\n\n\n\n<div data-wp-interactive=\"core\/file\" class=\"wp-block-file\"><object data-wp-bind--hidden=\"!state.hasPdfPreview\" hidden class=\"wp-block-file__embed\" data=\"https:\/\/sites.uel.br\/sauel\/wp-content\/uploads\/2025\/03\/ato_executivo_002.2011.pdf\" type=\"application\/pdf\" style=\"width:100%;height:600px\" aria-label=\"Incorporado de ato_executivo_002.2011.\"><\/object><a id=\"wp-block-file--media-fb6fad8d-e616-4aa8-948b-9671bbe2c5d4\" href=\"https:\/\/sites.uel.br\/sauel\/wp-content\/uploads\/2025\/03\/ato_executivo_002.2011.pdf\">ato_executivo_002.2011<\/a><a href=\"https:\/\/sites.uel.br\/sauel\/wp-content\/uploads\/2025\/03\/ato_executivo_002.2011.pdf\" class=\"wp-block-file__button wp-element-button\" download aria-describedby=\"wp-block-file--media-fb6fad8d-e616-4aa8-948b-9671bbe2c5d4\">Baixar<\/a><\/div>\n","protected":false},"excerpt":{"rendered":"<p>Abaixo segue Ato Executivo n\u00ba 02\/2011 que estabelece procedimentos relacionados ao protocolo, autua\u00e7\u00e3o e tr\u00e2mite de processos:<\/p>\n","protected":false},"author":7,"featured_media":0,"parent":0,"menu_order":0,"comment_status":"closed","ping_status":"closed","template":"","meta":{"_acf_changed":false,"_themeisle_gutenberg_block_has_review":false,"footnotes":""},"class_list":["post-99","page","type-page","status-publish","hentry"],"acf":[],"_links":{"self":[{"href":"https:\/\/sites.uel.br\/sauel\/wp-json\/wp\/v2\/pages\/99","targetHints":{"allow":["GET"]}}],"collection":[{"href":"https:\/\/sites.uel.br\/sauel\/wp-json\/wp\/v2\/pages"}],"about":[{"href":"https:\/\/sites.uel.br\/sauel\/wp-json\/wp\/v2\/types\/page"}],"author":[{"embeddable":true,"href":"https:\/\/sites.uel.br\/sauel\/wp-json\/wp\/v2\/users\/7"}],"replies":[{"embeddable":true,"href":"https:\/\/sites.uel.br\/sauel\/wp-json\/wp\/v2\/comments?post=99"}],"version-history":[{"count":5,"href":"https:\/\/sites.uel.br\/sauel\/wp-json\/wp\/v2\/pages\/99\/revisions"}],"predecessor-version":[{"id":500,"href":"https:\/\/sites.uel.br\/sauel\/wp-json\/wp\/v2\/pages\/99\/revisions\/500"}],"wp:attachment":[{"href":"https:\/\/sites.uel.br\/sauel\/wp-json\/wp\/v2\/media?parent=99"}],"curies":[{"name":"wp","href":"https:\/\/api.w.org\/{rel}","templated":true}]}}