{"id":91,"date":"2025-03-17T16:42:02","date_gmt":"2025-03-17T19:42:02","guid":{"rendered":"https:\/\/sites.uel.br\/sauel\/?page_id=91"},"modified":"2025-03-19T16:02:19","modified_gmt":"2025-03-19T19:02:19","slug":"formularios","status":"publish","type":"page","link":"https:\/\/sites.uel.br\/sauel\/formularios\/","title":{"rendered":"Formul\u00e1rios"},"content":{"rendered":"\n<p>Abaixo rela\u00e7\u00e3o de v\u00e1rios formul\u00e1rios importantes:<\/p>\n\n\n\n<div class=\"wp-block-file\"><a id=\"wp-block-file--media-5e0ff058-8696-4bc4-9db4-6a72a49eb82b\" href=\"https:\/\/sites.uel.br\/sauel\/wp-content\/uploads\/2025\/03\/Cadastro_de_Pesquisador_SAUEL_DAP-novo.doc\">Cadastro_de_Pesquisador_SAUEL_DAP-novo<\/a><a href=\"https:\/\/sites.uel.br\/sauel\/wp-content\/uploads\/2025\/03\/Cadastro_de_Pesquisador_SAUEL_DAP-novo.doc\" class=\"wp-block-file__button wp-element-button\" download aria-describedby=\"wp-block-file--media-5e0ff058-8696-4bc4-9db4-6a72a49eb82b\">Baixar<\/a><\/div>\n\n\n\n<div class=\"wp-block-file\"><a id=\"wp-block-file--media-00399c74-a332-4754-987d-2f07a1fcd4ee\" href=\"https:\/\/sites.uel.br\/sauel\/wp-content\/uploads\/2025\/03\/Edital_de_Ciencia_de_Eliminacao_de_Documentos.doc\">Edital_de_Ciencia_de_Eliminacao_de_Documentos<\/a><a href=\"https:\/\/sites.uel.br\/sauel\/wp-content\/uploads\/2025\/03\/Edital_de_Ciencia_de_Eliminacao_de_Documentos.doc\" class=\"wp-block-file__button wp-element-button\" download aria-describedby=\"wp-block-file--media-00399c74-a332-4754-987d-2f07a1fcd4ee\">Baixar<\/a><\/div>\n\n\n\n<div class=\"wp-block-file\"><a id=\"wp-block-file--media-2d1b4baa-de77-4c39-8387-771064abe13d\" href=\"https:\/\/sites.uel.br\/sauel\/wp-content\/uploads\/2025\/03\/MODELO_ESPELHO-SAUEL.doc\">MODELO_ESPELHO-SAUEL<\/a><a href=\"https:\/\/sites.uel.br\/sauel\/wp-content\/uploads\/2025\/03\/MODELO_ESPELHO-SAUEL.doc\" class=\"wp-block-file__button wp-element-button\" download aria-describedby=\"wp-block-file--media-2d1b4baa-de77-4c39-8387-771064abe13d\">Baixar<\/a><\/div>\n\n\n\n<div class=\"wp-block-file\"><a id=\"wp-block-file--media-e5bbef08-6440-4524-9d11-ec279a5bd39b\" href=\"https:\/\/sites.uel.br\/sauel\/wp-content\/uploads\/2025\/03\/Ficha_de_Caracterizacao_do_Tipo_Documental_com_Campo_DEAP.doc\">Ficha_de_Caracterizacao_do_Tipo_Documental_com_Campo_DEAP<\/a><a href=\"https:\/\/sites.uel.br\/sauel\/wp-content\/uploads\/2025\/03\/Ficha_de_Caracterizacao_do_Tipo_Documental_com_Campo_DEAP.doc\" class=\"wp-block-file__button wp-element-button\" download aria-describedby=\"wp-block-file--media-e5bbef08-6440-4524-9d11-ec279a5bd39b\">Baixar<\/a><\/div>\n\n\n\n<div class=\"wp-block-file\"><a id=\"wp-block-file--media-6471968e-c821-4973-bd0a-1f8559088e4f\" href=\"https:\/\/sites.uel.br\/sauel\/wp-content\/uploads\/2025\/03\/Listagem_de_Eliminacao_de_Documentos.docx\">Listagem_de_Eliminacao_de_Documentos<\/a><a href=\"https:\/\/sites.uel.br\/sauel\/wp-content\/uploads\/2025\/03\/Listagem_de_Eliminacao_de_Documentos.docx\" class=\"wp-block-file__button wp-element-button\" download aria-describedby=\"wp-block-file--media-6471968e-c821-4973-bd0a-1f8559088e4f\">Baixar<\/a><\/div>\n\n\n\n<div class=\"wp-block-file\"><a id=\"wp-block-file--media-f7ca4169-d0e1-49e6-9e9b-372b0816419e\" href=\"https:\/\/sites.uel.br\/sauel\/wp-content\/uploads\/2025\/03\/Listagem_de_Eliminacao_de_Documentos_com_Prestacao_de_Contas.docx\">Listagem_de_Eliminacao_de_Documentos_com_Prestacao_de_Contas<\/a><a href=\"https:\/\/sites.uel.br\/sauel\/wp-content\/uploads\/2025\/03\/Listagem_de_Eliminacao_de_Documentos_com_Prestacao_de_Contas.docx\" class=\"wp-block-file__button wp-element-button\" download aria-describedby=\"wp-block-file--media-f7ca4169-d0e1-49e6-9e9b-372b0816419e\">Baixar<\/a><\/div>\n\n\n\n<div class=\"wp-block-file\"><a id=\"wp-block-file--media-32752cbc-bf16-4c03-9fce-0de4729c17d1\" href=\"https:\/\/sites.uel.br\/sauel\/wp-content\/uploads\/2025\/03\/manual_preenchimento_ficha_caracterizacao.docx\">manual_preenchimento_ficha_caracterizacao<\/a><a href=\"https:\/\/sites.uel.br\/sauel\/wp-content\/uploads\/2025\/03\/manual_preenchimento_ficha_caracterizacao.docx\" class=\"wp-block-file__button wp-element-button\" download aria-describedby=\"wp-block-file--media-32752cbc-bf16-4c03-9fce-0de4729c17d1\">Baixar<\/a><\/div>\n\n\n\n<div class=\"wp-block-file\"><a id=\"wp-block-file--media-70f1b465-3b36-4b8b-a9af-ec91029c5450\" href=\"https:\/\/sites.uel.br\/sauel\/wp-content\/uploads\/2025\/03\/Relacao_de_Recolhimento_de_Documentos_para_a_DAP.doc\">Relacao_de_Recolhimento_de_Documentos_para_a_DAP<\/a><a href=\"https:\/\/sites.uel.br\/sauel\/wp-content\/uploads\/2025\/03\/Relacao_de_Recolhimento_de_Documentos_para_a_DAP.doc\" class=\"wp-block-file__button wp-element-button\" download aria-describedby=\"wp-block-file--media-70f1b465-3b36-4b8b-a9af-ec91029c5450\">Baixar<\/a><\/div>\n\n\n\n<div class=\"wp-block-file\"><a id=\"wp-block-file--media-5518cb65-2d37-4bc5-aac5-64b6b44874b0\" href=\"https:\/\/sites.uel.br\/sauel\/wp-content\/uploads\/2025\/03\/Relacao_de_Transferencia_de_Documentos_para_a_DAI.doc\">Relacao_de_Transferencia_de_Documentos_para_a_DAI<\/a><a href=\"https:\/\/sites.uel.br\/sauel\/wp-content\/uploads\/2025\/03\/Relacao_de_Transferencia_de_Documentos_para_a_DAI.doc\" class=\"wp-block-file__button wp-element-button\" download aria-describedby=\"wp-block-file--media-5518cb65-2d37-4bc5-aac5-64b6b44874b0\">Baixar<\/a><\/div>\n\n\n\n<div class=\"wp-block-file\"><a id=\"wp-block-file--media-c9dee0fb-0024-444a-9dc5-2f750cb31753\" href=\"https:\/\/sites.uel.br\/sauel\/wp-content\/uploads\/2025\/03\/Solicitacao_para_o_Uso_e_Reproducao_de_Imagens.doc\">Solicitacao_para_o_Uso_e_Reproducao_de_Imagens<\/a><a href=\"https:\/\/sites.uel.br\/sauel\/wp-content\/uploads\/2025\/03\/Solicitacao_para_o_Uso_e_Reproducao_de_Imagens.doc\" class=\"wp-block-file__button wp-element-button\" download aria-describedby=\"wp-block-file--media-c9dee0fb-0024-444a-9dc5-2f750cb31753\">Baixar<\/a><\/div>\n\n\n\n<div class=\"wp-block-file\"><a id=\"wp-block-file--media-f25c6b77-676b-4c82-a8b1-589145b104d1\" href=\"https:\/\/sites.uel.br\/sauel\/wp-content\/uploads\/2025\/03\/MODELO_TERMO_DE_COMPROMISSO-DAP.docx\">MODELO_TERMO_DE_COMPROMISSO-DAP<\/a><a href=\"https:\/\/sites.uel.br\/sauel\/wp-content\/uploads\/2025\/03\/MODELO_TERMO_DE_COMPROMISSO-DAP.docx\" class=\"wp-block-file__button wp-element-button\" download aria-describedby=\"wp-block-file--media-f25c6b77-676b-4c82-a8b1-589145b104d1\">Baixar<\/a><\/div>\n\n\n\n<div class=\"wp-block-file\"><a id=\"wp-block-file--media-d120f036-7d41-4bca-a8ca-3186894f2ad5\" href=\"https:\/\/sites.uel.br\/sauel\/wp-content\/uploads\/2025\/03\/Termo_de_Eliminacao_de_Documentos.doc\">Termo_de_Eliminacao_de_Documentos<\/a><a href=\"https:\/\/sites.uel.br\/sauel\/wp-content\/uploads\/2025\/03\/Termo_de_Eliminacao_de_Documentos.doc\" class=\"wp-block-file__button wp-element-button\" download aria-describedby=\"wp-block-file--media-d120f036-7d41-4bca-a8ca-3186894f2ad5\">Baixar<\/a><\/div>\n\n\n\n<p><\/p>\n","protected":false},"excerpt":{"rendered":"<p>Abaixo rela\u00e7\u00e3o de v\u00e1rios formul\u00e1rios importantes:<\/p>\n","protected":false},"author":7,"featured_media":0,"parent":0,"menu_order":0,"comment_status":"closed","ping_status":"closed","template":"","meta":{"_acf_changed":false,"_themeisle_gutenberg_block_has_review":false,"footnotes":""},"class_list":["post-91","page","type-page","status-publish","hentry"],"acf":[],"_links":{"self":[{"href":"https:\/\/sites.uel.br\/sauel\/wp-json\/wp\/v2\/pages\/91","targetHints":{"allow":["GET"]}}],"collection":[{"href":"https:\/\/sites.uel.br\/sauel\/wp-json\/wp\/v2\/pages"}],"about":[{"href":"https:\/\/sites.uel.br\/sauel\/wp-json\/wp\/v2\/types\/page"}],"author":[{"embeddable":true,"href":"https:\/\/sites.uel.br\/sauel\/wp-json\/wp\/v2\/users\/7"}],"replies":[{"embeddable":true,"href":"https:\/\/sites.uel.br\/sauel\/wp-json\/wp\/v2\/comments?post=91"}],"version-history":[{"count":6,"href":"https:\/\/sites.uel.br\/sauel\/wp-json\/wp\/v2\/pages\/91\/revisions"}],"predecessor-version":[{"id":185,"href":"https:\/\/sites.uel.br\/sauel\/wp-json\/wp\/v2\/pages\/91\/revisions\/185"}],"wp:attachment":[{"href":"https:\/\/sites.uel.br\/sauel\/wp-json\/wp\/v2\/media?parent=91"}],"curies":[{"name":"wp","href":"https:\/\/api.w.org\/{rel}","templated":true}]}}