{"id":89,"date":"2025-03-17T16:41:36","date_gmt":"2025-03-17T19:41:36","guid":{"rendered":"https:\/\/sites.uel.br\/sauel\/?page_id=89"},"modified":"2025-04-01T09:49:22","modified_gmt":"2025-04-01T12:49:22","slug":"instrucao-descarte","status":"publish","type":"page","link":"https:\/\/sites.uel.br\/sauel\/instrucao-descarte\/","title":{"rendered":"Elimina\u00e7\u00e3o de Documentos"},"content":{"rendered":"\n<p>Umas das a\u00e7\u00f5es da gest\u00e3o documental \u00e9 a elimina\u00e7\u00e3o de documentos. Com a publica\u00e7\u00e3o do Manual, a UEL pode realizar o descarte de documentos de maneira correta e segura, de acordo com as regulamenta\u00e7\u00f5es vigentes.<\/p>\n\n\n\n<p>Ap\u00f3s o cumprimento do seu ciclo de vida, e terminado o prazo de guarda, alguns documentos podem ser descartados, desde que sua destina\u00e7\u00e3o seja para elimina\u00e7\u00e3o.<\/p>\n\n\n\n<p>Neste sentido, seguindo o Plano de Classifica\u00e7\u00e3o de Documentos e a Tabela de Temporalidade de Documentos, e visando orientar os diversos \u00d3rg\u00e3os da UEL, sobre o descarte correto e seguro de documentos p\u00fablicos, o SAUEL emitiu a Instru\u00e7\u00e3o de Servi\u00e7o N\u00ba 01\/2024, sobre os procedimentos para a realiza\u00e7\u00e3o do processo de elimina\u00e7\u00e3o de documentos.<\/p>\n\n\n\n<p>Segue abaixo a <strong>Instru\u00e7\u00e3o de Servi\u00e7o SAUEL N\u00ba 01\/2024<\/strong>:<\/p>\n\n\n\n<div data-wp-interactive=\"core\/file\" class=\"wp-block-file\"><object data-wp-bind--hidden=\"!state.hasPdfPreview\" hidden class=\"wp-block-file__embed\" data=\"https:\/\/sites.uel.br\/sauel\/wp-content\/uploads\/2025\/03\/Instrucao_de_Servico_01_2024.pdf\" type=\"application\/pdf\" style=\"width:100%;height:600px\" aria-label=\"Incorporado de Instrucao_de_Servico_01_2024.\"><\/object><a id=\"wp-block-file--media-ef912370-4e95-43ef-b2b6-cd1614f83625\" href=\"https:\/\/sites.uel.br\/sauel\/wp-content\/uploads\/2025\/03\/Instrucao_de_Servico_01_2024.pdf\">Instrucao_de_Servico_01_2024<\/a><a href=\"https:\/\/sites.uel.br\/sauel\/wp-content\/uploads\/2025\/03\/Instrucao_de_Servico_01_2024.pdf\" class=\"wp-block-file__button wp-element-button\" download aria-describedby=\"wp-block-file--media-ef912370-4e95-43ef-b2b6-cd1614f83625\">Baixar<\/a><\/div>\n\n\n\n<p><\/p>\n","protected":false},"excerpt":{"rendered":"<p>Umas das a\u00e7\u00f5es da gest\u00e3o documental \u00e9 a elimina\u00e7\u00e3o de documentos. Com a publica\u00e7\u00e3o do Manual, a UEL pode realizar o descarte de documentos de maneira correta e segura, de acordo com as regulamenta\u00e7\u00f5es vigentes. Ap\u00f3s o cumprimento do seu ciclo de vida, e terminado o prazo de guarda, alguns documentos podem ser descartados, desde [&hellip;]<\/p>\n","protected":false},"author":7,"featured_media":0,"parent":0,"menu_order":0,"comment_status":"closed","ping_status":"closed","template":"","meta":{"_acf_changed":false,"_themeisle_gutenberg_block_has_review":false,"footnotes":""},"class_list":["post-89","page","type-page","status-publish","hentry"],"acf":[],"_links":{"self":[{"href":"https:\/\/sites.uel.br\/sauel\/wp-json\/wp\/v2\/pages\/89","targetHints":{"allow":["GET"]}}],"collection":[{"href":"https:\/\/sites.uel.br\/sauel\/wp-json\/wp\/v2\/pages"}],"about":[{"href":"https:\/\/sites.uel.br\/sauel\/wp-json\/wp\/v2\/types\/page"}],"author":[{"embeddable":true,"href":"https:\/\/sites.uel.br\/sauel\/wp-json\/wp\/v2\/users\/7"}],"replies":[{"embeddable":true,"href":"https:\/\/sites.uel.br\/sauel\/wp-json\/wp\/v2\/comments?post=89"}],"version-history":[{"count":6,"href":"https:\/\/sites.uel.br\/sauel\/wp-json\/wp\/v2\/pages\/89\/revisions"}],"predecessor-version":[{"id":481,"href":"https:\/\/sites.uel.br\/sauel\/wp-json\/wp\/v2\/pages\/89\/revisions\/481"}],"wp:attachment":[{"href":"https:\/\/sites.uel.br\/sauel\/wp-json\/wp\/v2\/media?parent=89"}],"curies":[{"name":"wp","href":"https:\/\/api.w.org\/{rel}","templated":true}]}}