{"id":87,"date":"2025-03-17T16:41:19","date_gmt":"2025-03-17T19:41:19","guid":{"rendered":"https:\/\/sites.uel.br\/sauel\/?page_id=87"},"modified":"2025-03-25T16:39:12","modified_gmt":"2025-03-25T19:39:12","slug":"manual-da-gestao-de-documentos","status":"publish","type":"page","link":"https:\/\/sites.uel.br\/sauel\/manual-da-gestao-de-documentos\/","title":{"rendered":"Manual da Gest\u00e3o de Documentos"},"content":{"rendered":"\n<p>O Sistema de Arquivos da UEL &#8211; SAUEL, apresenta o Manual de Gest\u00e3o de Documentos da Univesidade Estadual de Londrina &#8211; Atividades Fim.<\/p>\n\n\n\n<p>Este Manual contempla 03 (tr\u00eas) instrumentos fundamentais de gest\u00e3o documental: o Plano de Classifica\u00e7\u00e3o de Documentos, a Tabela de Temporalidade de Documentos e o Gloss\u00e1rio de Esp\u00e9cies, que proporcionar\u00e3o desde o controle e acompanhamento da produ\u00e7\u00e3o documental at\u00e9 um processo mais transparente e seguro na preserva\u00e7\u00e3o dos documentos de valor permanente e hist\u00f3rico, e\/ou na elimina\u00e7\u00e3o de documentos.<\/p>\n\n\n\n<div data-wp-interactive=\"core\/file\" class=\"wp-block-file\"><object data-wp-bind--hidden=\"!state.hasPdfPreview\" hidden class=\"wp-block-file__embed\" data=\"https:\/\/sites.uel.br\/sauel\/wp-content\/uploads\/2025\/03\/ManualGestaoDoctos.pdf\" type=\"application\/pdf\" style=\"width:100%;height:600px\" aria-label=\"Incorporado de ManualGest\u00e3oDoctos.\"><\/object><a id=\"wp-block-file--media-bd5c9054-e5af-417a-8a5d-6b75cfbad8c8\" href=\"https:\/\/sites.uel.br\/sauel\/wp-content\/uploads\/2025\/03\/ManualGestaoDoctos.pdf\">ManualGest\u00e3oDoctos<\/a><a href=\"https:\/\/sites.uel.br\/sauel\/wp-content\/uploads\/2025\/03\/ManualGestaoDoctos.pdf\" class=\"wp-block-file__button wp-element-button\" download aria-describedby=\"wp-block-file--media-bd5c9054-e5af-417a-8a5d-6b75cfbad8c8\">Baixar<\/a><\/div>\n","protected":false},"excerpt":{"rendered":"<p>O Sistema de Arquivos da UEL &#8211; SAUEL, apresenta o Manual de Gest\u00e3o de Documentos da Univesidade Estadual de Londrina &#8211; Atividades Fim. Este Manual contempla 03 (tr\u00eas) instrumentos fundamentais de gest\u00e3o documental: o Plano de Classifica\u00e7\u00e3o de Documentos, a Tabela de Temporalidade de Documentos e o Gloss\u00e1rio de Esp\u00e9cies, que proporcionar\u00e3o desde o controle [&hellip;]<\/p>\n","protected":false},"author":7,"featured_media":0,"parent":0,"menu_order":0,"comment_status":"closed","ping_status":"closed","template":"","meta":{"_acf_changed":false,"_themeisle_gutenberg_block_has_review":false,"footnotes":""},"class_list":["post-87","page","type-page","status-publish","hentry"],"acf":[],"_links":{"self":[{"href":"https:\/\/sites.uel.br\/sauel\/wp-json\/wp\/v2\/pages\/87","targetHints":{"allow":["GET"]}}],"collection":[{"href":"https:\/\/sites.uel.br\/sauel\/wp-json\/wp\/v2\/pages"}],"about":[{"href":"https:\/\/sites.uel.br\/sauel\/wp-json\/wp\/v2\/types\/page"}],"author":[{"embeddable":true,"href":"https:\/\/sites.uel.br\/sauel\/wp-json\/wp\/v2\/users\/7"}],"replies":[{"embeddable":true,"href":"https:\/\/sites.uel.br\/sauel\/wp-json\/wp\/v2\/comments?post=87"}],"version-history":[{"count":5,"href":"https:\/\/sites.uel.br\/sauel\/wp-json\/wp\/v2\/pages\/87\/revisions"}],"predecessor-version":[{"id":375,"href":"https:\/\/sites.uel.br\/sauel\/wp-json\/wp\/v2\/pages\/87\/revisions\/375"}],"wp:attachment":[{"href":"https:\/\/sites.uel.br\/sauel\/wp-json\/wp\/v2\/media?parent=87"}],"curies":[{"name":"wp","href":"https:\/\/api.w.org\/{rel}","templated":true}]}}