{"id":80,"date":"2025-03-17T16:38:19","date_gmt":"2025-03-17T19:38:19","guid":{"rendered":"https:\/\/sites.uel.br\/sauel\/?page_id=80"},"modified":"2025-03-19T11:29:11","modified_gmt":"2025-03-19T14:29:11","slug":"comissao-setorial-de-avaliacao","status":"publish","type":"page","link":"https:\/\/sites.uel.br\/sauel\/comissao-setorial-de-avaliacao\/","title":{"rendered":"Comiss\u00f5es Setoriais de Avalia\u00e7\u00e3o de Documentos (CSAD)"},"content":{"rendered":"\n<p>As Comiss\u00f5es Setoriais de Avalia\u00e7\u00e3o de Documentos ser\u00e3o integradas por servidores respons\u00e1veis pelas atividades de arquivo ativo (corrente) e semi-ativo (intermedi\u00e1rio) nas unidades administrativas e acad\u00eamicas, recebendo orienta\u00e7\u00e3o t\u00e9cnica e normativa do Arquivo Central.<\/p>\n\n\n\n<ol class=\"wp-block-list\">\n<li>As Comiss\u00f5es Setoriais de Avalia\u00e7\u00e3o de Documentos ser\u00e3o integradas por servidores respons\u00e1veis pela organiza\u00e7\u00e3o da documenta\u00e7\u00e3o em cada unidade acad\u00eamica e administrativa.<\/li>\n\n\n\n<li>No caso das unidades acad\u00eamicas, os servidores dever\u00e3o representar cada sub-unidade, indicados pelos titulares das sub-unidades.<\/li>\n\n\n\n<li>Nas unidades administrativas, os servidores dever\u00e3o representar as Diretorias, sendo indicados pelos respectivos diretores.<\/li>\n\n\n\n<li>Dever\u00e3o ser constitu\u00eddas Subcomiss\u00f5es Setoriais de Avalia\u00e7\u00e3o de Documentos para as unidades administrativas com a estrutura organizacional de maior complexidade, tais como: Hospital Universit\u00e1rio e Ambulat\u00f3rio do Hospital de Cl\u00ednicas.<\/li>\n<\/ol>\n","protected":false},"excerpt":{"rendered":"<p>As Comiss\u00f5es Setoriais de Avalia\u00e7\u00e3o de Documentos ser\u00e3o integradas por servidores respons\u00e1veis pelas atividades de arquivo ativo (corrente) e semi-ativo (intermedi\u00e1rio) nas unidades administrativas e acad\u00eamicas, recebendo orienta\u00e7\u00e3o t\u00e9cnica e normativa do Arquivo Central.<\/p>\n","protected":false},"author":7,"featured_media":0,"parent":0,"menu_order":0,"comment_status":"closed","ping_status":"closed","template":"","meta":{"_acf_changed":false,"_themeisle_gutenberg_block_has_review":false,"footnotes":""},"class_list":["post-80","page","type-page","status-publish","hentry"],"acf":[],"_links":{"self":[{"href":"https:\/\/sites.uel.br\/sauel\/wp-json\/wp\/v2\/pages\/80","targetHints":{"allow":["GET"]}}],"collection":[{"href":"https:\/\/sites.uel.br\/sauel\/wp-json\/wp\/v2\/pages"}],"about":[{"href":"https:\/\/sites.uel.br\/sauel\/wp-json\/wp\/v2\/types\/page"}],"author":[{"embeddable":true,"href":"https:\/\/sites.uel.br\/sauel\/wp-json\/wp\/v2\/users\/7"}],"replies":[{"embeddable":true,"href":"https:\/\/sites.uel.br\/sauel\/wp-json\/wp\/v2\/comments?post=80"}],"version-history":[{"count":6,"href":"https:\/\/sites.uel.br\/sauel\/wp-json\/wp\/v2\/pages\/80\/revisions"}],"predecessor-version":[{"id":153,"href":"https:\/\/sites.uel.br\/sauel\/wp-json\/wp\/v2\/pages\/80\/revisions\/153"}],"wp:attachment":[{"href":"https:\/\/sites.uel.br\/sauel\/wp-json\/wp\/v2\/media?parent=80"}],"curies":[{"name":"wp","href":"https:\/\/api.w.org\/{rel}","templated":true}]}}