{"id":78,"date":"2025-03-17T16:37:56","date_gmt":"2025-03-17T19:37:56","guid":{"rendered":"https:\/\/sites.uel.br\/sauel\/?page_id=78"},"modified":"2025-03-19T11:26:08","modified_gmt":"2025-03-19T14:26:08","slug":"conselho-tecnico","status":"publish","type":"page","link":"https:\/\/sites.uel.br\/sauel\/conselho-tecnico\/","title":{"rendered":"Conselho T\u00e9cnico (CT)"},"content":{"rendered":"\n<p>O Conselho T\u00e9cnico ter\u00e1 a seguinte composi\u00e7\u00e3o:<\/p>\n\n\n\n<ol class=\"wp-block-list\">\n<li>Diretor do SAUEL (Presidente);<\/li>\n\n\n\n<li>Um representante docente de cada uma das seguintes \u00e1reas, indicado pelos respectivos Diretores:\n<ol class=\"wp-block-list\">\n<li>Ci\u00eancias Exatas e Tecnol\u00f3gicas;<\/li>\n\n\n\n<li>Ci\u00eancias Humanas;<\/li>\n\n\n\n<li>Ci\u00eancias Sociais Aplicadas;<\/li>\n\n\n\n<li>Ci\u00eancias Biom\u00e9dicas.<\/li>\n<\/ol>\n<\/li>\n\n\n\n<li>Um representante da Pr\u00f3-Reitoria de Planejamento;<\/li>\n\n\n\n<li>O respons\u00e1vel pelo Arquivo Intermedi\u00e1rio;<\/li>\n\n\n\n<li>O respons\u00e1vel pelo Arquivo Permanente;<\/li>\n\n\n\n<li>O respons\u00e1vel pela Divis\u00e3o de Protocolo e Comunica\u00e7\u00e3o;<\/li>\n\n\n\n<li>O respons\u00e1vel pela Divis\u00e3o de Apoio Tecnol\u00f3gico;<\/li>\n\n\n\n<li>O advogado que integra a Comiss\u00e3o de Avalia\u00e7\u00e3o de Documentos;<\/li>\n\n\n\n<li>Um docente representante do Curso de Arquivologia;<\/li>\n\n\n\n<li>Um Analista de Sistemas.<\/li>\n<\/ol>\n\n\n\n<p>Compete ao Conselho T\u00e9cnico o estabelecimento de diretrizes e normas do SAUEL, com as seguintes atribui\u00e7\u00f5es:<\/p>\n\n\n\n<ol class=\"wp-block-list\">\n<li>Estabelecer e gerenciar a pol\u00edtica arquiv\u00edstica da Universidade;<\/li>\n\n\n\n<li>Estabelecer pol\u00edticas de difus\u00e3o e acesso \u00e0s informa\u00e7\u00f5es contidas no acervo do SAUEL;<\/li>\n\n\n\n<li>Aprovar a organiza\u00e7\u00e3o e tratamento documental a serem adotados pelo SAUEL;<\/li>\n\n\n\n<li>Analisar e aprovar plano de classifica\u00e7\u00e3o, Tabela de Temporalidade e outros instrumentos de gest\u00e3o documental;<\/li>\n\n\n\n<li>Aprovar as propostas de conv\u00eanios com outras institui\u00e7\u00f5es;<\/li>\n\n\n\n<li>Atuar na interface do SAUEL e Arquivos Setoriais tendo em vista a promo\u00e7\u00e3o de pesquisas fundamentadas nos acervos do Sistema de Arquivos;<\/li>\n\n\n\n<li>Promover eventos cient\u00edficos, respaldar as iniciativas de aperfei\u00e7oamento t\u00e9cnico do SAUEL, viabilizando a obten\u00e7\u00e3o de recursos junto \u00e0s ag\u00eancias de fomento;<\/li>\n\n\n\n<li>Acompanhar a implementa\u00e7\u00e3o dos manuais de procedimentos t\u00e9cnicos administrativos do SAUEL;<\/li>\n\n\n\n<li>Decidir sobre mat\u00e9ria que lhe for apresentada pelo SAUEL.<\/li>\n<\/ol>\n\n\n\n<p><strong>Portaria 3447\/2021 e 2630\/2022&nbsp;<\/strong><\/p>\n\n\n\n<p>Designar para compor o Conselho T\u00e9cnico &#8211; CT, do Sistema de Arquivos da Universidade Estadual de Londrina &#8211; SAUEL, os seguintes membros:<\/p>\n\n\n\n<ul class=\"wp-block-list\">\n<li>Alvaro Barreto Alves Neto (Presidente)<\/li>\n\n\n\n<li>Irin\u00e9a de Lourdes Batista (CCE)<\/li>\n\n\n\n<li>Marco Ant\u00f4nio Neves Soares (CLCH)<\/li>\n\n\n\n<li>Sueli F\u00e1tima Consolini (CESA)<\/li>\n\n\n\n<li>Carlos Alberto Miqueloto (CCB)<\/li>\n\n\n\n<li>Luis Fernando Casarim &#8211; Titular (PROPLAN)<\/li>\n\n\n\n<li>Carlos Alberto Biz &#8211; Suplente(PROPLAN)&nbsp;<\/li>\n\n\n\n<li>Val\u00e9ria Diatchuk &#8211; Respons\u00e1vel pelo Arquivo Intermedi\u00e1rio<\/li>\n\n\n\n<li>Eliza Emiko Suzuki Morita &#8211; Respons\u00e1vel pelo Arquivo Permanente<\/li>\n\n\n\n<li>M\u00e1rcia Gabriela Bilb\u00e3o La Vieja (PJU) &#8211; Advogada&nbsp;<\/li>\n\n\n\n<li>Eliandro dos Santos Costa (Docente do curso de Arquivologia)<\/li>\n\n\n\n<li>Zaqueu Costeski Crosatti (ATI)<\/li>\n<\/ul>\n\n\n\n<p><\/p>\n","protected":false},"excerpt":{"rendered":"<p>O Conselho T\u00e9cnico ter\u00e1 a seguinte composi\u00e7\u00e3o: Compete ao Conselho T\u00e9cnico o estabelecimento de diretrizes e normas do SAUEL, com as seguintes atribui\u00e7\u00f5es: Portaria 3447\/2021 e 2630\/2022&nbsp; Designar para compor o Conselho T\u00e9cnico &#8211; CT, do Sistema de Arquivos da Universidade Estadual de Londrina &#8211; SAUEL, os seguintes membros:<\/p>\n","protected":false},"author":7,"featured_media":0,"parent":0,"menu_order":0,"comment_status":"closed","ping_status":"closed","template":"","meta":{"_acf_changed":false,"_themeisle_gutenberg_block_has_review":false,"footnotes":""},"class_list":["post-78","page","type-page","status-publish","hentry"],"acf":[],"_links":{"self":[{"href":"https:\/\/sites.uel.br\/sauel\/wp-json\/wp\/v2\/pages\/78","targetHints":{"allow":["GET"]}}],"collection":[{"href":"https:\/\/sites.uel.br\/sauel\/wp-json\/wp\/v2\/pages"}],"about":[{"href":"https:\/\/sites.uel.br\/sauel\/wp-json\/wp\/v2\/types\/page"}],"author":[{"embeddable":true,"href":"https:\/\/sites.uel.br\/sauel\/wp-json\/wp\/v2\/users\/7"}],"replies":[{"embeddable":true,"href":"https:\/\/sites.uel.br\/sauel\/wp-json\/wp\/v2\/comments?post=78"}],"version-history":[{"count":9,"href":"https:\/\/sites.uel.br\/sauel\/wp-json\/wp\/v2\/pages\/78\/revisions"}],"predecessor-version":[{"id":152,"href":"https:\/\/sites.uel.br\/sauel\/wp-json\/wp\/v2\/pages\/78\/revisions\/152"}],"wp:attachment":[{"href":"https:\/\/sites.uel.br\/sauel\/wp-json\/wp\/v2\/media?parent=78"}],"curies":[{"name":"wp","href":"https:\/\/api.w.org\/{rel}","templated":true}]}}