{"id":74,"date":"2025-03-17T16:36:26","date_gmt":"2025-03-17T19:36:26","guid":{"rendered":"https:\/\/sites.uel.br\/sauel\/?page_id=74"},"modified":"2025-03-18T14:20:13","modified_gmt":"2025-03-18T17:20:13","slug":"eprotocolo","status":"publish","type":"page","link":"https:\/\/sites.uel.br\/sauel\/eprotocolo\/","title":{"rendered":"eProtocolo"},"content":{"rendered":"\n<p>O Sistema de Protocolo Integrado \u2013 eProtocolo foi desenvolvido para atender as necessidades do Estado do Paran\u00e1 no controle informatizado de documentos emitidos e recebidos nos \u00f3rg\u00e3os da Administra\u00e7\u00e3o P\u00fablica Estadual, controlando desde o cadastramento at\u00e9 a elimina\u00e7\u00e3o dos documentos.<\/p>\n\n\n\n<p>O objetivo \u00e9 a atualiza\u00e7\u00e3o da metodologia dos tr\u00e2mites administrativos proporcionando mais agilidade, efici\u00eancia e seguran\u00e7a. Neste sistema todos os documentos avulsos e processos tramitam de forma digital, dispensando o uso de papel.<br><br>O eProtocolo \u00e9 um sistema de gest\u00e3o de processos e documentos por meio de ferramentas digitais regulamentado pelo decreto estadual\u00a0<a href=\"https:\/\/www.legislacao.pr.gov.br\/legislacao\/pesquisarAto.do?action=exibir&amp;codAto=246627\">7304\/2021<\/a>\u00a0e na Universidade Estadual de Londrina pela Resolu\u00e7\u00e3o CA n\u00ba\u00a0<a href=\"https:\/\/sistemas.uel.br\/files\/atonormativo\/RESOLUCOES\/2022\/13.pdf\">013\/2022<\/a>.<\/p>\n\n\n\n<p><\/p>\n","protected":false},"excerpt":{"rendered":"<p>O Sistema de Protocolo Integrado \u2013 eProtocolo foi desenvolvido para atender as necessidades do Estado do Paran\u00e1 no controle informatizado de documentos emitidos e recebidos nos \u00f3rg\u00e3os da Administra\u00e7\u00e3o P\u00fablica Estadual, controlando desde o cadastramento at\u00e9 a elimina\u00e7\u00e3o dos documentos. O objetivo \u00e9 a atualiza\u00e7\u00e3o da metodologia dos tr\u00e2mites administrativos proporcionando mais agilidade, efici\u00eancia e [&hellip;]<\/p>\n","protected":false},"author":7,"featured_media":0,"parent":0,"menu_order":0,"comment_status":"closed","ping_status":"closed","template":"","meta":{"_acf_changed":false,"_themeisle_gutenberg_block_has_review":false,"footnotes":""},"class_list":["post-74","page","type-page","status-publish","hentry"],"acf":[],"_links":{"self":[{"href":"https:\/\/sites.uel.br\/sauel\/wp-json\/wp\/v2\/pages\/74","targetHints":{"allow":["GET"]}}],"collection":[{"href":"https:\/\/sites.uel.br\/sauel\/wp-json\/wp\/v2\/pages"}],"about":[{"href":"https:\/\/sites.uel.br\/sauel\/wp-json\/wp\/v2\/types\/page"}],"author":[{"embeddable":true,"href":"https:\/\/sites.uel.br\/sauel\/wp-json\/wp\/v2\/users\/7"}],"replies":[{"embeddable":true,"href":"https:\/\/sites.uel.br\/sauel\/wp-json\/wp\/v2\/comments?post=74"}],"version-history":[{"count":3,"href":"https:\/\/sites.uel.br\/sauel\/wp-json\/wp\/v2\/pages\/74\/revisions"}],"predecessor-version":[{"id":122,"href":"https:\/\/sites.uel.br\/sauel\/wp-json\/wp\/v2\/pages\/74\/revisions\/122"}],"wp:attachment":[{"href":"https:\/\/sites.uel.br\/sauel\/wp-json\/wp\/v2\/media?parent=74"}],"curies":[{"name":"wp","href":"https:\/\/api.w.org\/{rel}","templated":true}]}}