{"id":72,"date":"2025-03-17T16:36:08","date_gmt":"2025-03-17T19:36:08","guid":{"rendered":"https:\/\/sites.uel.br\/sauel\/?page_id=72"},"modified":"2026-03-05T16:02:40","modified_gmt":"2026-03-05T19:02:40","slug":"contatos","status":"publish","type":"page","link":"https:\/\/sites.uel.br\/sauel\/contatos\/","title":{"rendered":"Contatos"},"content":{"rendered":"\n<p><\/p>\n\n\n\n<p><strong>Dire\u00e7\u00e3o<\/strong><br><strong>\u00c1lvaro Barreto Alves Neto<\/strong><br>Ramal: 4858<br>e-mail:&nbsp;<a href=\"mailto:izangela@uel.br\">sauel@uel.br<\/a><\/p>\n\n\n\n<p><\/p>\n\n\n\n<p><\/p>\n\n\n\n<p><strong>Secretaria<\/strong><br><strong>Marisa Aparecida Ferreira de Oliveira<\/strong><br>Ramal: 4858 <br>e-mail:&nbsp;<a href=\"mailto:isa@uel.br\">isa@uel.br<\/a><\/p>\n\n\n\n<p><strong>Divis\u00e3o de Arquivo Intermedi\u00e1rio<\/strong><br><strong>Val\u00e9ria Diatchuk<\/strong><br>Chefe de Divis\u00e3o<br>Ramal: 5999<br>e-mail:&nbsp;<a href=\"mailto:valerry@uel.b\">valerry@uel.b<\/a>r<\/p>\n\n\n\n<p><strong>Divis\u00e3o de Arquivo Permanente<\/strong><br><strong>Eliza Emiko Suzuki Morita<\/strong><br>Chefe de Divis\u00e3o<br>Ramal: 5562<br>e-mail:&nbsp;<a href=\"mailto:elizasuzuki@uel.br\">elizasuzuki@uel.br<\/a><\/p>\n\n\n\n<p><strong>Divis\u00e3o de Apoio Tecnol\u00f3gico<\/strong><br><strong>Edson Dalla Torre<\/strong><br>Chefe de Divis\u00e3o<br>Ramal: 4574<br>e-mail:\u00a0<a href=\"mailto:salviato@uel.br\"><a href=\"mailto:salviato@uel.br\">edsondallatorre@uel.br<\/a><\/a><\/p>\n\n\n\n<p><strong>Divis\u00e3o de Protocolo e Comunica\u00e7\u00e3o<\/strong><br><strong>Dilza de F\u00e1tima Chiliga<\/strong><br>Chefe de Divis\u00e3o<br>Ramal: 4241<br>e-mail:&nbsp;<a href=\"mailto:chiliga@uel.br\">chiliga@uel.br<\/a><\/p>\n\n\n\n<p><strong>Luiz Carlos Dias<\/strong><br>Encarregado da Se\u00e7\u00e3o de Protocolo e Controle<br>Ramal: 4634<br>e-mail:&nbsp;<a href=\"mailto:lcdcharles@uel.br\">lcdcharles@uel.br<\/a><\/p>\n\n\n\n<p><strong>Daniel Trevizan Dias da Silva Junior<\/strong><br>T\u00e9cnico<br>Ramal: 4036<br>e-mail:<strong>&nbsp;<\/strong><a href=\"mailto:lcdcharles@uel.br\">daniel.trevizan@uel.br<\/a><\/p>\n\n\n\n<p><\/p>\n","protected":false},"excerpt":{"rendered":"<p>Dire\u00e7\u00e3o\u00c1lvaro Barreto Alves NetoRamal: 4858e-mail:&nbsp;sauel@uel.br SecretariaMarisa Aparecida Ferreira de OliveiraRamal: 4858 e-mail:&nbsp;isa@uel.br Divis\u00e3o de Arquivo Intermedi\u00e1rioVal\u00e9ria DiatchukChefe de Divis\u00e3oRamal: 5999e-mail:&nbsp;valerry@uel.br Divis\u00e3o de Arquivo PermanenteEliza Emiko Suzuki MoritaChefe de Divis\u00e3oRamal: 5562e-mail:&nbsp;elizasuzuki@uel.br Divis\u00e3o de Apoio Tecnol\u00f3gicoEdson Dalla TorreChefe de Divis\u00e3oRamal: 4574e-mail:\u00a0edsondallatorre@uel.br Divis\u00e3o de Protocolo e Comunica\u00e7\u00e3oDilza de F\u00e1tima ChiligaChefe de Divis\u00e3oRamal: 4241e-mail:&nbsp;chiliga@uel.br Luiz Carlos DiasEncarregado da Se\u00e7\u00e3o [&hellip;]<\/p>\n","protected":false},"author":7,"featured_media":0,"parent":0,"menu_order":0,"comment_status":"closed","ping_status":"closed","template":"","meta":{"_acf_changed":false,"_themeisle_gutenberg_block_has_review":false,"footnotes":""},"class_list":["post-72","page","type-page","status-publish","hentry"],"acf":[],"_links":{"self":[{"href":"https:\/\/sites.uel.br\/sauel\/wp-json\/wp\/v2\/pages\/72","targetHints":{"allow":["GET"]}}],"collection":[{"href":"https:\/\/sites.uel.br\/sauel\/wp-json\/wp\/v2\/pages"}],"about":[{"href":"https:\/\/sites.uel.br\/sauel\/wp-json\/wp\/v2\/types\/page"}],"author":[{"embeddable":true,"href":"https:\/\/sites.uel.br\/sauel\/wp-json\/wp\/v2\/users\/7"}],"replies":[{"embeddable":true,"href":"https:\/\/sites.uel.br\/sauel\/wp-json\/wp\/v2\/comments?post=72"}],"version-history":[{"count":14,"href":"https:\/\/sites.uel.br\/sauel\/wp-json\/wp\/v2\/pages\/72\/revisions"}],"predecessor-version":[{"id":563,"href":"https:\/\/sites.uel.br\/sauel\/wp-json\/wp\/v2\/pages\/72\/revisions\/563"}],"wp:attachment":[{"href":"https:\/\/sites.uel.br\/sauel\/wp-json\/wp\/v2\/media?parent=72"}],"curies":[{"name":"wp","href":"https:\/\/api.w.org\/{rel}","templated":true}]}}