{"id":483,"date":"2025-04-04T15:28:33","date_gmt":"2025-04-04T18:28:33","guid":{"rendered":"https:\/\/sites.uel.br\/sauel\/?page_id=483"},"modified":"2025-11-14T09:41:59","modified_gmt":"2025-11-14T12:41:59","slug":"galeria-de-diretores","status":"publish","type":"page","link":"https:\/\/sites.uel.br\/sauel\/galeria-de-diretores\/","title":{"rendered":"Galeria de Diretores"},"content":{"rendered":"\n<p><\/p>\n\n\n\n<p><\/p>\n\n\n\n<p><strong>\u00c1lvaro Barreto Alves Neto<\/strong><br>Gest\u00e3o: 2022 &#8211; at\u00e9 o momento<\/p>\n\n\n\n<p><strong>Profa. Iz\u00e2ngela Maria Sansoni Tonello de Oliveira<\/strong><br>Gest\u00e3o: 2018 &#8211; 2022&nbsp;&nbsp;<\/p>\n\n\n\n<p><strong>Prof. Dr. Edson Jos\u00e9 Holtz Leme<\/strong><br>Gest\u00e3o: 2015 &#8211; 2018<\/p>\n\n\n\n<p><strong>Profa. Dra. Wilmara Rodrigues Calderon<\/strong><br>Gest\u00e3o: 01\/04\/2012 &#8211; 2015<\/p>\n\n\n\n<p><strong>Elizabeth Le\u00e3o de Carvalho<\/strong><br>Gest\u00e3o: 10\/06\/10 &#8211; 31\/03\/12<\/p>\n\n\n\n<div class=\"wp-block-file\"><a id=\"wp-block-file--media-afa7219e-5d92-44e3-a5da-392a9947986a\" href=\"https:\/\/sites.uel.br\/sauel\/wp-content\/uploads\/2025\/04\/relatorio_atividades_elizabeth.pdf\">relatorio_atividades_elizabeth<\/a><a href=\"https:\/\/sites.uel.br\/sauel\/wp-content\/uploads\/2025\/04\/relatorio_atividades_elizabeth.pdf\" class=\"wp-block-file__button wp-element-button\" download aria-describedby=\"wp-block-file--media-afa7219e-5d92-44e3-a5da-392a9947986a\">Baixar<\/a><\/div>\n\n\n\n<div class=\"wp-block-file\"><a id=\"wp-block-file--media-76b7553c-658c-415c-ae7c-0a08727bcaee\" href=\"https:\/\/sites.uel.br\/sauel\/wp-content\/uploads\/2025\/04\/plano_acao_elizabeth.pdf\">plano_acao_elizabeth<\/a><a href=\"https:\/\/sites.uel.br\/sauel\/wp-content\/uploads\/2025\/04\/plano_acao_elizabeth.pdf\" class=\"wp-block-file__button wp-element-button\" download aria-describedby=\"wp-block-file--media-76b7553c-658c-415c-ae7c-0a08727bcaee\">Baixar<\/a><\/div>\n\n\n\n<p><strong>Alu\u00edzio Ant\u00f4nio Grosso<\/strong><br>Gest\u00e3o: 10\/06\/06 &#8211; 09\/06\/10<\/p>\n\n\n\n<p><strong>Profa. Dra. N\u00e1dina Aparecida Moreno<\/strong><br>Gest\u00e3o: 11\/07\/05 &#8211; 09\/06\/06<\/p>\n\n\n\n<div class=\"wp-block-file\"><a id=\"wp-block-file--media-ffbd3341-8858-4d36-b800-9ab12867f681\" href=\"https:\/\/sites.uel.br\/sauel\/wp-content\/uploads\/2025\/04\/relatorio_atividades_nadina.pdf\">relatorio_atividades_nadina<\/a><a href=\"https:\/\/sites.uel.br\/sauel\/wp-content\/uploads\/2025\/04\/relatorio_atividades_nadina.pdf\" class=\"wp-block-file__button wp-element-button\" download aria-describedby=\"wp-block-file--media-ffbd3341-8858-4d36-b800-9ab12867f681\">Baixar<\/a><\/div>\n\n\n\n<p><br><\/p>\n","protected":false},"excerpt":{"rendered":"<p>\u00c1lvaro Barreto Alves NetoGest\u00e3o: 2022 &#8211; at\u00e9 o momento Profa. Iz\u00e2ngela Maria Sansoni Tonello de OliveiraGest\u00e3o: 2018 &#8211; 2022&nbsp;&nbsp; Prof. Dr. Edson Jos\u00e9 Holtz LemeGest\u00e3o: 2015 &#8211; 2018 Profa. Dra. Wilmara Rodrigues CalderonGest\u00e3o: 01\/04\/2012 &#8211; 2015 Elizabeth Le\u00e3o de CarvalhoGest\u00e3o: 10\/06\/10 &#8211; 31\/03\/12 Alu\u00edzio Ant\u00f4nio GrossoGest\u00e3o: 10\/06\/06 &#8211; 09\/06\/10 Profa. Dra. N\u00e1dina Aparecida MorenoGest\u00e3o: 11\/07\/05 [&hellip;]<\/p>\n","protected":false},"author":7,"featured_media":0,"parent":0,"menu_order":0,"comment_status":"closed","ping_status":"closed","template":"","meta":{"_acf_changed":false,"_themeisle_gutenberg_block_has_review":false,"footnotes":""},"class_list":["post-483","page","type-page","status-publish","hentry"],"acf":[],"_links":{"self":[{"href":"https:\/\/sites.uel.br\/sauel\/wp-json\/wp\/v2\/pages\/483","targetHints":{"allow":["GET"]}}],"collection":[{"href":"https:\/\/sites.uel.br\/sauel\/wp-json\/wp\/v2\/pages"}],"about":[{"href":"https:\/\/sites.uel.br\/sauel\/wp-json\/wp\/v2\/types\/page"}],"author":[{"embeddable":true,"href":"https:\/\/sites.uel.br\/sauel\/wp-json\/wp\/v2\/users\/7"}],"replies":[{"embeddable":true,"href":"https:\/\/sites.uel.br\/sauel\/wp-json\/wp\/v2\/comments?post=483"}],"version-history":[{"count":8,"href":"https:\/\/sites.uel.br\/sauel\/wp-json\/wp\/v2\/pages\/483\/revisions"}],"predecessor-version":[{"id":514,"href":"https:\/\/sites.uel.br\/sauel\/wp-json\/wp\/v2\/pages\/483\/revisions\/514"}],"wp:attachment":[{"href":"https:\/\/sites.uel.br\/sauel\/wp-json\/wp\/v2\/media?parent=483"}],"curies":[{"name":"wp","href":"https:\/\/api.w.org\/{rel}","templated":true}]}}