{"id":28,"date":"2025-03-17T14:17:14","date_gmt":"2025-03-17T17:17:14","guid":{"rendered":"https:\/\/sites.uel.br\/sauel\/?page_id=28"},"modified":"2025-03-25T16:25:34","modified_gmt":"2025-03-25T19:25:34","slug":"apresentacao","status":"publish","type":"page","link":"https:\/\/sites.uel.br\/sauel\/apresentacao\/","title":{"rendered":"Apresenta\u00e7\u00e3o"},"content":{"rendered":"\n<p>Criado pela&nbsp;<a href=\"http:\/\/www.uel.br\/sauel\/portal\/pages\/arquivos\/rede_de_arquivos\/institucional\/resolucao_cu_076.2005.pdf\" target=\"_blank\" rel=\"noreferrer noopener\">Resolu\u00e7\u00e3o CU n\u00ba 076\/2005<\/a>&nbsp;que introduz altera\u00e7\u00e3o no Regimento Geral da Universidade Estadual de Londrina, criando o Sistema de Arquivos da Universidade Estadual de Londrina \u2013 SAUEL, como \u00d3rg\u00e3o de Apoio da Universidade.<\/p>\n\n\n\n<p><\/p>\n\n\n\n<p><strong>Miss\u00e3o<\/strong><\/p>\n\n\n\n<p>&#8220;Promover a intera\u00e7\u00e3o e interdepend\u00eancia dos diversos setores respons\u00e1veis pela cust\u00f3dia de documentos, estabelecendo pol\u00edtica de gest\u00e3o documental, conserva\u00e7\u00e3o, preserva\u00e7\u00e3o e acesso ao patrim\u00f4nio documental, assegurando interesses da Universidade, o direito da sociedade e a mem\u00f3ria institucional.&#8221;<\/p>\n\n\n\n<p><\/p>\n\n\n\n<p><strong>Objetivos&nbsp;<\/strong><\/p>\n\n\n\n<p>\u00b7&nbsp;&nbsp;&nbsp;&nbsp;&nbsp;&nbsp;&nbsp;&nbsp;&nbsp;Desenvolver uma pol\u00edtica de aperfei\u00e7oamento das atividades arquiv\u00edsticas, compat\u00edvel com as necessidades de agiliza\u00e7\u00e3o da informa\u00e7\u00e3o e de efici\u00eancia administrativa;<\/p>\n\n\n\n<p>\u00b7&nbsp;&nbsp;&nbsp;&nbsp;&nbsp;&nbsp;&nbsp;&nbsp;&nbsp;Promover a intera\u00e7\u00e3o e interdepend\u00eancia dos diversos setores respons\u00e1veis pela cust\u00f3dia de documentos, considerando a integra\u00e7\u00e3o das diferentes fases da gest\u00e3o documental;<\/p>\n\n\n\n<p>\u00b7&nbsp;&nbsp;&nbsp;&nbsp;&nbsp;&nbsp;&nbsp;&nbsp;&nbsp;Estabelecer pol\u00edtica de conserva\u00e7\u00e3o, preserva\u00e7\u00e3o e acesso ao patrim\u00f4nio documental de modo a assegurar os interesses da Universidade, os direitos da comunidade e a mem\u00f3ria institucional;<\/p>\n\n\n\n<p>\u00b7&nbsp;&nbsp;&nbsp;&nbsp;&nbsp;&nbsp;&nbsp;&nbsp;&nbsp;Proteger o acervo arquiv\u00edstico da Universidade, permitindo que seja poss\u00edvel sua utiliza\u00e7\u00e3o como fonte de refer\u00eancia, informa\u00e7\u00e3o, prova ou para novas pesquisas.<\/p>\n\n\n\n<p><\/p>\n\n\n\n<p><strong>Organograma<\/strong><\/p>\n\n\n<div class=\"wp-block-image\">\n<figure class=\"aligncenter size-full\"><img loading=\"lazy\" decoding=\"async\" width=\"567\" height=\"604\" src=\"https:\/\/sites.uel.br\/sauel\/wp-content\/uploads\/2025\/03\/Organograma.png\" alt=\"\" class=\"wp-image-36\" srcset=\"https:\/\/sites.uel.br\/sauel\/wp-content\/uploads\/2025\/03\/Organograma.png 567w, https:\/\/sites.uel.br\/sauel\/wp-content\/uploads\/2025\/03\/Organograma-282x300.png 282w\" sizes=\"auto, (max-width: 567px) 100vw, 567px\" \/><\/figure>\n<\/div>","protected":false},"excerpt":{"rendered":"<p>Criado pela&nbsp;Resolu\u00e7\u00e3o CU n\u00ba 076\/2005&nbsp;que introduz altera\u00e7\u00e3o no Regimento Geral da Universidade Estadual de Londrina, criando o Sistema de Arquivos da Universidade Estadual de Londrina \u2013 SAUEL, como \u00d3rg\u00e3o de Apoio da Universidade. Miss\u00e3o &#8220;Promover a intera\u00e7\u00e3o e interdepend\u00eancia dos diversos setores respons\u00e1veis pela cust\u00f3dia de documentos, estabelecendo pol\u00edtica de gest\u00e3o documental, conserva\u00e7\u00e3o, preserva\u00e7\u00e3o e [&hellip;]<\/p>\n","protected":false},"author":7,"featured_media":0,"parent":0,"menu_order":0,"comment_status":"closed","ping_status":"closed","template":"","meta":{"_acf_changed":false,"_themeisle_gutenberg_block_has_review":false,"footnotes":""},"class_list":["post-28","page","type-page","status-publish","hentry"],"acf":[],"_links":{"self":[{"href":"https:\/\/sites.uel.br\/sauel\/wp-json\/wp\/v2\/pages\/28","targetHints":{"allow":["GET"]}}],"collection":[{"href":"https:\/\/sites.uel.br\/sauel\/wp-json\/wp\/v2\/pages"}],"about":[{"href":"https:\/\/sites.uel.br\/sauel\/wp-json\/wp\/v2\/types\/page"}],"author":[{"embeddable":true,"href":"https:\/\/sites.uel.br\/sauel\/wp-json\/wp\/v2\/users\/7"}],"replies":[{"embeddable":true,"href":"https:\/\/sites.uel.br\/sauel\/wp-json\/wp\/v2\/comments?post=28"}],"version-history":[{"count":9,"href":"https:\/\/sites.uel.br\/sauel\/wp-json\/wp\/v2\/pages\/28\/revisions"}],"predecessor-version":[{"id":374,"href":"https:\/\/sites.uel.br\/sauel\/wp-json\/wp\/v2\/pages\/28\/revisions\/374"}],"wp:attachment":[{"href":"https:\/\/sites.uel.br\/sauel\/wp-json\/wp\/v2\/media?parent=28"}],"curies":[{"name":"wp","href":"https:\/\/api.w.org\/{rel}","templated":true}]}}