{"id":246,"date":"2025-03-21T13:31:34","date_gmt":"2025-03-21T16:31:34","guid":{"rendered":"https:\/\/sites.uel.br\/sauel\/?page_id=246"},"modified":"2025-03-21T15:54:16","modified_gmt":"2025-03-21T18:54:16","slug":"divisao-de-protocolo-e-comunicacao","status":"publish","type":"page","link":"https:\/\/sites.uel.br\/sauel\/divisao-de-protocolo-e-comunicacao\/","title":{"rendered":"Divis\u00e3o de Protocolo e Comunica\u00e7\u00e3o"},"content":{"rendered":"\n<p>A Divis\u00e3o de Protocolo e Comunica\u00e7\u00e3o \u00e9 o \u00f3rg\u00e3o encarregado pelo recebimento, registro, classifica\u00e7\u00e3o, distribui\u00e7\u00e3o e tramita\u00e7\u00e3o de documentos.<\/p>\n\n\n\n<p>Compete \u00e0 Divis\u00e3o de Protocolo e Comunica\u00e7\u00e3o:<\/p>\n\n\n\n<ol class=\"wp-block-list\">\n<li>Efetuar a troca de malotes do Campus e nos \u00f3rg\u00e3os da UEL localizados fora da Institui\u00e7\u00e3o;<\/li>\n\n\n\n<li>Executar o pagamento de gastos com correspond\u00eancias bem como emitir relat\u00f3rios para a Pr\u00f3-Reitoria de Planejamento e de Administra\u00e7\u00e3o e Finan\u00e7as;<\/li>\n\n\n\n<li>Participar do Conselho T\u00e9cnico e da Comiss\u00e3o Central de Avalia\u00e7\u00e3o de Documentos com direito a voz;<\/li>\n\n\n\n<li>Alimentar o banco de dados das correspond\u00eancias registradas, vindas do correio, e distribu\u00ed-las aos setores da Universidade;<\/li>\n\n\n\n<li>Registrar e protocolar todos os documentos que derem entrada no sistema;<\/li>\n\n\n\n<li>Fazer a triagem, distribui\u00e7\u00e3o e acompanhamento do fluxo documental;<\/li>\n\n\n\n<li>Encaminhar correspond\u00eancias internas e externas \u00e0 UEL;<\/li>\n\n\n\n<li>Prestar informa\u00e7\u00f5es relacionadas ao tr\u00e2mite dos documentos;<\/li>\n\n\n\n<li>Encaminhar \u00e0 Diretoria a rela\u00e7\u00e3o de material de expediente, permanente e equipamentos necess\u00e1rios ao bom andamento da Divis\u00e3o;<\/li>\n\n\n\n<li>Desenvolver outras atividades inerentes \u00e0 Divis\u00e3o.<\/li>\n<\/ol>\n","protected":false},"excerpt":{"rendered":"<p>A Divis\u00e3o de Protocolo e Comunica\u00e7\u00e3o \u00e9 o \u00f3rg\u00e3o encarregado pelo recebimento, registro, classifica\u00e7\u00e3o, distribui\u00e7\u00e3o e tramita\u00e7\u00e3o de documentos. Compete \u00e0 Divis\u00e3o de Protocolo e Comunica\u00e7\u00e3o:<\/p>\n","protected":false},"author":7,"featured_media":0,"parent":0,"menu_order":0,"comment_status":"closed","ping_status":"closed","template":"","meta":{"_acf_changed":false,"_themeisle_gutenberg_block_has_review":false,"footnotes":""},"class_list":["post-246","page","type-page","status-publish","hentry"],"acf":[],"_links":{"self":[{"href":"https:\/\/sites.uel.br\/sauel\/wp-json\/wp\/v2\/pages\/246","targetHints":{"allow":["GET"]}}],"collection":[{"href":"https:\/\/sites.uel.br\/sauel\/wp-json\/wp\/v2\/pages"}],"about":[{"href":"https:\/\/sites.uel.br\/sauel\/wp-json\/wp\/v2\/types\/page"}],"author":[{"embeddable":true,"href":"https:\/\/sites.uel.br\/sauel\/wp-json\/wp\/v2\/users\/7"}],"replies":[{"embeddable":true,"href":"https:\/\/sites.uel.br\/sauel\/wp-json\/wp\/v2\/comments?post=246"}],"version-history":[{"count":3,"href":"https:\/\/sites.uel.br\/sauel\/wp-json\/wp\/v2\/pages\/246\/revisions"}],"predecessor-version":[{"id":258,"href":"https:\/\/sites.uel.br\/sauel\/wp-json\/wp\/v2\/pages\/246\/revisions\/258"}],"wp:attachment":[{"href":"https:\/\/sites.uel.br\/sauel\/wp-json\/wp\/v2\/media?parent=246"}],"curies":[{"name":"wp","href":"https:\/\/api.w.org\/{rel}","templated":true}]}}