{"id":244,"date":"2025-03-21T13:31:14","date_gmt":"2025-03-21T16:31:14","guid":{"rendered":"https:\/\/sites.uel.br\/sauel\/?page_id=244"},"modified":"2025-03-21T15:49:45","modified_gmt":"2025-03-21T18:49:45","slug":"divisao-de-arquivo-permanente","status":"publish","type":"page","link":"https:\/\/sites.uel.br\/sauel\/divisao-de-arquivo-permanente\/","title":{"rendered":"Divis\u00e3o de Arquivo Permanente"},"content":{"rendered":"\n<p>A Divis\u00e3o de Arquivo Permanente \u00e9 o \u00f3rg\u00e3o encarregado pela gest\u00e3o de documentos permanentes, recolhidos pelo Arquivo Central.<\/p>\n\n\n\n<p>Compete \u00e0 Divis\u00e3o de Arquivo Permanente:<\/p>\n\n\n\n<ol class=\"wp-block-list\">\n<li>Gerenciar o processamento t\u00e9cnico de restaura\u00e7\u00e3o e conserva\u00e7\u00e3o, de organiza\u00e7\u00e3o e de descri\u00e7\u00e3o dos documentos permanentes da UEL;<\/li>\n\n\n\n<li>Elaborar instrumentos de pesquisa visando ao atendimento dos usu\u00e1rios;<\/li>\n\n\n\n<li>Desenvolver projetos de divulga\u00e7\u00e3o para complementar e disseminar o acervo, como a organiza\u00e7\u00e3o de encontros com ex-funcion\u00e1rios, docentes e alunos para coleta de documentos e depoimentos;<\/li>\n\n\n\n<li>Promover eventos com pesquisadores voltados \u00e0 integra\u00e7\u00e3o de t\u00e9cnicos, usu\u00e1rios e comunidade, nas pesquisas realizadas no acervo do Arquivo Central;<\/li>\n\n\n\n<li>Preparar exposi\u00e7\u00f5es documentais tem\u00e1ticas, levadas \u00e0 comunidade externa;<\/li>\n\n\n\n<li>Assessorar as unidades da Universidade, produzindo levantamentos hist\u00f3ricos, com a finalidade de promover o resgate da mem\u00f3ria institucional;<\/li>\n\n\n\n<li>Reunir documentos produzidos e\/ou recebidos que tenham interesse para a reconstru\u00e7\u00e3o e preserva\u00e7\u00e3o da mem\u00f3ria da Universidade;<\/li>\n\n\n\n<li>Criar mecanismos de acesso \u00e0 informa\u00e7\u00e3o arquiv\u00edstica contidas nos documentos sob sua cust\u00f3dia;<\/li>\n\n\n\n<li>Encaminhar \u00e0 Diretoria a rela\u00e7\u00e3o de material de expediente, permanente e equipamentos necess\u00e1rios ao bom andamento da Divis\u00e3o;<\/li>\n\n\n\n<li>Participar de reuni\u00f5es do Conselho T\u00e9cnico e da Comiss\u00e3o de Avalia\u00e7\u00e3o de Documentos;<\/li>\n\n\n\n<li>Desenvolver outras atividades inerentes \u00e0 Divis\u00e3o.<\/li>\n<\/ol>\n\n\n\n<p><\/p>\n","protected":false},"excerpt":{"rendered":"<p>A Divis\u00e3o de Arquivo Permanente \u00e9 o \u00f3rg\u00e3o encarregado pela gest\u00e3o de documentos permanentes, recolhidos pelo Arquivo Central. Compete \u00e0 Divis\u00e3o de Arquivo Permanente:<\/p>\n","protected":false},"author":7,"featured_media":0,"parent":0,"menu_order":0,"comment_status":"closed","ping_status":"closed","template":"","meta":{"_acf_changed":false,"_themeisle_gutenberg_block_has_review":false,"footnotes":""},"class_list":["post-244","page","type-page","status-publish","hentry"],"acf":[],"_links":{"self":[{"href":"https:\/\/sites.uel.br\/sauel\/wp-json\/wp\/v2\/pages\/244","targetHints":{"allow":["GET"]}}],"collection":[{"href":"https:\/\/sites.uel.br\/sauel\/wp-json\/wp\/v2\/pages"}],"about":[{"href":"https:\/\/sites.uel.br\/sauel\/wp-json\/wp\/v2\/types\/page"}],"author":[{"embeddable":true,"href":"https:\/\/sites.uel.br\/sauel\/wp-json\/wp\/v2\/users\/7"}],"replies":[{"embeddable":true,"href":"https:\/\/sites.uel.br\/sauel\/wp-json\/wp\/v2\/comments?post=244"}],"version-history":[{"count":3,"href":"https:\/\/sites.uel.br\/sauel\/wp-json\/wp\/v2\/pages\/244\/revisions"}],"predecessor-version":[{"id":256,"href":"https:\/\/sites.uel.br\/sauel\/wp-json\/wp\/v2\/pages\/244\/revisions\/256"}],"wp:attachment":[{"href":"https:\/\/sites.uel.br\/sauel\/wp-json\/wp\/v2\/media?parent=244"}],"curies":[{"name":"wp","href":"https:\/\/api.w.org\/{rel}","templated":true}]}}