{"id":242,"date":"2025-03-21T13:30:49","date_gmt":"2025-03-21T16:30:49","guid":{"rendered":"https:\/\/sites.uel.br\/sauel\/?page_id=242"},"modified":"2025-03-21T15:10:54","modified_gmt":"2025-03-21T18:10:54","slug":"divisao-de-arquivo-intermediario","status":"publish","type":"page","link":"https:\/\/sites.uel.br\/sauel\/divisao-de-arquivo-intermediario\/","title":{"rendered":"Divis\u00e3o de Arquivo Intermedi\u00e1rio"},"content":{"rendered":"\n<p>A Divis\u00e3o de Arquivo Intermedi\u00e1rio \u00e9 o \u00f3rg\u00e3o encarregado da orienta\u00e7\u00e3o t\u00e9cnica aos Arquivos Setoriais e da cust\u00f3dia de documentos semi-ativos.<\/p>\n\n\n\n<p>Compete \u00e0 Divis\u00e3o de Arquivo Intermedi\u00e1rio:<\/p>\n\n\n\n<ol class=\"wp-block-list\">\n<li>Orientar tecnicamente os Arquivos Setoriais;<\/li>\n\n\n\n<li>Prestar servi\u00e7o de arquivamento centralizado de documentos semi-ativos gerados pelas unidades da Universidade, em grande escala e com per\u00edodo de guarda superior a cinco (5) anos, decorrentes de exig\u00eancias jur\u00eddicas e fiscais, apontadas nas Tabelas de Temporalidade de Documentos da UEL;<\/li>\n\n\n\n<li>Atuar junto aos \u00f3rg\u00e3os no estabelecimento de crit\u00e9rios arquiv\u00edsticos a partir da gera\u00e7\u00e3o dos documentos e informa\u00e7\u00e3o correntes at\u00e9 sua destina\u00e7\u00e3o, previstos atrav\u00e9s da identifica\u00e7\u00e3o de atividades;<\/li>\n\n\n\n<li>Orientar a organiza\u00e7\u00e3o de arquivos setoriais a partir de visitas e reuni\u00f5es t\u00e9cnicas para a elabora\u00e7\u00e3o de planos;<\/li>\n\n\n\n<li>Desenvolver projetos de Estudos de usu\u00e1rios a fim de contemplar as suas necessidades no planejamento dos servi\u00e7os e produtos;<\/li>\n\n\n\n<li>Efetuar a manuten\u00e7\u00e3o dos dados relativos ao arquivamento do Sistema de Protocolo\/Processos e pelo atendimento de consultas das Unidades;<\/li>\n\n\n\n<li>Eliminar documentos destitu\u00eddos de valor, conforme apontados nas Tabelas de Temporalidade de Documentos da UEL, aprovadas pela Comiss\u00e3o de Avalia\u00e7\u00e3o Documental, devidamente publicados em di\u00e1rios oficial;<\/li>\n\n\n\n<li>Prestar assessoria para a organiza\u00e7\u00e3o de arquivos setoriais das unidades e outros setores da Universidade;<\/li>\n\n\n\n<li>Participar de reuni\u00f5es do Conselho T\u00e9cnico e da Comiss\u00e3o de Avalia\u00e7\u00e3o de Documentos;<\/li>\n\n\n\n<li>Encaminhar \u00e0 Diretoria a rela\u00e7\u00e3o de material de expediente, permanente e equipamentos necess\u00e1rios ao bom andamento da Divis\u00e3o;<\/li>\n\n\n\n<li>Desenvolver outras atividades inerentes \u00e0 Divis\u00e3o.<\/li>\n<\/ol>\n","protected":false},"excerpt":{"rendered":"<p>A Divis\u00e3o de Arquivo Intermedi\u00e1rio \u00e9 o \u00f3rg\u00e3o encarregado da orienta\u00e7\u00e3o t\u00e9cnica aos Arquivos Setoriais e da cust\u00f3dia de documentos semi-ativos. Compete \u00e0 Divis\u00e3o de Arquivo Intermedi\u00e1rio:<\/p>\n","protected":false},"author":7,"featured_media":0,"parent":0,"menu_order":0,"comment_status":"closed","ping_status":"closed","template":"","meta":{"_acf_changed":false,"_themeisle_gutenberg_block_has_review":false,"footnotes":""},"class_list":["post-242","page","type-page","status-publish","hentry"],"acf":[],"_links":{"self":[{"href":"https:\/\/sites.uel.br\/sauel\/wp-json\/wp\/v2\/pages\/242","targetHints":{"allow":["GET"]}}],"collection":[{"href":"https:\/\/sites.uel.br\/sauel\/wp-json\/wp\/v2\/pages"}],"about":[{"href":"https:\/\/sites.uel.br\/sauel\/wp-json\/wp\/v2\/types\/page"}],"author":[{"embeddable":true,"href":"https:\/\/sites.uel.br\/sauel\/wp-json\/wp\/v2\/users\/7"}],"replies":[{"embeddable":true,"href":"https:\/\/sites.uel.br\/sauel\/wp-json\/wp\/v2\/comments?post=242"}],"version-history":[{"count":3,"href":"https:\/\/sites.uel.br\/sauel\/wp-json\/wp\/v2\/pages\/242\/revisions"}],"predecessor-version":[{"id":254,"href":"https:\/\/sites.uel.br\/sauel\/wp-json\/wp\/v2\/pages\/242\/revisions\/254"}],"wp:attachment":[{"href":"https:\/\/sites.uel.br\/sauel\/wp-json\/wp\/v2\/media?parent=242"}],"curies":[{"name":"wp","href":"https:\/\/api.w.org\/{rel}","templated":true}]}}