{"id":240,"date":"2025-03-21T13:30:21","date_gmt":"2025-03-21T16:30:21","guid":{"rendered":"https:\/\/sites.uel.br\/sauel\/?page_id=240"},"modified":"2025-03-21T14:34:44","modified_gmt":"2025-03-21T17:34:44","slug":"divisao-de-apoio-tecnologico","status":"publish","type":"page","link":"https:\/\/sites.uel.br\/sauel\/divisao-de-apoio-tecnologico\/","title":{"rendered":"Divis\u00e3o de Apoio Tecnol\u00f3gico"},"content":{"rendered":"\n<p>A Divis\u00e3o de Apoio Tecnol\u00f3gico \u00e9 o \u00f3rg\u00e3o encarregado pelo planejamento, supervis\u00e3o, realiza\u00e7\u00e3o e otimiza\u00e7\u00e3o das atividades atrav\u00e9s da digitaliza\u00e7\u00e3o, microfilmagem e outros meios, visando \u00e0 preserva\u00e7\u00e3o e divulga\u00e7\u00e3o do acervo arquiv\u00edstico da UEL.<\/p>\n\n\n\n<p>Compete \u00e0 Divis\u00e3o de Apoio Tecnol\u00f3gico:<\/p>\n\n\n\n<ol class=\"wp-block-list\">\n<li>Promover e executar as reprodu\u00e7\u00f5es digitais e microgr\u00e1ficas de documentos;<\/li>\n\n\n\n<li>Guardar e preservar os microfilmes de seguran\u00e7a;<\/li>\n\n\n\n<li>Promover e executar os servi\u00e7os de manuten\u00e7\u00e3o preventiva dos equipamentos t\u00e9cnicos de reprodu\u00e7\u00e3o;<\/li>\n\n\n\n<li>Executar todas as etapas de microfilmagem (prepara\u00e7\u00e3o dos documentos, microfilmagem, processamento, inspe\u00e7\u00e3o, revis\u00e3o, duplica\u00e7\u00e3o);<\/li>\n\n\n\n<li>Executar o levantamento de recursos e custos operacionais de equipamentos de microfilmagem e digitaliza\u00e7\u00e3o;<\/li>\n\n\n\n<li>Inspecionar periodicamente os microfilmes produzidos;<\/li>\n\n\n\n<li>Manter, de acordo com os padr\u00f5es de normas t\u00e9cnicas, o arquivo de seguran\u00e7a e o arquivo de duplicatas;<\/li>\n\n\n\n<li>Dirigir a execu\u00e7\u00e3o dos sistemas e estabelecer padr\u00f5es de qualidade visando longevidade, seguran\u00e7a e preserva\u00e7\u00e3o das informa\u00e7\u00f5es;<\/li>\n\n\n\n<li>Indexar, controlar e estabelecer os \u00edndices dos arquivos microfilmados e digitalizados (indexa\u00e7\u00e3o);<\/li>\n\n\n\n<li>Elaborar fluxograma da disposi\u00e7\u00e3o e coloca\u00e7\u00e3o dos fotogramas no microfilme de cada arquivo a ser implantado;<\/li>\n\n\n\n<li>Atender todas as exig\u00eancias legais ao funcionamento da microfilmagem, digitaliza\u00e7\u00e3o e outros meios;<\/li>\n\n\n\n<li>Propor cursos de forma\u00e7\u00e3o em \u00e1rea de tecnologia da informa\u00e7\u00e3o e outras formas de reprodu\u00e7\u00e3o de originais;<\/li>\n\n\n\n<li>Avaliar produtos e servi\u00e7os relativos a sistemas informatizados na \u00e1rea de documenta\u00e7\u00e3o arquiv\u00edstica;<\/li>\n\n\n\n<li>Apoiar o desenvolvimento e implanta\u00e7\u00e3o de programas de gest\u00e3o de documentos a serem utilizados pela rede de protocolos e arquivos do SAUEL;<\/li>\n\n\n\n<li>Dar suporte tecnol\u00f3gico na elabora\u00e7\u00e3o dos instrumentos de pesquisa a serem utilizados pela Divis\u00e3o de Arquivo Permanente;<\/li>\n\n\n\n<li>Executar a reprodu\u00e7\u00e3o digital de documentos sonoros e de imagem em movimentos, com vistas o atendimento aos usu\u00e1rios;<\/li>\n\n\n\n<li>Dar suporte tecnol\u00f3gico no que se refere ao arranjo e descri\u00e7\u00e3o dos documentos de arquivos sob a guarda do SAUEL;<\/li>\n\n\n\n<li>Estabelecer cronograma anual das atividades a serem desenvolvidas, prevendo as prioridades, de acordo com as pol\u00edticas adotadas pelo SAUEL;<\/li>\n\n\n\n<li>Encaminhar \u00e0 Diretoria a rela\u00e7\u00e3o de material de expediente, permanente e equipamentos necess\u00e1rios ao bom andamento da Divis\u00e3o;<\/li>\n\n\n\n<li>Participar de reuni\u00f5es do Conselho T\u00e9cnico e da Comiss\u00e3o Central de Avalia\u00e7\u00e3o de Documentos com direito a voz;<\/li>\n\n\n\n<li>Desenvolver outras atividades inerentes \u00e0 Divis\u00e3o.<\/li>\n<\/ol>\n","protected":false},"excerpt":{"rendered":"<p>A Divis\u00e3o de Apoio Tecnol\u00f3gico \u00e9 o \u00f3rg\u00e3o encarregado pelo planejamento, supervis\u00e3o, realiza\u00e7\u00e3o e otimiza\u00e7\u00e3o das atividades atrav\u00e9s da digitaliza\u00e7\u00e3o, microfilmagem e outros meios, visando \u00e0 preserva\u00e7\u00e3o e divulga\u00e7\u00e3o do acervo arquiv\u00edstico da UEL. Compete \u00e0 Divis\u00e3o de Apoio Tecnol\u00f3gico:<\/p>\n","protected":false},"author":7,"featured_media":0,"parent":0,"menu_order":0,"comment_status":"closed","ping_status":"closed","template":"","meta":{"_acf_changed":false,"_themeisle_gutenberg_block_has_review":false,"footnotes":""},"class_list":["post-240","page","type-page","status-publish","hentry"],"acf":[],"_links":{"self":[{"href":"https:\/\/sites.uel.br\/sauel\/wp-json\/wp\/v2\/pages\/240","targetHints":{"allow":["GET"]}}],"collection":[{"href":"https:\/\/sites.uel.br\/sauel\/wp-json\/wp\/v2\/pages"}],"about":[{"href":"https:\/\/sites.uel.br\/sauel\/wp-json\/wp\/v2\/types\/page"}],"author":[{"embeddable":true,"href":"https:\/\/sites.uel.br\/sauel\/wp-json\/wp\/v2\/users\/7"}],"replies":[{"embeddable":true,"href":"https:\/\/sites.uel.br\/sauel\/wp-json\/wp\/v2\/comments?post=240"}],"version-history":[{"count":2,"href":"https:\/\/sites.uel.br\/sauel\/wp-json\/wp\/v2\/pages\/240\/revisions"}],"predecessor-version":[{"id":252,"href":"https:\/\/sites.uel.br\/sauel\/wp-json\/wp\/v2\/pages\/240\/revisions\/252"}],"wp:attachment":[{"href":"https:\/\/sites.uel.br\/sauel\/wp-json\/wp\/v2\/media?parent=240"}],"curies":[{"name":"wp","href":"https:\/\/api.w.org\/{rel}","templated":true}]}}