{"id":222,"date":"2025-03-20T15:48:31","date_gmt":"2025-03-20T18:48:31","guid":{"rendered":"https:\/\/sites.uel.br\/sauel\/?page_id=222"},"modified":"2025-03-21T11:11:52","modified_gmt":"2025-03-21T14:11:52","slug":"arquivo-central","status":"publish","type":"page","link":"https:\/\/sites.uel.br\/sauel\/arquivo-central\/","title":{"rendered":"Arquivo Central"},"content":{"rendered":"\n<p>O Arquivo Central \u00e9 o \u00f3rg\u00e3o respons\u00e1vel pela administra\u00e7\u00e3o do Sistema de Arquivos, com as seguintes atribui\u00e7\u00f5es:<\/p>\n\n\n\n<ol class=\"wp-block-list\">\n<li>Elaborar e executar o planejamento do SAUEL;<\/li>\n\n\n\n<li>Cumprir e fazer cumprir as normas emanadas do Conselho T\u00e9cnico;<\/li>\n\n\n\n<li>Baixar atos no \u00e2mbito de sua compet\u00eancia;<\/li>\n\n\n\n<li>Propor diretrizes para a produ\u00e7\u00e3o, registro, avalia\u00e7\u00e3o, conserva\u00e7\u00e3o, processamento t\u00e9cnico, recupera\u00e7\u00e3o e acessibilidade dos documentos;<\/li>\n\n\n\n<li>Supervisionar os arquivos setoriais na aplica\u00e7\u00e3o de planos de classifica\u00e7\u00e3o, tabelas de temporalidade e outros instrumentos de gest\u00e3o documental;<\/li>\n\n\n\n<li>Coordenar a transfer\u00eancia dos documentos produzidos pela Universidade aos Arquivos Intermedi\u00e1rio e Permanente;<\/li>\n\n\n\n<li>Planejar e coordenar a organiza\u00e7\u00e3o do acervo documental custodiado pelo Arquivo Central;<\/li>\n\n\n\n<li>Propor condi\u00e7\u00f5es de acesso p\u00fablico ao acervo custodiado pelo Arquivo Central;<\/li>\n\n\n\n<li>Elaborar programas de publica\u00e7\u00f5es e divulga\u00e7\u00e3o do SAUEL e do patrim\u00f4nio arquiv\u00edstico p\u00fablico da Universidade Estadual de Londrina;<\/li>\n\n\n\n<li>Elaborar projetos relativos \u00e0s atividades arquiv\u00edsticas de organiza\u00e7\u00e3o e recupera\u00e7\u00e3o de informa\u00e7\u00f5es cient\u00edficas relacionadas ao acervo custodiado pelo Sistema, para obten\u00e7\u00e3o de recursos;<\/li>\n\n\n\n<li>Prestar assessoria t\u00e9cnico-arquiv\u00edstica \u00e0 institui\u00e7\u00f5es internas e externas;<\/li>\n\n\n\n<li>Gerir recursos humanos, financeiros e materiais;<\/li>\n\n\n\n<li>Promover o aperfei\u00e7oamento e capacita\u00e7\u00e3o do pessoal t\u00e9cnico e auxiliar destinados ao SAUEL;<\/li>\n\n\n\n<li>Integrar-se a sistemas de informa\u00e7\u00e3o da universidade, considerados de interesse para os usu\u00e1rios do SAUEL;<\/li>\n\n\n\n<li>Integrar-se aos sistemas nacionais e internacionais de informa\u00e7\u00e3o, visando o acesso \u00e0 produ\u00e7\u00e3o cient\u00edfica das institui\u00e7\u00f5es cong\u00eaneres e \u00e0 divulga\u00e7\u00e3o da produ\u00e7\u00e3o gerada pela Universidade;<\/li>\n\n\n\n<li>Acompanhar e divulgar legisla\u00e7\u00e3o e normas t\u00e9cnicas referentes \u00e0 gest\u00e3o de documentos;<\/li>\n\n\n\n<li>Subsidiar os sistemas informatizados de registro e controle de documentos;<\/li>\n\n\n\n<li>Criar mecanismos para otimizar os meios de comunica\u00e7\u00e3o interna da rede SAUEL, como tamb\u00e9m entidades externas afins;<\/li>\n\n\n\n<li>Criar e manter atualizado sistema informatizado de tabela de temporalidade de documentos da UEL;<\/li>\n\n\n\n<li>Propor, em conjunto com a PROPLAN e com o Conselho T\u00e9cnico, os manuais de procedimentos t\u00e9cnicos administrativos do Sistema de Arquivos da Universidade.<\/li>\n<\/ol>\n\n\n\n<p>A estrutura do Arquivo Central \u00e9 composta por:<\/p>\n\n\n\n<ul class=\"wp-block-list\">\n<li>Diretoria (Diretor do SAUEL);<\/li>\n\n\n\n<li>Secretaria;<\/li>\n\n\n\n<li>Divis\u00e3o de Arquivo Intermedi\u00e1rio;<\/li>\n\n\n\n<li>Divis\u00e3o de Arquivo Permanente;<\/li>\n\n\n\n<li>Divis\u00e3o de Protocolo e Comunica\u00e7\u00e3o;<\/li>\n\n\n\n<li>Divis\u00e3o de Apoio Tecnol\u00f3gico.<\/li>\n<\/ul>\n\n\n\n<p><\/p>\n","protected":false},"excerpt":{"rendered":"<p>O Arquivo Central \u00e9 o \u00f3rg\u00e3o respons\u00e1vel pela administra\u00e7\u00e3o do Sistema de Arquivos, com as seguintes atribui\u00e7\u00f5es: A estrutura do Arquivo Central \u00e9 composta por:<\/p>\n","protected":false},"author":7,"featured_media":0,"parent":0,"menu_order":0,"comment_status":"closed","ping_status":"closed","template":"","meta":{"_acf_changed":false,"_themeisle_gutenberg_block_has_review":false,"footnotes":""},"class_list":["post-222","page","type-page","status-publish","hentry"],"acf":[],"_links":{"self":[{"href":"https:\/\/sites.uel.br\/sauel\/wp-json\/wp\/v2\/pages\/222","targetHints":{"allow":["GET"]}}],"collection":[{"href":"https:\/\/sites.uel.br\/sauel\/wp-json\/wp\/v2\/pages"}],"about":[{"href":"https:\/\/sites.uel.br\/sauel\/wp-json\/wp\/v2\/types\/page"}],"author":[{"embeddable":true,"href":"https:\/\/sites.uel.br\/sauel\/wp-json\/wp\/v2\/users\/7"}],"replies":[{"embeddable":true,"href":"https:\/\/sites.uel.br\/sauel\/wp-json\/wp\/v2\/comments?post=222"}],"version-history":[{"count":3,"href":"https:\/\/sites.uel.br\/sauel\/wp-json\/wp\/v2\/pages\/222\/revisions"}],"predecessor-version":[{"id":477,"href":"https:\/\/sites.uel.br\/sauel\/wp-json\/wp\/v2\/pages\/222\/revisions\/477"}],"wp:attachment":[{"href":"https:\/\/sites.uel.br\/sauel\/wp-json\/wp\/v2\/media?parent=222"}],"curies":[{"name":"wp","href":"https:\/\/api.w.org\/{rel}","templated":true}]}}