{"id":197,"date":"2025-03-20T10:44:18","date_gmt":"2025-03-20T13:44:18","guid":{"rendered":"https:\/\/sites.uel.br\/sauel\/?page_id=197"},"modified":"2026-03-06T08:55:26","modified_gmt":"2026-03-06T11:55:26","slug":"editais-de-descarte","status":"publish","type":"page","link":"https:\/\/sites.uel.br\/sauel\/editais-de-descarte\/","title":{"rendered":"Editais de Elimina\u00e7\u00e3o"},"content":{"rendered":"\n<div id=\"wp-block-themeisle-blocks-accordion-3778f9af\" class=\"wp-block-themeisle-blocks-accordion exclusive\"><\/div>\n\n\n\n<div id=\"wp-block-themeisle-blocks-accordion-1757a416\" class=\"wp-block-themeisle-blocks-accordion exclusive\">\n<details class=\"wp-block-themeisle-blocks-accordion-item\"><summary class=\"wp-block-themeisle-blocks-accordion-item__title\"><div><strong>ANO 2026<\/strong><\/div><\/summary><div class=\"wp-block-themeisle-blocks-accordion-item__content\">\n<p class=\"has-small-font-size\"><strong>EDITAL DE CI\u00caNCIA DE ELIMINA\u00c7\u00c3O DE DOCUMENTOS 01\/2026 COM PRESTA\u00c7\u00c3O DE CONTAS<\/strong><\/p>\n\n\n\n<p class=\"has-small-font-size\">Publicada a s\u00famula no Di\u00e1rio Oficial do Estado do Paran\u00e1 &#8211; Edi\u00e7\u00e3o n\u00ba. 12086 de 04\/03\/2026. <strong>(Confira abaixo)<\/strong><br><\/p>\n\n\n\n<div class=\"wp-block-group\"><div class=\"wp-block-group__inner-container is-layout-constrained wp-block-group-is-layout-constrained\">\n<div class=\"wp-block-file\"><a id=\"wp-block-file--media-fff684de-7731-407e-8585-c8cebceb87fc\" href=\"https:\/\/sites.uel.br\/sauel\/wp-content\/uploads\/2026\/03\/Publicacao-Edital-01-2026-2.pdf\">Publica\u00e7\u00e3o Edital 01 2026<\/a><a href=\"https:\/\/sites.uel.br\/sauel\/wp-content\/uploads\/2026\/03\/Publicacao-Edital-01-2026-2.pdf\" class=\"wp-block-file__button wp-element-button\" download aria-describedby=\"wp-block-file--media-fff684de-7731-407e-8585-c8cebceb87fc\">Baixar<\/a><\/div>\n<\/div><\/div>\n\n\n\n<p class=\"has-small-font-size\"><br>Listagem de elimina\u00e7\u00e3o de tipologias documentais do \u00d3rg\u00e3o: <strong>PROAF\/DF\/DLPD<\/strong><br>Londrina, 04 de mar\u00e7o de 2026.<\/p>\n\n\n\n<p class=\"has-small-font-size\">\u00c1lvaro Barreto Alves Neto<br>Presidente da Comiss\u00e3o Permanente de Avalia\u00e7\u00e3o de Documentos da UEL<br>Para ter acesso \u00e0 listagem, clique abaixo:<\/p>\n\n\n\n<div class=\"wp-block-file\"><a id=\"wp-block-file--media-0814ba34-0a98-4024-88b7-61c577e126e5\" href=\"https:\/\/sites.uel.br\/sauel\/wp-content\/uploads\/2026\/03\/Listagem-de-Eliminacao-de-Documentos-01-2026-PROAF-DF-DLPD-com-Prestacao-de-Contas.pdf\">Listagem de Eliminacao de Documentos 01 2026 PROAF-DF-DLPD com Prestacao de Contas<\/a><a href=\"https:\/\/sites.uel.br\/sauel\/wp-content\/uploads\/2026\/03\/Listagem-de-Eliminacao-de-Documentos-01-2026-PROAF-DF-DLPD-com-Prestacao-de-Contas.pdf\" class=\"wp-block-file__button wp-element-button\" download aria-describedby=\"wp-block-file--media-0814ba34-0a98-4024-88b7-61c577e126e5\">Baixar<\/a><\/div>\n<\/div><\/details>\n\n\n\n<details class=\"wp-block-themeisle-blocks-accordion-item\"><summary class=\"wp-block-themeisle-blocks-accordion-item__title\"><div><strong>ANO 2024<\/strong><\/div><\/summary><div class=\"wp-block-themeisle-blocks-accordion-item__content\">\n<p class=\"has-small-font-size\"><strong>EDITAL DE CI\u00caNCIA DE ELIMINA\u00c7\u00c3O DE DOCUMENTOS 01\/2024 COM PRESTA\u00c7\u00c3O DE CONTAS<\/strong><\/p>\n\n\n\n<div class=\"wp-block-file\"><a id=\"wp-block-file--media-b1228375-0613-408a-83ce-d5cb453e670f\" href=\"https:\/\/sites.uel.br\/sauel\/wp-content\/uploads\/2025\/03\/Publicacao_Edital_01_2024.pdf\">Publicacao_Edital_01_2024<\/a><a href=\"https:\/\/sites.uel.br\/sauel\/wp-content\/uploads\/2025\/03\/Publicacao_Edital_01_2024.pdf\" class=\"wp-block-file__button wp-element-button\" download aria-describedby=\"wp-block-file--media-b1228375-0613-408a-83ce-d5cb453e670f\">Baixar<\/a><\/div>\n\n\n\n<p class=\"has-small-font-size\">Publicada a s\u00famula no Di\u00e1rio Oficial do Estado do Paran\u00e1 &#8211; Edi\u00e7\u00e3o n\u00ba. 11779 de 31\/10\/2024. <strong>(Confira abaixo)<\/strong><br><\/p>\n\n\n\n<p class=\"has-small-font-size\"><br>Listagem de elimina\u00e7\u00e3o de tipologias documentais do \u00d3rg\u00e3o: <strong>PROPLAN<\/strong><br>Londrina, 31 de Outubro de 2024.<\/p>\n\n\n\n<p class=\"has-small-font-size\">\u00c1lvaro Barreto Alves Neto<br>Presidente da Comiss\u00e3o Permanente de Avalia\u00e7\u00e3o de Documentos da UEL<br>Para ter acesso \u00e0 listagem, clique abaixo:<\/p>\n\n\n\n<div class=\"wp-block-file\"><a id=\"wp-block-file--media-f55e589f-dc07-42c7-b711-f88c2e859962\" href=\"https:\/\/sites.uel.br\/sauel\/wp-content\/uploads\/2025\/03\/Listagem_de_Eliminacao_de_Documentos_01_2024_com_Prestacao_de_Contas.pdf\">Listagem_de_Eliminacao_de_Documentos_01_2024_com_Prestacao_de_Contas<\/a><a href=\"https:\/\/sites.uel.br\/sauel\/wp-content\/uploads\/2025\/03\/Listagem_de_Eliminacao_de_Documentos_01_2024_com_Prestacao_de_Contas.pdf\" class=\"wp-block-file__button wp-element-button\" download aria-describedby=\"wp-block-file--media-f55e589f-dc07-42c7-b711-f88c2e859962\">Baixar<\/a><\/div>\n\n\n\n<p><\/p>\n\n\n\n<p><\/p>\n\n\n\n<p><\/p>\n\n\n\n<p class=\"has-small-font-size\"><strong>EDITAL DE CI\u00caNCIA DE ELIMINA\u00c7\u00c3O DE DOCUMENTOS 02\/2024<\/strong><\/p>\n\n\n\n<p class=\"has-small-font-size\">Publicada a s\u00famula no Di\u00e1rio Oficial do Estado do Paran\u00e1 &#8211; Edi\u00e7\u00e3o n\u00ba. 11792 de 06\/12\/2024. <strong>(Confira abaixo)<\/strong><\/p>\n\n\n\n<div class=\"wp-block-file\"><a id=\"wp-block-file--media-04c2514c-7bf8-4639-b119-61bf0a0cc163\" href=\"https:\/\/sites.uel.br\/sauel\/wp-content\/uploads\/2025\/03\/Publicacao_Edital_02_2024_SEBEC.pdf\">Publicacao_Edital_02_2024_SEBEC<\/a><a href=\"https:\/\/sites.uel.br\/sauel\/wp-content\/uploads\/2025\/03\/Publicacao_Edital_02_2024_SEBEC.pdf\" class=\"wp-block-file__button wp-element-button\" download aria-describedby=\"wp-block-file--media-04c2514c-7bf8-4639-b119-61bf0a0cc163\">Baixar<\/a><\/div>\n\n\n\n<p class=\"has-small-font-size\"><br>Listagem de elimina\u00e7\u00e3o de tipologias documentais do \u00d3rg\u00e3o: <strong>SEBEC<\/strong><br>Londrina, 06 de Dezembro de 2024.<\/p>\n\n\n\n<p class=\"has-small-font-size\">Alvaro Barreto Alves Neto<br>Presidente da Comiss\u00e3o Permanente de Avalia\u00e7\u00e3o de Documentos da UEL<br>Para ter acesso \u00e0 listagem,&nbsp;clique abaixo:<\/p>\n\n\n\n<div class=\"wp-block-file\"><a id=\"wp-block-file--media-7ab4bf8c-32c8-409e-9e16-e915a45e7db7\" href=\"https:\/\/sites.uel.br\/sauel\/wp-content\/uploads\/2025\/03\/Listagem_de_Eliminacao_de_Documentos_02_2024_SEBEC.pdf\">Listagem_de_Eliminacao_de_Documentos_02_2024_SEBEC<\/a><a href=\"https:\/\/sites.uel.br\/sauel\/wp-content\/uploads\/2025\/03\/Listagem_de_Eliminacao_de_Documentos_02_2024_SEBEC.pdf\" class=\"wp-block-file__button wp-element-button\" download aria-describedby=\"wp-block-file--media-7ab4bf8c-32c8-409e-9e16-e915a45e7db7\">Baixar<\/a><\/div>\n\n\n\n<p><\/p>\n\n\n\n<p><\/p>\n\n\n\n<p><\/p>\n\n\n\n<p class=\"has-small-font-size\"><strong>EDITAL DE CI\u00caNCIA DE ELIMINA\u00c7\u00c3O DE DOCUMENTOS 03\/2024<\/strong><\/p>\n\n\n\n<p class=\"has-small-font-size\">Publicada a s\u00famula no Di\u00e1rio Oficial do Estado do Paran\u00e1 &#8211; Edi\u00e7\u00e3o n\u00ba. 11822 de 28\/01\/2025. <strong>(Confira abaixo)<\/strong><\/p>\n\n\n\n<div class=\"wp-block-file\"><a id=\"wp-block-file--media-223787a0-78f9-4b6a-a198-fb655b88fd2f\" href=\"https:\/\/sites.uel.br\/sauel\/wp-content\/uploads\/2025\/03\/Publicacao_Edital_03_2024_Hemocentro.pdf\">Publicacao_Edital_03_2024_Hemocentro<\/a><a href=\"https:\/\/sites.uel.br\/sauel\/wp-content\/uploads\/2025\/03\/Publicacao_Edital_03_2024_Hemocentro.pdf\" class=\"wp-block-file__button wp-element-button\" download aria-describedby=\"wp-block-file--media-223787a0-78f9-4b6a-a198-fb655b88fd2f\">Baixar<\/a><\/div>\n\n\n\n<p class=\"has-small-font-size\"><br>Listagem de elimina\u00e7\u00e3o de tipologias documentais do \u00d3rg\u00e3o: <strong>HEMOCENTRO\/HU<\/strong><br>Londrina, 28\/01\/2025.<\/p>\n\n\n\n<p class=\"has-small-font-size\">Alvaro Barreto Alves Neto<br>Presidente da Comiss\u00e3o Permanente de Avalia\u00e7\u00e3o de Documentos da UEL<br>Para ter acesso \u00e0 listagem, clique abaixo:<\/p>\n\n\n\n<div class=\"wp-block-file\"><a id=\"wp-block-file--media-9b53db83-fac9-4c35-9c1d-a2d18416aee5\" href=\"https:\/\/sites.uel.br\/sauel\/wp-content\/uploads\/2025\/03\/Listagem_de_Eliminacao_de_Documentos_03_2024_HEMOCENTRO.pdf\">Listagem_de_Eliminacao_de_Documentos_03_2024_HEMOCENTRO<\/a><a href=\"https:\/\/sites.uel.br\/sauel\/wp-content\/uploads\/2025\/03\/Listagem_de_Eliminacao_de_Documentos_03_2024_HEMOCENTRO.pdf\" class=\"wp-block-file__button wp-element-button\" download aria-describedby=\"wp-block-file--media-9b53db83-fac9-4c35-9c1d-a2d18416aee5\">Baixar<\/a><\/div>\n<\/div><\/details>\n\n\n\n<details class=\"wp-block-themeisle-blocks-accordion-item\"><summary class=\"wp-block-themeisle-blocks-accordion-item__title\"><div><strong>ANOS ANTERIORES<\/strong><\/div><\/summary><div class=\"wp-block-themeisle-blocks-accordion-item__content\">\n<p class=\"has-small-font-size\"><strong>EDITAL DE CI\u00caNCIA DE ELIMINA\u00c7\u00c3O DE DOCUMENTOS 01\/2018<\/strong><\/p>\n\n\n\n<p class=\"has-small-font-size\">Publicada a s\u00famula no Di\u00e1rio Oficial do Estado do Paran\u00e1 &#8211; Edital n\u00ba. 10280 de 24\/09\/2018.<br>Listagem de elimina\u00e7\u00e3o de tipologias documentais dos seguintes \u00f3rg\u00e3os: AINTEC, ATI, CCA, CCB, CCE, CECA, CEFE CESA, CEI, COM, COPS, CTU, EDUEL, FAZESC, GR, HU, HV, MUSEU, PROAF, PROGRAD, PROPLAN, PRORH, RADE, SEBEC, SGOCS.<br>Londrina, 24 de setembro de 2018.<\/p>\n\n\n\n<p class=\"has-small-font-size\">Iz\u00e2ngela Maria Sansoni Tonello de Oliveira<br>Presidente da Comiss\u00e3o Central de Avalia\u00e7\u00e3o de Documentos do SAUEL<\/p>\n\n\n\n<p class=\"has-small-font-size\">Aten\u00e7\u00e3o: Os documentos s\u00f3 poder\u00e3o ser eliminados ap\u00f3s envio para o SAUEL, do formul\u00e1rio &#8216;Pedido de elimina\u00e7\u00e3o de documentos&#8217; no qual dever\u00e1 constar o levantamento da massa documental acumulada nos setores e sua respectiva cronologia de produ\u00e7\u00e3o.<br>Para ter acesso \u00e0 listagem&nbsp;clique abaixo:<\/p>\n\n\n\n<div class=\"wp-block-file\"><a id=\"wp-block-file--media-c9321578-86b5-4bba-b6a0-9a3a2a5b5cc6\" href=\"https:\/\/sites.uel.br\/sauel\/wp-content\/uploads\/2025\/03\/edital_001.2018.pdf\">edital_001.2018<\/a><a href=\"https:\/\/sites.uel.br\/sauel\/wp-content\/uploads\/2025\/03\/edital_001.2018.pdf\" class=\"wp-block-file__button wp-element-button\" download aria-describedby=\"wp-block-file--media-c9321578-86b5-4bba-b6a0-9a3a2a5b5cc6\">Baixar<\/a><\/div>\n\n\n\n<p class=\"has-small-font-size\"><strong>EDITAL DE CI\u00caNCIA DE ELIMINA\u00c7\u00c3O DE DOCUMENTOS 01\/2017<\/strong><\/p>\n\n\n\n<p class=\"has-small-font-size\">Publicada a s\u00famula no Di\u00e1rio Oficial do Estado do Paran\u00e1 &#8211; Edital n\u00ba. 10029 de 15\/09\/2017.<br>Listagem de elimina\u00e7\u00e3o de tipologias documentais dos seguintes \u00f3rg\u00e3os: Biblioteca Central &#8211; BC; Coordenadoria de Comunica\u00e7\u00e3o Social &#8211; COM; Prefeitura do Campus Universit\u00e1rio &#8211; PCU; Hemocentro do Hospital Universit\u00e1rio &#8211; HU; Centro de Letras e Ci\u00eancias Humanas &#8211; CLCH; Pr\u00f3-Reitoria de Administra\u00e7\u00e3o e Finan\u00e7as &#8211; PROAF; Sistema de Arquivos da UEL &#8211; SAUEL; Pr\u00f3-Reitoria de Pesquisa e P\u00f3s-Gradua\u00e7\u00e3o &#8211; PROPPG.<br>Londrina, 14 de setembro de 2017.<\/p>\n\n\n\n<p class=\"has-small-font-size\">Edson Jos\u00e9 Holtz Leme<br>Presidente da Comiss\u00e3o Central de Avalia\u00e7\u00e3o de Documentos do SAUEL&nbsp;<\/p>\n\n\n\n<p class=\"has-small-font-size\">Para ter acesso \u00e0 listagem, clique abaixo:&nbsp;(Atualizada em 2018)<\/p>\n\n\n\n<div class=\"wp-block-file\"><a id=\"wp-block-file--media-eac72c78-a410-4c84-91ce-6cdf7e5a32ae\" href=\"https:\/\/sites.uel.br\/sauel\/wp-content\/uploads\/2025\/03\/edital_001.2017_atualizado.pdf\">edital_001.2017_atualizado<\/a><a href=\"https:\/\/sites.uel.br\/sauel\/wp-content\/uploads\/2025\/03\/edital_001.2017_atualizado.pdf\" class=\"wp-block-file__button wp-element-button\" download aria-describedby=\"wp-block-file--media-eac72c78-a410-4c84-91ce-6cdf7e5a32ae\">Baixar<\/a><\/div>\n\n\n\n<p class=\"has-small-font-size\"><strong>EDITAL DE CI\u00caNCIA DE ELIMINA\u00c7\u00c3O DE DOCUMENTOS 03\/2016<\/strong><\/p>\n\n\n\n<p class=\"has-small-font-size\">Publicada a s\u00famula no Di\u00e1rio Oficial do Estado do Paran\u00e1 &#8211; Edital n\u00ba. 9843 de 15\/12\/2016.<br>Atualiza\u00e7\u00e3o das listagens de elimina\u00e7\u00e3o de tipos documentais dos seguintes \u00f3rg\u00e3os: CAPL, CCE, COM, PROAF, PROGRAD, PROPPG, PRORH, SAUEL, SEBEC, HU-HEMOCENTRO.<br>Londrina, 14 de dezembro de 2016<\/p>\n\n\n\n<p class=\"has-small-font-size\">Edson Jos\u00e9 Holtz Leme<br>Para ter acesso \u00e0 listagem&nbsp;clique abaixo:<\/p>\n\n\n\n<div class=\"wp-block-file\"><a id=\"wp-block-file--media-f6a5995c-b25d-493a-aee3-1246f6063c97\" href=\"https:\/\/sites.uel.br\/sauel\/wp-content\/uploads\/2025\/03\/edital_003.2016.pdf\">edital_003.2016<\/a><a href=\"https:\/\/sites.uel.br\/sauel\/wp-content\/uploads\/2025\/03\/edital_003.2016.pdf\" class=\"wp-block-file__button wp-element-button\" download aria-describedby=\"wp-block-file--media-f6a5995c-b25d-493a-aee3-1246f6063c97\">Baixar<\/a><\/div>\n\n\n\n<p class=\"has-small-font-size\"><strong>EDITAL DE CI\u00caNCIA DE ELIMINA\u00c7\u00c3O DE DOCUMENTOS 02\/2016<\/strong><\/p>\n\n\n\n<p class=\"has-small-font-size\">Publicada a s\u00famula no Di\u00e1rio Oficial do Estado do Paran\u00e1 &#8211; Edital n\u00ba. 9780 de 13\/09\/2016.<br>Listagem de elimina\u00e7\u00e3o de tipologias documentais da Pr\u00f3-Reitoria de Extens\u00e3o &#8211; PROEX (Secretaria, Divis\u00e3o de Projetos, Divis\u00e3o de Eventos, Divis\u00e3o de Integra\u00e7\u00e3o Comunit\u00e1ria, Divis\u00e3o de Apoio a Projetos); PROAF (Divis\u00e3o de Contabilidade); Hospital Universit\u00e1rio (Divis\u00e3o de Reprografia, Divis\u00e3o de Servi\u00e7os de Nutri\u00e7\u00e3o e Diet\u00e9tica, Divis\u00e3o de Hemocentro).<br>Londrina, 12 de setembro de 2016<\/p>\n\n\n\n<p class=\"has-small-font-size\">Edson Jos\u00e9 Holtz Leme<br>Presidente da Comiss\u00e3o Central de Avalia\u00e7\u00e3o de Documentos do SAUEL<\/p>\n\n\n\n<p class=\"has-small-font-size\">Para ter acesso \u00e0 listagem&nbsp;clique abaixo:<\/p>\n\n\n\n<div class=\"wp-block-file\"><a id=\"wp-block-file--media-3e07eddd-134a-48f4-83b5-07731ff1d0cb\" href=\"https:\/\/sites.uel.br\/sauel\/wp-content\/uploads\/2025\/03\/edital_002.2016.pdf\">edital_002.2016<\/a><a href=\"https:\/\/sites.uel.br\/sauel\/wp-content\/uploads\/2025\/03\/edital_002.2016.pdf\" class=\"wp-block-file__button wp-element-button\" download aria-describedby=\"wp-block-file--media-3e07eddd-134a-48f4-83b5-07731ff1d0cb\">Baixar<\/a><\/div>\n\n\n\n<p class=\"has-small-font-size\"><strong>EDITAL DE CI\u00caNCIA DE ELIMINA\u00c7\u00c3O DE DOCUMENTOS 01\/2016<\/strong><\/p>\n\n\n\n<p class=\"has-small-font-size\">Publicada a s\u00famula no Di\u00e1rio Oficial do Estado do Paran\u00e1 &#8211; Edital n\u00ba. 9657 de 16\/03\/2016.<br>Listagem de elimina\u00e7\u00e3o de tipologias documentais da Pr\u00f3-Reitoria de Pesquisa e P\u00f3s-Gradua\u00e7\u00e3o &#8211; PROPPG.<br>Londrina, 16 de mar\u00e7o de 2016<\/p>\n\n\n\n<p class=\"has-small-font-size\">Edson Jos\u00e9 Holtz Leme<br>Presidente da Comiss\u00e3o Central de Avalia\u00e7\u00e3o de Documentos do SAUEL.<\/p>\n\n\n\n<p class=\"has-small-font-size\">Para ter acesso \u00e0 listagem&nbsp;clique abaixo:<\/p>\n\n\n\n<div class=\"wp-block-file\"><a id=\"wp-block-file--media-f97516c5-54d4-4011-965c-5fbd3595f4c7\" href=\"https:\/\/sites.uel.br\/sauel\/wp-content\/uploads\/2025\/03\/edital_001.2016.pdf\">edital_001.2016<\/a><a href=\"https:\/\/sites.uel.br\/sauel\/wp-content\/uploads\/2025\/03\/edital_001.2016.pdf\" class=\"wp-block-file__button wp-element-button\" download aria-describedby=\"wp-block-file--media-f97516c5-54d4-4011-965c-5fbd3595f4c7\">Baixar<\/a><\/div>\n<\/div><\/details>\n<\/div>\n","protected":false},"excerpt":{"rendered":"","protected":false},"author":7,"featured_media":0,"parent":0,"menu_order":0,"comment_status":"closed","ping_status":"closed","template":"","meta":{"_acf_changed":false,"_themeisle_gutenberg_block_has_review":false,"footnotes":""},"class_list":["post-197","page","type-page","status-publish","hentry"],"acf":[],"_links":{"self":[{"href":"https:\/\/sites.uel.br\/sauel\/wp-json\/wp\/v2\/pages\/197","targetHints":{"allow":["GET"]}}],"collection":[{"href":"https:\/\/sites.uel.br\/sauel\/wp-json\/wp\/v2\/pages"}],"about":[{"href":"https:\/\/sites.uel.br\/sauel\/wp-json\/wp\/v2\/types\/page"}],"author":[{"embeddable":true,"href":"https:\/\/sites.uel.br\/sauel\/wp-json\/wp\/v2\/users\/7"}],"replies":[{"embeddable":true,"href":"https:\/\/sites.uel.br\/sauel\/wp-json\/wp\/v2\/comments?post=197"}],"version-history":[{"count":36,"href":"https:\/\/sites.uel.br\/sauel\/wp-json\/wp\/v2\/pages\/197\/revisions"}],"predecessor-version":[{"id":565,"href":"https:\/\/sites.uel.br\/sauel\/wp-json\/wp\/v2\/pages\/197\/revisions\/565"}],"wp:attachment":[{"href":"https:\/\/sites.uel.br\/sauel\/wp-json\/wp\/v2\/media?parent=197"}],"curies":[{"name":"wp","href":"https:\/\/api.w.org\/{rel}","templated":true}]}}