{"id":154,"date":"2025-03-19T11:34:08","date_gmt":"2025-03-19T14:34:08","guid":{"rendered":"https:\/\/sites.uel.br\/sauel\/?page_id=154"},"modified":"2025-03-19T11:34:30","modified_gmt":"2025-03-19T14:34:30","slug":"arquivos-setoriais-2","status":"publish","type":"page","link":"https:\/\/sites.uel.br\/sauel\/arquivos-setoriais-2\/","title":{"rendered":"Arquivos Setoriais"},"content":{"rendered":"\n<p>Os Arquivos Setoriais integram a Rede de Arquivos da Universidade, e s\u00e3o as unidades respons\u00e1veis pelas atividades de arquivos ativos (correntes), localizadas nas unidades acad\u00eamicas e administrativas da Universidade, recebendo orienta\u00e7\u00e3o t\u00e9cnica e normativa do Arquivo Central do SAUEL.<\/p>\n\n\n\n<ol class=\"wp-block-list\">\n<li>Cada unidade acad\u00eamica ou administrativa da Universidade contar\u00e1 com um Arquivo Setorial;<\/li>\n\n\n\n<li>Arquivos Setoriais dever\u00e3o ser integrados por servidores respons\u00e1veis pelas atividades de arquivo nas unidades e sub-unidades da Institui\u00e7\u00e3o;<\/li>\n\n\n\n<li>Os arquivos setoriais ser\u00e3o vinculados ao Diretor da Unidade, que designar\u00e1 seu coordenador.<\/li>\n<\/ol>\n\n\n\n<p><\/p>\n","protected":false},"excerpt":{"rendered":"<p>Os Arquivos Setoriais integram a Rede de Arquivos da Universidade, e s\u00e3o as unidades respons\u00e1veis pelas atividades de arquivos ativos (correntes), localizadas nas unidades acad\u00eamicas e administrativas da Universidade, recebendo orienta\u00e7\u00e3o t\u00e9cnica e normativa do Arquivo Central do SAUEL.<\/p>\n","protected":false},"author":7,"featured_media":0,"parent":0,"menu_order":0,"comment_status":"closed","ping_status":"closed","template":"","meta":{"_acf_changed":false,"_themeisle_gutenberg_block_has_review":false,"footnotes":""},"class_list":["post-154","page","type-page","status-publish","hentry"],"acf":[],"_links":{"self":[{"href":"https:\/\/sites.uel.br\/sauel\/wp-json\/wp\/v2\/pages\/154","targetHints":{"allow":["GET"]}}],"collection":[{"href":"https:\/\/sites.uel.br\/sauel\/wp-json\/wp\/v2\/pages"}],"about":[{"href":"https:\/\/sites.uel.br\/sauel\/wp-json\/wp\/v2\/types\/page"}],"author":[{"embeddable":true,"href":"https:\/\/sites.uel.br\/sauel\/wp-json\/wp\/v2\/users\/7"}],"replies":[{"embeddable":true,"href":"https:\/\/sites.uel.br\/sauel\/wp-json\/wp\/v2\/comments?post=154"}],"version-history":[{"count":2,"href":"https:\/\/sites.uel.br\/sauel\/wp-json\/wp\/v2\/pages\/154\/revisions"}],"predecessor-version":[{"id":156,"href":"https:\/\/sites.uel.br\/sauel\/wp-json\/wp\/v2\/pages\/154\/revisions\/156"}],"wp:attachment":[{"href":"https:\/\/sites.uel.br\/sauel\/wp-json\/wp\/v2\/media?parent=154"}],"curies":[{"name":"wp","href":"https:\/\/api.w.org\/{rel}","templated":true}]}}