{"id":101,"date":"2025-03-17T16:44:52","date_gmt":"2025-03-17T19:44:52","guid":{"rendered":"https:\/\/sites.uel.br\/sauel\/?page_id=101"},"modified":"2025-03-20T10:37:09","modified_gmt":"2025-03-20T13:37:09","slug":"desarquivamento-de-processos","status":"publish","type":"page","link":"https:\/\/sites.uel.br\/sauel\/desarquivamento-de-processos\/","title":{"rendered":"Desarquivamento de Processos"},"content":{"rendered":"\n<p>Abaixo segue a <strong>Instru\u00e7\u00e3o de Servi\u00e7o n\u00ba 01\/2012<\/strong>, relacionado ao desarquivamento de processos:<\/p>\n\n\n\n<div data-wp-interactive=\"core\/file\" class=\"wp-block-file\"><object data-wp-bind--hidden=\"!state.hasPdfPreview\" hidden class=\"wp-block-file__embed\" data=\"https:\/\/sites.uel.br\/sauel\/wp-content\/uploads\/2025\/03\/instrucao_servico_001.2012.pdf\" type=\"application\/pdf\" style=\"width:100%;height:600px\" aria-label=\"Incorporado de instrucao_servico_001.2012.\"><\/object><a id=\"wp-block-file--media-aad82432-7d58-4a3a-9b21-6f03409f8de9\" href=\"https:\/\/sites.uel.br\/sauel\/wp-content\/uploads\/2025\/03\/instrucao_servico_001.2012.pdf\">instrucao_servico_001.2012<\/a><a href=\"https:\/\/sites.uel.br\/sauel\/wp-content\/uploads\/2025\/03\/instrucao_servico_001.2012.pdf\" class=\"wp-block-file__button wp-element-button\" download aria-describedby=\"wp-block-file--media-aad82432-7d58-4a3a-9b21-6f03409f8de9\">Baixar<\/a><\/div>\n","protected":false},"excerpt":{"rendered":"<p>Abaixo segue a Instru\u00e7\u00e3o de Servi\u00e7o n\u00ba 01\/2012, relacionado ao desarquivamento de processos:<\/p>\n","protected":false},"author":7,"featured_media":0,"parent":0,"menu_order":0,"comment_status":"closed","ping_status":"closed","template":"","meta":{"_acf_changed":false,"_themeisle_gutenberg_block_has_review":false,"footnotes":""},"class_list":["post-101","page","type-page","status-publish","hentry"],"acf":[],"_links":{"self":[{"href":"https:\/\/sites.uel.br\/sauel\/wp-json\/wp\/v2\/pages\/101","targetHints":{"allow":["GET"]}}],"collection":[{"href":"https:\/\/sites.uel.br\/sauel\/wp-json\/wp\/v2\/pages"}],"about":[{"href":"https:\/\/sites.uel.br\/sauel\/wp-json\/wp\/v2\/types\/page"}],"author":[{"embeddable":true,"href":"https:\/\/sites.uel.br\/sauel\/wp-json\/wp\/v2\/users\/7"}],"replies":[{"embeddable":true,"href":"https:\/\/sites.uel.br\/sauel\/wp-json\/wp\/v2\/comments?post=101"}],"version-history":[{"count":4,"href":"https:\/\/sites.uel.br\/sauel\/wp-json\/wp\/v2\/pages\/101\/revisions"}],"predecessor-version":[{"id":196,"href":"https:\/\/sites.uel.br\/sauel\/wp-json\/wp\/v2\/pages\/101\/revisions\/196"}],"wp:attachment":[{"href":"https:\/\/sites.uel.br\/sauel\/wp-json\/wp\/v2\/media?parent=101"}],"curies":[{"name":"wp","href":"https:\/\/api.w.org\/{rel}","templated":true}]}}