{"id":21,"date":"2024-02-21T14:24:56","date_gmt":"2024-02-21T17:24:56","guid":{"rendered":"https:\/\/sites.uel.br\/saca\/?page_id=21"},"modified":"2024-07-08T08:54:12","modified_gmt":"2024-07-08T11:54:12","slug":"inscricoes","status":"publish","type":"page","link":"https:\/\/sites.uel.br\/saca\/inscricoes\/","title":{"rendered":"Inscri\u00e7\u00f5es"},"content":{"rendered":"\n<p><\/p>\n\n\n\n<div class=\"wp-block-buttons is-layout-flex wp-block-buttons-is-layout-flex\">\n<div class=\"wp-block-button\"><a class=\"wp-block-button__link wp-element-button\" href=\"https:\/\/www.sistemasweb.uel.br\/index.php?contents=system\/insc\/index.php&amp;pagina=view\/inscricoes\/seleciona_evento.php&amp;cod_evento=8770\"><strong><mark style=\"background-color:#e8fde7\" class=\"has-inline-color has-cinza-color\">CLIQUE AQUI E FA\u00c7A SUA INSCRI\u00c7\u00c3O<\/mark><\/strong><\/a><\/div>\n<\/div>\n\n\n\n<p><\/p>\n\n\n\n<p>Per\u00edodo de realiza\u00e7\u00e3o do evento:&nbsp;09\/07\/2024 a 12\/07\/2024<br>Per\u00edodo de Inscri\u00e7\u00e3o:&nbsp;01\/02\/2024 a 03\/07\/2024<\/p>\n\n\n\n<figure class=\"wp-block-image size-full\"><img loading=\"lazy\" decoding=\"async\" width=\"5840\" height=\"2646\" src=\"https:\/\/sites.uel.br\/saca\/wp-content\/uploads\/2024\/04\/BANNER-SACA-2024.png\" alt=\"\" class=\"wp-image-137\" srcset=\"https:\/\/sites.uel.br\/saca\/wp-content\/uploads\/2024\/04\/BANNER-SACA-2024.png 5840w, https:\/\/sites.uel.br\/saca\/wp-content\/uploads\/2024\/04\/BANNER-SACA-2024-300x136.png 300w, https:\/\/sites.uel.br\/saca\/wp-content\/uploads\/2024\/04\/BANNER-SACA-2024-1024x464.png 1024w, https:\/\/sites.uel.br\/saca\/wp-content\/uploads\/2024\/04\/BANNER-SACA-2024-768x348.png 768w, https:\/\/sites.uel.br\/saca\/wp-content\/uploads\/2024\/04\/BANNER-SACA-2024-1536x696.png 1536w, https:\/\/sites.uel.br\/saca\/wp-content\/uploads\/2024\/04\/BANNER-SACA-2024-2048x928.png 2048w\" sizes=\"auto, (max-width: 5840px) 100vw, 5840px\" \/><\/figure>\n\n\n\n<p><\/p>\n\n\n\n<p>Os minicursos da XI edi\u00e7\u00e3o do SACA ser\u00e3o oferecidos no dia 12 de julho, \u00faltimo dia do evento, na Universidade Estadual de Londrina (UEL).<\/p>\n\n\n\n<p>Os temas desse ano ir\u00e3o abranger as \u00e1reas de tecnologias de aplica\u00e7\u00e3o, fisiologia, manejo, comunica\u00e7\u00e3o, e muito mais!<\/p>\n\n\n\n<p>Cada participante poder\u00e1 participar de UM minicurso.<\/p>\n\n\n\n<p>Escolha o de sua prefer\u00eancia e se inscreva no link abaixo.<\/p>\n\n\n\n<p>Lembrando que as vagas s\u00e3o limitadas.<\/p>\n\n\n\n<div class=\"wp-block-buttons is-layout-flex wp-block-buttons-is-layout-flex\">\n<div class=\"wp-block-button\"><a class=\"wp-block-button__link wp-element-button\" href=\"https:\/\/docs.google.com\/forms\/d\/e\/1FAIpQLSdXuFUf8gnZQbEk1NBxbzdalREU72Jb4DdsP0LIgtLR62qZSw\/viewform\">INSCRI\u00c7\u00c3O MINICURSO<\/a><\/div>\n<\/div>\n\n\n\n<p><\/p>\n\n\n\n<p>Inscri\u00e7\u00e3o no quizz:<br>&#8211; As equipes poder\u00e3o ser formadas por no m\u00e1ximo 5 integrantes, sendo permitido somente 1 aluno da p\u00f3s-gradua\u00e7\u00e3o;<\/p>\n\n\n\n<p>&#8211; \u2060Somente as 10 primeiras inscri\u00e7\u00f5es de equipes ser\u00e3o aceitas;<\/p>\n\n\n\n<p>&#8211; \u2060O prazo para as inscri\u00e7\u00f5es ser\u00e1 at\u00e9 ter\u00e7a-feira \u00e0s 14h ou at\u00e9 completar as 10 equipes.<\/p>\n\n\n\n<p>O Quizz ocorrer\u00e1 nos dias 9 e 10!<br>Dia 09\/07 das 17:40 at\u00e9 as 18:00.<br>Dia 10\/07 das 17:25 at\u00e9 as 18:00.<\/p>\n\n\n\n<div class=\"wp-block-buttons is-layout-flex wp-block-buttons-is-layout-flex\">\n<div class=\"wp-block-button\"><a class=\"wp-block-button__link wp-element-button\" href=\"https:\/\/docs.google.com\/forms\/d\/e\/1FAIpQLSfJq_4fpJzvB1zd-EyfRjhVqtncmTR0QMWQ83N2mwAia88VaQ\/viewform\">INSCRI\u00c7\u00c3O QUIZZ<\/a><\/div>\n<\/div>\n","protected":false},"excerpt":{"rendered":"<p>Per\u00edodo de realiza\u00e7\u00e3o do evento:&nbsp;09\/07\/2024 a 12\/07\/2024Per\u00edodo de Inscri\u00e7\u00e3o:&nbsp;01\/02\/2024 a 03\/07\/2024 Os minicursos da XI edi\u00e7\u00e3o do SACA ser\u00e3o oferecidos no dia 12 de julho, \u00faltimo dia do evento, na Universidade Estadual de Londrina (UEL). Os temas desse ano ir\u00e3o abranger as \u00e1reas de tecnologias de aplica\u00e7\u00e3o, fisiologia, manejo, comunica\u00e7\u00e3o, e muito mais! Cada participante [&hellip;]<\/p>\n","protected":false},"author":7,"featured_media":137,"parent":0,"menu_order":0,"comment_status":"closed","ping_status":"closed","template":"","meta":{"_acf_changed":false,"footnotes":""},"class_list":["post-21","page","type-page","status-publish","has-post-thumbnail","hentry"],"acf":[],"_links":{"self":[{"href":"https:\/\/sites.uel.br\/saca\/wp-json\/wp\/v2\/pages\/21","targetHints":{"allow":["GET"]}}],"collection":[{"href":"https:\/\/sites.uel.br\/saca\/wp-json\/wp\/v2\/pages"}],"about":[{"href":"https:\/\/sites.uel.br\/saca\/wp-json\/wp\/v2\/types\/page"}],"author":[{"embeddable":true,"href":"https:\/\/sites.uel.br\/saca\/wp-json\/wp\/v2\/users\/7"}],"replies":[{"embeddable":true,"href":"https:\/\/sites.uel.br\/saca\/wp-json\/wp\/v2\/comments?post=21"}],"version-history":[{"count":12,"href":"https:\/\/sites.uel.br\/saca\/wp-json\/wp\/v2\/pages\/21\/revisions"}],"predecessor-version":[{"id":238,"href":"https:\/\/sites.uel.br\/saca\/wp-json\/wp\/v2\/pages\/21\/revisions\/238"}],"wp:featuredmedia":[{"embeddable":true,"href":"https:\/\/sites.uel.br\/saca\/wp-json\/wp\/v2\/media\/137"}],"wp:attachment":[{"href":"https:\/\/sites.uel.br\/saca\/wp-json\/wp\/v2\/media?parent=21"}],"curies":[{"name":"wp","href":"https:\/\/api.w.org\/{rel}","templated":true}]}}