{"id":103,"date":"2024-04-11T10:04:32","date_gmt":"2024-04-11T13:04:32","guid":{"rendered":"https:\/\/sites.uel.br\/saca\/?page_id=103"},"modified":"2024-04-23T10:30:46","modified_gmt":"2024-04-23T13:30:46","slug":"submissao-de-resumos","status":"publish","type":"page","link":"https:\/\/sites.uel.br\/saca\/submissao-de-resumos\/","title":{"rendered":"Resumos"},"content":{"rendered":"\n<p>Submiss\u00e3o de resumos para o XI SACA<\/p>\n\n\n\n<p>A submiss\u00e3o deve ser realizada pelo site: https:\/\/www.sistemasweb.uel.br\/index.php?contents=system\/insc\/index.php&amp;pagina=view\/inscricoes\/seleciona_evento.php&amp;cod_evento=8770, at\u00e9 o dia 02\/06\/2024.<\/p>\n\n\n\n<p>Cada inscrito pode submeter at\u00e9 2 resumos para o evento.<\/p>\n\n\n\n<p>O arquivo deve ser enviado em formato word com a formata\u00e7\u00e3o do modelo disponibilizado pelo evento.<\/p>\n\n\n\n<p>No momento da submiss\u00e3o (no arquivo do resumo) dever\u00e1 assinalar entre as \u00e1reas correspondentes (Produ\u00e7\u00e3o Vegetal (Fitotecnia); Prote\u00e7\u00e3o de Plantas (Fitossanidade); Melhoramento Gen\u00e9tico (Biotecnologia); Ci\u00eancia do Solo; Engenharias; Ci\u00eancia Animal); Ensino; Extens\u00e3o.<\/p>\n\n\n\n<p>Cada resumo deve ter at\u00e9 5 autores, sendo necess\u00e1rio identificar o autor correspondente e o autor apresentador.<\/p>\n\n\n\n<p>Modelo de submiss\u00e3o de resumo:<\/p>\n\n\n\n<div class=\"wp-block-file\"><a id=\"wp-block-file--media-6fb3103a-cadc-4389-8d32-e01caa123be4\" href=\"https:\/\/sites.uel.br\/saca\/wp-content\/uploads\/2024\/04\/Modelo-de-Resumo.docx\">Modelo-de-Resumo<\/a><a href=\"https:\/\/sites.uel.br\/saca\/wp-content\/uploads\/2024\/04\/Modelo-de-Resumo.docx\" class=\"wp-block-file__button wp-element-button\" download aria-describedby=\"wp-block-file--media-6fb3103a-cadc-4389-8d32-e01caa123be4\">Baixar<\/a><\/div>\n\n\n\n<div data-wp-interactive=\"core\/file\" class=\"wp-block-file\"><object data-wp-bind--hidden=\"!state.hasPdfPreview\" hidden class=\"wp-block-file__embed\" data=\"https:\/\/sites.uel.br\/saca\/wp-content\/uploads\/2024\/04\/Tutorial-submissao-resumos.pdf\" type=\"application\/pdf\" style=\"width:100%;height:600px\" aria-label=\"Incorporado de Tutorial-submissao-resumos.\"><\/object><a id=\"wp-block-file--media-d0b65ffc-e13f-488e-84a5-51ab8b270c72\" href=\"https:\/\/sites.uel.br\/saca\/wp-content\/uploads\/2024\/04\/Tutorial-submissao-resumos.pdf\">Tutorial-submissao-resumos<\/a><a href=\"https:\/\/sites.uel.br\/saca\/wp-content\/uploads\/2024\/04\/Tutorial-submissao-resumos.pdf\" class=\"wp-block-file__button wp-element-button\" download aria-describedby=\"wp-block-file--media-d0b65ffc-e13f-488e-84a5-51ab8b270c72\">Baixar<\/a><\/div>\n\n\n\n<figure class=\"wp-block-image size-large\"><img loading=\"lazy\" decoding=\"async\" width=\"1024\" height=\"1024\" src=\"https:\/\/sites.uel.br\/saca\/wp-content\/uploads\/2024\/04\/Imagem-do-WhatsApp-de-2024-04-16-as-16.38.50_72d0855f-1024x1024.jpg\" alt=\"\" class=\"wp-image-153\" srcset=\"https:\/\/sites.uel.br\/saca\/wp-content\/uploads\/2024\/04\/Imagem-do-WhatsApp-de-2024-04-16-as-16.38.50_72d0855f-1024x1024.jpg 1024w, https:\/\/sites.uel.br\/saca\/wp-content\/uploads\/2024\/04\/Imagem-do-WhatsApp-de-2024-04-16-as-16.38.50_72d0855f-300x300.jpg 300w, https:\/\/sites.uel.br\/saca\/wp-content\/uploads\/2024\/04\/Imagem-do-WhatsApp-de-2024-04-16-as-16.38.50_72d0855f-150x150.jpg 150w, https:\/\/sites.uel.br\/saca\/wp-content\/uploads\/2024\/04\/Imagem-do-WhatsApp-de-2024-04-16-as-16.38.50_72d0855f-768x768.jpg 768w, https:\/\/sites.uel.br\/saca\/wp-content\/uploads\/2024\/04\/Imagem-do-WhatsApp-de-2024-04-16-as-16.38.50_72d0855f.jpg 1080w\" sizes=\"auto, (max-width: 1024px) 100vw, 1024px\" \/><\/figure>\n","protected":false},"excerpt":{"rendered":"<p>Submiss\u00e3o de resumos para o XI SACA A submiss\u00e3o deve ser realizada pelo site: https:\/\/www.sistemasweb.uel.br\/index.php?contents=system\/insc\/index.php&amp;pagina=view\/inscricoes\/seleciona_evento.php&amp;cod_evento=8770, at\u00e9 o dia 02\/06\/2024. Cada inscrito pode submeter at\u00e9 2 resumos para o evento. O arquivo deve ser enviado em formato word com a formata\u00e7\u00e3o do modelo disponibilizado pelo evento. No momento da submiss\u00e3o (no arquivo do resumo) dever\u00e1 assinalar [&hellip;]<\/p>\n","protected":false},"author":7,"featured_media":0,"parent":0,"menu_order":0,"comment_status":"closed","ping_status":"closed","template":"","meta":{"_acf_changed":false,"footnotes":""},"class_list":["post-103","page","type-page","status-publish","hentry"],"acf":[],"_links":{"self":[{"href":"https:\/\/sites.uel.br\/saca\/wp-json\/wp\/v2\/pages\/103","targetHints":{"allow":["GET"]}}],"collection":[{"href":"https:\/\/sites.uel.br\/saca\/wp-json\/wp\/v2\/pages"}],"about":[{"href":"https:\/\/sites.uel.br\/saca\/wp-json\/wp\/v2\/types\/page"}],"author":[{"embeddable":true,"href":"https:\/\/sites.uel.br\/saca\/wp-json\/wp\/v2\/users\/7"}],"replies":[{"embeddable":true,"href":"https:\/\/sites.uel.br\/saca\/wp-json\/wp\/v2\/comments?post=103"}],"version-history":[{"count":7,"href":"https:\/\/sites.uel.br\/saca\/wp-json\/wp\/v2\/pages\/103\/revisions"}],"predecessor-version":[{"id":203,"href":"https:\/\/sites.uel.br\/saca\/wp-json\/wp\/v2\/pages\/103\/revisions\/203"}],"wp:attachment":[{"href":"https:\/\/sites.uel.br\/saca\/wp-json\/wp\/v2\/media?parent=103"}],"curies":[{"name":"wp","href":"https:\/\/api.w.org\/{rel}","templated":true}]}}