{"id":87,"date":"2022-08-01T14:49:28","date_gmt":"2022-08-01T17:49:28","guid":{"rendered":"https:\/\/sites.uel.br\/quaseciencias\/?page_id=87"},"modified":"2023-04-06T09:27:12","modified_gmt":"2023-04-06T12:27:12","slug":"nossos-numeros","status":"publish","type":"page","link":"https:\/\/sites.uel.br\/quaseciencias\/nossos-numeros\/","title":{"rendered":"Nossos N\u00fameros"},"content":{"rendered":"\n<h3 class=\"wp-block-heading has-text-align-center\">2021<\/h3>\n\n\n\n<ul class=\"wp-block-list\">\n<li>Volume 1, n\u00famero 1 &#8211; <a rel=\"noreferrer noopener\" href=\"https:\/\/drive.google.com\/file\/d\/12QWfzqogSmpw2m7lFJEp3Hwlpecvo_Ly\/view?usp=sharing\" target=\"_blank\"><strong>Estudos Culturais das Ci\u00eancias: modos de distribuir sua abund\u00e2ncia<\/strong><\/a><\/li>\n<\/ul>\n\n\n\n<h3 class=\"wp-block-heading has-text-align-center\">2022<\/h3>\n\n\n\n<ul class=\"wp-block-list\">\n<li>Volume 1, n\u00famero 2 &#8211; <a rel=\"noreferrer noopener\" href=\"https:\/\/drive.google.com\/file\/d\/1lsBxAxurCRhzOKA-8sjcd2iXKN6ZxDi3\/view?usp=sharing\" target=\"_blank\"><strong>Pensando as Ci\u00eancias outramente<\/strong><\/a><\/li>\n\n\n\n<li>Volume 1, n\u00famero 3 &#8211; <strong><a href=\"https:\/\/drive.google.com\/file\/d\/12UFwWKW9_A4c_JyK2Gm-LXXwTUV8MaCg\/view?usp=sharing\" data-type=\"URL\" data-id=\"https:\/\/drive.google.com\/file\/d\/12UFwWKW9_A4c_JyK2Gm-LXXwTUV8MaCg\/view?usp=sharing\" target=\"_blank\" rel=\"noreferrer noopener\">Deriva\u00e7\u00f5es da Natureza e os fazeres na Sociedade do Cansa\u00e7o<\/a><\/strong><\/li>\n<\/ul>\n\n\n\n<p><\/p>\n","protected":false},"excerpt":{"rendered":"<p>2021 2022<\/p>\n","protected":false},"author":7,"featured_media":0,"parent":0,"menu_order":0,"comment_status":"closed","ping_status":"closed","template":"","meta":{"footnotes":""},"class_list":["post-87","page","type-page","status-publish","hentry"],"acf":[],"_links":{"self":[{"href":"https:\/\/sites.uel.br\/quaseciencias\/wp-json\/wp\/v2\/pages\/87","targetHints":{"allow":["GET"]}}],"collection":[{"href":"https:\/\/sites.uel.br\/quaseciencias\/wp-json\/wp\/v2\/pages"}],"about":[{"href":"https:\/\/sites.uel.br\/quaseciencias\/wp-json\/wp\/v2\/types\/page"}],"author":[{"embeddable":true,"href":"https:\/\/sites.uel.br\/quaseciencias\/wp-json\/wp\/v2\/users\/7"}],"replies":[{"embeddable":true,"href":"https:\/\/sites.uel.br\/quaseciencias\/wp-json\/wp\/v2\/comments?post=87"}],"version-history":[{"count":16,"href":"https:\/\/sites.uel.br\/quaseciencias\/wp-json\/wp\/v2\/pages\/87\/revisions"}],"predecessor-version":[{"id":545,"href":"https:\/\/sites.uel.br\/quaseciencias\/wp-json\/wp\/v2\/pages\/87\/revisions\/545"}],"wp:attachment":[{"href":"https:\/\/sites.uel.br\/quaseciencias\/wp-json\/wp\/v2\/media?parent=87"}],"curies":[{"name":"wp","href":"https:\/\/api.w.org\/{rel}","templated":true}]}}