{"id":27,"date":"2022-07-19T11:22:35","date_gmt":"2022-07-19T14:22:35","guid":{"rendered":"https:\/\/sites.uel.br\/quaseciencias\/?page_id=27"},"modified":"2023-03-10T10:14:19","modified_gmt":"2023-03-10T13:14:19","slug":"secoes","status":"publish","type":"page","link":"https:\/\/sites.uel.br\/quaseciencias\/secoes\/","title":{"rendered":"Se\u00e7\u00f5es"},"content":{"rendered":"\n<p><\/p>\n\n\n\n<h3 class=\"wp-block-heading\">Como a revista est\u00e1 organizada?<\/h3>\n\n\n\n<p>&nbsp; &nbsp; &nbsp; S\u00e3o cinco se\u00e7\u00f5es, cada uma apresentando reflex\u00f5es particulares de nosso grupo de estudos em rela\u00e7\u00e3o a temas ligados \u00e0s Ci\u00eancias, Educa\u00e7\u00f5es e Culturas.&nbsp;Voc\u00ea pode acessar nossos arquivos completos na aba &#8216;N\u00fameros&#8217;, no menu principal, ou visitar diretamente cada uma das se\u00e7\u00f5es nos links abaixo.<\/p>\n\n\n\n<p>&nbsp; &nbsp; &nbsp; &nbsp; &nbsp; &nbsp;Acesse e saiba mais!<\/p>\n\n\n\n<p>\u200b<\/p>\n\n\n\n<ul class=\"wp-block-list\">\n<li><a rel=\"noreferrer noopener\" href=\"https:\/\/sites.uel.br\/quaseciencias\/categoria\/escrutinios\/\" target=\"_blank\">Escrut\u00ednios<\/a>;<\/li>\n\n\n\n<li><a rel=\"noreferrer noopener\" href=\"https:\/\/sites.uel.br\/quaseciencias\/categoria\/confissoes-os-enredos-da-tradicao\/\" target=\"_blank\">Confiss\u00f5es: Os Enredos da Tradi\u00e7\u00e3o<\/a>;<\/li>\n\n\n\n<li><a rel=\"noreferrer noopener\" href=\"https:\/\/sites.uel.br\/quaseciencias\/categoria\/fala-ai-como-voce-fez\/\" target=\"_blank\">Fala a\u00ed, como voc\u00ea fez<\/a>;<\/li>\n\n\n\n<li><a href=\"https:\/\/sites.uel.br\/quaseciencias\/categoria\/ve-esse-voce-vai-gostar\/\" target=\"_blank\" rel=\"noreferrer noopener\">V\u00ea esse, voc\u00ea vai gostar<\/a>!<\/li>\n\n\n\n<li><a href=\"https:\/\/sites.uel.br\/quaseciencias\/categoria\/turismo-cultural\/\" target=\"_blank\" rel=\"noreferrer noopener\">Turismo Cultural<\/a>.<\/li>\n<\/ul>\n","protected":false},"excerpt":{"rendered":"<p>Como a revista est\u00e1 organizada? &nbsp; &nbsp; &nbsp; S\u00e3o cinco se\u00e7\u00f5es, cada uma apresentando reflex\u00f5es particulares de nosso grupo de estudos em rela\u00e7\u00e3o a temas ligados \u00e0s Ci\u00eancias, Educa\u00e7\u00f5es e Culturas.&nbsp;Voc\u00ea pode acessar nossos arquivos completos na aba &#8216;N\u00fameros&#8217;, no menu principal, ou visitar diretamente cada uma das se\u00e7\u00f5es nos links abaixo. &nbsp; &nbsp; &nbsp; [&hellip;]<\/p>\n","protected":false},"author":7,"featured_media":0,"parent":0,"menu_order":0,"comment_status":"closed","ping_status":"closed","template":"","meta":{"footnotes":""},"class_list":["post-27","page","type-page","status-publish","hentry"],"acf":[],"_links":{"self":[{"href":"https:\/\/sites.uel.br\/quaseciencias\/wp-json\/wp\/v2\/pages\/27","targetHints":{"allow":["GET"]}}],"collection":[{"href":"https:\/\/sites.uel.br\/quaseciencias\/wp-json\/wp\/v2\/pages"}],"about":[{"href":"https:\/\/sites.uel.br\/quaseciencias\/wp-json\/wp\/v2\/types\/page"}],"author":[{"embeddable":true,"href":"https:\/\/sites.uel.br\/quaseciencias\/wp-json\/wp\/v2\/users\/7"}],"replies":[{"embeddable":true,"href":"https:\/\/sites.uel.br\/quaseciencias\/wp-json\/wp\/v2\/comments?post=27"}],"version-history":[{"count":4,"href":"https:\/\/sites.uel.br\/quaseciencias\/wp-json\/wp\/v2\/pages\/27\/revisions"}],"predecessor-version":[{"id":371,"href":"https:\/\/sites.uel.br\/quaseciencias\/wp-json\/wp\/v2\/pages\/27\/revisions\/371"}],"wp:attachment":[{"href":"https:\/\/sites.uel.br\/quaseciencias\/wp-json\/wp\/v2\/media?parent=27"}],"curies":[{"name":"wp","href":"https:\/\/api.w.org\/{rel}","templated":true}]}}