{"id":86,"date":"2023-04-20T15:35:22","date_gmt":"2023-04-20T18:35:22","guid":{"rendered":"https:\/\/sites.uel.br\/protagoniza\/?page_id=86"},"modified":"2023-05-03T16:41:40","modified_gmt":"2023-05-03T19:41:40","slug":"equipe","status":"publish","type":"page","link":"https:\/\/sites.uel.br\/protagoniza\/equipe\/","title":{"rendered":"Equipe"},"content":{"rendered":"\n<hr class=\"wp-block-separator has-alpha-channel-opacity is-style-wide\"\/>\n\n\n\n<p>O Protagoniza UEL conta com uma equipe de duas Docentes, uma Administradora e quatro Estudantes de Gradua\u00e7\u00e3o da UEL, dentre os cursos de Administra\u00e7\u00e3o, Rela\u00e7\u00f5es P\u00fablicas e Psicologia.<\/p>\n\n\n\n<p>A Coordenadora e orientadora do projeto, Elaine Maria dos Santos, \u00e9 Docente no Departamento de Administra\u00e7\u00e3o da UEL, e possui mestrado e doutorado em Engenharia de Produ\u00e7\u00e3o pela USP. No seu tempo livre, ela gosta de observar as paisagens e contemplar a natureza.<\/p>\n\n\n\n<p>\u00cdris Tomita contribui com o projeto como Orientadora. Docente no Departamento de Comunica\u00e7\u00e3o da UEL, seu curr\u00edculo conta com gradua\u00e7\u00f5es em Comunica\u00e7\u00e3o e Psicologia, al\u00e9m de mestrado e doutorado em Educa\u00e7\u00e3o pela UEM e UFPR, respectivamente. No seu tempo livre, gosta de tocar piano e aprender&nbsp;coisas&nbsp;novas.<\/p>\n\n\n\n<div style=\"height:49px\" aria-hidden=\"true\" class=\"wp-block-spacer\"><\/div>\n\n\n\n<figure class=\"wp-block-image size-large\"><img loading=\"lazy\" decoding=\"async\" width=\"1024\" height=\"606\" src=\"https:\/\/sites.uel.br\/protagoniza\/wp-content\/uploads\/2023\/05\/SITE-1024x606.png\" alt=\"\" class=\"wp-image-213\" srcset=\"https:\/\/sites.uel.br\/protagoniza\/wp-content\/uploads\/2023\/05\/SITE-1024x606.png 1024w, https:\/\/sites.uel.br\/protagoniza\/wp-content\/uploads\/2023\/05\/SITE-300x178.png 300w, https:\/\/sites.uel.br\/protagoniza\/wp-content\/uploads\/2023\/05\/SITE-768x455.png 768w, https:\/\/sites.uel.br\/protagoniza\/wp-content\/uploads\/2023\/05\/SITE-1536x909.png 1536w, https:\/\/sites.uel.br\/protagoniza\/wp-content\/uploads\/2023\/05\/SITE-2048x1212.png 2048w\" sizes=\"auto, (max-width: 1024px) 100vw, 1024px\" \/><\/figure>\n","protected":false},"excerpt":{"rendered":"<p>O Protagoniza UEL conta com uma equipe de duas Docentes, uma Administradora e quatro Estudantes de Gradua\u00e7\u00e3o da UEL, dentre os cursos de Administra\u00e7\u00e3o, Rela\u00e7\u00f5es P\u00fablicas e Psicologia. A Coordenadora e orientadora do projeto, Elaine Maria dos Santos, \u00e9 Docente no Departamento de Administra\u00e7\u00e3o da UEL, e possui mestrado e doutorado em Engenharia de Produ\u00e7\u00e3o [&hellip;]<\/p>\n","protected":false},"author":8,"featured_media":190,"parent":0,"menu_order":0,"comment_status":"closed","ping_status":"closed","template":"","meta":{"footnotes":""},"class_list":["post-86","page","type-page","status-publish","has-post-thumbnail","hentry"],"acf":[],"_links":{"self":[{"href":"https:\/\/sites.uel.br\/protagoniza\/wp-json\/wp\/v2\/pages\/86","targetHints":{"allow":["GET"]}}],"collection":[{"href":"https:\/\/sites.uel.br\/protagoniza\/wp-json\/wp\/v2\/pages"}],"about":[{"href":"https:\/\/sites.uel.br\/protagoniza\/wp-json\/wp\/v2\/types\/page"}],"author":[{"embeddable":true,"href":"https:\/\/sites.uel.br\/protagoniza\/wp-json\/wp\/v2\/users\/8"}],"replies":[{"embeddable":true,"href":"https:\/\/sites.uel.br\/protagoniza\/wp-json\/wp\/v2\/comments?post=86"}],"version-history":[{"count":8,"href":"https:\/\/sites.uel.br\/protagoniza\/wp-json\/wp\/v2\/pages\/86\/revisions"}],"predecessor-version":[{"id":215,"href":"https:\/\/sites.uel.br\/protagoniza\/wp-json\/wp\/v2\/pages\/86\/revisions\/215"}],"wp:featuredmedia":[{"embeddable":true,"href":"https:\/\/sites.uel.br\/protagoniza\/wp-json\/wp\/v2\/media\/190"}],"wp:attachment":[{"href":"https:\/\/sites.uel.br\/protagoniza\/wp-json\/wp\/v2\/media?parent=86"}],"curies":[{"name":"wp","href":"https:\/\/api.w.org\/{rel}","templated":true}]}}