{"id":85,"date":"2023-04-20T15:35:22","date_gmt":"2023-04-20T18:35:22","guid":{"rendered":"https:\/\/sites.uel.br\/protagoniza\/?page_id=85"},"modified":"2023-04-25T10:08:01","modified_gmt":"2023-04-25T13:08:01","slug":"quem-somos-2","status":"publish","type":"page","link":"https:\/\/sites.uel.br\/protagoniza\/quem-somos-2\/","title":{"rendered":"Quem somos"},"content":{"rendered":"\n<hr class=\"wp-block-separator has-alpha-channel-opacity is-style-wide\"\/>\n\n\n\n<p>O que acham? O Protagoniza \u00e9 um nome fantasia do Projeto de Extens\u00e3o denominado \u201cProtagonismo juvenil e desenvolvimento social-econ\u00f4mico a partir do trip\u00e9 Empreendedorismo Social, Inova\u00e7\u00e3o e Sustentabilidade\u201d, da Universidade Estadual de Londrina, UEL, vinculado ao Programa Universidade Sem Fronteiras da Secretaria da Ci\u00eancia, Tecnologia e Ensino Superior (SETI).<\/p>\n\n\n\n<p>O Protagoniza tem como prop\u00f3sito o desenvolvimento e forma\u00e7\u00e3o (intra)empreendedora de jovens de 13 a 24 anos oriundos de escolas p\u00fablicas do munic\u00edpio de Londrina.<br>Suas a\u00e7\u00f5es s\u00e3o voltadas para a forma\u00e7\u00e3o e empoderamento; valoriza\u00e7\u00e3o e fortalecimento do protagonismo juvenil, na busca pelo desenvolvimento humano e sustent\u00e1vel.<br>O Protagoniza utiliza-se de metodologias diferenciadas, com vista ao desenvolvimento de prop\u00f3sito pessoal em seus participantes, bem como a cria\u00e7\u00e3o de um sonho de neg\u00f3cio, a partir de a\u00e7\u00f5es empreendedoras, sustent\u00e1veis, criativas&nbsp;e&nbsp;inovadoras.<\/p>\n","protected":false},"excerpt":{"rendered":"<p>O que acham? O Protagoniza \u00e9 um nome fantasia do Projeto de Extens\u00e3o denominado \u201cProtagonismo juvenil e desenvolvimento social-econ\u00f4mico a partir do trip\u00e9 Empreendedorismo Social, Inova\u00e7\u00e3o e Sustentabilidade\u201d, da Universidade Estadual de Londrina, UEL, vinculado ao Programa Universidade Sem Fronteiras da Secretaria da Ci\u00eancia, Tecnologia e Ensino Superior (SETI). O Protagoniza tem como prop\u00f3sito o [&hellip;]<\/p>\n","protected":false},"author":8,"featured_media":0,"parent":0,"menu_order":0,"comment_status":"closed","ping_status":"closed","template":"","meta":{"footnotes":""},"class_list":["post-85","page","type-page","status-publish","hentry"],"acf":[],"_links":{"self":[{"href":"https:\/\/sites.uel.br\/protagoniza\/wp-json\/wp\/v2\/pages\/85","targetHints":{"allow":["GET"]}}],"collection":[{"href":"https:\/\/sites.uel.br\/protagoniza\/wp-json\/wp\/v2\/pages"}],"about":[{"href":"https:\/\/sites.uel.br\/protagoniza\/wp-json\/wp\/v2\/types\/page"}],"author":[{"embeddable":true,"href":"https:\/\/sites.uel.br\/protagoniza\/wp-json\/wp\/v2\/users\/8"}],"replies":[{"embeddable":true,"href":"https:\/\/sites.uel.br\/protagoniza\/wp-json\/wp\/v2\/comments?post=85"}],"version-history":[{"count":3,"href":"https:\/\/sites.uel.br\/protagoniza\/wp-json\/wp\/v2\/pages\/85\/revisions"}],"predecessor-version":[{"id":194,"href":"https:\/\/sites.uel.br\/protagoniza\/wp-json\/wp\/v2\/pages\/85\/revisions\/194"}],"wp:attachment":[{"href":"https:\/\/sites.uel.br\/protagoniza\/wp-json\/wp\/v2\/media?parent=85"}],"curies":[{"name":"wp","href":"https:\/\/api.w.org\/{rel}","templated":true}]}}