{"id":97,"date":"2022-12-21T14:40:02","date_gmt":"2022-12-21T17:40:02","guid":{"rendered":"https:\/\/sites.uel.br\/prorh\/?page_id=97"},"modified":"2023-10-02T14:45:24","modified_gmt":"2023-10-02T17:45:24","slug":"historico","status":"publish","type":"page","link":"https:\/\/sites.uel.br\/prorh\/historico\/","title":{"rendered":"Sobre a Pr\u00f3-reitoria"},"content":{"rendered":"\n<p>A Pr\u00f3-Reitoria de Recursos Humanos (PRORH) \u00e9 o \u00f3rg\u00e3o respons\u00e1vel pelo planejamento, execu\u00e7\u00e3o e controle das atividades vinculadas aos recursos humanos da Universidade, bem como a gest\u00e3o e desenvolvimento de pessoas na busca de melhorias dos servi\u00e7os prestados \u00e0 comunidade e no bem-estar dos servidores docentes e t\u00e9cnico-administrativos.<\/p>\n\n\n\n<p>Tem como objetivo criar e manter um clima organizacional saud\u00e1vel para atrair, desenvolver e motivar pessoas que disponibilizem seus talentos para a realiza\u00e7\u00e3o da miss\u00e3o da Institui\u00e7\u00e3o, aliando a isso o seu crescimento e desenvolvimento pessoal e profissional.<\/p>\n\n\n\n<figure class=\"wp-block-image size-large\"><img decoding=\"async\" src=\"https:\/\/operobal.uel.br\/wp-content\/uploads\/2023\/03\/Prorh-uel.jpeg\" alt=\"\" \/><\/figure>\n","protected":false},"excerpt":{"rendered":"<p>A Pr\u00f3-Reitoria de Recursos Humanos (PRORH) \u00e9 o \u00f3rg\u00e3o respons\u00e1vel pelo planejamento, execu\u00e7\u00e3o e controle das atividades vinculadas aos recursos humanos da Universidade, bem como a gest\u00e3o e desenvolvimento de pessoas na busca de melhorias dos servi\u00e7os prestados \u00e0 comunidade e no bem-estar dos servidores docentes e t\u00e9cnico-administrativos. Tem como objetivo criar e manter um [&hellip;]<\/p>\n","protected":false},"author":2,"featured_media":0,"parent":0,"menu_order":0,"comment_status":"closed","ping_status":"closed","template":"","meta":{"_acf_changed":false,"_themeisle_gutenberg_block_has_review":false,"footnotes":""},"class_list":["post-97","page","type-page","status-publish","hentry"],"acf":[],"_links":{"self":[{"href":"https:\/\/sites.uel.br\/prorh\/wp-json\/wp\/v2\/pages\/97","targetHints":{"allow":["GET"]}}],"collection":[{"href":"https:\/\/sites.uel.br\/prorh\/wp-json\/wp\/v2\/pages"}],"about":[{"href":"https:\/\/sites.uel.br\/prorh\/wp-json\/wp\/v2\/types\/page"}],"author":[{"embeddable":true,"href":"https:\/\/sites.uel.br\/prorh\/wp-json\/wp\/v2\/users\/2"}],"replies":[{"embeddable":true,"href":"https:\/\/sites.uel.br\/prorh\/wp-json\/wp\/v2\/comments?post=97"}],"version-history":[{"count":7,"href":"https:\/\/sites.uel.br\/prorh\/wp-json\/wp\/v2\/pages\/97\/revisions"}],"predecessor-version":[{"id":1139,"href":"https:\/\/sites.uel.br\/prorh\/wp-json\/wp\/v2\/pages\/97\/revisions\/1139"}],"wp:attachment":[{"href":"https:\/\/sites.uel.br\/prorh\/wp-json\/wp\/v2\/media?parent=97"}],"curies":[{"name":"wp","href":"https:\/\/api.w.org\/{rel}","templated":true}]}}