{"id":837,"date":"2023-09-12T15:28:30","date_gmt":"2023-09-12T18:28:30","guid":{"rendered":"https:\/\/sites.uel.br\/prorh\/?page_id=837"},"modified":"2026-03-23T11:22:15","modified_gmt":"2026-03-23T14:22:15","slug":"equipe-e-estrutura","status":"publish","type":"page","link":"https:\/\/sites.uel.br\/prorh\/equipe-e-estrutura\/","title":{"rendered":"Equipe e Estrutura"},"content":{"rendered":"\n<div style=\"height:20px\" aria-hidden=\"true\" class=\"wp-block-spacer\"><\/div>\n\n\n\n<h3 class=\"wp-block-heading\" style=\"font-size:25px\">Administra\u00e7\u00e3o<\/h3>\n\n\n\n<div style=\"height:6px\" aria-hidden=\"true\" class=\"wp-block-spacer\"><\/div>\n\n\n\n<p><strong>Pr\u00f3-Reitor de Recursos Humanos<\/strong><br>Prof. Dr. Leandro Ricardo Altimari \u2013&nbsp;<a href=\"mailto:proaf@uel.br\"><\/a><a href=\"mailto:prorh@uel.br\">prorh@uel.br<\/a><\/p>\n\n\n\n<p><strong>Secretaria Executiva<\/strong><\/p>\n\n\n\n<p><strong>Secret\u00e1ria:<\/strong> Kelly Cristina Furini Fuziy &#8211; <a href=\"mailto:seprorh@uel.br\">seprorh@uel.br<\/a><\/p>\n\n\n\n<p>Val\u00e9ria Romanholi Galv\u00e3o da Silva<\/p>\n\n\n\n<p><strong>Servi\u00e7o de Apoio T\u00e9cnico &#8211; SAT<\/strong><\/p>\n\n\n\n<p id=\"block-a17f4ea5-4979-43e1-8bab-6c69b53036c5\"><strong>Ger\u00eancia: <\/strong>Wanderson Lesniewski da Silveira &#8211; <a href=\"mailto:satprorh@uel.br\">satprorh@uel.br<\/a><\/p>\n\n\n\n<p>Ailton Sergio Bonifacio<\/p>\n\n\n\n<p>Claudemir Pedro Marquiori<\/p>\n\n\n\n<p><strong>Divis\u00e3o de Arquivo e Microfilmagem &#8211; DAM<\/strong><\/p>\n\n\n\n<p id=\"block-cd0e35e5-ac38-4bb3-8409-ba65d2bb10cb\"><strong>Chefe:<\/strong> Marcus Vinicius Pavan &#8211; <a href=\"mailto:damprorh@uel.br\">damprorh@uel.br<\/a><\/p>\n\n\n\n<p>Sidney Rodrigues de Oliveira<\/p>\n\n\n\n<hr class=\"wp-block-separator has-alpha-channel-opacity is-style-wide\"\/>\n\n\n\n<p><strong>Se\u00e7\u00e3o de Est\u00e1gio<\/strong><\/p>\n\n\n\n<p>Marcos Leandro Maronesi &#8211; <a href=\"mailto:bolsaseapprorh@uel.br\">bolsaseapprorh@uel.br<\/a><\/p>\n\n\n\n<hr class=\"wp-block-separator has-alpha-channel-opacity is-style-wide\"\/>\n\n\n\n<h4 class=\"wp-block-heading\" style=\"font-size:25px\">Diretoria de Sele\u00e7\u00e3o e Desenvolvimento &#8211; DSDE<\/h4>\n\n\n\n<p><strong>Diretor: <\/strong>Jos\u00e9 Luiz Alduan &#8211; <a href=\"mailto:dsdeprorh@uel.br\">dsdeprorh@uel.br<\/a><\/p>\n\n\n\n<p>Diretoria de Sele\u00e7\u00e3o e Desenvolvimento \u00e9 a respons\u00e1vel pelo recrutamento, sele\u00e7\u00e3o, avalia\u00e7\u00e3o, capacita\u00e7\u00e3o e acompanhamento do pessoal da Universidade. <br>Com quatro Divis\u00f5es, realiza as seguinte atividades:<\/p>\n\n\n\n<div id=\"wp-block-themeisle-blocks-accordion-994fa63c\" class=\"wp-block-themeisle-blocks-accordion exclusive  is-style-default\">\n<details class=\"wp-block-themeisle-blocks-accordion-item\"><summary class=\"wp-block-themeisle-blocks-accordion-item__title\"><div><strong>Divis\u00e3o de Recrutamento e Sele\u00e7\u00e3o &#8211; DRS<\/strong><\/div><\/summary><div class=\"wp-block-themeisle-blocks-accordion-item__content\">\n<p><strong>Chefe:<\/strong> Elisangela de Cassia Merlo Cabrera &#8211; <a href=\"mailto:prorhdrs@uel.br\">prorhdrs@uel.br<\/a><\/p>\n\n\n\n<p>M\u00e1rcia Regina Marques Alduan<\/p>\n\n\n\n<p>Nadir Martins Gon\u00e7alves<\/p>\n<\/div><\/details>\n\n\n\n<details class=\"wp-block-themeisle-blocks-accordion-item\"><summary class=\"wp-block-themeisle-blocks-accordion-item__title\"><div><strong>Divis\u00e3o de Cargos e Sal\u00e1rios &#8211; DCS<\/strong><\/div><\/summary><div class=\"wp-block-themeisle-blocks-accordion-item__content\">\n<p><strong>Chefe: <\/strong>Miriam Silveira Loures de Oliveira &#8211; <a href=\"mailto:dcsprorh@uel.br\">dcsprorh@uel.br<\/a><\/p>\n\n\n\n<p>Mayara Fernanda Ferreira de Souza<\/p>\n<\/div><\/details>\n\n\n\n<details class=\"wp-block-themeisle-blocks-accordion-item\"><summary class=\"wp-block-themeisle-blocks-accordion-item__title\"><div><strong>Divis\u00e3o de Sele\u00e7\u00e3o e Avalia\u00e7\u00e3o de Docentes &#8211; DSD<\/strong><\/div><\/summary><div class=\"wp-block-themeisle-blocks-accordion-item__content\">\n<p><strong>Chefe:<\/strong> Edelita Gonzaga Martins &#8211; <a href=\"mailto:dsdprorh@uel.br\">dsdprorh@uel.br<\/a><\/p>\n\n\n\n<p>Alberto C\u00e9sar Palhares<\/p>\n\n\n\n<p>Pedro Ot\u00e1vio Silva Marques dos Santos<\/p>\n<\/div><\/details>\n\n\n\n<details class=\"wp-block-themeisle-blocks-accordion-item\"><summary class=\"wp-block-themeisle-blocks-accordion-item__title\"><div><strong>Divis\u00e3o de Capacita\u00e7\u00e3o Docente e T\u00e9cnica &#8211; DCDT<\/strong><\/div><\/summary><div class=\"wp-block-themeisle-blocks-accordion-item__content\">\n<p><strong>Chefe: <\/strong>Antonio Bezerra de Lima Filho &#8211; <a href=\"mailto:dcdtprorh@uel.br\">dcdtprorh@uel.br<\/a><\/p>\n\n\n\n<p>Tanine Goulart<\/p>\n<\/div><\/details>\n<\/div>\n\n\n\n<h4 class=\"wp-block-heading\" style=\"font-size:25px\"><strong>Diretoria de Registro, Remunera\u00e7\u00e3o e Benef\u00edcio<\/strong> &#8211; DRRB<\/h4>\n\n\n\n<p><strong>Diretora:<\/strong> Rosiene Torres &#8211; <a href=\"mailto:drrbprorh@uel.br\">drrbprorh@uel.br<\/a><\/p>\n\n\n\n<p>A Diretoria de Registro, Remunera\u00e7\u00e3o e Benef\u00edcio tem a responsabilidade cadastral e registro da vida funcional e acad\u00eamica do pessoal, bem como pela Folha de pagamento dos servidores e de encargos sociais. <br>Com quatro Divis\u00f5es, realiza as seguinte atividades:<\/p>\n\n\n\n<div id=\"wp-block-themeisle-blocks-accordion-163524b3\" class=\"wp-block-themeisle-blocks-accordion exclusive  is-style-default\">\n<details class=\"wp-block-themeisle-blocks-accordion-item\"><summary class=\"wp-block-themeisle-blocks-accordion-item__title\"><div><strong>Divis\u00e3o de Registro &#8211; DR<\/strong><\/div><\/summary><div class=\"wp-block-themeisle-blocks-accordion-item__content\">\n<p><strong>Chefe:<\/strong> Fl\u00e1via Veiga de Moraes &#8211; <a href=\"mailto:drprorh@uel.br\">drprorh@uel.br<\/a><\/p>\n\n\n\n<p>Graziele de Jesus Pestana<\/p>\n\n\n\n<p>Maria Cristina Boscariol Shiraishi<\/p>\n\n\n\n<p>Silvana Alves Boleti<\/p>\n<\/div><\/details>\n\n\n\n<details class=\"wp-block-themeisle-blocks-accordion-item\"><summary class=\"wp-block-themeisle-blocks-accordion-item__title\"><div><strong>Divis\u00e3o de Pagamento &#8211; DP<\/strong><\/div><\/summary><div class=\"wp-block-themeisle-blocks-accordion-item__content\">\n<p><strong>Chefe: <\/strong>Marcos Polli &#8211; <a href=\"mailto:dpprorh@uel.br\">dpprorh@uel.br<\/a><\/p>\n\n\n\n<p>Anderci da Silva Souza<\/p>\n\n\n\n<p>Aur\u00e9lio Pereira<\/p>\n\n\n\n<p>Edna Ferreira Cardoso Fernandes da Silva<\/p>\n\n\n\n<p>M\u00e1rcio Henrique da Cruz<\/p>\n\n\n\n<p>Maria Ester Duarte Pereira<\/p>\n\n\n\n<p>Mariza Kaori Suzuki<\/p>\n<\/div><\/details>\n\n\n\n<details class=\"wp-block-themeisle-blocks-accordion-item\"><summary class=\"wp-block-themeisle-blocks-accordion-item__title\"><div><strong>Divis\u00e3o de Documenta\u00e7\u00e3o de Docentes &#8211; DDD<\/strong><\/div><\/summary><div class=\"wp-block-themeisle-blocks-accordion-item__content\">\n<p><strong>Chefe:<\/strong> Ivanilda da Silva Souza &#8211; <a href=\"mailto:dddprorh@uel.br\">dddprorh@uel.br<\/a><\/p>\n\n\n\n<p>Daniele Cristine Beraldo<\/p>\n<\/div><\/details>\n\n\n\n<details class=\"wp-block-themeisle-blocks-accordion-item\"><summary class=\"wp-block-themeisle-blocks-accordion-item__title\"><div><strong>Divis\u00e3o de Aposentadoria e Benef\u00edcios &#8211; DAB<\/strong><\/div><\/summary><div class=\"wp-block-themeisle-blocks-accordion-item__content\">\n<p><strong>Chefe:<\/strong> Michele Evandra Di Iorio Farias Costa &#8211; <a href=\"mailto:dabprorh@uel.br\">dabprorh@uel.br<\/a><\/p>\n\n\n\n<p>Dgeise Bevilaqua dos Santos Silva<\/p>\n<\/div><\/details>\n<\/div>\n\n\n\n<p><\/p>\n","protected":false},"excerpt":{"rendered":"<p>Administra\u00e7\u00e3o Pr\u00f3-Reitor de Recursos HumanosProf. Dr. Leandro Ricardo Altimari \u2013&nbsp;prorh@uel.br Secretaria Executiva Secret\u00e1ria: Kelly Cristina Furini Fuziy &#8211; seprorh@uel.br Val\u00e9ria Romanholi Galv\u00e3o da Silva Servi\u00e7o de Apoio T\u00e9cnico &#8211; SAT Ger\u00eancia: Wanderson Lesniewski da Silveira &#8211; satprorh@uel.br Ailton Sergio Bonifacio Claudemir Pedro Marquiori Divis\u00e3o de Arquivo e Microfilmagem &#8211; DAM Chefe: Marcus Vinicius Pavan &#8211; [&hellip;]<\/p>\n","protected":false},"author":9,"featured_media":0,"parent":0,"menu_order":0,"comment_status":"closed","ping_status":"closed","template":"","meta":{"_acf_changed":false,"_themeisle_gutenberg_block_has_review":false,"footnotes":""},"class_list":["post-837","page","type-page","status-publish","hentry"],"acf":[],"_links":{"self":[{"href":"https:\/\/sites.uel.br\/prorh\/wp-json\/wp\/v2\/pages\/837","targetHints":{"allow":["GET"]}}],"collection":[{"href":"https:\/\/sites.uel.br\/prorh\/wp-json\/wp\/v2\/pages"}],"about":[{"href":"https:\/\/sites.uel.br\/prorh\/wp-json\/wp\/v2\/types\/page"}],"author":[{"embeddable":true,"href":"https:\/\/sites.uel.br\/prorh\/wp-json\/wp\/v2\/users\/9"}],"replies":[{"embeddable":true,"href":"https:\/\/sites.uel.br\/prorh\/wp-json\/wp\/v2\/comments?post=837"}],"version-history":[{"count":83,"href":"https:\/\/sites.uel.br\/prorh\/wp-json\/wp\/v2\/pages\/837\/revisions"}],"predecessor-version":[{"id":2649,"href":"https:\/\/sites.uel.br\/prorh\/wp-json\/wp\/v2\/pages\/837\/revisions\/2649"}],"wp:attachment":[{"href":"https:\/\/sites.uel.br\/prorh\/wp-json\/wp\/v2\/media?parent=837"}],"curies":[{"name":"wp","href":"https:\/\/api.w.org\/{rel}","templated":true}]}}