{"id":699,"date":"2023-05-22T16:44:17","date_gmt":"2023-05-22T19:44:17","guid":{"rendered":"https:\/\/sites.uel.br\/prorh\/?page_id=699"},"modified":"2024-01-22T19:53:14","modified_gmt":"2024-01-22T22:53:14","slug":"carreira-docente-pss","status":"publish","type":"page","link":"https:\/\/sites.uel.br\/prorh\/carreira-docente-pss\/","title":{"rendered":"Carreira Docente &#8211; PSS"},"content":{"rendered":"\n<div style=\"height:20px\" aria-hidden=\"true\" class=\"wp-block-spacer\"><\/div>\n\n\n\n<h3 class=\"wp-block-heading\"><strong>Processo Seletivo Simplificado para a Contrata\u00e7\u00e3o de Professor Colaborador do Ensino Superior<\/strong><\/h3>\n\n\n\n<p>As Contrata\u00e7\u00f5es ser\u00e3o pelo Regime Especial &#8211; CRES, conforme&nbsp;as Leis:<\/p>\n\n\n\n<div class=\"wp-block-file\"><a id=\"wp-block-file--media-453afc20-1bef-45b7-9c44-3a3124962d77\" href=\"https:\/\/sites.uel.br\/prorh\/wp-content\/uploads\/2023\/05\/EX_2005-05-24.pdf\" target=\"_blank\" rel=\"noreferrer noopener\">Lei Complementar Estadual n\u00ba 108, de 18 de Maio de 2005<\/a><\/div>\n\n\n\n<div class=\"wp-block-file\"><a id=\"wp-block-file--media-c1656114-d205-42b8-bfa4-dd86816ef1e7\" href=\"https:\/\/sites.uel.br\/prorh\/wp-content\/uploads\/2023\/05\/EX_2007-08-29.pdf\" target=\"_blank\" rel=\"noreferrer noopener\">Lei Complementar Estadual n\u00ba 121, de 29 de Agosto de 2007<\/a><\/div>\n\n\n\n<div class=\"wp-block-file\"><a id=\"wp-block-file--media-7f7314f8-b705-4e6a-abc6-a9002ea6dfc5\" href=\"https:\/\/sites.uel.br\/prorh\/wp-content\/uploads\/2023\/11\/Lista_documentos_novo.docx\" target=\"_blank\" rel=\"noreferrer noopener\">Documentos a serem apresentados para a contrata\u00e7\u00e3o\/nomea\u00e7\u00e3o de Docentes<\/a><\/div>\n\n\n\n<div style=\"height:20px\" aria-hidden=\"true\" class=\"wp-block-spacer\"><\/div>\n\n\n\n<h3 class=\"wp-block-heading\">Editais dos Processos Seletivos Simplificados<\/h3>\n\n\n\n<div id=\"wp-block-themeisle-blocks-accordion-7e7b1e17\" class=\"wp-block-themeisle-blocks-accordion exclusive\">\n<details class=\"wp-block-themeisle-blocks-accordion-item\"><summary class=\"wp-block-themeisle-blocks-accordion-item__title\"><div><strong>2024<\/strong><\/div><\/summary><div class=\"wp-block-themeisle-blocks-accordion-item__content\">\n<figure class=\"wp-block-table\"><table><tbody><tr><td colspan=\"3\"><strong>INFORMA\u00c7\u00d5ES E CRONOGRAMA DO PRORH<\/strong> &#8211; Processo Seletivo Simplificado n\u00ba 007\/2024<\/td><\/tr><tr><td><strong>ATIVIDADES<\/strong><br><a href=\"http:\/\/www.uel.br\/prorh\/index.php?content=selecao\/pss\/2023\/024\/index.php#\"><\/a><\/td><td><strong>DATA\/PER\u00cdODO DE<br>PUBLICA\u00c7\u00c3O NESTE SITE<\/strong><\/td><\/tr><tr><td><a href=\"https:\/\/www.cops.uel.br\/v2\/Selecao\/DetalharSelecao\/Selecao\/337\" target=\"_blank\" rel=\"noreferrer noopener\">Processo Seletivo Simplificado n\u00ba 007\/2024<\/a><\/td><td>22\/01\/2024&nbsp;&#8211;&nbsp;17h00<\/td><\/tr><\/tbody><\/table><\/figure>\n<\/div><\/details>\n\n\n\n<details class=\"wp-block-themeisle-blocks-accordion-item\"><summary class=\"wp-block-themeisle-blocks-accordion-item__title\"><div><strong>2023<\/strong><\/div><\/summary><div class=\"wp-block-themeisle-blocks-accordion-item__content\">\n<figure class=\"wp-block-table\"><table><tbody><tr><td colspan=\"3\"><strong>INFORMA\u00c7\u00d5ES E CRONOGRAMA DO PRORH<\/strong> &#8211; Processo Seletivo Simplificado n\u00ba 081\/2023<\/td><\/tr><tr><td><strong>ATIVIDADES<\/strong><br><a href=\"http:\/\/www.uel.br\/prorh\/index.php?content=selecao\/pss\/2023\/024\/index.php#\"><\/a><\/td><td><strong>DATA\/PER\u00cdODO DE<br>PUBLICA\u00c7\u00c3O NESTE SITE<\/strong><\/td><\/tr><tr><td><a href=\"https:\/\/www.uel.br\/arquivo-prorh\/index.php?content=selecao\/pss\/2023\/081\/index.php\" target=\"_blank\" rel=\"noreferrer noopener\">Processo Seletivo Simplificado n\u00ba 81\/2023<\/a><\/td><td>15\/06\/2023&nbsp;&#8211;&nbsp;17h00<\/td><\/tr><\/tbody><\/table><\/figure>\n\n\n\n<figure class=\"wp-block-table\"><table><tbody><tr><td colspan=\"3\"><strong>INFORMA\u00c7\u00d5ES E CRONOGRAMA DO PRORH<\/strong> &#8211; Processo Seletivo Simplificado n\u00ba 024\/2023<\/td><\/tr><tr><td><strong>ATIVIDADES<\/strong><br><a href=\"http:\/\/www.uel.br\/prorh\/index.php?content=selecao\/pss\/2023\/024\/index.php#\"><\/a><\/td><td><strong>DATA\/PER\u00cdODO DE<br>PUBLICA\u00c7\u00c3O NESTE SITE<\/strong><\/td><\/tr><tr><td><a href=\"https:\/\/www.uel.br\/arquivo-prorh\/index.php?content=selecao\/pss\/2023\/024\/index.php\" target=\"_blank\" rel=\"noreferrer noopener\">Processo Seletivo Simplificado n\u00ba 24\/2023<\/a><\/td><td>10\/02\/2023&nbsp;&#8211;&nbsp;17h00<\/td><\/tr><\/tbody><\/table><\/figure>\n<\/div><\/details>\n\n\n\n<details class=\"wp-block-themeisle-blocks-accordion-item\"><summary class=\"wp-block-themeisle-blocks-accordion-item__title\"><div><strong>2022<\/strong><\/div><\/summary><div class=\"wp-block-themeisle-blocks-accordion-item__content\">\n<div id=\"wp-block-themeisle-blocks-accordion-884be19d\" class=\"wp-block-themeisle-blocks-accordion exclusive\">\n<details class=\"wp-block-themeisle-blocks-accordion-item\"><summary class=\"wp-block-themeisle-blocks-accordion-item__title\"><div><strong>Edital n\u00ba 105\/2022-PRORH\/PSS<\/strong><\/div><\/summary><div class=\"wp-block-themeisle-blocks-accordion-item__content\">\n<figure class=\"wp-block-table\"><table><tbody><tr><td colspan=\"3\"><strong>INFORMA\u00c7\u00d5ES E CRONOGRAMA DO PRORH <\/strong>&#8211; Processo Seletivo Simplificado n\u00ba 105\/2022<\/td><\/tr><tr><td><strong>ATIVIDADES<\/strong><br><a href=\"http:\/\/www.uel.br\/prorh\/index.php?content=selecao\/pss\/2022\/105\/index.php#\"><\/a><\/td><td><strong>DATA\/PER\u00cdODO DE<br>PUBLICA\u00c7\u00c3O NESTE SITE<\/strong><\/td><\/tr><tr><td><a href=\"https:\/\/www.uel.br\/arquivo-prorh\/index.php?content=selecao\/pss\/2022\/105\/index.php\" target=\"_blank\" rel=\"noreferrer noopener\">Edital do Processo Seletivo Simplificado PRORH n\u00ba 105\/2022<\/a><\/td><td>02\/09\/2022&nbsp;&#8211;&nbsp;17h00<\/td><\/tr><\/tbody><\/table><figcaption class=\"wp-element-caption\">\u00daltima atualiza\u00e7\u00e3o: 22\/05\/2023<\/figcaption><\/figure>\n<\/div><\/details>\n\n\n\n<details class=\"wp-block-themeisle-blocks-accordion-item\"><summary class=\"wp-block-themeisle-blocks-accordion-item__title\"><div><strong>Edital n\u00ba 056\/2022-PRORH\/PSS<\/strong><\/div><\/summary><div class=\"wp-block-themeisle-blocks-accordion-item__content\">\n<figure class=\"wp-block-table\"><table><tbody><tr><td colspan=\"3\"><strong>INFORMA\u00c7\u00d5ES E CRONOGRAMA DO PRORH<\/strong> &#8211; Processo Seletivo Simplificado n\u00ba 56\/2022<\/td><\/tr><tr><td><strong>ATIVIDADES<\/strong><br><a href=\"http:\/\/www.uel.br\/prorh\/index.php?content=selecao\/pss\/2022\/056\/index.php#\"><\/a><\/td><td><strong>DATA\/PER\u00cdODO DE<br>PUBLICA\u00c7\u00c3O NESTE SITE<\/strong><\/td><\/tr><tr><td><a href=\"https:\/\/www.uel.br\/arquivo-prorh\/index.php?content=selecao\/pss\/2022\/056\/index.php\" target=\"_blank\" rel=\"noreferrer noopener\">Edital do Processo Seletivo Simplificado PRORH n\u00ba 056\/2022<\/a><\/td><td>08\/06\/2022&nbsp;&#8211;&nbsp;08h00<\/td><\/tr><\/tbody><\/table><figcaption class=\"wp-element-caption\">\u00daltima atualiza\u00e7\u00e3o: 22\/05\/2023<\/figcaption><\/figure>\n<\/div><\/details>\n\n\n\n<details class=\"wp-block-themeisle-blocks-accordion-item\"><summary class=\"wp-block-themeisle-blocks-accordion-item__title\"><div><strong>Edital n\u00ba 038\/2022-PRORH\/PSS<\/strong><\/div><\/summary><div class=\"wp-block-themeisle-blocks-accordion-item__content\">\n<figure class=\"wp-block-table\"><table><tbody><tr><td colspan=\"3\"><strong>INFORMA\u00c7\u00d5ES E CRONOGRAMA DO PRORH<\/strong> &#8211; Processo Seletivo Simplificado n\u00ba 38\/2022<\/td><\/tr><tr><td><strong>ATIVIDADES<\/strong><br><a href=\"http:\/\/www.uel.br\/prorh\/index.php?content=selecao\/pss\/2022\/038\/index.php#\"><\/a><\/td><td><strong>DATA\/PER\u00cdODO DE<br>PUBLICA\u00c7\u00c3O NESTE SITE<\/strong><\/td><\/tr><tr><td><a href=\"https:\/\/www.uel.br\/arquivo-prorh\/index.php?content=selecao\/pss\/2022\/038\/index.php\" target=\"_blank\" rel=\"noreferrer noopener\">Edital do Processo Seletivo Simplificado PRORH n\u00ba 038\/2022<\/a><\/td><td>26\/04\/2022&nbsp;&#8211;&nbsp;08h00<\/td><\/tr><\/tbody><\/table><figcaption class=\"wp-element-caption\">\u00daltima atualiza\u00e7\u00e3o: 22\/05\/2023<\/figcaption><\/figure>\n<\/div><\/details>\n<\/div>\n<\/div><\/details>\n\n\n\n<details class=\"wp-block-themeisle-blocks-accordion-item\"><summary class=\"wp-block-themeisle-blocks-accordion-item__title\"><div><strong>2021<\/strong><\/div><\/summary><div class=\"wp-block-themeisle-blocks-accordion-item__content\">\n<p><a href=\"https:\/\/www.uel.br\/arquivo-prorh\/index.php?content=selecao\/pss\/2021\/081\/index.php\" target=\"_blank\" rel=\"noreferrer noopener\">Edital n\u00ba 081\/2021-PRORH\/PSS<\/a><\/p>\n\n\n\n<p><a href=\"https:\/\/www.uel.br\/arquivo-prorh\/index.php?content=selecao\/pss\/2021\/027\/index.php\" target=\"_blank\" rel=\"noreferrer noopener\">Edital n\u00ba 027\/2021-PRORH\/PSS<\/a><\/p>\n<\/div><\/details>\n<\/div>\n","protected":false},"excerpt":{"rendered":"<p>Processo Seletivo Simplificado para a Contrata\u00e7\u00e3o de Professor Colaborador do Ensino Superior As Contrata\u00e7\u00f5es ser\u00e3o pelo Regime Especial &#8211; CRES, conforme&nbsp;as Leis: Editais dos Processos Seletivos Simplificados<\/p>\n","protected":false},"author":10,"featured_media":0,"parent":0,"menu_order":0,"comment_status":"closed","ping_status":"closed","template":"","meta":{"_acf_changed":false,"_themeisle_gutenberg_block_has_review":false,"footnotes":""},"class_list":["post-699","page","type-page","status-publish","hentry"],"acf":[],"_links":{"self":[{"href":"https:\/\/sites.uel.br\/prorh\/wp-json\/wp\/v2\/pages\/699","targetHints":{"allow":["GET"]}}],"collection":[{"href":"https:\/\/sites.uel.br\/prorh\/wp-json\/wp\/v2\/pages"}],"about":[{"href":"https:\/\/sites.uel.br\/prorh\/wp-json\/wp\/v2\/types\/page"}],"author":[{"embeddable":true,"href":"https:\/\/sites.uel.br\/prorh\/wp-json\/wp\/v2\/users\/10"}],"replies":[{"embeddable":true,"href":"https:\/\/sites.uel.br\/prorh\/wp-json\/wp\/v2\/comments?post=699"}],"version-history":[{"count":13,"href":"https:\/\/sites.uel.br\/prorh\/wp-json\/wp\/v2\/pages\/699\/revisions"}],"predecessor-version":[{"id":1429,"href":"https:\/\/sites.uel.br\/prorh\/wp-json\/wp\/v2\/pages\/699\/revisions\/1429"}],"wp:attachment":[{"href":"https:\/\/sites.uel.br\/prorh\/wp-json\/wp\/v2\/media?parent=699"}],"curies":[{"name":"wp","href":"https:\/\/api.w.org\/{rel}","templated":true}]}}