{"id":65,"date":"2022-12-16T11:11:25","date_gmt":"2022-12-16T14:11:25","guid":{"rendered":"https:\/\/sites.uel.br\/prorh\/?page_id=65"},"modified":"2025-01-09T08:51:53","modified_gmt":"2025-01-09T11:51:53","slug":"processos-de-selecao","status":"publish","type":"page","link":"https:\/\/sites.uel.br\/prorh\/processos-de-selecao\/","title":{"rendered":"Trabalhe na UEL"},"content":{"rendered":"\n<div style=\"height:20px\" aria-hidden=\"true\" class=\"wp-block-spacer\"><\/div>\n\n\n\n<h3 class=\"wp-block-heading\">PSS &#8211; Processo Seletivo Simplificado (Contrata\u00e7\u00e3o Tempor\u00e1ria de Professores)<\/h3>\n\n\n\n<div id=\"wp-block-themeisle-blocks-accordion-a596e716\" class=\"wp-block-themeisle-blocks-accordion exclusive  is-style-default\">\n<details class=\"wp-block-themeisle-blocks-accordion-item\"><summary class=\"wp-block-themeisle-blocks-accordion-item__title\"><div><strong>Legisla\u00e7\u00e3o<\/strong><\/div><\/summary><div class=\"wp-block-themeisle-blocks-accordion-item__content\">\n<p><a href=\"https:\/\/sites.uel.br\/prorh\/wp-content\/uploads\/2023\/05\/Resolucao_025_2023.pdf\">Resolu\u00e7\u00e3o CEPE n\u00ba 025\/2023<\/a><br><a href=\"https:\/\/sites.uel.br\/prorh\/wp-content\/uploads\/2023\/05\/Resolucao-CEPE-n-137-2013-ALTERADA-2-resolucoes.pdf\">Resolu\u00e7\u00e3o CEPE n\u00ba 137\/2013<\/a><br><a href=\"https:\/\/sites.uel.br\/prorh\/wp-content\/uploads\/2023\/05\/Lei_Complementar_179_21_10_14_altera_lei_108_2005_CRES.pdf\">Lei Complementar Estadual n\u00ba 178, de 21 de Outubro de 2014 em altera\u00e7\u00e3o a Lei n\u00ba 108\/2005<\/a><br><a rel=\"noreferrer noopener\" href=\"https:\/\/www.legislacao.pr.gov.br\/legislacao\/pesquisarAto.do?action=exibir&amp;codAto=7352&amp;codItemAto=62239\" target=\"_blank\">Lei Complementar Estadual n\u00ba 108, de 18 de Maio de 2005<\/a><\/p>\n<\/div><\/details>\n\n\n\n<details class=\"wp-block-themeisle-blocks-accordion-item\"><summary class=\"wp-block-themeisle-blocks-accordion-item__title\"><div><strong>Cronograma<\/strong><\/div><\/summary><div class=\"wp-block-themeisle-blocks-accordion-item__content\">\n<p><a href=\"https:\/\/sites.uel.br\/prorh\/wp-content\/uploads\/2025\/01\/Cronograma-Processo-Seletivo-Simplificado-2025.pdf\" target=\"_blank\" rel=\"noreferrer noopener\">Cronograma Processo Seletivo Simplificado (PSS) &#8211; 1\u00ba Semestre\/2025<\/a><\/p>\n<\/div><\/details>\n\n\n\n<details class=\"wp-block-themeisle-blocks-accordion-item\"><summary class=\"wp-block-themeisle-blocks-accordion-item__title\"><div><strong>Formul\u00e1rios<\/strong><\/div><\/summary><div class=\"wp-block-themeisle-blocks-accordion-item__content\">\n<p><a href=\"https:\/\/sites.uel.br\/prorh\/wp-content\/uploads\/2023\/05\/Modelo-de-Proposta-de-Abertura.doc\">Modelo de Proposta de Abertura<\/a><\/p>\n\n\n\n<p><a href=\"https:\/\/sites.uel.br\/prorh\/wp-content\/uploads\/2023\/05\/Modelo_Didatica.doc\">Formul\u00e1rio Lista de Pontos para a Prova Did\u00e1tica<\/a><\/p>\n\n\n\n<p><a href=\"https:\/\/sites.uel.br\/prorh\/wp-content\/uploads\/2023\/05\/Modelo_Pratica.doc\">Formul\u00e1rio Lista de Pontos para a Prova Pr\u00e1tica<\/a><\/p>\n\n\n\n<p><a href=\"https:\/\/sites.uel.br\/prorh\/wp-content\/uploads\/2023\/05\/Relacao_Inscritos_Calendarios.doc\">Rela\u00e7\u00e3o de Inscritos e Calend\u00e1rios de Provas<\/a><\/p>\n\n\n\n<p><a href=\"https:\/\/sites.uel.br\/prorh\/wp-content\/uploads\/2023\/05\/Form_Banca_Termo_Compromisso.doc\">Formul\u00e1rio Banca Examinadora e Termo de Compromisso e Declara\u00e7\u00e3o de Aus\u00eancia de Conflitos de Interesse<\/a><\/p>\n\n\n\n<p><a href=\"https:\/\/sites.uel.br\/prorh\/wp-content\/uploads\/2023\/05\/Form_Pontos_Didatica.doc\">Modelo de Avalia\u00e7\u00e3o da Prova Did\u00e1tica e Argui\u00e7\u00e3o<\/a><\/p>\n\n\n\n<p><a href=\"https:\/\/sites.uel.br\/prorh\/wp-content\/uploads\/2023\/05\/Form_Pontos_Pratica.doc\">Modelo de Avalia\u00e7\u00e3o da Prova Pr\u00e1tica<\/a><\/p>\n\n\n\n<p><a href=\"https:\/\/sites.uel.br\/prorh\/wp-content\/uploads\/2023\/05\/Gabarito_Prova_Titulos.doc\">Gabarito de Pontua\u00e7\u00e3o do Curriculum Vitae (Prova de T\u00edtulos)<\/a><\/p>\n\n\n\n<p><a href=\"https:\/\/sites.uel.br\/prorh\/wp-content\/uploads\/2023\/05\/Modelo_Resultado.docx\">Modelo de Resultado<\/a><\/p>\n\n\n\n<p><a href=\"https:\/\/sites.uel.br\/prorh\/wp-content\/uploads\/2023\/05\/Modelo_Desistencia.doc\">Modelo de Carta de Desist\u00eancia<\/a><\/p>\n\n\n\n<p><a href=\"https:\/\/sites.uel.br\/prorh\/wp-content\/uploads\/2023\/05\/Modelo_Reclassificacao.doc\">Modelo de Carta de Reclassifica\u00e7\u00e3o<\/a><\/p>\n\n\n\n<p><a href=\"https:\/\/sites.uel.br\/prorh\/wp-content\/uploads\/2023\/05\/pedido_contratacao.doc\">Pedido de Contrata\u00e7\u00e3o de Professor Tempor\u00e1rio<\/a><\/p>\n\n\n\n<p><a href=\"https:\/\/sites.uel.br\/prorh\/wp-content\/uploads\/2023\/05\/Pedido_substitui.doc\">Anexo do Pedido de Substitui\u00e7\u00e3o de Docente<\/a><\/p>\n\n\n\n<p><a href=\"https:\/\/sites.uel.br\/prorh\/wp-content\/uploads\/2023\/05\/FICHA_DE_INFORMACAO_MEDICA_E_DADOS_CADASTRAIS.pdf\">Ficha de Informa\u00e7\u00e3o M\u00e9dica e Dados Cadastrais<\/a><\/p>\n<\/div><\/details>\n<\/div>\n\n\n\n<div class=\"wp-block-columns is-layout-flex wp-container-core-columns-is-layout-9d6595d7 wp-block-columns-is-layout-flex\">\n<div class=\"wp-block-column is-layout-flow wp-block-column-is-layout-flow\">\n<div class=\"wp-block-buttons is-layout-flex wp-block-buttons-is-layout-flex\">\n<div class=\"wp-block-button has-custom-width wp-block-button__width-100 has-custom-font-size has-small-font-size\"><a class=\"wp-block-button__link has-cinza-claro-color has-verde-escuro-background-color has-text-color has-background wp-element-button\" href=\"https:\/\/sites.uel.br\/prorh\/processo-seletivo-simplificado\/\"><strong>Carreira Docente &#8211; PSS<\/strong><\/a><\/div>\n<\/div>\n<\/div>\n\n\n\n<div class=\"wp-block-column is-layout-flow wp-block-column-is-layout-flow\">\n<div class=\"wp-block-buttons is-layout-flex wp-block-buttons-is-layout-flex\">\n<div class=\"wp-block-button has-custom-width wp-block-button__width-100 has-custom-font-size has-small-font-size\"><a class=\"wp-block-button__link has-cinza-claro-color has-verde-escuro-background-color has-text-color has-background wp-element-button\" href=\"https:\/\/sites.uel.br\/prorh\/processo-seletivo-simplificado\/\" target=\"_blank\" rel=\"noreferrer noopener\"><strong>Carreira T\u00e9cnica-Administrativa &#8211; PSS<\/strong><\/a><\/div>\n<\/div>\n<\/div>\n<\/div>\n\n\n\n<div style=\"height:20px\" aria-hidden=\"true\" class=\"wp-block-spacer\"><\/div>\n\n\n\n<h3 class=\"wp-block-heading\">Concurso P\u00fablico<\/h3>\n\n\n\n<div id=\"wp-block-themeisle-blocks-accordion-2c437c56\" class=\"wp-block-themeisle-blocks-accordion exclusive  is-style-default\">\n<details class=\"wp-block-themeisle-blocks-accordion-item\"><summary class=\"wp-block-themeisle-blocks-accordion-item__title\"><div><strong>Legisla\u00e7\u00e3o<\/strong><\/div><\/summary><div class=\"wp-block-themeisle-blocks-accordion-item__content\">\n<p><a href=\"https:\/\/sites.uel.br\/prorh\/wp-content\/uploads\/2023\/05\/2012_165-1.pdf\">Resolu\u00e7\u00e3o CEPE n\u00ba 165\/2012 &#8211; Regulamenta\u00e7\u00e3o do Concurso P\u00fablico para Professor do Ensino Superior<\/a><\/p>\n<\/div><\/details>\n\n\n\n<details class=\"wp-block-themeisle-blocks-accordion-item\"><summary class=\"wp-block-themeisle-blocks-accordion-item__title\"><div><strong>Formul\u00e1rios<\/strong><\/div><\/summary><div class=\"wp-block-themeisle-blocks-accordion-item__content\">\n<p><a href=\"https:\/\/sites.uel.br\/prorh\/wp-content\/uploads\/2023\/05\/prop_vagas.doc\">Proposta de Vagas (abertura Concurso P\u00fablico-Docente)<\/a><\/p>\n\n\n\n<p><a href=\"https:\/\/sites.uel.br\/prorh\/wp-content\/uploads\/2023\/05\/lista_pontos_docente1.doc\">Lista de Pontos &#8211; Docente<\/a><\/p>\n\n\n\n<p><a href=\"https:\/\/sites.uel.br\/prorh\/wp-content\/uploads\/2023\/05\/banca_docente_concurso.doc\">Banca &#8211; Docente<\/a><\/p>\n\n\n\n<p><a href=\"https:\/\/sites.uel.br\/prorh\/wp-content\/uploads\/2023\/05\/pedido_contrata_efet.doc\">Pedido de Contrata\u00e7\u00e3o de Professor Efetivo<\/a><\/p>\n\n\n\n<p><a href=\"https:\/\/sites.uel.br\/prorh\/wp-content\/uploads\/2023\/05\/termo_ausencia_conflitos_concurso.doc\">Termo de Compromisso e Declara\u00e7\u00e3o de Aus\u00eancia de Conflitos de Interesse<\/a><\/p>\n<\/div><\/details>\n<\/div>\n\n\n\n<div class=\"wp-block-columns is-layout-flex wp-container-core-columns-is-layout-9d6595d7 wp-block-columns-is-layout-flex\">\n<div class=\"wp-block-column is-layout-flow wp-block-column-is-layout-flow\">\n<div class=\"wp-block-buttons is-layout-flex wp-block-buttons-is-layout-flex\">\n<div class=\"wp-block-button has-custom-width wp-block-button__width-100 has-custom-font-size is-style-outline has-small-font-size is-style-outline--1\"><a class=\"wp-block-button__link has-cinza-claro-color has-verde-escuro-background-color has-text-color has-background wp-element-button\" href=\"https:\/\/sites.uel.br\/prorh\/carreira-docente-2\/\"><strong>Carreira Docente \u2013 Concurso P\u00fablico<\/strong><\/a><\/div>\n<\/div>\n<\/div>\n\n\n\n<div class=\"wp-block-column is-layout-flow wp-block-column-is-layout-flow\">\n<div class=\"wp-block-buttons is-layout-flex wp-block-buttons-is-layout-flex\">\n<div class=\"wp-block-button has-custom-width wp-block-button__width-100 has-custom-font-size is-style-fill has-small-font-size\"><a class=\"wp-block-button__link has-cinza-claro-color has-verde-escuro-background-color has-text-color has-background wp-element-button\" href=\"https:\/\/sites.uel.br\/prorh\/carreira-tecnica-administrativa-concurso-publico\/\"><strong>Carreira T\u00e9cnica-Administrativa \u2013  Concurso P\u00fablico<\/strong><\/a><\/div>\n<\/div>\n<\/div>\n<\/div>\n","protected":false},"excerpt":{"rendered":"<p>PSS &#8211; Processo Seletivo Simplificado (Contrata\u00e7\u00e3o Tempor\u00e1ria de Professores) Concurso P\u00fablico<\/p>\n","protected":false},"author":2,"featured_media":0,"parent":0,"menu_order":0,"comment_status":"closed","ping_status":"closed","template":"","meta":{"_acf_changed":false,"_themeisle_gutenberg_block_has_review":false,"footnotes":""},"class_list":["post-65","page","type-page","status-publish","hentry"],"acf":[],"_links":{"self":[{"href":"https:\/\/sites.uel.br\/prorh\/wp-json\/wp\/v2\/pages\/65","targetHints":{"allow":["GET"]}}],"collection":[{"href":"https:\/\/sites.uel.br\/prorh\/wp-json\/wp\/v2\/pages"}],"about":[{"href":"https:\/\/sites.uel.br\/prorh\/wp-json\/wp\/v2\/types\/page"}],"author":[{"embeddable":true,"href":"https:\/\/sites.uel.br\/prorh\/wp-json\/wp\/v2\/users\/2"}],"replies":[{"embeddable":true,"href":"https:\/\/sites.uel.br\/prorh\/wp-json\/wp\/v2\/comments?post=65"}],"version-history":[{"count":41,"href":"https:\/\/sites.uel.br\/prorh\/wp-json\/wp\/v2\/pages\/65\/revisions"}],"predecessor-version":[{"id":2296,"href":"https:\/\/sites.uel.br\/prorh\/wp-json\/wp\/v2\/pages\/65\/revisions\/2296"}],"wp:attachment":[{"href":"https:\/\/sites.uel.br\/prorh\/wp-json\/wp\/v2\/media?parent=65"}],"curies":[{"name":"wp","href":"https:\/\/api.w.org\/{rel}","templated":true}]}}