{"id":546,"date":"2023-05-22T10:19:30","date_gmt":"2023-05-22T13:19:30","guid":{"rendered":"https:\/\/sites.uel.br\/prorh\/?page_id=546"},"modified":"2023-05-22T10:19:30","modified_gmt":"2023-05-22T13:19:30","slug":"edital-no-153-2015-prorh-3a-etapa-do-edital-079-2015","status":"publish","type":"page","link":"https:\/\/sites.uel.br\/prorh\/edital-no-153-2015-prorh-3a-etapa-do-edital-079-2015\/","title":{"rendered":"Edital n\u00ba 153\/2015 PRORH \u2013 3\u00aa Etapa do Edital 079\/2015"},"content":{"rendered":"\n<figure class=\"wp-block-table\"><table><tbody><tr><td colspan=\"3\"><strong>INFORMA\u00c7\u00d5ES E CRONOGRAMA DO CONCURSO P\u00daBLICO<\/strong><\/td><\/tr><tr><td><strong>ATIVIDADES<\/strong><br><a href=\"http:\/\/www.uel.br\/prorh\/index.php?content=selecao\/concdoc\/079_2015\/index_153.php#\"><\/a><\/td><td><strong>DATA\/PER\u00cdODO DE<br>PUBLICA\u00c7\u00c3O NESTE SITE<\/strong><\/td><\/tr><tr><td><a rel=\"noreferrer noopener\" href=\"https:\/\/sites.uel.br\/prorh\/wp-content\/uploads\/2023\/05\/075_2020_suspende-2.pdf\" target=\"_blank\">Suspens\u00e3o do Prazo de Validade do Concurso P\u00fablico aberto pelo Edital n\u00ba 79\/2015 PRORH<\/a><\/td><td>21\/10\/2020<\/td><\/tr><tr><td><a rel=\"noreferrer noopener\" href=\"https:\/\/sites.uel.br\/prorh\/wp-content\/uploads\/2023\/05\/047_2017_convoca.pdf\" target=\"_blank\">Edital de Convoca\u00e7\u00e3o n\u00ba 47\/2017<\/a><\/td><td>17\/07\/2017<\/td><\/tr><tr><td><a rel=\"noreferrer noopener\" href=\"https:\/\/sites.uel.br\/prorh\/wp-content\/uploads\/2023\/05\/196_2015_result.pdf\" target=\"_blank\">Edital n\u00ba 196\/2015 PRORH &#8211; Resultado Final<\/a><\/td><td>18\/12\/2015<\/td><\/tr><tr><td>Candidatos Reprovados<\/td><td>18\/12\/2015<\/td><\/tr><tr><td><strong>Resultado da Prova Escrita, Conte\u00fados m\u00ednimos adotados como crit\u00e9rio para avalia\u00e7\u00e3o e Calend\u00e1rio de Sorteio de Ponto para a Prova Did\u00e1tica<\/strong><br><a rel=\"noreferrer noopener\" href=\"https:\/\/sites.uel.br\/prorh\/wp-content\/uploads\/2023\/05\/153_2015_05030104_Resultados.pdf\" target=\"_blank\">&#8211; \u00c1rea\/Sub\u00e1rea: Medicina\/Cirurgia Vascular<\/a><br><a rel=\"noreferrer noopener\" href=\"https:\/\/sites.uel.br\/prorh\/wp-content\/uploads\/2023\/05\/153_2015_05030103_Resultados.pdf\" target=\"_blank\">&#8211; \u00c1rea\/Sub\u00e1rea: Medicina\/Cirurgia Pl\u00e1stica<\/a><br><a rel=\"noreferrer noopener\" href=\"https:\/\/sites.uel.br\/prorh\/wp-content\/uploads\/2023\/05\/153_2015_05100102_Resultados.pdf\" target=\"_blank\">&#8211; \u00c1rea\/Sub\u00e1rea: Pediatria\/Neonatologia<\/a><br><a href=\"https:\/\/sites.uel.br\/prorh\/wp-content\/uploads\/2023\/05\/153_2015_05100101_Resultados.pdf\" target=\"_blank\" rel=\"noreferrer noopener\">&#8211; \u00c1rea\/Sub\u00e1rea: Pediatria\/Enfermaria de Pediatria<\/a><br><a rel=\"noreferrer noopener\" href=\"https:\/\/sites.uel.br\/prorh\/wp-content\/uploads\/2023\/05\/153_2015_05100103_Resultados.pdf\" target=\"_blank\">&#8211; \u00c1rea\/Sub\u00e1rea: Pediatria\/Pediatria Geral<\/a><\/td><td>15\/12\/2015<\/td><\/tr><tr><td><a rel=\"noreferrer noopener\" href=\"https:\/\/sites.uel.br\/prorh\/wp-content\/uploads\/2023\/05\/182_2015_homologa.pdf\" target=\"_blank\">Edital n\u00ba 182\/2015 PRORH\/CE &#8211; Homologa\u00e7\u00e3o de Inscri\u00e7\u00f5es<\/a><\/td><td>01\/12\/2015<\/td><\/tr><tr><td><a rel=\"noreferrer noopener\" href=\"https:\/\/sites.uel.br\/prorh\/wp-content\/uploads\/2023\/05\/edital_161_2015-1.pdf\" target=\"_blank\">Edital n\u00ba 161\/2015 &#8211; Retifica a Lista de Pontos da \u00c1rea\/Sub\u00e1rea de Pediatria\/Enfermaria Pedi\u00e1trica<\/a><\/td><td>06\/11\/2015<\/td><\/tr><tr><td>Boleto banc\u00e1rio &#8211; 2\u00aa Via<\/td><td>30\/10\/2015\u00a0&#8211;\u00a000h01<br>\u00e0 17\/11\/2015\u00a0&#8211;\u00a023h59<\/td><\/tr><tr><td>Requerimento de inscri\u00e7\u00e3o<\/td><td>30\/10\/2015\u00a0&#8211;\u00a000h01<br>\u00e0 17\/11\/2015\u00a0&#8211;\u00a023h59<\/td><\/tr><tr><td>Requerimento de isen\u00e7\u00e3o da taxa de inscri\u00e7\u00e3o<\/td><td>03\/11<br>\u00e0 06\/11\/2015<\/td><\/tr><tr><td><a rel=\"noreferrer noopener\" href=\"https:\/\/sites.uel.br\/prorh\/wp-content\/uploads\/2023\/05\/153_2015_abert.pdf\" target=\"_blank\">Edital n\u00ba 153\/2015 PRORH &#8211; 3\u00aa Etapa<\/a><\/td><td>30\/10\/2015<\/td><\/tr><tr><td><a rel=\"noreferrer noopener\" href=\"https:\/\/sites.uel.br\/prorh\/wp-content\/uploads\/2023\/05\/079_2015_anexo_1g.pdf\" target=\"_blank\">Anexo I-G: Lista de Pontos para as Provas Escrita, Did\u00e1tica e Argui\u00e7\u00e3o<\/a><\/td><td>22\/07\/2015<\/td><\/tr><tr><td><a rel=\"noreferrer noopener\" href=\"https:\/\/sites.uel.br\/prorh\/wp-content\/uploads\/2023\/05\/079_2015_anexo_1f-2.pdf\" target=\"_blank\">Anexo I-F: Pontua\u00e7\u00e3o e Gabarito para Avalia\u00e7\u00e3o do <em>Curriculum Vitae<\/em><\/a><\/td><td>22\/07\/2015<\/td><\/tr><tr><td><a rel=\"noreferrer noopener\" href=\"https:\/\/sites.uel.br\/prorh\/wp-content\/uploads\/2023\/05\/079_2015_anexo_1e-2.pdf\" target=\"_blank\">Anexo I-E: Diretrizes para Apresenta\u00e7\u00e3o de Memorial\/Portf\u00f3lio<\/a><\/td><td>22\/07\/2015<\/td><\/tr><tr><td><a rel=\"noreferrer noopener\" href=\"https:\/\/sites.uel.br\/prorh\/wp-content\/uploads\/2023\/05\/079_2015_anexo_1d-2.pdf\" target=\"_blank\">Anexo I-D: Avalia\u00e7\u00e3o da Prova de Argui\u00e7\u00e3o<\/a><\/td><td>22\/07\/2015<\/td><\/tr><tr><td><a rel=\"noreferrer noopener\" href=\"https:\/\/sites.uel.br\/prorh\/wp-content\/uploads\/2023\/05\/079_2015_anexo_1c-2.pdf\" target=\"_blank\">Anexo I-C: Avalia\u00e7\u00e3o da Prova Did\u00e1tica<\/a><\/td><td>22\/07\/2015<\/td><\/tr><tr><td><a rel=\"noreferrer noopener\" href=\"https:\/\/sites.uel.br\/prorh\/wp-content\/uploads\/2023\/05\/079_2015_anexo_1b-2.pdf\" target=\"_blank\">Anexo I-B: Lista de Pontos e Avalia\u00e7\u00e3o da Prova Pr\u00e1tica<\/a><\/td><td>22\/07\/2015<\/td><\/tr><tr><td><a href=\"http:\/\/www.uel.br\/prorh\/selecao\/concdoc\/079_2015\/079_2015_anexo_1a.pdf\"><a rel=\"noreferrer noopener\" href=\"https:\/\/sites.uel.br\/prorh\/wp-content\/uploads\/2023\/05\/079_2015_anexo_1a-2.pdf\" target=\"_blank\">Anexo I-A: Avalia\u00e7\u00e3o da Prova Escrita<\/a><\/a><\/td><td>22\/07\/2015<\/td><\/tr><tr><td><a href=\"http:\/\/www.uel.br\/prorh\/selecao\/concdoc\/079_2015\/079_2015_anexo_1.pdf\"><a rel=\"noreferrer noopener\" href=\"https:\/\/sites.uel.br\/prorh\/wp-content\/uploads\/2023\/05\/079_2015_anexo_1-2.pdf\" target=\"_blank\">Anexo I: \u00c1reas e Requisitos<\/a><\/a><\/td><td>22\/07\/2015<\/td><\/tr><tr><td><a rel=\"noreferrer noopener\" href=\"https:\/\/sites.uel.br\/prorh\/wp-content\/uploads\/2023\/05\/079_2015_abert.pdf\" target=\"_blank\">Edital do Concurso P\u00fablico n\u00ba 79\/2015 PRORH<\/a><\/td><td>22\/07\/2015<\/td><\/tr><\/tbody><\/table><figcaption class=\"wp-element-caption\">\u00daltima atualiza\u00e7\u00e3o: 22\/05\/2023<\/figcaption><\/figure>\n","protected":false},"excerpt":{"rendered":"<p>INFORMA\u00c7\u00d5ES E CRONOGRAMA DO CONCURSO P\u00daBLICO ATIVIDADES DATA\/PER\u00cdODO DEPUBLICA\u00c7\u00c3O NESTE SITE Suspens\u00e3o do Prazo de Validade do Concurso P\u00fablico aberto pelo Edital n\u00ba 79\/2015 PRORH 21\/10\/2020 Edital de Convoca\u00e7\u00e3o n\u00ba 47\/2017 17\/07\/2017 Edital n\u00ba 196\/2015 PRORH &#8211; Resultado Final 18\/12\/2015 Candidatos Reprovados 18\/12\/2015 Resultado da Prova Escrita, Conte\u00fados m\u00ednimos adotados como crit\u00e9rio para avalia\u00e7\u00e3o e [&hellip;]<\/p>\n","protected":false},"author":10,"featured_media":0,"parent":0,"menu_order":0,"comment_status":"closed","ping_status":"closed","template":"","meta":{"_acf_changed":false,"_themeisle_gutenberg_block_has_review":false,"footnotes":""},"class_list":["post-546","page","type-page","status-publish","hentry"],"acf":[],"_links":{"self":[{"href":"https:\/\/sites.uel.br\/prorh\/wp-json\/wp\/v2\/pages\/546","targetHints":{"allow":["GET"]}}],"collection":[{"href":"https:\/\/sites.uel.br\/prorh\/wp-json\/wp\/v2\/pages"}],"about":[{"href":"https:\/\/sites.uel.br\/prorh\/wp-json\/wp\/v2\/types\/page"}],"author":[{"embeddable":true,"href":"https:\/\/sites.uel.br\/prorh\/wp-json\/wp\/v2\/users\/10"}],"replies":[{"embeddable":true,"href":"https:\/\/sites.uel.br\/prorh\/wp-json\/wp\/v2\/comments?post=546"}],"version-history":[{"count":2,"href":"https:\/\/sites.uel.br\/prorh\/wp-json\/wp\/v2\/pages\/546\/revisions"}],"predecessor-version":[{"id":568,"href":"https:\/\/sites.uel.br\/prorh\/wp-json\/wp\/v2\/pages\/546\/revisions\/568"}],"wp:attachment":[{"href":"https:\/\/sites.uel.br\/prorh\/wp-json\/wp\/v2\/media?parent=546"}],"curies":[{"name":"wp","href":"https:\/\/api.w.org\/{rel}","templated":true}]}}