{"id":509,"date":"2023-05-19T17:33:36","date_gmt":"2023-05-19T20:33:36","guid":{"rendered":"https:\/\/sites.uel.br\/prorh\/?page_id=509"},"modified":"2023-05-22T09:57:57","modified_gmt":"2023-05-22T12:57:57","slug":"edital-no-129-2015-prorh-2a-etapa-do-edital-no-79-2015","status":"publish","type":"page","link":"https:\/\/sites.uel.br\/prorh\/edital-no-129-2015-prorh-2a-etapa-do-edital-no-79-2015\/","title":{"rendered":"Edital n\u00ba 129\/2015 PRORH &#8211; 2\u00aa Etapa do Edital n\u00ba 79\/2015"},"content":{"rendered":"\n<figure class=\"wp-block-table\"><table><tbody><tr><td colspan=\"3\"><strong>INFORMA\u00c7\u00d5ES E CRONOGRAMA DO CONCURSO P\u00daBLICO<\/strong><\/td><\/tr><tr><td><strong>ATIVIDADES<\/strong><br><a href=\"http:\/\/www.uel.br\/prorh\/index.php?content=selecao\/concdoc\/079_2015\/index_129.php#\"><\/a><\/td><td><strong>DATA\/PER\u00cdODO DE<br>PUBLICA\u00c7\u00c3O NESTE SITE<\/strong><\/td><\/tr><tr><td><a rel=\"noreferrer noopener\" href=\"https:\/\/sites.uel.br\/prorh\/wp-content\/uploads\/2023\/05\/021_2023_convoca.pdf\" target=\"_blank\">Edital de Convoca\u00e7\u00e3o n\u00ba 21\/2023<\/a><\/td><td>02\/02\/2023<\/td><\/tr><tr><td><a rel=\"noreferrer noopener\" href=\"http:\/\/www.uel.br\/prorh\/selecao\/concdoc\/079_2015\/089_2021_convoca.pdf\" target=\"_blank\"><\/a><a rel=\"noreferrer noopener\" href=\"https:\/\/sites.uel.br\/prorh\/wp-content\/uploads\/2023\/05\/089_2021_convoca.pdf\" target=\"_blank\">Edital de Convoca\u00e7\u00e3o n\u00ba 89\/2021<\/a><\/td><td>24\/09\/2021<\/td><\/tr><tr><td><a rel=\"noreferrer noopener\" href=\"https:\/\/sites.uel.br\/prorh\/wp-content\/uploads\/2023\/05\/075_2020_suspende-1.pdf\" target=\"_blank\">Suspens\u00e3o do Prazo de Validade do Concurso P\u00fablico aberto pelo Edital n\u00ba 75\/2015 PRORH<\/a><\/td><td>21\/10\/2020<\/td><\/tr><tr><td><a rel=\"noreferrer noopener\" href=\"https:\/\/sites.uel.br\/prorh\/wp-content\/uploads\/2023\/05\/046_2017_convoca.pdf\" target=\"_blank\">Edital de Convoca\u00e7\u00e3o n\u00ba 46\/2017<\/a><\/td><td>17\/07\/2017<\/td><\/tr><tr><td><a rel=\"noreferrer noopener\" href=\"https:\/\/sites.uel.br\/prorh\/wp-content\/uploads\/2023\/05\/186_2015_result.pdf\" target=\"_blank\">Edital n\u00ba 186\/2015 (Resultado Final)<\/a><\/td><td>08\/12\/2015\u00a0&#8211;\u00a017h00<\/td><\/tr><tr><td>Candidatos Reprovados<\/td><td>08\/12\/2015\u00a0&#8211;\u00a017h00<\/td><\/tr><tr><td><strong>Resultado da Prova Escrita, Conte\u00fados m\u00ednimos adotados como crit\u00e9rio para avalia\u00e7\u00e3o e Calend\u00e1rio de Sorteio de Ponto para a Prova Did\u00e1tica<\/strong><br>&#8211; <a rel=\"noreferrer noopener\" href=\"https:\/\/sites.uel.br\/prorh\/wp-content\/uploads\/2023\/05\/129_2015_05030102_Resultados.pdf\" target=\"_blank\">\u00c1rea\/Sub\u00e1rea: Medicina\/Cirurgia do Aparelho Digestivo<\/a><br>&#8211; <a rel=\"noreferrer noopener\" href=\"https:\/\/sites.uel.br\/prorh\/wp-content\/uploads\/2023\/05\/129_2015_04060201_Resultados.pdf\" target=\"_blank\">\u00c1rea\/Sub\u00e1rea: Secretariado Executivo\/Secretariado Executivo<\/a><br>&#8211; <a rel=\"noreferrer noopener\" href=\"https:\/\/sites.uel.br\/prorh\/wp-content\/uploads\/2023\/05\/129_2015_08040301_Resultados.pdf\" target=\"_blank\">\u00c1rea\/Sub\u00e1rea: Engenharia Civil\/Constru\u00e7\u00e3o Civil\/Processos Construtivos<\/a><\/td><td>24\/11\/2015<\/td><\/tr><tr><td><a rel=\"noreferrer noopener\" href=\"https:\/\/sites.uel.br\/prorh\/wp-content\/uploads\/2023\/05\/155_2015_Homogacao.pdf\" target=\"_blank\">Edital n\u00ba 155\/2015 PRORH\/CE &#8211; Homologa\u00e7\u00e3o de Inscri\u00e7\u00f5es<\/a><\/td><td>05\/11\/2015<\/td><\/tr><tr><td><a rel=\"noreferrer noopener\" href=\"https:\/\/sites.uel.br\/prorh\/wp-content\/uploads\/2023\/05\/155_2015_Homogacao-ANEXO_I.pdf\" target=\"_blank\">Edital n\u00ba 155\/2015 PRORH\/CE &#8211; Anexo I (Deferidos &#8211; Ampla Concorr\u00eancia)<\/a><\/td><td>05\/11\/2015<\/td><\/tr><tr><td><a rel=\"noreferrer noopener\" href=\"https:\/\/sites.uel.br\/prorh\/wp-content\/uploads\/2023\/05\/155_2015_Homogacao-ANEXO_II.pdf\" target=\"_blank\">Edital n\u00ba 155\/2015 PRORH\/CE &#8211; Anexo II (Hor\u00e1rio da Prova e Banca Examinadora)<\/a><\/td><td>05\/11\/2015<\/td><\/tr><tr><td><a rel=\"noreferrer noopener\" href=\"https:\/\/sites.uel.br\/prorh\/wp-content\/uploads\/2023\/05\/edital_129_2015.pdf\" target=\"_blank\">Edital n\u00ba 129\/2015 &#8211; Resultado dos pedidos de isen\u00e7\u00e3o<\/a><\/td><td>23\/10\/2015<\/td><\/tr><tr><td><a rel=\"noreferrer noopener\" href=\"https:\/\/sites.uel.br\/prorh\/wp-content\/uploads\/2023\/05\/135_2015_aditivo.pdf\" target=\"_blank\">Edital n\u00ba 135\/2015 &#8211; Adita a \u00e1rea de Medicina\/Cirurgia Pl\u00e1stica ao Edital n\u00ba 129\/2015<\/a><\/td><td>25\/09\/2015<\/td><\/tr><tr><td><a href=\"http:\/\/www.uel.br\/prorh\/selecao\/concdoc\/079_2015\/129_2015_abert.pdf\"><\/a><a rel=\"noreferrer noopener\" href=\"https:\/\/sites.uel.br\/prorh\/wp-content\/uploads\/2023\/05\/129_2015_abert.pdf\" target=\"_blank\">Edital n\u00ba 129\/2015 &#8211; 2\u00aa Etapa<\/a><\/td><td>16\/09\/2015<\/td><\/tr><tr><td><a rel=\"noreferrer noopener\" href=\"https:\/\/sites.uel.br\/prorh\/wp-content\/uploads\/2023\/05\/079_2015_anexo_1g-2.pdf\" target=\"_blank\">Anexo I-G (Lista de pontos para as Provas Escrita, Did\u00e1tica e Argui\u00e7\u00e3o)<\/a><\/td><td>22\/07\/2015&nbsp;&#8211;&nbsp;08h00<\/td><\/tr><tr><td><a rel=\"noreferrer noopener\" href=\"https:\/\/sites.uel.br\/prorh\/wp-content\/uploads\/2023\/05\/079_2015_anexo_1f-1.pdf\" target=\"_blank\">Anexo I-F (Pontua\u00e7\u00e3o e gabarito para avalia\u00e7\u00e3o do Curriculum Vitae)<\/a><\/td><td>22\/07\/2015&nbsp;&#8211;&nbsp;08h00<\/td><\/tr><tr><td><a rel=\"noreferrer noopener\" href=\"https:\/\/sites.uel.br\/prorh\/wp-content\/uploads\/2023\/05\/079_2015_anexo_1e-1.pdf\" target=\"_blank\">Anexo I-E (Diretrizes para apresenta\u00e7\u00e3o de Memorial\/Portf\u00f3lio)<\/a><\/td><td>22\/07\/2015&nbsp;&#8211;&nbsp;08h00<\/td><\/tr><tr><td><a rel=\"noreferrer noopener\" href=\"https:\/\/sites.uel.br\/prorh\/wp-content\/uploads\/2023\/05\/079_2015_anexo_1d-1.pdf\" target=\"_blank\">Anexo I-D (Avalia\u00e7\u00e3o da Prova de Argui\u00e7\u00e3o)<\/a><\/td><td>22\/07\/2015&nbsp;&#8211;&nbsp;08h00<\/td><\/tr><tr><td><a rel=\"noreferrer noopener\" href=\"https:\/\/sites.uel.br\/prorh\/wp-content\/uploads\/2023\/05\/079_2015_anexo_1c-1.pdf\" target=\"_blank\">Anexo I-C (Avalia\u00e7\u00e3o da Prova Did\u00e1tica)<\/a><\/td><td>22\/07\/2015&nbsp;&#8211;&nbsp;08h00<\/td><\/tr><tr><td><a rel=\"noreferrer noopener\" href=\"https:\/\/sites.uel.br\/prorh\/wp-content\/uploads\/2023\/05\/079_2015_anexo_1b-1.pdf\" target=\"_blank\">Anexo I-B (Lista de pontos e avalia\u00e7\u00e3o da Prova Pr\u00e1tica)<\/a><\/td><td>22\/07\/2015&nbsp;&#8211;&nbsp;08h00<\/td><\/tr><tr><td><a href=\"http:\/\/www.uel.br\/prorh\/selecao\/concdoc\/079_2015\/079_2015_anexo_1a.pdf\"><\/a><a rel=\"noreferrer noopener\" href=\"https:\/\/sites.uel.br\/prorh\/wp-content\/uploads\/2023\/05\/079_2015_anexo_1a-1.pdf\" target=\"_blank\">Anexo I-A (Avalia\u00e7\u00e3o da Prova Escrita)<\/a><\/td><td>22\/07\/2015&nbsp;&#8211;&nbsp;08h00<\/td><\/tr><tr><td><a href=\"http:\/\/www.uel.br\/prorh\/selecao\/concdoc\/079_2015\/079_2015_anexo_1.pdf\"><\/a><a rel=\"noreferrer noopener\" href=\"https:\/\/sites.uel.br\/prorh\/wp-content\/uploads\/2023\/05\/079_2015_anexo_1-1.pdf\" target=\"_blank\">Anexo I (\u00c1reas e Requisitos)<\/a><\/td><td>22\/07\/2015&nbsp;&#8211;&nbsp;08h00<\/td><\/tr><tr><td><a rel=\"noreferrer noopener\" href=\"https:\/\/sites.uel.br\/prorh\/wp-content\/uploads\/2023\/05\/079_2015_abert-2.pdf\" target=\"_blank\">Edital do Concurso P\u00fablico PRORH n\u00ba 79\/2015<\/a><\/td><td>22\/07\/2015&nbsp;&#8211;&nbsp;08h00<\/td><\/tr><\/tbody><\/table><figcaption class=\"wp-element-caption\">\u00daltima atualiza\u00e7\u00e3o: 19\/05\/2023<\/figcaption><\/figure>\n","protected":false},"excerpt":{"rendered":"<p>INFORMA\u00c7\u00d5ES E CRONOGRAMA DO CONCURSO P\u00daBLICO ATIVIDADES DATA\/PER\u00cdODO DEPUBLICA\u00c7\u00c3O NESTE SITE Edital de Convoca\u00e7\u00e3o n\u00ba 21\/2023 02\/02\/2023 Edital de Convoca\u00e7\u00e3o n\u00ba 89\/2021 24\/09\/2021 Suspens\u00e3o do Prazo de Validade do Concurso P\u00fablico aberto pelo Edital n\u00ba 75\/2015 PRORH 21\/10\/2020 Edital de Convoca\u00e7\u00e3o n\u00ba 46\/2017 17\/07\/2017 Edital n\u00ba 186\/2015 (Resultado Final) 08\/12\/2015\u00a0&#8211;\u00a017h00 Candidatos Reprovados 08\/12\/2015\u00a0&#8211;\u00a017h00 Resultado da [&hellip;]<\/p>\n","protected":false},"author":10,"featured_media":0,"parent":0,"menu_order":0,"comment_status":"closed","ping_status":"closed","template":"","meta":{"_acf_changed":false,"_themeisle_gutenberg_block_has_review":false,"footnotes":""},"class_list":["post-509","page","type-page","status-publish","hentry"],"acf":[],"_links":{"self":[{"href":"https:\/\/sites.uel.br\/prorh\/wp-json\/wp\/v2\/pages\/509","targetHints":{"allow":["GET"]}}],"collection":[{"href":"https:\/\/sites.uel.br\/prorh\/wp-json\/wp\/v2\/pages"}],"about":[{"href":"https:\/\/sites.uel.br\/prorh\/wp-json\/wp\/v2\/types\/page"}],"author":[{"embeddable":true,"href":"https:\/\/sites.uel.br\/prorh\/wp-json\/wp\/v2\/users\/10"}],"replies":[{"embeddable":true,"href":"https:\/\/sites.uel.br\/prorh\/wp-json\/wp\/v2\/comments?post=509"}],"version-history":[{"count":6,"href":"https:\/\/sites.uel.br\/prorh\/wp-json\/wp\/v2\/pages\/509\/revisions"}],"predecessor-version":[{"id":545,"href":"https:\/\/sites.uel.br\/prorh\/wp-json\/wp\/v2\/pages\/509\/revisions\/545"}],"wp:attachment":[{"href":"https:\/\/sites.uel.br\/prorh\/wp-json\/wp\/v2\/media?parent=509"}],"curies":[{"name":"wp","href":"https:\/\/api.w.org\/{rel}","templated":true}]}}