{"id":47,"date":"2022-12-16T11:09:00","date_gmt":"2022-12-16T14:09:00","guid":{"rendered":"https:\/\/sites.uel.br\/prorh\/?page_id=47"},"modified":"2026-02-26T09:35:43","modified_gmt":"2026-02-26T12:35:43","slug":"carreira-tecnica","status":"publish","type":"page","link":"https:\/\/sites.uel.br\/prorh\/carreira-tecnica\/","title":{"rendered":"Carreira T\u00e9cnica"},"content":{"rendered":"\n<div style=\"height:20px\" aria-hidden=\"true\" class=\"wp-block-spacer\"><\/div>\n\n\n\n<h4 class=\"wp-block-heading\" style=\"font-size:25px\"><strong>Tabela Salarial<\/strong><\/h4>\n\n\n\n<div id=\"wp-block-themeisle-blocks-accordion-c57dfa2c\" class=\"wp-block-themeisle-blocks-accordion exclusive  is-style-default\">\n<details class=\"wp-block-themeisle-blocks-accordion-item\"><summary class=\"wp-block-themeisle-blocks-accordion-item__title\"><div><strong>Tabela de Vencimento B\u00e1sico da Carreira T\u00e9cnica Universit\u00e1ria &#8211; IEES<\/strong> (vigente \u00e0 partir de 01\/08\/2023) <a href=\"https:\/\/www.legislacao.pr.gov.br\/legislacao\/listarAtosAno.do?action=exibir&amp;codAto=300050&amp;indice=1&amp;totalRegistros=240&amp;anoSpan=2023&amp;anoSelecionado=2023&amp;mesSelecionado=0&amp;isPaginado=true\">ANEXO IV da Lei n\u00ba 21583\/2023<\/a><\/div><\/summary><div class=\"wp-block-themeisle-blocks-accordion-item__content\">\n<p>Acesse a <a href=\"https:\/\/sistemas.uel.br\/portaltransparencia\/rh\/tabelaVencTec\" target=\"_blank\" rel=\"noreferrer noopener\">Tabela de Vencimento B\u00e1sico da Carreira T\u00e9cnica Universit\u00e1ria<\/a><\/p>\n<\/div><\/details>\n\n\n\n<details class=\"wp-block-themeisle-blocks-accordion-item\"><summary class=\"wp-block-themeisle-blocks-accordion-item__title\"><div><strong>Perfil Profissiogr\u00e1fico<\/strong><\/div><\/summary><div class=\"wp-block-themeisle-blocks-accordion-item__content\">\n<p><a href=\"https:\/\/sites.uel.br\/prorh\/wp-content\/uploads\/2023\/05\/perfil.pdf\">Resolu\u00e7\u00e3o Conjunta n\u00ba 001\/2007 &#8211; SEAP\/SETI<\/a><\/p>\n\n\n\n<p><a href=\"https:\/\/sites.uel.br\/prorh\/wp-content\/uploads\/2026\/02\/Perfil-profissiografico-atualizado.pdf\" target=\"_blank\" rel=\"noreferrer noopener\">Agente Universit\u00e1rio Profissional<\/a><\/p>\n\n\n\n<p><a href=\"https:\/\/sites.uel.br\/prorh\/wp-content\/uploads\/2023\/05\/perfil_classe_2.pdf\" target=\"_blank\" rel=\"noreferrer noopener\">Agente Universit\u00e1rio de Execu\u00e7\u00e3o<\/a><\/p>\n\n\n\n<p><a href=\"https:\/\/sites.uel.br\/prorh\/wp-content\/uploads\/2023\/05\/perfil_classe_3.pdf\" target=\"_blank\" rel=\"noreferrer noopener\">Agente Universit\u00e1rio de Apoio<\/a><\/p>\n<\/div><\/details>\n\n\n\n<details class=\"wp-block-themeisle-blocks-accordion-item\"><summary class=\"wp-block-themeisle-blocks-accordion-item__title\"><div><strong>Processo Seletivo de Relota\u00e7\u00e3o<\/strong><\/div><\/summary><div class=\"wp-block-themeisle-blocks-accordion-item__content\">\n<figure class=\"wp-block-table\"><table><tbody><tr><td>Edital<\/td><td>Data<\/td><\/tr><tr><td><a href=\"https:\/\/sites.uel.br\/prorh\/wp-content\/uploads\/2023\/05\/edital_114_2017.pdf\">Edital PRORH n\u00ba 14\/2017 &#8211; Resultado do Processo Seletivo de Relota\u00e7\u00e3o (PSR)<\/a><\/td><td>20\/12\/2017<\/td><\/tr><tr><td><a href=\"https:\/\/sites.uel.br\/prorh\/wp-content\/uploads\/2023\/05\/edital_082_2017.pdf\">Edital PRORH n\u00ba 82\/2017 &#8211; Resultado do Processo Seletivo de Relota\u00e7\u00e3o (PSR)<\/a><\/td><td>04\/10\/2017<\/td><\/tr><\/tbody><\/table><\/figure>\n<\/div><\/details>\n\n\n\n<details class=\"wp-block-themeisle-blocks-accordion-item\"><summary class=\"wp-block-themeisle-blocks-accordion-item__title\"><div><strong>Tabela de Cargos Comissionados<\/strong><\/div><\/summary><div class=\"wp-block-themeisle-blocks-accordion-item__content\">\n<p>Acesse a <a rel=\"noreferrer noopener\" href=\"https:\/\/sistemas.uel.br\/portaltransparencia\/rh\/cargosComissionados\" data-type=\"link\" data-id=\"https:\/\/sistemas.uel.br\/portaltransparencia\/rh\/cargosComissionados\" target=\"_blank\">Tabela de Cargos Comissionados<\/a>.<\/p>\n<\/div><\/details>\n<\/div>\n\n\n\n<div class=\"wp-block-columns is-layout-flex wp-container-core-columns-is-layout-9d6595d7 wp-block-columns-is-layout-flex\">\n<div class=\"wp-block-column is-layout-flow wp-block-column-is-layout-flow\">\n<div class=\"wp-block-buttons is-layout-flex wp-block-buttons-is-layout-flex\">\n<div class=\"wp-block-button has-custom-width wp-block-button__width-100\"><a class=\"wp-block-button__link has-cinza-claro-color has-verde-escuro-background-color has-text-color has-background has-small-font-size has-custom-font-size wp-element-button\" href=\"https:\/\/sites.uel.br\/prorh\/carreira-tecnica-administrativa-concurso-publico\/\">Carreira T\u00e9cnica-Administrativa &#8211; Concurso P\u00fablico<\/a><\/div>\n<\/div>\n<\/div>\n\n\n\n<div class=\"wp-block-column is-layout-flow wp-block-column-is-layout-flow\">\n<div class=\"wp-block-buttons is-layout-flex wp-block-buttons-is-layout-flex\">\n<div class=\"wp-block-button has-custom-width wp-block-button__width-100\"><a class=\"wp-block-button__link has-cinza-claro-color has-verde-escuro-background-color has-text-color has-background has-small-font-size has-custom-font-size wp-element-button\" href=\"https:\/\/sites.uel.br\/prorh\/processo-seletivo-simplificado\/\" target=\"_blank\" rel=\"noreferrer noopener\">Carreira T\u00e9cnica-Administrativa &#8211; PSS<\/a><\/div>\n<\/div>\n<\/div>\n<\/div>\n\n\n\n<div style=\"height:20px\" aria-hidden=\"true\" class=\"wp-block-spacer\"><\/div>\n\n\n\n<h4 class=\"wp-block-heading\" style=\"font-size:25px\">Legisla\u00e7\u00e3o<\/h4>\n\n\n\n<p><a rel=\"noreferrer noopener\" href=\"https:\/\/www.legislacao.pr.gov.br\/legislacao\/listarAtosAno.do?action=exibir&amp;codAto=83148&amp;codTipoAto=1&amp;tipoVisualizacao=alterado\" data-type=\"URL\" data-id=\"https:\/\/www.legislacao.pr.gov.br\/legislacao\/listarAtosAno.do?action=exibir&amp;codAto=83148&amp;codTipoAto=1&amp;tipoVisualizacao=alterado\" target=\"_blank\">Lei 17382, de 06 de Dezembro de 2012<\/a><br><a rel=\"noreferrer noopener\" href=\"https:\/\/www.legislacao.pr.gov.br\/legislacao\/listarAtosAno.do?action=exibir&amp;codAto=3543&amp;codItemAto=23527\" target=\"_blank\">Lei 15.050, de 12 de Abril de 2006<\/a><br><a href=\"https:\/\/sites.uel.br\/prorh\/wp-content\/uploads\/2023\/05\/EX_2005-12-26.pdf\" target=\"_blank\" rel=\"noreferrer noopener\">Decreto n\u00ba 5.952, de 26 de Dezembro de 2005<\/a><br><a href=\"https:\/\/sites.uel.br\/prorh\/wp-content\/uploads\/2023\/05\/EX_2005-07-26.pdf\">Decreto n\u00ba 5.129, de 26 de Julho de 2005<\/a><\/p>\n\n\n\n<div style=\"height:20px\" aria-hidden=\"true\" class=\"wp-block-spacer\"><\/div>\n\n\n\n<h3 class=\"wp-block-heading\" style=\"font-size:25px\"><strong>Links \u00dateis<\/strong><\/h3>\n\n\n\n<p><a href=\"https:\/\/www.sistemasweb.uel.br\/index.php?contents=system\/wrh\/ta\/index.php\" target=\"_blank\" rel=\"noreferrer noopener\">Sistema de Cadastro e Busca de Talentos<\/a><br><\/p>\n","protected":false},"excerpt":{"rendered":"<p>Tabela Salarial Legisla\u00e7\u00e3o Lei 17382, de 06 de Dezembro de 2012Lei 15.050, de 12 de Abril de 2006Decreto n\u00ba 5.952, de 26 de Dezembro de 2005Decreto n\u00ba 5.129, de 26 de Julho de 2005 Links \u00dateis Sistema de Cadastro e Busca de Talentos<\/p>\n","protected":false},"author":2,"featured_media":0,"parent":0,"menu_order":0,"comment_status":"closed","ping_status":"closed","template":"","meta":{"_acf_changed":false,"_themeisle_gutenberg_block_has_review":false,"footnotes":""},"class_list":["post-47","page","type-page","status-publish","hentry"],"acf":[],"_links":{"self":[{"href":"https:\/\/sites.uel.br\/prorh\/wp-json\/wp\/v2\/pages\/47","targetHints":{"allow":["GET"]}}],"collection":[{"href":"https:\/\/sites.uel.br\/prorh\/wp-json\/wp\/v2\/pages"}],"about":[{"href":"https:\/\/sites.uel.br\/prorh\/wp-json\/wp\/v2\/types\/page"}],"author":[{"embeddable":true,"href":"https:\/\/sites.uel.br\/prorh\/wp-json\/wp\/v2\/users\/2"}],"replies":[{"embeddable":true,"href":"https:\/\/sites.uel.br\/prorh\/wp-json\/wp\/v2\/comments?post=47"}],"version-history":[{"count":18,"href":"https:\/\/sites.uel.br\/prorh\/wp-json\/wp\/v2\/pages\/47\/revisions"}],"predecessor-version":[{"id":2625,"href":"https:\/\/sites.uel.br\/prorh\/wp-json\/wp\/v2\/pages\/47\/revisions\/2625"}],"wp:attachment":[{"href":"https:\/\/sites.uel.br\/prorh\/wp-json\/wp\/v2\/media?parent=47"}],"curies":[{"name":"wp","href":"https:\/\/api.w.org\/{rel}","templated":true}]}}