{"id":337,"date":"2023-05-19T10:57:01","date_gmt":"2023-05-19T13:57:01","guid":{"rendered":"https:\/\/sites.uel.br\/prorh\/?page_id=337"},"modified":"2023-09-29T15:27:48","modified_gmt":"2023-09-29T18:27:48","slug":"manual","status":"publish","type":"page","link":"https:\/\/sites.uel.br\/prorh\/manual\/","title":{"rendered":"Manual de Instru\u00e7\u00f5es"},"content":{"rendered":"\n<div style=\"height:20px\" aria-hidden=\"true\" class=\"wp-block-spacer\"><\/div>\n\n\n\n<p>No Manual est\u00e3o reunidas informa\u00e7\u00f5es \u00fateis aos servidores da UEL.<\/p>\n\n\n\n<div id=\"wp-block-themeisle-blocks-accordion-70213498\" class=\"wp-block-themeisle-blocks-accordion exclusive  is-style-default\">\n<details class=\"wp-block-themeisle-blocks-accordion-item\"><summary class=\"wp-block-themeisle-blocks-accordion-item__title\"><div><strong>Chapa ou Matr\u00edcula Funcional<\/strong><\/div><\/summary><div class=\"wp-block-themeisle-blocks-accordion-item__content\">\n<p>Sua chapa ou matr\u00edcula funcional pode ser obtida pelo portal da PRORH no link&nbsp;<a rel=\"noreferrer noopener\" href=\"https:\/\/sistemas.uel.br\/portaldoservidor\/consultaChapa\" target=\"_blank\">Consulta Matricula Funcional<\/a><\/p>\n\n\n\n<p><strong>Observe que voc\u00ea recebeu por e-mail uma data prov\u00e1vel de libera\u00e7\u00e3o de sua matr\u00edcula funcional. Antes dessa data n\u00e3o ser\u00e1 poss\u00edvel a consulta ao sistema. Certifique-se de fazer a consulta ap\u00f3s a data recomendada.<\/strong><\/p>\n<\/div><\/details>\n\n\n\n<details class=\"wp-block-themeisle-blocks-accordion-item\"><summary class=\"wp-block-themeisle-blocks-accordion-item__title\"><div><strong>Senha do Portal do Servidor<\/strong><\/div><\/summary><div class=\"wp-block-themeisle-blocks-accordion-item__content\">\n<p>No Portal do Servidor o colaborador poder\u00e1 acessar informa\u00e7\u00f5es referentes ao seu contrato de trabalho, demonstrativos de pagamento (holerites), carta de rendimentos (imposto de renda), progress\u00f5es, promo\u00e7\u00f5es, f\u00e9rias, licen\u00e7as, os dados pessoais registrados entre outros informes que poder\u00e3o auxili\u00e1-lo no decorrer de seu per\u00edodo laboral.<\/p>\n\n\n\n<p><br>Aos servidores docentes a senha do Portal do Servidor lhes dar\u00e1 acesso ao Sistema de Pautas Eletr\u00f4nicas. Para a cria\u00e7\u00e3o\/habilita\u00e7\u00e3o da senha do Portal, o colaborador dever\u00e1 acessar o link&nbsp;<a rel=\"noreferrer noopener\" href=\"https:\/\/sistemas.uel.br\/portaldoservidor\" target=\"_blank\">Portal do Servidor&nbsp;<\/a>e clicar em Cadastre-se, preenchendo os campos solicitados com as informa\u00e7\u00f5es abaixo:<br>&#8211; Matr\u00edcula funcional;<br>&#8211; CPF (informe somente os n\u00fameros);<br>&#8211; Data de Nascimento;<br>&#8211; Endere\u00e7o de E-mail (o mesmo que voc\u00ea deixou registrado na PRORH, caso n\u00e3o possua e-mail da UEL).<\/p>\n\n\n\n<p>Ap\u00f3s a valida\u00e7\u00e3o, o sistema enviar\u00e1 instru\u00e7\u00f5es para seu e-mail para que voc\u00ea crie sua senha do portal.<\/p>\n\n\n\n<p>Observe que, caso voc\u00ea j\u00e1 tenha um e-mail da UEL (@uel.br) a senha ser\u00e1 enviada PREFERENCIALMENTE para esse email. Esclarecemos que a senha do Portal do Servidor \u00e9 pessoal e intransfer\u00edvel, sendo de responsabilidade do colaborador sua utiliza\u00e7\u00e3o.<\/p>\n\n\n\n<p><strong>IMPORTANTE<br>O seu acesso ao Portal do Servidor permanecer\u00e1 mesmo ap\u00f3s o seu v\u00ednculo contratual com a UEL ter se encerrado, seja por quaisquer motivos, por exemplo fim de contrato, aposentadoria e outros.<\/strong><\/p>\n\n\n\n<p><a href=\"https:\/\/sites.uel.br\/ati\/tutorial\/2021\/06\/08\/cadastro-de-senha-no-portal-do-servidor\" target=\"_blank\" rel=\"noreferrer noopener\">Informa\u00e7\u00f5es sobre Cadastro no Portal do Servidor<\/a><\/p>\n\n\n\n<p><a href=\"https:\/\/sites.uel.br\/ati\/tutorial\/2021\/08\/02\/recuperar-a-senha-no-portal-do-servidor\/\">Como Recuperar a senha do Portal do Servidor<\/a><\/p>\n<\/div><\/details>\n\n\n\n<details class=\"wp-block-themeisle-blocks-accordion-item\"><summary class=\"wp-block-themeisle-blocks-accordion-item__title\"><div><strong>E-mail institucional  (@uel.br<\/strong>)<\/div><\/summary><div class=\"wp-block-themeisle-blocks-accordion-item__content\">\n<p>O e-mail institucional \u00e9 um ve\u00edculo de contato oficial, portanto algumas solicita\u00e7\u00f5es dos servidores podem ser atendidas atrav\u00e9s de e-mail da UEL. Caso voc\u00ea n\u00e3o tenha um e-mail institucional @uel.br, providencie. Voc\u00ea poder\u00e1 faz\u00ea-lo dentro portal do servidor.<br><\/p>\n\n\n\n<p>Se voc\u00ea j\u00e1 tem e-mail institucional @uel.br, envie um e-mail solicitando a&nbsp;<a rel=\"noreferrer noopener\" href=\"mailto:ati.atendimento@uel.br\" target=\"_blank\"><strong>ATI &#8211; Assessoria de Tecnologia de Informa\u00e7\u00e3o &#8211; ati.atendimento@uel.br<\/strong><\/a>&nbsp;a portabilidade do seu e-mail da sua matricula funcional antiga para a nova.<\/p>\n\n\n\n<p><a href=\"https:\/\/sites.uel.br\/ati\/tutorial\/2021\/06\/09\/criar-e-mail-pessoal-pela-primeira-vez\/\">Criar e-mail pessoal pela primeira vez<\/a><\/p>\n\n\n\n<p><a href=\"https:\/\/sites.uel.br\/ati\/tutorial\/2021\/06\/10\/alteracao-da-senha-de-login-uel-br\/\">Troca de senha de e-mail \u2013 Docentes e Funcion\u00e1rios<\/a><\/p>\n<\/div><\/details>\n\n\n\n<details class=\"wp-block-themeisle-blocks-accordion-item\"><summary class=\"wp-block-themeisle-blocks-accordion-item__title\"><div><strong>Restaurante Universit\u00e1rio  (RU<\/strong>)<\/div><\/summary><div class=\"wp-block-themeisle-blocks-accordion-item__content\">\n<p>Para utilizar o Restaurante Universit\u00e1rio RU o Servidor dever\u00e1 usar o seu Crach\u00e1, adquirindo cr\u00e9ditos com anteced\u00eancia no local.<\/p>\n\n\n\n<p>Existe a op\u00e7\u00e3o dos cr\u00e9ditos do restaurante serem debitados automaticamente em sua folha de pagamento. Caso seja essa sua op\u00e7\u00e3o, \u00e9 necess\u00e1rio dar o aceite no TERMO DE CONCORD\u00c2NCIA &#8211; RU que consta no Portal do Servidor\/Menu Servi\u00e7os\/Op\u00e7\u00e3o Termo de Concord\u00e2ncia &#8211; RU. Com esse aceite todas as refei\u00e7\u00f5es feitas no RU ser\u00e3o debitadas automaticamente em folha de pagamento, sem a necessidade da compra antecipada de cr\u00e9ditos.<\/p>\n\n\n\n<p>\u00c9 necess\u00e1rio inicialmente que voc\u00ea fa\u00e7a o envio de uma foto via Portal do Servidor (canto superior direito). Ap\u00f3s o envio da sua foto voc\u00ea poder\u00e1 imprimir o seu crach\u00e1 dentro do Portal do Servidor (Documentos\/Emiss\u00e3o de Carteirinha) ou usar a vers\u00e3o digital atrav\u00e9s do aplicativo UEL Mobile. <\/p>\n<\/div><\/details>\n\n\n\n<details class=\"wp-block-themeisle-blocks-accordion-item\"><summary class=\"wp-block-themeisle-blocks-accordion-item__title\"><div><strong>Carteirinha digital &#8211; Aplicativo UEL Mobile<\/strong><\/div><\/summary><div class=\"wp-block-themeisle-blocks-accordion-item__content\">\n<p>Uma das funcionalidades deste aplicativo \u00e9 a Carteirinha Digital, que ser\u00e1 utilizada na identifica\u00e7\u00e3o e acesso a servi\u00e7os como o Restaurante Universit\u00e1rio (RU) e o Sistema de Bibliotecas. <\/p>\n\n\n\n<p>O novo aplicativo j\u00e1 pode ser baixado na&nbsp;<a href=\"https:\/\/play.google.com\/store\/apps\/details?id=br.uel.ati.app.uel_mobile\">Play Store<\/a>, para dispositivos Android, e na&nbsp;<a href=\"https:\/\/apps.apple.com\/br\/app\/uel-mobile\/id1532054516\">App Store<\/a>, para dispositivos Apple IOS. Uma vez baixada no dispositivo do usu\u00e1rio, a carteirinha poder\u00e1 ser utilizada no modo offline, sem acesso \u00e0 Internet. Vale lembrar que as carteirinhas impressas continuar\u00e3o funcionando normalmente.<\/p>\n<\/div><\/details>\n\n\n\n<details class=\"wp-block-themeisle-blocks-accordion-item\"><summary class=\"wp-block-themeisle-blocks-accordion-item__title\"><div><strong>Crach\u00e1 impresso &#8211; Servidores do HU<\/strong><\/div><\/summary><div class=\"wp-block-themeisle-blocks-accordion-item__content\">\n<p><br>Somente os servidores lotados no HU ter\u00e3o crach\u00e1 impressos, confeccionados e entregues pela HU-DA-DRH &#8211; Divis\u00e3o de Recursos Humanos.<\/p>\n\n\n\n<p>Qualidade fotogr\u00e1fica da foto a ser enviada:<br><br>A foto precisa ser:<br>&#8211; Recente;<br>&#8211; Estilo 3&#215;4 (35-40 mm) de largura;<br>&#8211; Pr\u00f3xima do rosto e no alto dos ombros, de forma que sua face tome 70% &#8211; 80% da foto;<br>&#8211; Foco n\u00edtido e limpo;<br>&#8211; Alta resolu\u00e7\u00e3o e nenhuma marca de tintas ou vincos.<br><br>A Foto deve:<br>&#8211; Ter fundo branco (preferencialmente);<br>&#8211; Mostrar voc\u00ea olhando diretamente para a c\u00e2mera;<br>&#8211; Mostrar seu tom de pele naturalmente;<br>&#8211; N\u00e3o ter brilhos nem contrastes.<br><br>Quanto ao Estilo e Luminosidade:<br><br>A foto deve:<br>&#8211; Ser de cor neutra;<br>&#8211; Mostrar seus olhos abertos e sem cabelo nos olhos;<br>&#8211; Mostrar a face enquadrada na c\u00e2mera, NUNCA olhando sobre um dos ombros (estilo porta-retratos ou inclinado) e mostrando ambos os lados da face claramente;<br>&#8211; Ser tomada com ilumina\u00e7\u00e3o uniforme e n\u00e3o mostrar sombras ou reflexos.<br><br>\u00d3culos (Se voc\u00ea usa \u00f3culos):<br>&#8211; A foto deve mostrar claramente seus olhos sem nenhum reflexo de flash nos \u00f3culos, e nenhuma lente colorida;<br>&#8211; Esteja certo de que as arma\u00e7\u00f5es n\u00e3o cobrir\u00e3o nenhuma parte dos seus olhos.<br><br>Chap\u00e9us e outros:<br>&#8211; N\u00e3o s\u00e3o permitidos exceto por raz\u00f5es religiosas, mas suas caracter\u00edsticas faciais devem estar claramente mostradas.<\/p>\n\n\n\n<p>Exemplos de Enquadramento Adequado:<\/p>\n\n\n\n<div class=\"wp-block-columns is-layout-flex wp-container-core-columns-is-layout-9d6595d7 wp-block-columns-is-layout-flex\">\n<div class=\"wp-block-column is-layout-flow wp-block-column-is-layout-flow\">\n<figure class=\"wp-block-image size-full\"><img loading=\"lazy\" decoding=\"async\" width=\"657\" height=\"435\" src=\"https:\/\/sites.uel.br\/prorh\/wp-content\/uploads\/2023\/05\/image001.jpg\" alt=\"\" class=\"wp-image-339\" srcset=\"https:\/\/sites.uel.br\/prorh\/wp-content\/uploads\/2023\/05\/image001.jpg 657w, https:\/\/sites.uel.br\/prorh\/wp-content\/uploads\/2023\/05\/image001-300x199.jpg 300w\" sizes=\"auto, (max-width: 657px) 100vw, 657px\" \/><\/figure>\n<\/div>\n\n\n\n<div class=\"wp-block-column is-layout-flow wp-block-column-is-layout-flow\">\n<figure class=\"wp-block-image size-full is-resized\"><img loading=\"lazy\" decoding=\"async\" src=\"https:\/\/sites.uel.br\/prorh\/wp-content\/uploads\/2023\/05\/image003.jpg\" alt=\"\" class=\"wp-image-340\" style=\"width:571px;height:337px\" width=\"571\" height=\"337\" srcset=\"https:\/\/sites.uel.br\/prorh\/wp-content\/uploads\/2023\/05\/image003.jpg 614w, https:\/\/sites.uel.br\/prorh\/wp-content\/uploads\/2023\/05\/image003-300x177.jpg 300w\" sizes=\"auto, (max-width: 571px) 100vw, 571px\" \/><\/figure>\n<\/div>\n<\/div>\n<\/div><\/details>\n<\/div>\n\n\n\n<div style=\"height:20px\" aria-hidden=\"true\" class=\"wp-block-spacer\"><\/div>\n","protected":false},"excerpt":{"rendered":"<p>No Manual est\u00e3o reunidas informa\u00e7\u00f5es \u00fateis aos servidores da UEL.<\/p>\n","protected":false},"author":10,"featured_media":0,"parent":0,"menu_order":0,"comment_status":"closed","ping_status":"closed","template":"","meta":{"_acf_changed":false,"_themeisle_gutenberg_block_has_review":false,"footnotes":""},"class_list":["post-337","page","type-page","status-publish","hentry"],"acf":[],"_links":{"self":[{"href":"https:\/\/sites.uel.br\/prorh\/wp-json\/wp\/v2\/pages\/337","targetHints":{"allow":["GET"]}}],"collection":[{"href":"https:\/\/sites.uel.br\/prorh\/wp-json\/wp\/v2\/pages"}],"about":[{"href":"https:\/\/sites.uel.br\/prorh\/wp-json\/wp\/v2\/types\/page"}],"author":[{"embeddable":true,"href":"https:\/\/sites.uel.br\/prorh\/wp-json\/wp\/v2\/users\/10"}],"replies":[{"embeddable":true,"href":"https:\/\/sites.uel.br\/prorh\/wp-json\/wp\/v2\/comments?post=337"}],"version-history":[{"count":9,"href":"https:\/\/sites.uel.br\/prorh\/wp-json\/wp\/v2\/pages\/337\/revisions"}],"predecessor-version":[{"id":1110,"href":"https:\/\/sites.uel.br\/prorh\/wp-json\/wp\/v2\/pages\/337\/revisions\/1110"}],"wp:attachment":[{"href":"https:\/\/sites.uel.br\/prorh\/wp-json\/wp\/v2\/media?parent=337"}],"curies":[{"name":"wp","href":"https:\/\/api.w.org\/{rel}","templated":true}]}}