{"id":2587,"date":"2026-01-13T13:54:18","date_gmt":"2026-01-13T16:54:18","guid":{"rendered":"https:\/\/sites.uel.br\/prorh\/?page_id=2587"},"modified":"2026-03-16T18:20:27","modified_gmt":"2026-03-16T21:20:27","slug":"servidores-aposentados-em-2026","status":"publish","type":"page","link":"https:\/\/sites.uel.br\/prorh\/servidores-aposentados-em-2026\/","title":{"rendered":"Servidores Aposentados em 2026"},"content":{"rendered":"\n<p>Ordem de Data de Publica\u00e7\u00e3o no DIOE:<\/p>\n\n\n\n<figure class=\"wp-block-table is-style-stripes has-small-font-size\"><table><tbody><tr><td><strong>NOME<\/strong><\/td><td><strong>RESOLU\u00c7\u00c3O<\/strong><\/td><td><strong>DIOE<\/strong><\/td><td><strong>DATA DIOE<\/strong><br><\/td><td><strong>LOTA\u00c7\u00c3O<\/strong><\/td><td><strong>CATEGORIA<\/strong><\/td><\/tr><tr><td>Sidney Adilson de Souza<\/td><td>11962<\/td><td>12105<\/td><td>13\/03\/2026<\/td><td>HU-DE-DI<\/td><td>T\u00e9cnico<\/td><\/tr><tr><td>Lucia Regina Garbosse Bezerra<\/td><td>11847<\/td><td>12097<\/td><td>03\/03\/2026<\/td><td>BC-DBS-SBS-CCS-HU<\/td><td>T\u00e9cnico<\/td><\/tr><tr><td>Lucienne Tibery Queiroz Cardoso<\/td><td>11841<\/td><td>12097<\/td><td>03\/03\/2026<\/td><td>CCS-MED<\/td><td>Docente<\/td><\/tr><tr><td>S\u00e9rgio Martins da Silva<\/td><td>11707<\/td><td>12089<\/td><td>19\/02\/2026<\/td><td>CCA-SEC<\/td><td>T\u00e9cnico<\/td><\/tr><tr><td>Evanides Neves Pereira<\/td><td>11706<\/td><td>12089<\/td><td>19\/02\/2026<\/td><td>HU-DE-DI<\/td><td>T\u00e9cnico<\/td><\/tr><tr><td>Elias Teles de Almeida<\/td><td>11705<\/td><td>12089<\/td><td>19\/02\/2026<\/td><td>HU-DE-DAT<\/td><td>T\u00e9cnico<\/td><\/tr><tr><td>Luiz Carlos Alves<\/td><td>11704<\/td><td>12089<\/td><td>19\/02\/2026<\/td><td>HU-DA-DM<\/td><td>T\u00e9cnico<\/td><\/tr><tr><td>Luiza Rita Pachemshy<\/td><td>11703<\/td><td>12089<\/td><td>19\/02\/2026<\/td><td>HU-DE-DI<\/td><td>T\u00e9cnico<\/td><\/tr><tr><td>Eduardo Di Mauro<\/td><td>11702<\/td><td>12089<\/td><td>19\/02\/2026<\/td><td>CCE-FIS<\/td><td>Docente<\/td><\/tr><tr><td>Paulo Cesar Cardoso de Oliveira<\/td><td>11569<\/td><td>12073<\/td><td>26\/01\/2026<\/td><td>HU-DA-SEC<\/td><td>T\u00e9cnico<\/td><\/tr><tr><td>Ricardo Jose Rodrigues<\/td><td>11528<\/td><td>12073<\/td><td>26\/01\/2026<\/td><td>CCS-MED<\/td><td>Docente<\/td><\/tr><tr><td>Neuza Regina de Souza<\/td><td>11488<\/td><td>12068<\/td><td>19\/01\/2026<\/td><td>HU-DE-DI<\/td><td>T\u00e9cnico<\/td><\/tr><tr><td>Antonio Aparecido Dest\u00e1cio<\/td><td>11487<\/td><td>12068<\/td><td>19\/01\/2026<\/td><td>HU-DA-DSG<\/td><td>T\u00e9cnico<\/td><\/tr><tr><td>Luiz Carlos Santos Simon<\/td><td>11409<\/td><td>12062<\/td><td>09\/01\/2026<\/td><td>CCH-LVC<\/td><td>Docente<\/td><\/tr><tr><td>Edison Archela<\/td><td>11409<\/td><td>12062<\/td><td>09\/01\/2026<\/td><td>CCE-DGG<\/td><td>Docente<\/td><\/tr><tr><td>Amarildo Pasini<\/td><td>11411<\/td><td>12062<\/td><td>09\/01\/2026<\/td><td>CCA-AGRO<\/td><td>Docente<\/td><\/tr><tr><td>Eduardo Durante Ramires<\/td><td>11422<\/td><td>12062<\/td><td>09\/01\/2026<\/td><td>CCS-CIR<\/td><td>Docente<\/td><\/tr><tr><td>Adir\u00e7o Dur\u00e3es<\/td><td>11413<\/td><td>12062<\/td><td>09\/01\/2026<\/td><td>HU-DC-DHEMO<\/td><td>T\u00e9cnico<\/td><\/tr><tr><td>Hilario Nunes Silva Junior<\/td><td>11405<\/td><td>12062<\/td><td>09\/01\/2026<\/td><td>HU-DA-DFO<\/td><td>T\u00e9cnico<\/td><\/tr><tr><td>Noemi Tateiwa Niekawa<\/td><td>11416<\/td><td>12062<\/td><td>09\/01\/2026<\/td><td>HU-DE<\/td><td>T\u00e9cnico<\/td><\/tr><tr><td>Ivone Donaire Boaventura<\/td><td>11412<\/td><td>12062<\/td><td>09\/01\/2026<\/td><td>HU-DE-DI<\/td><td>T\u00e9cnico<\/td><\/tr><tr><td>Linda Mara Rodrigues<\/td><td>11414<\/td><td>12062<\/td><td>09\/01\/2026<\/td><td>HU-DE<\/td><td>T\u00e9cnico<\/td><\/tr><tr><td>Sandra Regina Gon\u00e7alves Souza<\/td><td>11408<\/td><td>12062<\/td><td>09\/01\/2026<\/td><td>HU-DC-DHEMO<\/td><td>T\u00e9cnico<\/td><\/tr><tr><td>Orlando Anderson Bellezi<\/td><td>11415<\/td><td>12062<\/td><td>09\/01\/2026<\/td><td>HU-DC-DRAD<\/td><td>T\u00e9cnico<\/td><\/tr><tr><td>Efraim Rodrigues<\/td><td>11313<\/td><td>12060<\/td><td>07\/01\/2026<\/td><td>CCA-AGRO<\/td><td>Docente<\/td><\/tr><tr><td>Alcides Alves Pereira<\/td><td>11317<\/td><td>12060<\/td><td>07\/01\/2026<\/td><td>PCU-DS-DSEG<\/td><td>T\u00e9cnico<\/td><\/tr><\/tbody><\/table><\/figure>\n","protected":false},"excerpt":{"rendered":"<p>Ordem de Data de Publica\u00e7\u00e3o no DIOE: NOME RESOLU\u00c7\u00c3O DIOE DATA DIOE LOTA\u00c7\u00c3O CATEGORIA Sidney Adilson de Souza 11962 12105 13\/03\/2026 HU-DE-DI T\u00e9cnico Lucia Regina Garbosse Bezerra 11847 12097 03\/03\/2026 BC-DBS-SBS-CCS-HU T\u00e9cnico Lucienne Tibery Queiroz Cardoso 11841 12097 03\/03\/2026 CCS-MED Docente S\u00e9rgio Martins da Silva 11707 12089 19\/02\/2026 CCA-SEC T\u00e9cnico Evanides Neves Pereira 11706 12089 [&hellip;]<\/p>\n","protected":false},"author":6,"featured_media":0,"parent":0,"menu_order":0,"comment_status":"closed","ping_status":"closed","template":"","meta":{"_acf_changed":false,"_themeisle_gutenberg_block_has_review":false,"footnotes":""},"class_list":["post-2587","page","type-page","status-publish","hentry"],"acf":[],"_links":{"self":[{"href":"https:\/\/sites.uel.br\/prorh\/wp-json\/wp\/v2\/pages\/2587","targetHints":{"allow":["GET"]}}],"collection":[{"href":"https:\/\/sites.uel.br\/prorh\/wp-json\/wp\/v2\/pages"}],"about":[{"href":"https:\/\/sites.uel.br\/prorh\/wp-json\/wp\/v2\/types\/page"}],"author":[{"embeddable":true,"href":"https:\/\/sites.uel.br\/prorh\/wp-json\/wp\/v2\/users\/6"}],"replies":[{"embeddable":true,"href":"https:\/\/sites.uel.br\/prorh\/wp-json\/wp\/v2\/comments?post=2587"}],"version-history":[{"count":6,"href":"https:\/\/sites.uel.br\/prorh\/wp-json\/wp\/v2\/pages\/2587\/revisions"}],"predecessor-version":[{"id":2639,"href":"https:\/\/sites.uel.br\/prorh\/wp-json\/wp\/v2\/pages\/2587\/revisions\/2639"}],"wp:attachment":[{"href":"https:\/\/sites.uel.br\/prorh\/wp-json\/wp\/v2\/media?parent=2587"}],"curies":[{"name":"wp","href":"https:\/\/api.w.org\/{rel}","templated":true}]}}