{"id":229,"date":"2023-05-18T16:23:20","date_gmt":"2023-05-18T19:23:20","guid":{"rendered":"https:\/\/sites.uel.br\/prorh\/?page_id=229"},"modified":"2024-02-15T11:01:56","modified_gmt":"2024-02-15T14:01:56","slug":"demonstrativos","status":"publish","type":"page","link":"https:\/\/sites.uel.br\/prorh\/demonstrativos\/","title":{"rendered":"Demonstrativos"},"content":{"rendered":"\n<div style=\"height:20px\" aria-hidden=\"true\" class=\"wp-block-spacer\"><\/div>\n\n\n\n<div style=\"height:20px\" aria-hidden=\"true\" class=\"wp-block-spacer\"><\/div>\n\n\n\n<h3 class=\"wp-block-heading\">Quantitativo de Servidores<\/h3>\n\n\n\n<figure class=\"wp-block-table is-style-stripes\"><table><tbody><tr><td><strong>Categoria<\/strong><\/td><td><strong>Regime<\/strong><\/td><td><strong>V\u00ednculo<\/strong><\/td><td><strong>Qtde<\/strong><\/td><\/tr><tr><td>Docente<\/td><td>CRES<\/td><td>Tempor\u00e1rio<\/td><td>589<\/td><\/tr><tr><td>Docente<\/td><td>Estatut\u00e1rio<\/td><td>Efetivo<\/td><td>1.104<\/td><\/tr><tr><td>T\u00e9cnico<\/td><td>CRES<\/td><td>Tempor\u00e1rio<\/td><td>33<\/td><\/tr><tr><td>T\u00e9cnico<\/td><td>Estatut\u00e1rio<\/td><td>Efetivo<\/td><td>2.244<\/td><\/tr><\/tbody><\/table><figcaption class=\"wp-element-caption\"><strong>Informa\u00e7\u00f5es referentes \u00e0 02\/2024<\/strong><\/figcaption><\/figure>\n\n\n\n<div style=\"height:20px\" aria-hidden=\"true\" class=\"wp-block-spacer\"><\/div>\n\n\n\n<div id=\"wp-block-themeisle-blocks-accordion-03d68822\" class=\"wp-block-themeisle-blocks-accordion exclusive  is-style-default\">\n<details class=\"wp-block-themeisle-blocks-accordion-item\"><summary class=\"wp-block-themeisle-blocks-accordion-item__title\"><div><strong>Mais informa\u00e7\u00f5es de Recursos Humanos<\/strong><\/div><\/summary><div class=\"wp-block-themeisle-blocks-accordion-item__content\">\n<p>Acesse a <a href=\"https:\/\/sistemas.uel.br\/portaltransparencia\/recursosHumanos\" target=\"_blank\" rel=\"noreferrer noopener\">Informa\u00e7\u00f5es da Transpar\u00eancia do RH<\/a>.<\/p>\n<\/div><\/details>\n<\/div>\n\n\n\n<div style=\"height:20px\" aria-hidden=\"true\" class=\"wp-block-spacer\"><\/div>\n","protected":false},"excerpt":{"rendered":"<p>Quantitativo de Servidores Categoria Regime V\u00ednculo Qtde Docente CRES Tempor\u00e1rio 589 Docente Estatut\u00e1rio Efetivo 1.104 T\u00e9cnico CRES Tempor\u00e1rio 33 T\u00e9cnico Estatut\u00e1rio Efetivo 2.244 Informa\u00e7\u00f5es referentes \u00e0 02\/2024<\/p>\n","protected":false},"author":10,"featured_media":0,"parent":0,"menu_order":0,"comment_status":"closed","ping_status":"closed","template":"","meta":{"_acf_changed":false,"_themeisle_gutenberg_block_has_review":false,"footnotes":""},"class_list":["post-229","page","type-page","status-publish","hentry"],"acf":[],"_links":{"self":[{"href":"https:\/\/sites.uel.br\/prorh\/wp-json\/wp\/v2\/pages\/229","targetHints":{"allow":["GET"]}}],"collection":[{"href":"https:\/\/sites.uel.br\/prorh\/wp-json\/wp\/v2\/pages"}],"about":[{"href":"https:\/\/sites.uel.br\/prorh\/wp-json\/wp\/v2\/types\/page"}],"author":[{"embeddable":true,"href":"https:\/\/sites.uel.br\/prorh\/wp-json\/wp\/v2\/users\/10"}],"replies":[{"embeddable":true,"href":"https:\/\/sites.uel.br\/prorh\/wp-json\/wp\/v2\/comments?post=229"}],"version-history":[{"count":12,"href":"https:\/\/sites.uel.br\/prorh\/wp-json\/wp\/v2\/pages\/229\/revisions"}],"predecessor-version":[{"id":1441,"href":"https:\/\/sites.uel.br\/prorh\/wp-json\/wp\/v2\/pages\/229\/revisions\/1441"}],"wp:attachment":[{"href":"https:\/\/sites.uel.br\/prorh\/wp-json\/wp\/v2\/media?parent=229"}],"curies":[{"name":"wp","href":"https:\/\/api.w.org\/{rel}","templated":true}]}}