{"id":2281,"date":"2025-01-07T16:46:09","date_gmt":"2025-01-07T19:46:09","guid":{"rendered":"https:\/\/sites.uel.br\/prorh\/?page_id=2281"},"modified":"2026-04-13T08:22:04","modified_gmt":"2026-04-13T11:22:04","slug":"servidores-aposentados-em-2025","status":"publish","type":"page","link":"https:\/\/sites.uel.br\/prorh\/servidores-aposentados-em-2025\/","title":{"rendered":"Servidores Aposentados em 2025"},"content":{"rendered":"\n<p>Ordem de Data de Publica\u00e7\u00e3o no DIOE:<\/p>\n\n\n\n<figure class=\"wp-block-table is-style-stripes has-small-font-size\"><table><tbody><tr><td><strong>NOME<\/strong><\/td><td><strong>RESOLU\u00c7\u00c3O<\/strong><\/td><td><strong>DIOE<\/strong><\/td><td><strong>DATA DIOE<\/strong><br><\/td><td><strong>LOTA\u00c7\u00c3O<\/strong><\/td><td><strong>CATEGORIA<\/strong><\/td><\/tr><tr><td>Doraci Canauba Gon\u00e7alves<\/td><td>11293<\/td><td>12048<\/td><td>12\/12\/2025<\/td><td>RADE-SEC<\/td><td>T\u00e9cnico<\/td><\/tr><tr><td>Claudia Maria Dantas De Maio Carrilho<\/td><td>11292<\/td><td>12048<\/td><td>12\/12\/2025<\/td><td>CCS-MED<\/td><td>Docente<\/td><\/tr><tr><td>Maria Regina Monteiro Claviso<\/td><td>11209<\/td><td>12043<\/td><td>05\/12\/2025<\/td><td>CEFE-SEC<\/td><td>T\u00e9cnico<\/td><\/tr><tr><td>Marilda Aparecida dos Reis Noves<\/td><td>11211<\/td><td>12043<\/td><td>05\/12\/2025<\/td><td>PROPPG-DPG-DRA<\/td><td>T\u00e9cnico<\/td><\/tr><tr><td>Cristiano Gustavo Biazzo Simon <\/td><td>11212<\/td><td>12043<\/td><td>05\/12\/2025<\/td><td>CCH-HIS<\/td><td>Docente<\/td><\/tr><tr><td>Maria Eunice de Almeida Silva<\/td><td>10886<\/td><td>12039<\/td><td>01\/12\/2025<\/td><td>HU-DC-DAPC<\/td><td>T\u00e9cnico<\/td><\/tr><tr><td>Osvaldo Capello<\/td><td>11009<\/td><td>12039<\/td><td>01\/12\/2025<\/td><td>PROPPG-SEC<\/td><td>T\u00e9cnico<\/td><\/tr><tr><td>Tania Mara Sedemaka Pinheiro<\/td><td>11027<\/td><td>12039<\/td><td>01\/12\/2025<\/td><td>CCA-SEC<\/td><td>T\u00e9cnico<\/td><\/tr><tr><td>Edilene Ramalho Rosa Furlaneto<\/td><td>11098<\/td><td>12039<\/td><td>01\/12\/2025<\/td><td>HU-DE-DMI<\/td><td>T\u00e9cnico<\/td><\/tr><tr><td>Leonilda Aparecida da Silva<\/td><td>10885<\/td><td>12039<\/td><td>01\/12\/2025<\/td><td>PCU-DS-DZELA<\/td><td>T\u00e9cnico<\/td><\/tr><tr><td>Walmir da Fonseca Veiga<\/td><td>10889<\/td><td>12039<\/td><td>01\/12\/2025<\/td><td>CESA-CON<\/td><td>Docente<\/td><\/tr><tr><td>Edilaine Aparecida Soares<\/td><td>10979<\/td><td>12039<\/td><td>01\/12\/2025<\/td><td>CCA-SEC<\/td><td>T\u00e9cnico<\/td><\/tr><tr><td>Sandra Regina da Silva Neves<\/td><td>11036<\/td><td>12039<\/td><td>01\/12\/2025<\/td><td>CCA-SEC<\/td><td>T\u00e9cnico<\/td><\/tr><tr><td>Edson Aparecido da Rocha<\/td><td>11104<\/td><td>12039<\/td><td>01\/12\/2025<\/td><td>PCU-DOM-DPA<\/td><td>T\u00e9cnico<\/td><\/tr><tr><td>\u00c1lvaro Lorencini J\u00fanior<\/td><td>11159<\/td><td>12039<\/td><td>01\/12\/2025<\/td><td>CCB-BIO<\/td><td>Docente<\/td><\/tr><tr><td>Paula Mariza Zedu Alliprandini<\/td><td>10836<\/td><td>12017<\/td><td>28\/10\/2025<\/td><td>CECA-EDU<\/td><td>Docente<\/td><\/tr><tr><td>Silia Antonio de Aguiar<\/td><td>10820<\/td><td>12017<\/td><td>28\/10\/2025<\/td><td>HU-DE-DMI<\/td><td>T\u00e9cnico<\/td><\/tr><tr><td>Cristina Val\u00e9ria Bulhoes Simon<\/td><td>10798<\/td><td>12047<\/td><td>11\/12\/2025<\/td><td>CCH-LVC<\/td><td>Docente<\/td><\/tr><tr><td>Cristiane Affonso de Alemida Zerbetto<\/td><td>10754<\/td><td>12011<\/td><td>20\/10\/2025<\/td><td>CECA-DGN<\/td><td>Docente<\/td><\/tr><tr><td>Luiz Roberto Barbara<\/td><td>10712<\/td><td>12009<\/td><td>16\/10\/2025<\/td><td>SEBEC-DRU<\/td><td>T\u00e9cnico<\/td><\/tr><tr><td>Sergio Ricardo Spinosa<\/td><td>10509<\/td><td>11995<\/td><td>26\/09\/2025<\/td><td>CCS-MED<\/td><td>Docente<\/td><\/tr><tr><td>Neuza Figueira da Silva<\/td><td>10424<\/td><td>11992<\/td><td>23\/09\/2025<\/td><td>HU-DC-SEC<\/td><td>T\u00e9cnico<\/td><\/tr><tr><td>Fidelcino Francisco Ferreira<\/td><td>10423<\/td><td>11332<\/td><td>23\/09\/2025<\/td><td>PCU-DOM-DM<\/td><td>T\u00e9cnico<\/td><\/tr><tr><td>Edineia Favaro Biondo<\/td><td>10421<\/td><td>11989<\/td><td>18\/09\/2025<\/td><td>CCS-CIR<\/td><td>Docente<\/td><\/tr><tr><td>Antonio Augustin Manganotti<\/td><td>10357<\/td><td>11984<\/td><td>11\/09\/2025<\/td><td>CESA-CON<\/td><td>Docente<\/td><\/tr><tr><td>Jos\u00e9 Julio Nunes Ferreira <\/td><td>10234<\/td><td>11975<\/td><td>28\/08\/2025<\/td><td>CCH-SEC<\/td><td>Docente<\/td><\/tr><tr><td>Celio Alves da Silva<\/td><td>10235<\/td><td>11975<\/td><td>28\/08\/2025<\/td><td>HU-DE-DET<\/td><td>T\u00e9cnico<\/td><\/tr><tr><td>Jo\u00e3o Carlos Rolim de Souza<\/td><td>10092<\/td><td>11970<\/td><td>21\/08\/2025<\/td><td>CC-DM<\/td><td>T\u00e9cnico<\/td><\/tr><tr><td>Angela Farah Mar\u00e7al<\/td><td>9953<\/td><td>11959<\/td><td>06\/08\/2025<\/td><td>CEFE-DES<\/td><td>Docente<\/td><\/tr><tr><td>Gilberto Hildebrando<\/td><td>9881<\/td><td>11956<\/td><td>01\/08\/2025<\/td><td>PROEX-SEC<\/td><td>T\u00e9cnico<\/td><\/tr><tr><td>Osni Messias De Mattos<\/td><td>9778<\/td><td>11949<\/td><td>23\/07\/2025<\/td><td>HU-DE-DI<\/td><td>T\u00e9cnico<\/td><\/tr><tr><td>Jos\u00e9 Antonio Pimenta<\/td><td>9721<\/td><td>11944<\/td><td>16\/07\/2025<\/td><td>CCB-BAV<\/td><td>Docente<\/td><\/tr><tr><td>Francisco Emilio Baleotti<\/td><td>9661<\/td><td>11942<\/td><td>14\/07\/2025<\/td><td>CESA-PUB<\/td><td>Docente<\/td><\/tr><tr><td>Evanil Antonio Guarido<\/td><td>9578<\/td><td>11937<\/td><td>07\/07\/2025<\/td><td>CEFE-DES<\/td><td>Docente<\/td><\/tr><tr><td>Ligia Silvana Lopes Ferrari<\/td><td>9595<\/td><td>11937<\/td><td>07\/07\/2025<\/td><td>CCS-PCP<\/td><td>Docente<\/td><\/tr><tr><td>Gladys Cely Faker<\/td><td>9579<\/td><td>11937<\/td><td>07\/07\/2025<\/td><td>CCS-FIST<\/td><td>Docente<\/td><\/tr><tr><td>Glauco Marcelo Antunes<\/td><td>9548<\/td><td>11933<\/td><td>01\/07\/2025<\/td><td>EAAJ-SEC<\/td><td>T\u00e9cnico<\/td><\/tr><tr><td>Renata Ciappina<\/td><td>9463<\/td><td>11928<\/td><td>24\/06\/2025<\/td><td>HU-DC-DLAC<\/td><td>T\u00e9cnico<\/td><\/tr><tr><td>Arli Ramos de Oliveira<\/td><td>9464<\/td><td>11928<\/td><td>24\/06\/2025<\/td><td>CEFE-DES<\/td><td>Docente<\/td><\/tr><tr><td>Denise de Cassia Rossetto Januzzi<\/td><td>9364<\/td><td>11926<\/td><td>18\/06\/2025<\/td><td>CTU-ARQ<\/td><td>Docente<\/td><\/tr><tr><td>Olidar Salviato<\/td><td>9420<\/td><td>11926<\/td><td>18\/06\/2025<\/td><td>SAUEL-DAT<\/td><td>T\u00e9cnico<\/td><\/tr><tr><td>Vanilda da Cunha Marques Pereira<\/td><td>9357<\/td><td>11924<\/td><td>16\/06\/2025<\/td><td>BBCLI-SRL<\/td><td>T\u00e9cnico<\/td><\/tr><tr><td>Adylson Justino Jorge<\/td><td>9330<\/td><td>11921<\/td><td>11\/06\/2025<\/td><td>HU-DC-DHEMO<\/td><td>T\u00e9cnico<\/td><\/tr><tr><td>Antenor Pereira Filho<\/td><td>9067<\/td><td>11904<\/td><td>19\/05\/2025<\/td><td>HU-DC-DHEMO<\/td><td>T\u00e9cnico<\/td><\/tr><tr><td>Ingridt Hildegard Vogler<\/td><td>9066<\/td><td>11904<\/td><td>19\/05\/2025<\/td><td>HU-DC-DLAC<\/td><td>T\u00e9cnico<\/td><\/tr><tr><td>Alessandro Galletto<\/td><td>8971<\/td><td>11899<\/td><td>12\/05\/2025<\/td><td>HU-DS-DASC<\/td><td>T\u00e9cnico<\/td><\/tr><tr><td>Roberto Gil Batista<\/td><td>8974<\/td><td>11899<\/td><td>12\/05\/2025<\/td><td>HU-DE-DPS<\/td><td>T\u00e9cnico<\/td><\/tr><tr><td>Claudio Jose Fuganti<\/td><td>8968<\/td><td>11899<\/td><td>12\/05\/2025<\/td><td>CCS-MED<\/td><td>Docente<\/td><\/tr><tr><td>Caio Ab\u00e9rcio da Silva<\/td><td>8908<\/td><td>11896<\/td><td>07\/05\/2025<\/td><td>CCA-ZOO<\/td><td>Docente<\/td><\/tr><tr><td>Andre Celligoi<\/td><td>8906<\/td><td>11896<\/td><td>07\/05\/2025<\/td><td>CCE-DGG<\/td><td>Docente<\/td><\/tr><tr><td>Maria Aparecida Lucas Vieira<\/td><td>8911<\/td><td>11896<\/td><td>07\/05\/2025<\/td><td>PROGRAD-DERD<\/td><td>T\u00e9cnico<\/td><\/tr><tr><td>Maria Rafaela Conde Gonzalez<\/td><td>8856<\/td><td>11894<\/td><td>05\/05\/2025<\/td><td>CCS-PCP<\/td><td>Docente<\/td><\/tr><tr><td>Weliton Turini<\/td><td>8820<\/td><td>11891<\/td><td>28\/04\/2025<\/td><td>HU-DC-DFARM<\/td><td>T\u00e9cnico<\/td><\/tr><tr><td>Vanderlei Aparecido Nascimento<\/td><td>8705<\/td><td>11884<\/td><td>14\/04\/2025<\/td><td>HU-DA-DSG<\/td><td>T\u00e9cnico<\/td><\/tr><tr><td>Adilson Braz<\/td><td>8628<\/td><td>11883<\/td><td>11\/04\/2025<\/td><td>HU-DC-GCAEHU<\/td><td>T\u00e9cnico<\/td><\/tr><tr><td>Eloisa Helena Aranda Garcia de Souza<\/td><td>8632<\/td><td>11878<\/td><td>04\/04\/2025<\/td><td>CCS-ODO<\/td><td>Docente<\/td><\/tr><tr><td>Marcos Ribeiro<\/td><td>8545<\/td><td>11876<\/td><td>02\/04\/2025<\/td><td>CCS-MED<\/td><td>Docente<\/td><\/tr><tr><td>Marco Antonio Batista<\/td><td>8525<\/td><td>11876<\/td><td>02\/04\/2025<\/td><td>CCS-CIR<\/td><td>Docente<\/td><\/tr><tr><td>Renata Grossi<\/td><td>8533<\/td><td>11876<\/td><td>02\/04\/2025<\/td><td>CLINPSI-DIR<\/td><td>Docente<\/td><\/tr><tr><td>Maria Luiza Fava Grassiotto<\/td><td>8534<\/td><td>11876<\/td><td>02\/04\/2025<\/td><td>CTU-ARQ<\/td><td>Docente<\/td><\/tr><tr><td>Juraci Pereira de Andrade de Azevedo<\/td><td>8563<\/td><td>11876<\/td><td>02\/04\/2025<\/td><td>HU-DE-GEAEHU<\/td><td>T\u00e9cnico<\/td><\/tr><tr><td>Ana Maria Rodrigues<\/td><td>8487<\/td><td>11872<\/td><td>27\/03\/2025<\/td><td>CCB-SEC<\/td><td>T\u00e9cnico<\/td><\/tr><tr><td>Jos\u00e9 Marcos de Oliveira Branco<\/td><td>8488<\/td><td>11872<\/td><td>27\/03\/2025<\/td><td>CESA-SEC<\/td><td>T\u00e9cnico<\/td><\/tr><tr><td>Elvis Ant\u00f4nio Bim<\/td><td>8489<\/td><td>11872<\/td><td>27\/03\/2025<\/td><td>CESA-CON<\/td><td>Docente<\/td><\/tr><tr><td>Natalino Antonio de Oliveira<\/td><td>8413<\/td><td>11869<\/td><td>24\/03\/2025<\/td><td>HU-DA-GAAEHU<\/td><td>T\u00e9cnico<\/td><\/tr><tr><td>Belmira Ferreira de Souza<\/td><td>8417<\/td><td>11869<\/td><td>24\/03\/2025<\/td><td>SEBEC-DRU<\/td><td>T\u00e9cnico<\/td><\/tr><tr><td>Vanderley Soares da Silva<\/td><td>8415<\/td><td>11869<\/td><td>24\/03\/2025<\/td><td>PCU-DS-TRANS<\/td><td>T\u00e9cnico<\/td><\/tr><tr><td>Maria Adeilda Oliveira<\/td><td>8418<\/td><td>11869<\/td><td>24\/03\/2025<\/td><td>HU-DE-GEAEHU<\/td><td>T\u00e9cnico<\/td><\/tr><tr><td>Vicente Pereira Pedro<\/td><td>8414<\/td><td>11869<\/td><td>24\/03\/2025<\/td><td>HU-DC-DCC<\/td><td>T\u00e9cnico<\/td><\/tr><tr><td>Pedro Marcondes<\/td><td>8366<\/td><td>11864<\/td><td>17\/03\/2025<\/td><td>CESA-PUB<\/td><td>Docente<\/td><\/tr><tr><td>Gilmara Lupion Moreno<\/td><td>8288<\/td><td>11861<\/td><td>12\/03\/2025<\/td><td>CECA-EDU<\/td><td>Docente<\/td><\/tr><tr><td>Maria Lucia Maximiano<\/td><td>8290<\/td><td>11861<\/td><td>12\/03\/2025<\/td><td>HU-DC-DSS<\/td><td>T\u00e9cnico<\/td><\/tr><tr><td>Sirlei Luiza Zanluchi Donega<\/td><td>8287<\/td><td>11861<\/td><td>12\/03\/2025<\/td><td>HU-DC-DFARM<\/td><td>T\u00e9cnico<\/td><\/tr><tr><td>Iracema Amaro Alves<\/td><td>8231<\/td><td>11859<\/td><td>10\/03\/2025<\/td><td>SEBEC-DRU<\/td><td>T\u00e9cnico<\/td><\/tr><tr><td>Maria Aparecida Teodoro dos Reis<\/td><td>8234<\/td><td>11859<\/td><td>10\/03\/2025<\/td><td>HU-DA-DSG<\/td><td>T\u00e9cnico<\/td><\/tr><tr><td>Helio Roman Molina<\/td><td>8236<\/td><td>11859<\/td><td>10\/03\/2025<\/td><td>PCU-DS-TRANS<\/td><td>T\u00e9cnico<\/td><\/tr><tr><td>Rosangela de Cassia Dias<\/td><td>8237<\/td><td>11859<\/td><td>10\/03\/2025<\/td><td>BC-DBS-SBS-CCS-HU<\/td><td>T\u00e9cnico<\/td><\/tr><tr><td>Edilson Luis de Oliveira <\/td><td>8073<\/td><td>11855<\/td><td>28\/02\/2025<\/td><td>CCE-DGEO<\/td><td>Docente<\/td><\/tr><tr><td>Edson Lopes Lavado<\/td><td>8074<\/td><td>11855<\/td><td>28\/02\/2025<\/td><td>CCS-FIST<\/td><td>Docente<\/td><\/tr><tr><td>Moacir de Souza<\/td><td>8114<\/td><td>11845<\/td><td>14\/02\/2025<\/td><td>HU-DA-DSG<\/td><td>T\u00e9cnico<\/td><\/tr><tr><td>Domingos Costa<\/td><td>8065<\/td><td>11842<\/td><td>11\/02\/2025<\/td><td>PCU-DOM-DM<\/td><td>T\u00e9cnico<\/td><\/tr><tr><td>Luis Artur Bernardes da Rosa<\/td><td>8017<\/td><td>11840<\/td><td>07\/02\/2025<\/td><td>CESA-ADM<\/td><td>Docente<\/td><\/tr><tr><td>Wagner Jos\u00e9 Silva Ursi<\/td><td>8026<\/td><td>11840<\/td><td>07\/02\/2025<\/td><td>CCS-ODO<\/td><td>Docente<\/td><\/tr><tr><td>Ana Maria Machado Cardoso<\/td><td>8025<\/td><td>11840<\/td><td>07\/02\/2025<\/td><td>SEBEC-DME<\/td><td>T\u00e9cnico<\/td><\/tr><tr><td>Joana D&#8217;Arc Alves de Lima<\/td><td>8034<\/td><td>11840<\/td><td>07\/02\/2025<\/td><td>HU-DE-DAT<\/td><td>T\u00e9cnico<\/td><\/tr><tr><td>Jos\u00e9 Severino<\/td><td>8033<\/td><td>11840<\/td><td>07\/02\/2025<\/td><td>HU-DC-DLAC<\/td><td>T\u00e9cnico<\/td><\/tr><tr><td>Silvana Silva<\/td><td>7896<\/td><td>11831<\/td><td>27\/01\/2025<\/td><td>HU-DE-DCC<\/td><td>T\u00e9cnico<\/td><\/tr><tr><td>Antonio Cesar Marson<\/td><td>7877<\/td><td>11830<\/td><td>24\/01\/2025<\/td><td>CCS-CIR<\/td><td>Docente<\/td><\/tr><tr><td>Regina Lucia de Moraes Coimbra<\/td><td>7878<\/td><td>11830<\/td><td>24\/01\/2025<\/td><td>CCS-MED<\/td><td>Docente<\/td><\/tr><tr><td>Maria Sueli da Silva<\/td><td>7869<\/td><td>11828<\/td><td>22\/01\/2025<\/td><td>HU-DA-GAAEHU<\/td><td>T\u00e9cnico<\/td><\/tr><tr><td>Neiva Aranda Lopes Butarello<\/td><td>7837<\/td><td>11826<\/td><td>20\/01\/2025<\/td><td>PROAF-DF-DCOC<\/td><td>T\u00e9cnico<\/td><\/tr><tr><td>Italmar Teodorico Navarro<\/td><td>7800<\/td><td>11824<\/td><td>16\/01\/2025<\/td><td>CCA-DMVP<\/td><td>Docente<\/td><\/tr><tr><td>Ney Carlos Reichert Netto<\/td><td>7801<\/td><td>11824<\/td><td>16\/01\/2025<\/td><td>CCA-VET<\/td><td>Docente<\/td><\/tr><tr><td>Valdirene Filomena Zorzo Veloso<\/td><td>7803<\/td><td>11824<\/td><td>16\/01\/2025<\/td><td>CCH-LEM<\/td><td>Docente<\/td><\/tr><tr><td>Abel Esteves Soares<\/td><td>7802<\/td><td>11824<\/td><td>16\/01\/2025<\/td><td>CCS-MED<\/td><td>Docente<\/td><\/tr><\/tbody><\/table><\/figure>\n","protected":false},"excerpt":{"rendered":"<p>Ordem de Data de Publica\u00e7\u00e3o no DIOE: NOME RESOLU\u00c7\u00c3O DIOE DATA DIOE LOTA\u00c7\u00c3O CATEGORIA Doraci Canauba Gon\u00e7alves 11293 12048 12\/12\/2025 RADE-SEC T\u00e9cnico Claudia Maria Dantas De Maio Carrilho 11292 12048 12\/12\/2025 CCS-MED Docente Maria Regina Monteiro Claviso 11209 12043 05\/12\/2025 CEFE-SEC T\u00e9cnico Marilda Aparecida dos Reis Noves 11211 12043 05\/12\/2025 PROPPG-DPG-DRA T\u00e9cnico Cristiano Gustavo Biazzo [&hellip;]<\/p>\n","protected":false},"author":6,"featured_media":0,"parent":0,"menu_order":0,"comment_status":"closed","ping_status":"closed","template":"","meta":{"_acf_changed":false,"_themeisle_gutenberg_block_has_review":false,"footnotes":""},"class_list":["post-2281","page","type-page","status-publish","hentry"],"acf":[],"_links":{"self":[{"href":"https:\/\/sites.uel.br\/prorh\/wp-json\/wp\/v2\/pages\/2281","targetHints":{"allow":["GET"]}}],"collection":[{"href":"https:\/\/sites.uel.br\/prorh\/wp-json\/wp\/v2\/pages"}],"about":[{"href":"https:\/\/sites.uel.br\/prorh\/wp-json\/wp\/v2\/types\/page"}],"author":[{"embeddable":true,"href":"https:\/\/sites.uel.br\/prorh\/wp-json\/wp\/v2\/users\/6"}],"replies":[{"embeddable":true,"href":"https:\/\/sites.uel.br\/prorh\/wp-json\/wp\/v2\/comments?post=2281"}],"version-history":[{"count":33,"href":"https:\/\/sites.uel.br\/prorh\/wp-json\/wp\/v2\/pages\/2281\/revisions"}],"predecessor-version":[{"id":2656,"href":"https:\/\/sites.uel.br\/prorh\/wp-json\/wp\/v2\/pages\/2281\/revisions\/2656"}],"wp:attachment":[{"href":"https:\/\/sites.uel.br\/prorh\/wp-json\/wp\/v2\/media?parent=2281"}],"curies":[{"name":"wp","href":"https:\/\/api.w.org\/{rel}","templated":true}]}}