{"id":1993,"date":"2024-05-16T14:57:48","date_gmt":"2024-05-16T17:57:48","guid":{"rendered":"https:\/\/sites.uel.br\/prorh\/?page_id=1993"},"modified":"2024-05-16T14:59:57","modified_gmt":"2024-05-16T17:59:57","slug":"credito-consignado","status":"publish","type":"page","link":"https:\/\/sites.uel.br\/prorh\/credito-consignado\/","title":{"rendered":"Cr\u00e9dito Consignado"},"content":{"rendered":"\n<p>Rela\u00e7\u00e3o das institui\u00e7\u00f5es financeiras e banc\u00e1rias aptas a atender as solicita\u00e7\u00f5es de cr\u00e9dito consignado ou portabilidade de contratos junto aos servidores da Uel:<\/p>\n\n\n\n<ul class=\"wp-block-list\">\n<li><strong>Banco Ita\u00fa:<\/strong> Contato direto nas ag\u00eancias;<\/li>\n<\/ul>\n\n\n\n<ul class=\"wp-block-list\">\n<li><strong>Caixa Econ\u00f4mica Federal:<\/strong> Correpondente Caixa Aqui Futura<\/li>\n\n\n\n<li>Atendimento das 8h as 18h &#8211; de segunda a sexta.<\/li>\n\n\n\n<li>Anna Julia Louren\u00e7o e Marina Oliveira<\/li>\n\n\n\n<li>Contatos: (43) 3357-2223, (43) 3337-2223, (43) 99993-5855 (celular\/whatsapp) ou (43) 99194-5924 (celular\/whatsapp)<\/li>\n\n\n\n<li>E-mail: <a href=\"mailto:caixaaquifutura@hotmail.com\">caixaaquifutura@hotmail.com<\/a><\/li>\n<\/ul>\n\n\n\n<ul class=\"wp-block-list\">\n<li><strong>Banco Bradesco: <\/strong>Contato direto nas ag\u00eancias<\/li>\n<\/ul>\n\n\n\n<ul class=\"wp-block-list\">\n<li><strong>Banco do Brasil:<\/strong> Contato nas ag\u00eancias ou pelo 4003-3001<\/li>\n<\/ul>\n\n\n\n<ul class=\"wp-block-list\">\n<li><strong>Sicoob Ouro Verde:<\/strong><\/li>\n\n\n\n<li>Falar com os atendentes de plant\u00e3o hor\u00e1rio segunda a sexta das 08:30 \u00e0s 17:30 horas<\/li>\n\n\n\n<li>Contatos: 0800 400 4300 ou Whatsapp (43) 3371-7200<\/li>\n\n\n\n<li>E-mails: <a href=\"mailto:nadiane.fernandes@sicoobouroverde.com.br\">nadiane.fernandes@sicoobouroverde.com.br<\/a>, <a href=\"mailto:tuany.alipio@sicoobouroverde.com.br\">tuany.alipio@sicoobouroverde.com.br<\/a>, <a href=\"mailto:ariadne.oliveira@sicoobouroverde.com.br\">ariadne.oliveira@sicoobouroverde.com.br<\/a><\/li>\n\n\n\n<li>Correspondentes: F\u00eanix (43) 3356-3060, Realizacred (43) 99623-1464<\/li>\n<\/ul>\n\n\n\n<ul class=\"wp-block-list\">\n<li><strong>Banco Senff<\/strong>:<\/li>\n\n\n\n<li>Atendimento feito das 09:00 as 18:00 de seg a sexta.<\/li>\n\n\n\n<li>Telefone: (41) 3218-1564<\/li>\n\n\n\n<li>E-mail: <a href=\"mailto:consignado@senff.com.br\">consignado@senff.com.br<\/a><\/li>\n\n\n\n<li><a href=\"https:\/\/www.senff.com.br\">https:\/\/www.senff.com.br<\/a><\/li>\n<\/ul>\n\n\n\n<ul class=\"wp-block-list\">\n<li><strong>Paran\u00e1 Banco<\/strong>:<\/li>\n\n\n\n<li>0800 645 6090<\/li>\n\n\n\n<li><a href=\"https:\/\/www.paranabanco.com.br\">https:\/\/www.paranabanco.com.br<\/a><\/li>\n<\/ul>\n\n\n\n<ul class=\"wp-block-list\">\n<li><strong>Banco Santander: <\/strong>Contato direto nas ag\u00eancias<\/li>\n<\/ul>\n\n\n\n<ul class=\"wp-block-list\">\n<li><strong>Alfa Financeira S\/A:<\/strong> <\/li>\n\n\n\n<li>SAC: 4004 0044 ou 0800 725 0044 ou Diretamente com Nath\u00e1lia Cardoso (44) 99122-4106<\/li>\n\n\n\n<li><a href=\"http:\/\/www.financeiraalfa.com.br\/\">http:\/\/www.financeiraalfa.com.br\/<\/a><\/li>\n\n\n\n<li><a href=\"mailto:nathalia.cardoso@financeiraalfa.com.br\">nathalia.cardoso@financeiraalfa.com.br<\/a><\/li>\n<\/ul>\n","protected":false},"excerpt":{"rendered":"<p>Rela\u00e7\u00e3o das institui\u00e7\u00f5es financeiras e banc\u00e1rias aptas a atender as solicita\u00e7\u00f5es de cr\u00e9dito consignado ou portabilidade de contratos junto aos servidores da Uel:<\/p>\n","protected":false},"author":6,"featured_media":0,"parent":0,"menu_order":0,"comment_status":"closed","ping_status":"closed","template":"","meta":{"_acf_changed":false,"_themeisle_gutenberg_block_has_review":false,"footnotes":""},"class_list":["post-1993","page","type-page","status-publish","hentry"],"acf":[],"_links":{"self":[{"href":"https:\/\/sites.uel.br\/prorh\/wp-json\/wp\/v2\/pages\/1993","targetHints":{"allow":["GET"]}}],"collection":[{"href":"https:\/\/sites.uel.br\/prorh\/wp-json\/wp\/v2\/pages"}],"about":[{"href":"https:\/\/sites.uel.br\/prorh\/wp-json\/wp\/v2\/types\/page"}],"author":[{"embeddable":true,"href":"https:\/\/sites.uel.br\/prorh\/wp-json\/wp\/v2\/users\/6"}],"replies":[{"embeddable":true,"href":"https:\/\/sites.uel.br\/prorh\/wp-json\/wp\/v2\/comments?post=1993"}],"version-history":[{"count":6,"href":"https:\/\/sites.uel.br\/prorh\/wp-json\/wp\/v2\/pages\/1993\/revisions"}],"predecessor-version":[{"id":2000,"href":"https:\/\/sites.uel.br\/prorh\/wp-json\/wp\/v2\/pages\/1993\/revisions\/2000"}],"wp:attachment":[{"href":"https:\/\/sites.uel.br\/prorh\/wp-json\/wp\/v2\/media?parent=1993"}],"curies":[{"name":"wp","href":"https:\/\/api.w.org\/{rel}","templated":true}]}}