{"id":1792,"date":"2024-04-16T08:37:40","date_gmt":"2024-04-16T11:37:40","guid":{"rendered":"https:\/\/sites.uel.br\/prorh\/?page_id=1792"},"modified":"2024-04-16T08:37:40","modified_gmt":"2024-04-16T11:37:40","slug":"prorh-processo-seletivo-simplificado-038-2022","status":"publish","type":"page","link":"https:\/\/sites.uel.br\/prorh\/prorh-processo-seletivo-simplificado-038-2022\/","title":{"rendered":"PRORH &#8211; Processo Seletivo Simplificado 038\/2022"},"content":{"rendered":"\n<table class=\"editais-table\" width=\"100%\" cellspacing=\"0\" cellpadding=\"0\" border=\"1\">\n    <thead>\n        <tr>\n            <th>ATIVIDADES<\/th>\n            <th>DATA\/PER\u00cdODO DE PUBLICA\u00c7\u00c3O NESTE SITE<\/th>\n        <\/tr>\n    <\/thead>\n    <tbody>\n        <tr>\n            <td>\n\t\t\t\t\t\t\t\t&nbsp;<img loading=\"lazy\" decoding=\"async\" src=\"https:\/\/sites.uel.br\/prorh\/wp-content\/uploads\/PSS\/img\/padrao\/px_6AC335_green.gif\" width=\"7\" height=\"7\">\n                <a href=\"http:\/\/www.uel.br\/prorh\/selecao\/pss\/2022\/038\/038_2022_abert.pdf\" target=\"_blank\" rel=\"noopener\">\n                    Edital do Processo Seletivo Simplificado PRORH n\u00ba 038\/2022\n                <\/a>\n            <\/td>\n            <td align=\"center\">26\/04\/2022 &#8211; 08h00m<\/td>\n        <\/tr>\n\t\t\t<tr> \n\t\t\t    <td>\n\t\t\t\t\t&nbsp;<img loading=\"lazy\" decoding=\"async\" src=\"https:\/\/sites.uel.br\/prorh\/wp-content\/uploads\/PSS\/img\/padrao\/px_6AC335_green.gif\" width=\"7\" height=\"7\">\n\t\t\t\t\t<a href=\"https:\/\/sites.uel.br\/prorh\/wp-content\/uploads\/PSS\/054_2022_homol.pdf\" class=\"Glink\" target=\"_blank\" rel=\"noopener\"> Edital PRORH n\u00ba 054\/2022 &#8211; Homologa\u00e7\u00e3o de Inscri\u00e7\u00f5es <\/a>\t\t\t\t<\/td>\n\t\t\t\t<td align=\"center\">\n\t\t\t\t\t01\/06\/2022&nbsp;&#8211;&nbsp;17h00m\t\t\t\t<\/td>\n            <\/tr>\t\t\t\n\t\t\t\n\t\t\t<tr> \n\t\t\t<td>\t\t\t\t\t\n\t\t\t\t&nbsp;<br>\n\t\t\t\t&nbsp;<img loading=\"lazy\" decoding=\"async\" src=\"https:\/\/sites.uel.br\/prorh\/wp-content\/uploads\/PSS\/img\/padrao\/px_6AC335_green.gif\" width=\"7\" height=\"7\">\n\t\t\t\t<a href=\"https:\/\/sites.uel.br\/prorh\/wp-content\/uploads\/PSS\/057_2022_aditivo.pdf\" class=\"Glink\" target=\"_blank\" rel=\"noopener\"> Edital PRORH n\u00ba 057\/2022 &#8211; Aditivo do Edital PRORH n\u00ba 054\/2022 &#8211; Homologa\u00e7\u00e3o de Inscri\u00e7\u00f5es <\/a>\n\t\t\t\t<br>&nbsp;\n\t\t\t<\/td>\n\t\t\t<td align=\"center\">\n\t\t\t\t08\/06\/2022\n\t\t\t<\/td>\n\t\t<\/tr>\t\n\t\t\t<tr> \n\t\t\t    <td>\n\t\t\t\t\t&nbsp;<img loading=\"lazy\" decoding=\"async\" src=\"https:\/\/sites.uel.br\/prorh\/wp-content\/uploads\/PSS\/img\/padrao\/px_6AC335_green.gif\" width=\"7\" height=\"7\"><a href=\"https:\/\/sites.uel.br\/prorh\/wp-content\/uploads\/PSS\/064_2022_result.pdf\" class=\"Glink\" target=\"_blank\" rel=\"noopener\"> Edital PRORH n\u00ba 064\/2022 &#8211; Resultado Final<\/a>  \n\t\t\t\t<\/td>\n\t\t\t\t<td align=\"center\">\n\t\t\t\t\t30\/06\/2022&nbsp;&#8211;&nbsp;17h00m\t\t\t\t<\/td>\n            <\/tr>\t\n\t\t\t\n\t\t<tr> \n\t\t\t\t<td align=\"Justify\">\t\t\t\t\t\n\t\t\t\t\t&nbsp;<br>\n\t\t\t\t\t&nbsp;<img loading=\"lazy\" decoding=\"async\" src=\"https:\/\/sites.uel.br\/prorh\/wp-content\/uploads\/PSS\/img\/padrao\/px_6AC335_green.gif\" width=\"7\" height=\"7\">\n\t\t\t\t\t<a href=\"https:\/\/sites.uel.br\/prorh\/wp-content\/uploads\/PSS\/066_2022_homolres.pdf\" class=\"Glink\" target=\"_blank\" rel=\"noopener\"> Edital PRORH n\u00ba 066\/2022 &#8211; Homologa\u00e7\u00e3o de resultado final do Processo Seletivo Simplificado.<\/a>\n\t\t\t\t\t<br>&nbsp;\n                <\/td>\n                <td align=\"center\">\n                    05\/07\/2022\n                <\/td>\n\t\t<\/tr>\t\t\t\t\n\t\t\n\t \n\t\t\n        <tr><td>\t  &nbsp;<img loading=\"lazy\" decoding=\"async\" src=\"https:\/\/sites.uel.br\/prorh\/wp-content\/uploads\/PSS\/img\/padrao\/px_6AC335_green.gif\" width=\"7\" height=\"7\">    <a href=\"https:\/\/sites.uel.br\/prorh\/wp-content\/uploads\/PSS\/067_2022_amplia.pdf\" class=\"Glink\" target=\"_blank\" rel=\"noopener\"> Edital de Amplia\u00e7\u00e3o de Vagas n\u00ba 067\/2022<\/a><\/td><td align=\"center\">06\/07\/2022<\/td><\/tr><tr><td>\t  &nbsp;<img loading=\"lazy\" decoding=\"async\" src=\"https:\/\/sites.uel.br\/prorh\/wp-content\/uploads\/PSS\/img\/padrao\/px_6AC335_green.gif\" width=\"7\" height=\"7\">    <a href=\"https:\/\/sites.uel.br\/prorh\/wp-content\/uploads\/PSS\/068_2022_convoca.pdf\" class=\"Glink\" target=\"_blank\" rel=\"noopener\"> Edital de Convoca\u00e7\u00e3o n\u00ba 068\/2022<\/a><\/td><td align=\"center\">06\/07\/2022<\/td><\/tr><tr><td>\t  &nbsp;<img loading=\"lazy\" decoding=\"async\" src=\"https:\/\/sites.uel.br\/prorh\/wp-content\/uploads\/PSS\/img\/padrao\/px_6AC335_green.gif\" width=\"7\" height=\"7\">    <a href=\"https:\/\/sites.uel.br\/prorh\/wp-content\/uploads\/PSS\/070_2022_amplia.pdf\" class=\"Glink\" target=\"_blank\" rel=\"noopener\"> Edital de Amplia\u00e7\u00e3o de Vagas n\u00ba 070\/2022<\/a><\/td><td align=\"center\">15\/07\/2022<\/td><\/tr><tr><td>\t  &nbsp;<img loading=\"lazy\" decoding=\"async\" src=\"https:\/\/sites.uel.br\/prorh\/wp-content\/uploads\/PSS\/img\/padrao\/px_6AC335_green.gif\" width=\"7\" height=\"7\">    <a href=\"https:\/\/sites.uel.br\/prorh\/wp-content\/uploads\/PSS\/071_2022_convoca.pdf\" class=\"Glink\" target=\"_blank\" rel=\"noopener\"> Edital de Convoca\u00e7\u00e3o n\u00ba 071\/2022<\/a><\/td><td align=\"center\">15\/07\/2022<\/td><\/tr><tr><td>\t  &nbsp;<img loading=\"lazy\" decoding=\"async\" src=\"https:\/\/sites.uel.br\/prorh\/wp-content\/uploads\/PSS\/img\/padrao\/px_6AC335_green.gif\" width=\"7\" height=\"7\">    <a href=\"https:\/\/sites.uel.br\/prorh\/wp-content\/uploads\/PSS\/147_2022_amplia.pdf\" class=\"Glink\" target=\"_blank\" rel=\"noopener\"> Edital de Amplia\u00e7\u00e3o de Vagas n\u00ba 147\/2022<\/a><\/td><td align=\"center\">09\/12\/2022<\/td><\/tr><tr><td>\t  &nbsp;<img loading=\"lazy\" decoding=\"async\" src=\"https:\/\/sites.uel.br\/prorh\/wp-content\/uploads\/PSS\/img\/padrao\/px_6AC335_green.gif\" width=\"7\" height=\"7\">    <a href=\"https:\/\/sites.uel.br\/prorh\/wp-content\/uploads\/PSS\/148_2022_convoca.pdf\" class=\"Glink\" target=\"_blank\" rel=\"noopener\"> Edital de Convoca\u00e7\u00e3o n\u00ba 148\/2022<\/a><\/td><td align=\"center\">09\/12\/2022<\/td><\/tr><tr><td>\t  &nbsp;<img loading=\"lazy\" decoding=\"async\" src=\"https:\/\/sites.uel.br\/prorh\/wp-content\/uploads\/PSS\/img\/padrao\/px_6AC335_green.gif\" width=\"7\" height=\"7\">    <a href=\"https:\/\/sites.uel.br\/prorh\/wp-content\/uploads\/PSS\/002_2023_amplia.pdf\" class=\"Glink\" target=\"_blank\" rel=\"noopener\"> Edital de Amplia\u00e7\u00e3o de Vagas n\u00ba 002\/2023<\/a><\/td><td align=\"center\">12\/01\/2023<\/td><\/tr><tr><td>\t  &nbsp;<img loading=\"lazy\" decoding=\"async\" src=\"https:\/\/sites.uel.br\/prorh\/wp-content\/uploads\/PSS\/img\/padrao\/px_6AC335_green.gif\" width=\"7\" height=\"7\">    <a href=\"https:\/\/sites.uel.br\/prorh\/wp-content\/uploads\/PSS\/003_2023_convoca.pdf\" class=\"Glink\" target=\"_blank\" rel=\"noopener\"> Edital de Convoca\u00e7\u00e3o n\u00ba 003\/2023<\/a><\/td><td align=\"center\">12\/01\/2023<\/td><\/tr><tr><td>\t  &nbsp;<img loading=\"lazy\" decoding=\"async\" src=\"https:\/\/sites.uel.br\/prorh\/wp-content\/uploads\/PSS\/img\/padrao\/px_6AC335_green.gif\" width=\"7\" height=\"7\">    <a href=\"https:\/\/sites.uel.br\/prorh\/wp-content\/uploads\/PSS\/039_2023_amplia.pdf\" class=\"Glink\" target=\"_blank\" rel=\"noopener\"> Edital de Amplia\u00e7\u00e3o de Vagas n\u00ba 039\/2023<\/a><\/td><td align=\"center\">09\/03\/2023<\/td><\/tr><tr><td>\t  &nbsp;<img loading=\"lazy\" decoding=\"async\" src=\"https:\/\/sites.uel.br\/prorh\/wp-content\/uploads\/PSS\/img\/padrao\/px_6AC335_green.gif\" width=\"7\" height=\"7\">    <a href=\"https:\/\/sites.uel.br\/prorh\/wp-content\/uploads\/PSS\/040_2023_convoca.pdf\" class=\"Glink\" target=\"_blank\" rel=\"noopener\"> Edital de Convoca\u00e7\u00e3o n\u00ba 040\/2023<\/a><\/td><td align=\"center\">09\/03\/2023<\/td><\/tr><tr><td>\t  &nbsp;<img loading=\"lazy\" decoding=\"async\" src=\"https:\/\/sites.uel.br\/prorh\/wp-content\/uploads\/PSS\/img\/padrao\/px_6AC335_green.gif\" width=\"7\" height=\"7\">    <a href=\"https:\/\/sites.uel.br\/prorh\/wp-content\/uploads\/PSS\/045_2023_amplia.pdf\" class=\"Glink\" target=\"_blank\" rel=\"noopener\"> Edital de Amplia\u00e7\u00e3o de Vagas n\u00ba 045\/2023<\/a><\/td><td align=\"center\">30\/03\/2023<\/td><\/tr><tr><td>\t  &nbsp;<img loading=\"lazy\" decoding=\"async\" src=\"https:\/\/sites.uel.br\/prorh\/wp-content\/uploads\/PSS\/img\/padrao\/px_6AC335_green.gif\" width=\"7\" height=\"7\">    <a href=\"https:\/\/sites.uel.br\/prorh\/wp-content\/uploads\/PSS\/046_2023_convoca.pdf\" class=\"Glink\" target=\"_blank\" rel=\"noopener\"> Edital de Convoca\u00e7\u00e3o n\u00ba 046\/2023<\/a><\/td><td align=\"center\">30\/03\/2023<\/td><\/tr><tr><td>\t  &nbsp;<img loading=\"lazy\" decoding=\"async\" src=\"https:\/\/sites.uel.br\/prorh\/wp-content\/uploads\/PSS\/img\/padrao\/px_6AC335_green.gif\" width=\"7\" height=\"7\">    <a href=\"https:\/\/sites.uel.br\/prorh\/wp-content\/uploads\/PSS\/089_2023_amplia.pdf\" class=\"Glink\" target=\"_blank\" rel=\"noopener\"> Edital de Amplia\u00e7\u00e3o de Vagas n\u00ba 089\/2023<\/a><\/td><td align=\"center\">27\/06\/2023<\/td><\/tr><tr><td>\t  &nbsp;<img loading=\"lazy\" decoding=\"async\" src=\"https:\/\/sites.uel.br\/prorh\/wp-content\/uploads\/PSS\/img\/padrao\/px_6AC335_green.gif\" width=\"7\" height=\"7\">    <a href=\"https:\/\/sites.uel.br\/prorh\/wp-content\/uploads\/PSS\/090_2023_convoca.pdf\" class=\"Glink\" target=\"_blank\" rel=\"noopener\"> Edital de Convoca\u00e7\u00e3o n\u00ba 090\/2023<\/a><\/td><td align=\"center\">27\/06\/2023<\/td><\/tr><tr><td>\t  &nbsp;<img loading=\"lazy\" decoding=\"async\" src=\"https:\/\/sites.uel.br\/prorh\/wp-content\/uploads\/PSS\/img\/padrao\/px_6AC335_green.gif\" width=\"7\" height=\"7\">    <a href=\"https:\/\/sites.uel.br\/prorh\/wp-content\/uploads\/PSS\/096_2023_amplia.pdf\" class=\"Glink\" target=\"_blank\" rel=\"noopener\"> Edital de Amplia\u00e7\u00e3o de Vagas n\u00ba 096\/2023<\/a><\/td><td align=\"center\">21\/07\/2023<\/td><\/tr><tr><td>\t  &nbsp;<img loading=\"lazy\" decoding=\"async\" src=\"https:\/\/sites.uel.br\/prorh\/wp-content\/uploads\/PSS\/img\/padrao\/px_6AC335_green.gif\" width=\"7\" height=\"7\">    <a href=\"https:\/\/sites.uel.br\/prorh\/wp-content\/uploads\/PSS\/097_2023_convoca.pdf\" class=\"Glink\" target=\"_blank\" rel=\"noopener\"> Edital de Convoca\u00e7\u00e3o n\u00ba 097\/2023<\/a><\/td><td align=\"center\">21\/07\/2023<\/td><\/tr><tr><td>\t  &nbsp;<img loading=\"lazy\" decoding=\"async\" src=\"https:\/\/sites.uel.br\/prorh\/wp-content\/uploads\/PSS\/img\/padrao\/px_6AC335_green.gif\" width=\"7\" height=\"7\">    <a href=\"https:\/\/sites.uel.br\/prorh\/wp-content\/uploads\/PSS\/104_2023_amplia.pdf\" class=\"Glink\" target=\"_blank\" rel=\"noopener\"> Edital de Amplia\u00e7\u00e3o de Vagas n\u00ba 104\/2023<\/a><\/td><td align=\"center\">11\/08\/2023<\/td><\/tr><tr><td>\t  &nbsp;<img loading=\"lazy\" decoding=\"async\" src=\"https:\/\/sites.uel.br\/prorh\/wp-content\/uploads\/PSS\/img\/padrao\/px_6AC335_green.gif\" width=\"7\" height=\"7\">    <a href=\"https:\/\/sites.uel.br\/prorh\/wp-content\/uploads\/PSS\/105_2023_convoca.pdf\" class=\"Glink\" target=\"_blank\" rel=\"noopener\"> Edital de Convoca\u00e7\u00e3o n\u00ba 105\/2023<\/a><\/td><td align=\"center\">11\/08\/2023<\/td><\/tr>\t\t\t\t\n\t\t\n            <\/tbody><\/table>\n                                <br>\n                                <table cellspacing=\"10\" cellpadding=\"0\">\n                                    <tbody><tr>\n                                        <td bgcolor=\"#B0AEAE\">\n                                            &nbsp;&nbsp;&nbsp;\n                                        <\/td>\n                                        <td>\n                                            Conclu\u00eddo &nbsp;&nbsp;&nbsp;&nbsp;&nbsp;\n                                        <\/td>\n                                        <td bgcolor=\"#6AC335\">\n                                            &nbsp;&nbsp;&nbsp;\n                                        <\/td>\n                                        <td>\n                                            Em andamento&nbsp;&nbsp;&nbsp;&nbsp;&nbsp;\n                                        <\/td>\n                                        <td bgcolor=\"#F86E6E\">\n                                            &nbsp;&nbsp;&nbsp;\n                                        <\/td>\n                                        <td>\n                                            Aguardando&nbsp;&nbsp;&nbsp;&nbsp;&nbsp;\n                                        <\/td>\n                                    <\/tr>\n                                <\/tbody><\/table>\n                            <\/td>\n","protected":false},"excerpt":{"rendered":"<p>ATIVIDADES DATA\/PER\u00cdODO DE PUBLICA\u00c7\u00c3O NESTE SITE &nbsp; Edital do Processo Seletivo Simplificado PRORH n\u00ba 038\/2022 26\/04\/2022 &#8211; 08h00m &nbsp; Edital PRORH n\u00ba 054\/2022 &#8211; Homologa\u00e7\u00e3o de Inscri\u00e7\u00f5es 01\/06\/2022&nbsp;&#8211;&nbsp;17h00m &nbsp; &nbsp; Edital PRORH n\u00ba 057\/2022 &#8211; Aditivo do Edital PRORH n\u00ba 054\/2022 &#8211; Homologa\u00e7\u00e3o de Inscri\u00e7\u00f5es &nbsp; 08\/06\/2022 &nbsp; Edital PRORH n\u00ba 064\/2022 &#8211; Resultado Final [&hellip;]<\/p>\n","protected":false},"author":6,"featured_media":0,"parent":0,"menu_order":0,"comment_status":"closed","ping_status":"closed","template":"","meta":{"_acf_changed":false,"_themeisle_gutenberg_block_has_review":false,"footnotes":""},"class_list":["post-1792","page","type-page","status-publish","hentry"],"acf":[],"_links":{"self":[{"href":"https:\/\/sites.uel.br\/prorh\/wp-json\/wp\/v2\/pages\/1792","targetHints":{"allow":["GET"]}}],"collection":[{"href":"https:\/\/sites.uel.br\/prorh\/wp-json\/wp\/v2\/pages"}],"about":[{"href":"https:\/\/sites.uel.br\/prorh\/wp-json\/wp\/v2\/types\/page"}],"author":[{"embeddable":true,"href":"https:\/\/sites.uel.br\/prorh\/wp-json\/wp\/v2\/users\/6"}],"replies":[{"embeddable":true,"href":"https:\/\/sites.uel.br\/prorh\/wp-json\/wp\/v2\/comments?post=1792"}],"version-history":[{"count":10,"href":"https:\/\/sites.uel.br\/prorh\/wp-json\/wp\/v2\/pages\/1792\/revisions"}],"predecessor-version":[{"id":1821,"href":"https:\/\/sites.uel.br\/prorh\/wp-json\/wp\/v2\/pages\/1792\/revisions\/1821"}],"wp:attachment":[{"href":"https:\/\/sites.uel.br\/prorh\/wp-json\/wp\/v2\/media?parent=1792"}],"curies":[{"name":"wp","href":"https:\/\/api.w.org\/{rel}","templated":true}]}}