{"id":160,"date":"2023-03-30T15:08:09","date_gmt":"2023-03-30T18:08:09","guid":{"rendered":"https:\/\/sites.uel.br\/prorh\/?page_id=160"},"modified":"2024-08-21T15:49:12","modified_gmt":"2024-08-21T18:49:12","slug":"canais-de-atendimento","status":"publish","type":"page","link":"https:\/\/sites.uel.br\/prorh\/canais-de-atendimento\/","title":{"rendered":"Canais de Atendimento"},"content":{"rendered":"\n<div style=\"height:10px\" aria-hidden=\"true\" class=\"wp-block-spacer\"><\/div>\n\n\n\n<h2 class=\"wp-block-heading\">Atendimento Presencial<\/h2>\n\n\n\n<div class=\"wp-block-columns is-layout-flex wp-container-core-columns-is-layout-9d6595d7 wp-block-columns-is-layout-flex\">\n<div class=\"wp-block-column is-layout-flow wp-block-column-is-layout-flow\" style=\"flex-basis:350px\">\n<p><strong>Dias da semana: <\/strong><br>Segunda \u00e0 Sexta <\/p>\n\n\n\n<p><strong>Hor\u00e1rios:<\/strong><br><strong> <\/strong>08h00 \u00e0s 11h30<br>14h00 \u00e0s 17h00<\/p>\n\n\n\n<p><strong>Local:<\/strong><br>Pr\u00f3-Reitoria de Recursos Humanos (PRORH)<\/p>\n\n\n\n<p><strong>E-mail:<\/strong> <br><a href=\"mailto:seprorh@uel.br\">seprorh@uel.br<\/a><\/p>\n\n\n\n<p><strong>Telefone:<\/strong>(43) 3371-4382<\/p>\n<\/div>\n\n\n\n<div class=\"wp-block-column is-layout-flow wp-block-column-is-layout-flow\">\n<iframe src=\"https:\/\/www.google.com\/maps\/embed?pb=!1m18!1m12!1m3!1d10666.090027460265!2d-51.2019827385643!3d-23.32745372067189!2m3!1f0!2f0!3f0!3m2!1i1024!2i768!4f13.1!3m3!1m2!1s0x94eb5ca41c9a9f9f%3A0xd71e31ec8f150eaf!2sPRORH%20-%20Pr%C3%B3-Reitoria%20de%20Recursos%20Humanos!5e0!3m2!1spt-BR!2sbr!4v1698253213034!5m2!1spt-BR!2sbr\" width=\"600\" height=\"450\" style=\"border:0;\" allowfullscreen=\"\" loading=\"lazy\" referrerpolicy=\"no-referrer-when-downgrade\"><\/iframe>\n<\/div>\n<\/div>\n\n\n\n<h2 class=\"wp-block-heading\">Atendimento Especializado <\/h2>\n\n\n\n<h4 class=\"wp-block-heading\" style=\"font-size:25px\"><strong>Diretoria de Sele\u00e7\u00e3o e Desenvolvimento<\/strong><\/h4>\n\n\n\n<p><a href=\"mailto:dsdeprorh@uel.br\">dsdeprorh@uel.br<\/a> <strong>  &nbsp;<\/strong><br>(43) 3371-4332  <\/p>\n\n\n\n<div style=\"height:20px\" aria-hidden=\"true\" class=\"wp-block-spacer\"><\/div>\n\n\n\n<div class=\"wp-block-columns is-layout-flex wp-container-core-columns-is-layout-9d6595d7 wp-block-columns-is-layout-flex\">\n<div class=\"wp-block-column is-layout-flow wp-block-column-is-layout-flow\">\n<h4 class=\"wp-block-heading\"><strong>Divis\u00e3o de Recrutamento e Sele\u00e7\u00e3o<\/strong><\/h4>\n\n\n\n<p><a href=\"mailto:drsprorh@uel.br\">drsprorh@uel.br<\/a> <br>(43) 3371-4272<\/p>\n<\/div>\n\n\n\n<div class=\"wp-block-column is-layout-flow wp-block-column-is-layout-flow\">\n<h4 class=\"wp-block-heading\"><strong>Divis\u00e3o de Acompanhamento e Treinamento<\/strong><\/h4>\n\n\n\n<p><a href=\"mailto:treinamentoprorh@uel.br\">treinamentoprorh@uel.br<\/a>     <br>(43) 3371-4312<\/p>\n<\/div>\n\n\n\n<div class=\"wp-block-column is-layout-flow wp-block-column-is-layout-flow\">\n<h4 class=\"wp-block-heading\">Divis\u00e3o de Cargos e Sal\u00e1rios<\/h4>\n\n\n\n<p><a href=\"mailto:dcsprorh@uel.br\">dcsprorh@uel.br<\/a> <br>(43) 3371-4372<\/p>\n<\/div>\n<\/div>\n\n\n\n<div class=\"wp-block-columns is-layout-flex wp-container-core-columns-is-layout-9d6595d7 wp-block-columns-is-layout-flex\">\n<div class=\"wp-block-column is-layout-flow wp-block-column-is-layout-flow\">\n<h4 class=\"wp-block-heading\">Divis\u00e3o de <strong>Sele\u00e7\u00e3o e Avalia\u00e7\u00e3o de Docentes<\/strong><\/h4>\n\n\n\n<p><a href=\"mailto:dsdprorh@uel.br\">dsdprorh@uel.br<\/a><br>(43) 3371-4302<\/p>\n<\/div>\n\n\n\n<div class=\"wp-block-column is-layout-flow wp-block-column-is-layout-flow\">\n<h4 class=\"wp-block-heading\"><strong>Divis\u00e3o de Capacita\u00e7\u00e3o Docente e T\u00e9cnica<\/strong><\/h4>\n\n\n\n<p><a href=\"mailto:dcdtprorh@uel.br\">dcdtprorh@uel.br<\/a><br>(43) 3371-4106<\/p>\n<\/div>\n\n\n\n<div class=\"wp-block-column is-layout-flow wp-block-column-is-layout-flow\">\n<h4 class=\"wp-block-heading\"><\/h4>\n\n\n\n<div style=\"height:20px\" aria-hidden=\"true\" class=\"wp-block-spacer\"><\/div>\n<\/div>\n<\/div>\n\n\n\n<hr class=\"wp-block-separator has-alpha-channel-opacity is-style-wide\"\/>\n\n\n\n<h4 class=\"wp-block-heading\" style=\"font-size:25px\">Diretoria de Registro, Remunera\u00e7\u00e3o e Benef\u00edcio<\/h4>\n\n\n\n<p><a href=\"mailto:drrbprorh@uel.br\">drrbprorh@uel.br<\/a>  <br>(43) 3371-4362<\/p>\n\n\n\n<div style=\"height:20px\" aria-hidden=\"true\" class=\"wp-block-spacer\"><\/div>\n\n\n\n<div class=\"wp-block-columns is-layout-flex wp-container-core-columns-is-layout-9d6595d7 wp-block-columns-is-layout-flex\">\n<div class=\"wp-block-column is-layout-flow wp-block-column-is-layout-flow\">\n<h4 class=\"wp-block-heading\">Divis\u00e3o de Registro<\/h4>\n\n\n\n<p><a href=\"mailto:drprorh@uel.br\">drprorh@uel.br<\/a><br>(43) 3371-4232\/4242\/4352<\/p>\n<\/div>\n\n\n\n<div class=\"wp-block-column is-layout-flow wp-block-column-is-layout-flow\">\n<h4 class=\"wp-block-heading\">Divis\u00e3o de Pagamento<\/h4>\n\n\n\n<p><a href=\"mailto:dpprorh@uel.br\">dpprorh@uel.br<\/a><br>(43) 3371-4262\/4282<\/p>\n<\/div>\n\n\n\n<div class=\"wp-block-column is-layout-flow wp-block-column-is-layout-flow\">\n<h4 class=\"wp-block-heading\"><strong>Divis\u00e3o de Documenta\u00e7\u00e3o de Docentes<\/strong><\/h4>\n\n\n\n<p><a href=\"mailto:dddprorh@uel.br\">dddprorh@uel.br<\/a><br>(43) 3371-4342<\/p>\n<\/div>\n<\/div>\n\n\n\n<div style=\"height:20px\" aria-hidden=\"true\" class=\"wp-block-spacer\"><\/div>\n\n\n\n<div class=\"wp-block-columns is-layout-flex wp-container-core-columns-is-layout-9d6595d7 wp-block-columns-is-layout-flex\">\n<div class=\"wp-block-column is-layout-flow wp-block-column-is-layout-flow\">\n<h4 class=\"wp-block-heading\"><strong>Divis\u00e3o de Aposentadoria e Benef\u00edcios<\/strong><\/h4>\n\n\n\n<p><a href=\"mailto:prorhdab@uel.br\">prorhdab@uel.br<\/a> <br>(43) 3371-5520<\/p>\n<\/div>\n\n\n\n<div class=\"wp-block-column is-layout-flow wp-block-column-is-layout-flow\"><\/div>\n\n\n\n<div class=\"wp-block-column is-layout-flow wp-block-column-is-layout-flow\">\n<h4 class=\"wp-block-heading\"><\/h4>\n<\/div>\n<\/div>\n\n\n\n<div style=\"height:20px\" aria-hidden=\"true\" class=\"wp-block-spacer\"><\/div>\n\n\n\n<div class=\"wp-block-group\"><div class=\"wp-block-group__inner-container is-layout-constrained wp-block-group-is-layout-constrained\">\n<hr class=\"wp-block-separator has-alpha-channel-opacity is-style-wide\"\/>\n<\/div><\/div>\n\n\n\n<h4 class=\"wp-block-heading is-style-default\"><strong>Servi\u00e7o de Apoio T\u00e9cnico<\/strong><\/h4>\n\n\n\n<p><a href=\"mailto:satprorh@uel.br\">satprorh@uel.br<\/a><br>(43) 3371-4202<\/p>\n\n\n\n<hr class=\"wp-block-separator has-alpha-channel-opacity is-style-wide\"\/>\n\n\n\n<h4 class=\"wp-block-heading\"><strong>Divis\u00e3o de Arquivo e Microfilmagem<\/strong><\/h4>\n\n\n\n<p><a href=\"mailto:damprorh@uel.br\">damprorh@uel.br<\/a> <br>(43) 3371-4416<\/p>\n\n\n\n<div class=\"wp-block-group\"><div class=\"wp-block-group__inner-container is-layout-constrained wp-block-group-is-layout-constrained\">\n<hr class=\"wp-block-separator has-alpha-channel-opacity is-style-wide\"\/>\n<\/div><\/div>\n\n\n\n<p>N\u00e3o encontrou o que procurava? Acesse a p\u00e1gina da PRORH na <a href=\"https:\/\/sites.uel.br\/proplan\/lista-telefonica-da-uel\/\" target=\"_blank\" rel=\"noreferrer noopener\">Lista Telef\u00f4nica da UEL<\/a>.<\/p>\n\n\n\n<p><\/p>\n","protected":false},"excerpt":{"rendered":"<p>Atendimento Presencial Dias da semana: Segunda \u00e0 Sexta Hor\u00e1rios: 08h00 \u00e0s 11h3014h00 \u00e0s 17h00 Local:Pr\u00f3-Reitoria de Recursos Humanos (PRORH) E-mail: seprorh@uel.br Telefone:(43) 3371-4382 Atendimento Especializado Diretoria de Sele\u00e7\u00e3o e Desenvolvimento dsdeprorh@uel.br &nbsp;(43) 3371-4332 Divis\u00e3o de Recrutamento e Sele\u00e7\u00e3o drsprorh@uel.br (43) 3371-4272 Divis\u00e3o de Acompanhamento e Treinamento treinamentoprorh@uel.br (43) 3371-4312 Divis\u00e3o de Cargos e Sal\u00e1rios dcsprorh@uel.br [&hellip;]<\/p>\n","protected":false},"author":2,"featured_media":0,"parent":0,"menu_order":0,"comment_status":"closed","ping_status":"closed","template":"","meta":{"_acf_changed":false,"_themeisle_gutenberg_block_has_review":false,"footnotes":""},"class_list":["post-160","page","type-page","status-publish","hentry"],"acf":[],"_links":{"self":[{"href":"https:\/\/sites.uel.br\/prorh\/wp-json\/wp\/v2\/pages\/160","targetHints":{"allow":["GET"]}}],"collection":[{"href":"https:\/\/sites.uel.br\/prorh\/wp-json\/wp\/v2\/pages"}],"about":[{"href":"https:\/\/sites.uel.br\/prorh\/wp-json\/wp\/v2\/types\/page"}],"author":[{"embeddable":true,"href":"https:\/\/sites.uel.br\/prorh\/wp-json\/wp\/v2\/users\/2"}],"replies":[{"embeddable":true,"href":"https:\/\/sites.uel.br\/prorh\/wp-json\/wp\/v2\/comments?post=160"}],"version-history":[{"count":83,"href":"https:\/\/sites.uel.br\/prorh\/wp-json\/wp\/v2\/pages\/160\/revisions"}],"predecessor-version":[{"id":2132,"href":"https:\/\/sites.uel.br\/prorh\/wp-json\/wp\/v2\/pages\/160\/revisions\/2132"}],"wp:attachment":[{"href":"https:\/\/sites.uel.br\/prorh\/wp-json\/wp\/v2\/media?parent=160"}],"curies":[{"name":"wp","href":"https:\/\/api.w.org\/{rel}","templated":true}]}}