{"id":109,"date":"2023-03-17T08:57:16","date_gmt":"2023-03-17T11:57:16","guid":{"rendered":"https:\/\/sites.uel.br\/prorh\/?page_id=109"},"modified":"2025-12-16T15:32:44","modified_gmt":"2025-12-16T18:32:44","slug":"calendario-administrativo","status":"publish","type":"page","link":"https:\/\/sites.uel.br\/prorh\/calendario-administrativo\/","title":{"rendered":"Calend\u00e1rio Administrativo"},"content":{"rendered":"\n<div style=\"height:20px\" aria-hidden=\"true\" class=\"wp-block-spacer\"><\/div>\n\n\n\n<p><strong>Ato Executivo n\u00ba 076\/2025<\/strong><br><br>Estabelece o Calend\u00e1rio Administrativo para o <strong>ano de 2026<\/strong>.<\/p>\n\n\n\n<div data-wp-interactive=\"core\/file\" class=\"wp-block-file\"><object data-wp-bind--hidden=\"!state.hasPdfPreview\" hidden class=\"wp-block-file__embed\" data=\"https:\/\/sites.uel.br\/prorh\/wp-content\/uploads\/2025\/11\/Calendario2026.pdf\" type=\"application\/pdf\" style=\"width:100%;height:600px\" aria-label=\"Incorporado de ATO EXECUTIVO N. 076\/2025.\"><\/object><a>ATO EXECUTIVO N. 076\/2025<\/a><a href=\"https:\/\/sites.uel.br\/prorh\/wp-content\/uploads\/2025\/11\/Calendario2026.pdf\" class=\"wp-block-file__button wp-element-button\" download>Baixar<\/a><\/div>\n\n\n\n<p><strong>Resolu\u00e7\u00e3o n\u00ba 078\/2024<\/strong><br><br>Estabelece o calend\u00e1rio administrativo para o <strong>ano de 2025<\/strong>.<\/p>\n\n\n\n<div data-wp-interactive=\"core\/file\" class=\"wp-block-file\"><object data-wp-bind--hidden=\"!state.hasPdfPreview\" hidden class=\"wp-block-file__embed\" data=\"https:\/\/sites.uel.br\/prorh\/wp-content\/uploads\/2025\/12\/Ato-Executivo-078.pdf\" type=\"application\/pdf\" style=\"width:100%;height:600px\" aria-label=\"Incorporado de ATO EXECUTIVO N\u00b0 078\/2024.\"><\/object><a>ATO EXECUTIVO N\u00b0 078\/2024<\/a><a href=\"https:\/\/sites.uel.br\/prorh\/wp-content\/uploads\/2025\/12\/Ato-Executivo-078.pdf\" class=\"wp-block-file__button wp-element-button\" download>Baixar<\/a><\/div>\n\n\n\n<p><strong>Resolu\u00e7\u00e3o CA n\u00ba 047\/2025<\/strong><br><br>Estabelece, para o \u00e2mbito da Universidade Estadual de Londrina (UEL), o Recesso de Final de Ano:<\/p>\n\n\n\n<div data-wp-interactive=\"core\/file\" class=\"wp-block-file\"><object data-wp-bind--hidden=\"!state.hasPdfPreview\" hidden class=\"wp-block-file__embed\" data=\"https:\/\/sites.uel.br\/prorh\/wp-content\/uploads\/2025\/09\/471.pdf\" type=\"application\/pdf\" style=\"width:100%;height:600px\" aria-label=\"Incorporado de RESOLU\u00c7\u00c3O CA N\u00b0 047\/2025.\"><\/object><a>RESOLU\u00c7\u00c3O CA N\u00b0 047\/2025<\/a><a href=\"https:\/\/sites.uel.br\/prorh\/wp-content\/uploads\/2025\/09\/471.pdf\" class=\"wp-block-file__button wp-element-button\" download>Baixar<\/a><\/div>\n\n\n\n<p><\/p>\n\n\n\n<div id=\"wp-block-themeisle-blocks-accordion-1e2b3868\" class=\"wp-block-themeisle-blocks-accordion exclusive\">\n<details class=\"wp-block-themeisle-blocks-accordion-item\"><summary class=\"wp-block-themeisle-blocks-accordion-item__title\"><div><strong>Anos Anteriores<\/strong><\/div><\/summary><div class=\"wp-block-themeisle-blocks-accordion-item__content\">\n<div class=\"wp-block-file\"><a id=\"wp-block-file--media-ebe82b04-733f-4e39-b5ad-84c1c1976a5e\" href=\"https:\/\/sites.uel.br\/prorh\/wp-content\/uploads\/2024\/07\/009-2024-Calendario-Administrativo.pdf\" target=\"_blank\" rel=\"noreferrer noopener\">Calend\u00e1rio 2024<\/a><\/div>\n\n\n\n<div class=\"wp-block-file\"><a id=\"wp-block-file--media-ebe82b04-733f-4e39-b5ad-84c1c1976a5e\" href=\"https:\/\/sites.uel.br\/prorh\/wp-content\/uploads\/2023\/10\/calendario_2023_2024.pdf\" target=\"_blank\" rel=\"noreferrer noopener\">Calend\u00e1rio 2023-2024<\/a><\/div>\n\n\n\n<div class=\"wp-block-file\"><a id=\"wp-block-file--media-a29b2ae4-aa72-4473-8be5-88f22de1e410\" href=\"https:\/\/sites.uel.br\/prorh\/wp-content\/uploads\/2023\/03\/calendario_2022_2023.pdf\" target=\"_blank\" rel=\"noreferrer noopener\">Calend\u00e1rio 2022-2023<\/a><\/div>\n\n\n\n<div class=\"wp-block-file\"><a id=\"wp-block-file--media-e0ad6a7f-1b45-4bb4-acf6-0a5176392e3d\" href=\"https:\/\/sites.uel.br\/prorh\/wp-content\/uploads\/2023\/05\/calendario_2021_2022.pdf\" target=\"_blank\" rel=\"noreferrer noopener\">Calend\u00e1rio 2021-2022<\/a><\/div>\n\n\n\n<div class=\"wp-block-file\"><a id=\"wp-block-file--media-711782b5-5367-41bd-a2aa-f16bd1bc7caf\" href=\"https:\/\/sites.uel.br\/prorh\/wp-content\/uploads\/2023\/05\/calendario_2021.pdf\" target=\"_blank\" rel=\"noreferrer noopener\">Calend\u00e1rio 2020-2021<\/a><\/div>\n\n\n\n<div class=\"wp-block-file\"><a id=\"wp-block-file--media-eca0f7dc-6d8a-4e68-afb8-815e58aa0a4a\" href=\"https:\/\/sites.uel.br\/prorh\/wp-content\/uploads\/2023\/05\/calendario_2020.pdf\" target=\"_blank\" rel=\"noreferrer noopener\">Calend\u00e1rio 2020<\/a><\/div>\n\n\n\n<div class=\"wp-block-file\"><a id=\"wp-block-file--media-227b19bf-9873-48cf-b67b-1f7c751eed93\" href=\"https:\/\/sites.uel.br\/prorh\/wp-content\/uploads\/2023\/05\/ae_46_2019.pdf\" target=\"_blank\" rel=\"noreferrer noopener\">Ato Executivo n\u00ba 046\/2019, referente a reformula\u00e7\u00e3o do Calend\u00e1rio Administrativo 2019<\/a><\/div>\n\n\n\n<div class=\"wp-block-file\"><a id=\"wp-block-file--media-7440d7c7-439b-4061-bb8f-d4fb4c8215bc\" href=\"https:\/\/sites.uel.br\/prorh\/wp-content\/uploads\/2023\/05\/calendario_2019.pdf\" target=\"_blank\" rel=\"noreferrer noopener\">Calend\u00e1rio 2019<\/a><\/div>\n\n\n\n<div class=\"wp-block-file\"><a id=\"wp-block-file--media-3e9f6733-c888-4ceb-b4a1-77030a2e5b23\" href=\"https:\/\/sites.uel.br\/prorh\/wp-content\/uploads\/2023\/05\/calendario_2018.pdf\" target=\"_blank\" rel=\"noreferrer noopener\">Calend\u00e1rio 2018<\/a><\/div>\n\n\n\n<div class=\"wp-block-file\"><a id=\"wp-block-file--media-85b86821-aae5-4a32-b03f-5bede94ff63a\" href=\"https:\/\/sites.uel.br\/prorh\/wp-content\/uploads\/2023\/05\/calendario_2017.pdf\" target=\"_blank\" rel=\"noreferrer noopener\">Calend\u00e1rio 2017<\/a><\/div>\n\n\n\n<div class=\"wp-block-file\"><a id=\"wp-block-file--media-0a9f4382-aab5-43b7-8cbd-fbe0ecd15a1a\" href=\"https:\/\/sites.uel.br\/prorh\/wp-content\/uploads\/2023\/05\/calendario_2016.pdf\" target=\"_blank\" rel=\"noreferrer noopener\">Calend\u00e1rio 2016<\/a><\/div>\n\n\n\n<div class=\"wp-block-file\"><a id=\"wp-block-file--media-a649ff9b-4e3d-4e33-a764-f5c7906c8bd3\" href=\"https:\/\/sites.uel.br\/prorh\/wp-content\/uploads\/2023\/05\/calendario_2015.pdf\" target=\"_blank\" rel=\"noreferrer noopener\">Calend\u00e1rio 2015<\/a><\/div>\n\n\n\n<div class=\"wp-block-file\"><a id=\"wp-block-file--media-39dee4c5-59c5-4c30-8581-8fefbece8f51\" href=\"https:\/\/sites.uel.br\/prorh\/wp-content\/uploads\/2023\/05\/calendario_2015_retifica.pdf\" target=\"_blank\" rel=\"noreferrer noopener\">Altera\u00e7\u00e3o do Ato Executivo n\u00ba 150\/2014 que estabelece recesso<\/a><\/div>\n\n\n\n<div class=\"wp-block-file\"><a id=\"wp-block-file--media-b47659c6-1adb-47f7-afce-19b150ab6330\" href=\"https:\/\/sites.uel.br\/prorh\/wp-content\/uploads\/2023\/05\/calendario_2014_retifica.pdf\" target=\"_blank\" rel=\"noreferrer noopener\">Calend\u00e1rio 2014<\/a><\/div>\n\n\n\n<div class=\"wp-block-file\"><a id=\"wp-block-file--media-197d2e7d-f1bd-422c-85b9-a42f868ee071\" href=\"https:\/\/sites.uel.br\/prorh\/wp-content\/uploads\/2023\/05\/calendario_2013.pdf\" target=\"_blank\" rel=\"noreferrer noopener\">Calend\u00e1rio 2013<\/a><\/div>\n\n\n\n<div class=\"wp-block-file\"><a id=\"wp-block-file--media-3f79a525-e57a-4501-8e59-deb6bc6633ce\" href=\"https:\/\/sites.uel.br\/prorh\/wp-content\/uploads\/2023\/05\/calendario_2012.pdf\" target=\"_blank\" rel=\"noreferrer noopener\">Calend\u00e1rio 2012<\/a><\/div>\n\n\n\n<div class=\"wp-block-file\"><a id=\"wp-block-file--media-95048de8-3472-4b42-a6be-6a24edd0acc0\" href=\"https:\/\/sites.uel.br\/prorh\/wp-content\/uploads\/2023\/05\/2010_222.pdf\" target=\"_blank\" rel=\"noreferrer noopener\">Calend\u00e1rio 2011<\/a><\/div>\n\n\n\n<div class=\"wp-block-file\"><a id=\"wp-block-file--media-3b7ce72c-2287-4b8e-aafb-c17298b67772\" href=\"https:\/\/sites.uel.br\/prorh\/wp-content\/uploads\/2023\/05\/2010_12.pdf\" target=\"_blank\" rel=\"noreferrer noopener\">Calend\u00e1rio 2010<\/a><\/div>\n<\/div><\/details>\n<\/div>\n","protected":false},"excerpt":{"rendered":"<p>Ato Executivo n\u00ba 076\/2025 Estabelece o Calend\u00e1rio Administrativo para o ano de 2026. Resolu\u00e7\u00e3o n\u00ba 078\/2024 Estabelece o calend\u00e1rio administrativo para o ano de 2025. Resolu\u00e7\u00e3o CA n\u00ba 047\/2025 Estabelece, para o \u00e2mbito da Universidade Estadual de Londrina (UEL), o Recesso de Final de Ano:<\/p>\n","protected":false},"author":6,"featured_media":0,"parent":0,"menu_order":0,"comment_status":"closed","ping_status":"closed","template":"","meta":{"_acf_changed":false,"_themeisle_gutenberg_block_has_review":false,"footnotes":""},"class_list":["post-109","page","type-page","status-publish","hentry"],"acf":[],"_links":{"self":[{"href":"https:\/\/sites.uel.br\/prorh\/wp-json\/wp\/v2\/pages\/109","targetHints":{"allow":["GET"]}}],"collection":[{"href":"https:\/\/sites.uel.br\/prorh\/wp-json\/wp\/v2\/pages"}],"about":[{"href":"https:\/\/sites.uel.br\/prorh\/wp-json\/wp\/v2\/types\/page"}],"author":[{"embeddable":true,"href":"https:\/\/sites.uel.br\/prorh\/wp-json\/wp\/v2\/users\/6"}],"replies":[{"embeddable":true,"href":"https:\/\/sites.uel.br\/prorh\/wp-json\/wp\/v2\/comments?post=109"}],"version-history":[{"count":41,"href":"https:\/\/sites.uel.br\/prorh\/wp-json\/wp\/v2\/pages\/109\/revisions"}],"predecessor-version":[{"id":2583,"href":"https:\/\/sites.uel.br\/prorh\/wp-json\/wp\/v2\/pages\/109\/revisions\/2583"}],"wp:attachment":[{"href":"https:\/\/sites.uel.br\/prorh\/wp-json\/wp\/v2\/media?parent=109"}],"curies":[{"name":"wp","href":"https:\/\/api.w.org\/{rel}","templated":true}]}}