{"id":99,"date":"2022-12-16T09:20:47","date_gmt":"2022-12-16T12:20:47","guid":{"rendered":"https:\/\/sites.uel.br\/proppg\/?page_id=99"},"modified":"2023-12-18T09:39:12","modified_gmt":"2023-12-18T12:39:12","slug":"equipe-e-contatos","status":"publish","type":"page","link":"https:\/\/sites.uel.br\/proppg\/equipe-e-contatos\/","title":{"rendered":"Equipe e Estrutura"},"content":{"rendered":"\n<div style=\"height:31px\" aria-hidden=\"true\" class=\"wp-block-spacer\"><\/div>\n\n\n\n<h3 class=\"wp-block-heading\" style=\"font-size:25px\">Administra\u00e7\u00e3o<\/h3>\n\n\n\n<p><strong>Pr\u00f3-Reitora de Pesquisa e P\u00f3s-Gradua\u00e7\u00e3o<\/strong><br>Profa. Dra. Silvia M. Ferreira Meletti \u2013&nbsp;<a href=\"mailto:prorh@uel.br\">proppg@uel.br<\/a><\/p>\n\n\n\n<p><strong>Secret\u00e1ria Executiva<\/strong><br>Fernanda Caroline Ribeiro dos Santos<\/p>\n\n\n\n<div style=\"height:30px\" aria-hidden=\"true\" class=\"wp-block-spacer\"><\/div>\n\n\n\n<p><\/p>\n\n\n\n<h4 class=\"wp-block-heading\" style=\"font-size:25px\"><strong>Diretoria de Pesquisa<\/strong><\/h4>\n\n\n\n<p><strong>Diretor:<\/strong> Prof. Dr. Eduardo Jos\u00e9 de Almeida Ara\u00fajo<\/p>\n\n\n\n<p>Diretoria de Pesquisa, respons\u00e1vel por supervisionar e apoiar projetos de pesquisa, gerenciar informa\u00e7\u00f5es sobre pesquisas, promover a divulga\u00e7\u00e3o de resultados, elaborar projetos para melhorias na infraestrutura de pesquisa, administrar bolsas e apoiar a comunidade acad\u00eamica em quest\u00f5es relacionadas \u00e0 pesquisa e financiamento.<\/p>\n\n\n\n<div style=\"height:6px\" aria-hidden=\"true\" class=\"wp-block-spacer\"><\/div>\n\n\n\n<div style=\"height:30px\" aria-hidden=\"true\" class=\"wp-block-spacer\"><\/div>\n\n\n\n<h4 class=\"wp-block-heading\" style=\"font-size:25px\"><strong>Diretoria de P\u00f3s-Gradua\u00e7\u00e3o<\/strong><\/h4>\n\n\n\n<p><strong>Diretora: <\/strong>Profa. Dra. Suzana Mali de Oliveira<\/p>\n\n\n\n<p>Diretoria de P\u00f3s-Gradua\u00e7\u00e3o, respons\u00e1vel pela programa\u00e7\u00e3o, execu\u00e7\u00e3o, registro e controle acad\u00eamico das atividades de p\u00f3s-gradua\u00e7\u00e3o.<\/p>\n\n\n\n<div style=\"height:33px\" aria-hidden=\"true\" class=\"wp-block-spacer\"><\/div>\n\n\n\n<div id=\"wp-block-themeisle-blocks-accordion-41442067\" class=\"wp-block-themeisle-blocks-accordion exclusive  is-style-default\">\n<details class=\"wp-block-themeisle-blocks-accordion-item\"><summary class=\"wp-block-themeisle-blocks-accordion-item__title\"><div><strong>Gest\u00e3o Financeira da P\u00f3s-Gradua\u00e7\u00e3o<\/strong><\/div><\/summary><div class=\"wp-block-themeisle-blocks-accordion-item__content\">\n<p><strong>Chefe: <\/strong>M\u00e1rcio Ferreira Cruz<\/p>\n<\/div><\/details>\n\n\n\n<details class=\"wp-block-themeisle-blocks-accordion-item\"><summary class=\"wp-block-themeisle-blocks-accordion-item__title\"><div><strong>Divis\u00e3o de Registro Acad\u00eamico<\/strong><\/div><\/summary><div class=\"wp-block-themeisle-blocks-accordion-item__content\">\n<p><strong>Chefe:<\/strong> Cristina dos Santos<\/p>\n<\/div><\/details>\n\n\n\n<details class=\"wp-block-themeisle-blocks-accordion-item\"><summary class=\"wp-block-themeisle-blocks-accordion-item__title\"><div><strong>Divis\u00e3o de Admiss\u00e3o e Mobilidade<\/strong><\/div><\/summary><div class=\"wp-block-themeisle-blocks-accordion-item__content\">\n<p><strong>Chefe:<\/strong> Ana Aparecida Souza<\/p>\n<\/div><\/details>\n\n\n\n<details class=\"wp-block-themeisle-blocks-accordion-item\"><summary class=\"wp-block-themeisle-blocks-accordion-item__title\"><div><strong>Divis\u00e3o de Colegiado de Cursos de P\u00f3s-Gradua\u00e7\u00e3o<\/strong><\/div><\/summary><div class=\"wp-block-themeisle-blocks-accordion-item__content\">\n<p><strong>Chefe: <\/strong>Rog\u00e9rio Junior Boratim<\/p>\n<\/div><\/details>\n\n\n\n<details class=\"wp-block-themeisle-blocks-accordion-item\"><summary class=\"wp-block-themeisle-blocks-accordion-item__title\"><div><strong>Projetos de Pesquisa, Inicia\u00e7\u00e3o Cient\u00edfica e Tecnol\u00f3gica<\/strong><br><\/div><\/summary><div class=\"wp-block-themeisle-blocks-accordion-item__content\">\n<p><strong>Chefe: <\/strong>Andr\u00e9 Junior Concei\u00e7\u00e3o<\/p>\n<\/div><\/details>\n\n\n\n<details class=\"wp-block-themeisle-blocks-accordion-item\"><summary class=\"wp-block-themeisle-blocks-accordion-item__title\"><div><strong>Gest\u00e3o Financeira da Pesquisa Cient\u00edfica e Tecnol\u00f3gica <\/strong><\/div><\/summary><div class=\"wp-block-themeisle-blocks-accordion-item__content\">\n<p><strong>Chefe:<\/strong> Suely Kazue Ariji<\/p>\n<\/div><\/details>\n\n\n\n<details class=\"wp-block-themeisle-blocks-accordion-item\"><summary class=\"wp-block-themeisle-blocks-accordion-item__title\"><div><strong>Escrit\u00f3rio de Apoio \u00e0 Pesquisa &#8211; EAPq<\/strong><\/div><\/summary><div class=\"wp-block-themeisle-blocks-accordion-item__content\">\n<p><strong>Chefe:<\/strong> Prof. Dr. Claudemir Zucareli<\/p>\n<\/div><\/details>\n<\/div>\n","protected":false},"excerpt":{"rendered":"<p>Administra\u00e7\u00e3o Pr\u00f3-Reitora de Pesquisa e P\u00f3s-Gradua\u00e7\u00e3oProfa. Dra. Silvia M. Ferreira Meletti \u2013&nbsp;proppg@uel.br Secret\u00e1ria ExecutivaFernanda Caroline Ribeiro dos Santos Diretoria de Pesquisa Diretor: Prof. Dr. Eduardo Jos\u00e9 de Almeida Ara\u00fajo Diretoria de Pesquisa, respons\u00e1vel por supervisionar e apoiar projetos de pesquisa, gerenciar informa\u00e7\u00f5es sobre pesquisas, promover a divulga\u00e7\u00e3o de resultados, elaborar projetos para melhorias na infraestrutura [&hellip;]<\/p>\n","protected":false},"author":2,"featured_media":0,"parent":0,"menu_order":0,"comment_status":"closed","ping_status":"closed","template":"","meta":{"_acf_changed":false,"_themeisle_gutenberg_block_has_review":false,"footnotes":""},"class_list":["post-99","page","type-page","status-publish","hentry"],"acf":[],"_links":{"self":[{"href":"https:\/\/sites.uel.br\/proppg\/wp-json\/wp\/v2\/pages\/99","targetHints":{"allow":["GET"]}}],"collection":[{"href":"https:\/\/sites.uel.br\/proppg\/wp-json\/wp\/v2\/pages"}],"about":[{"href":"https:\/\/sites.uel.br\/proppg\/wp-json\/wp\/v2\/types\/page"}],"author":[{"embeddable":true,"href":"https:\/\/sites.uel.br\/proppg\/wp-json\/wp\/v2\/users\/2"}],"replies":[{"embeddable":true,"href":"https:\/\/sites.uel.br\/proppg\/wp-json\/wp\/v2\/comments?post=99"}],"version-history":[{"count":92,"href":"https:\/\/sites.uel.br\/proppg\/wp-json\/wp\/v2\/pages\/99\/revisions"}],"predecessor-version":[{"id":2511,"href":"https:\/\/sites.uel.br\/proppg\/wp-json\/wp\/v2\/pages\/99\/revisions\/2511"}],"wp:attachment":[{"href":"https:\/\/sites.uel.br\/proppg\/wp-json\/wp\/v2\/media?parent=99"}],"curies":[{"name":"wp","href":"https:\/\/api.w.org\/{rel}","templated":true}]}}