{"id":97,"date":"2022-12-16T09:20:29","date_gmt":"2022-12-16T12:20:29","guid":{"rendered":"https:\/\/sites.uel.br\/proppg\/?page_id=97"},"modified":"2023-10-29T16:38:46","modified_gmt":"2023-10-29T19:38:46","slug":"patrimonio-genetico","status":"publish","type":"page","link":"https:\/\/sites.uel.br\/proppg\/patrimonio-genetico\/","title":{"rendered":"PATRIM\u00d4NIO GEN\u00c9TICO &#8211; CPGEN"},"content":{"rendered":"\n<div style=\"height:33px\" aria-hidden=\"true\" class=\"wp-block-spacer\"><\/div>\n\n\n\n<p><\/p>\n\n\n\n<div class=\"wp-block-columns is-layout-flex wp-container-core-columns-is-layout-9d6595d7 wp-block-columns-is-layout-flex\">\n<div class=\"wp-block-column is-layout-flow wp-block-column-is-layout-flow\" style=\"flex-basis:100%\">\n<div class=\"wp-block-group\"><div class=\"wp-block-group__inner-container is-layout-constrained wp-block-group-is-layout-constrained\">\n<div class=\"wp-block-buttons is-layout-flex wp-block-buttons-is-layout-flex\">\n<div class=\"wp-block-button\"><a class=\"wp-block-button__link has-cinza-escuro-color has-verde-background-color has-text-color has-background wp-element-button\" href=\"https:\/\/sites.uel.br\/proppg\/regulamentacao\/\"><strong>Regulamenta\u00e7\u00e3o<\/strong><\/a><\/div>\n\n\n\n<div class=\"wp-block-button\"><a class=\"wp-block-button__link has-cinza-escuro-color has-verde-background-color has-text-color has-background wp-element-button\" href=\"https:\/\/sites.uel.br\/proppg\/instrucoes\/\"><strong>Instru\u00e7\u00f5es<\/strong><\/a><\/div>\n\n\n\n<div class=\"wp-block-button\"><a class=\"wp-block-button__link has-cinza-escuro-color has-verde-background-color has-text-color has-background wp-element-button\" href=\"https:\/\/sites.uel.br\/proppg\/links\/\"><strong>Links<\/strong><\/a><\/div>\n<\/div>\n<\/div><\/div>\n\n\n\n<div class=\"wp-block-group\"><div class=\"wp-block-group__inner-container is-layout-constrained wp-block-group-is-layout-constrained\">\n<div class=\"wp-block-buttons is-horizontal is-content-justification-right is-layout-flex wp-container-core-buttons-is-layout-ae2fe186 wp-block-buttons-is-layout-flex\"><\/div>\n<\/div><\/div>\n<\/div>\n<\/div>\n\n\n\n<div style=\"height:33px\" aria-hidden=\"true\" class=\"wp-block-spacer\"><\/div>\n\n\n\n<p><\/p>\n\n\n\n<p><strong>Membros da Comiss\u00e3o de Patrim\u00f4nio Gen\u00e9tico da UEL<\/strong>&nbsp;(designados pela&nbsp;<a rel=\"noreferrer noopener\" href=\"https:\/\/www.uel.br\/proppg\/portalnovo\/pages\/arquivos\/CPGEN\/Potaria%20CPGEN%20-%20SISGEN%20UEL%20-%202021.pdf\" target=\"_blank\"><u>Portaria N\u00ba 2.014\/2021 de 05 de julho de&nbsp; 2021<\/u><\/a>)<\/p>\n\n\n\n<p><strong>Coordenador<\/strong><\/p>\n\n\n\n<p>Luciano Aparecido Panagio (CCB)<\/p>\n\n\n\n<p><strong>Centro de Ci\u00eancias Agr\u00e1rias<\/strong><\/p>\n\n\n\n<p>Elisa Yoko Hirooka<\/p>\n\n\n\n<p><strong>Centro de Ci\u00eancias Biol\u00f3gicas<\/strong><\/p>\n\n\n\n<p>Gislayne Fernandes Lemes Trindade Villas Boas<\/p>\n\n\n\n<p>Jos\u00e9 Luis Olivan Birindelli<\/p>\n\n\n\n<p>Luciano Aparecido Panagio<\/p>\n\n\n\n<p><strong>Centro de Ci\u00eancias Exatas<\/strong><\/p>\n\n\n\n<p>Andr\u00e9 Luiz Martinez de Oliveira<\/p>\n\n\n\n<p><strong>Centro de Estudos Sociais e Aplicados<\/strong><\/p>\n\n\n\n<p>Francisco Em\u00edlio Baleotti<\/p>\n\n\n\n<p><strong>Comit\u00ea de \u00c9tica em Pesquisa Envolvendo Seres Humanos &#8211; CEP<\/strong><\/p>\n\n\n\n<p>Alessandra Louren\u00e7o Armani Cecchini<\/p>\n\n\n\n<p>Marcelo Rodrigues de Melo<\/p>\n\n\n\n<p><strong>Comit\u00ea de \u00c9tica no Uso de Animais &#8211; CEUA<\/strong><\/p>\n\n\n\n<p>Sandra Regina Georgetti<\/p>\n\n\n\n<p><strong>Pr\u00f3-Reitoria de Pesquisa e P\u00f3s-Gradua\u00e7\u00e3o<\/strong><\/p>\n\n\n\n<p>Eduardo Jos\u00e9 de Almeida Ara\u00fajo &#8211; Diretor de Pesquisa<\/p>\n","protected":false},"excerpt":{"rendered":"<p>Membros da Comiss\u00e3o de Patrim\u00f4nio Gen\u00e9tico da UEL&nbsp;(designados pela&nbsp;Portaria N\u00ba 2.014\/2021 de 05 de julho de&nbsp; 2021) Coordenador Luciano Aparecido Panagio (CCB) Centro de Ci\u00eancias Agr\u00e1rias Elisa Yoko Hirooka Centro de Ci\u00eancias Biol\u00f3gicas Gislayne Fernandes Lemes Trindade Villas Boas Jos\u00e9 Luis Olivan Birindelli Luciano Aparecido Panagio Centro de Ci\u00eancias Exatas Andr\u00e9 Luiz Martinez de Oliveira [&hellip;]<\/p>\n","protected":false},"author":2,"featured_media":0,"parent":0,"menu_order":0,"comment_status":"closed","ping_status":"closed","template":"","meta":{"_acf_changed":false,"_themeisle_gutenberg_block_has_review":false,"footnotes":""},"class_list":["post-97","page","type-page","status-publish","hentry"],"acf":[],"_links":{"self":[{"href":"https:\/\/sites.uel.br\/proppg\/wp-json\/wp\/v2\/pages\/97","targetHints":{"allow":["GET"]}}],"collection":[{"href":"https:\/\/sites.uel.br\/proppg\/wp-json\/wp\/v2\/pages"}],"about":[{"href":"https:\/\/sites.uel.br\/proppg\/wp-json\/wp\/v2\/types\/page"}],"author":[{"embeddable":true,"href":"https:\/\/sites.uel.br\/proppg\/wp-json\/wp\/v2\/users\/2"}],"replies":[{"embeddable":true,"href":"https:\/\/sites.uel.br\/proppg\/wp-json\/wp\/v2\/comments?post=97"}],"version-history":[{"count":18,"href":"https:\/\/sites.uel.br\/proppg\/wp-json\/wp\/v2\/pages\/97\/revisions"}],"predecessor-version":[{"id":1722,"href":"https:\/\/sites.uel.br\/proppg\/wp-json\/wp\/v2\/pages\/97\/revisions\/1722"}],"wp:attachment":[{"href":"https:\/\/sites.uel.br\/proppg\/wp-json\/wp\/v2\/media?parent=97"}],"curies":[{"name":"wp","href":"https:\/\/api.w.org\/{rel}","templated":true}]}}