{"id":928,"date":"2023-09-27T14:31:13","date_gmt":"2023-09-27T17:31:13","guid":{"rendered":"https:\/\/sites.uel.br\/proppg\/?page_id=928"},"modified":"2026-04-17T15:45:05","modified_gmt":"2026-04-17T18:45:05","slug":"formularios-financeiro-pos","status":"publish","type":"page","link":"https:\/\/sites.uel.br\/proppg\/formularios-financeiro-pos\/","title":{"rendered":"Formul\u00e1rios &#8211; Financeiro P\u00f3s"},"content":{"rendered":"\n<div style=\"height:17px\" aria-hidden=\"true\" class=\"wp-block-spacer\"><\/div>\n\n\n\n<p>\u2666 <a href=\"https:\/\/sites.uel.br\/proppg\/wp-content\/uploads\/2026\/03\/REQUISICAO-REFEICAO-atualizada-2026-2.doc\">Guia de Requisi\u00e7\u00e3o de Refei\u00e7\u00f5es<\/a><\/p>\n\n\n\n<p>\u2666 <a href=\"https:\/\/sites.uel.br\/proppg\/wp-content\/uploads\/2025\/01\/Requisicao_de_refeicao_-_Atualizado-25-hotel.docx\">Guia de Requisi\u00e7\u00e3o de Refei\u00e7\u00f5es &#8211; Hotel Londristar<\/a><\/p>\n\n\n\n<p class=\"has-medium-font-size\">\u2666 <a href=\"https:\/\/sites.uel.br\/proppg\/wp-content\/uploads\/2026\/01\/Recibo_de_Pagamento_Pessoa_Fisica_9.5.xls\">Recibo de Pagamento de Pessoa F\u00edsica<\/a> (9.5)<\/p>\n\n\n\n<p>\u2666 Recibo de Pagamento N\u00e3o Tribut\u00e1veis (1.1)<\/p>\n\n\n\n<p>\u2666 <a href=\"https:\/\/sites.uel.br\/proppg\/wp-content\/uploads\/2023\/11\/recibodetaxi.doc\">Recibo de T\u00e1xi<\/a><\/p>\n\n\n\n<p>\u2666 <a href=\"https:\/\/sites.uel.br\/proppg\/wp-content\/uploads\/2026\/03\/REQUISICAO-DE-HOSPEDAGEM-COMFORT-SUITES-MODELO.doc\">Requisi\u00e7\u00e3o de Hospedagem<\/a><\/p>\n\n\n\n<p>\u2666 <a href=\"https:\/\/sites.uel.br\/proppg\/wp-content\/uploads\/2023\/11\/FORMULARIO-PARA-CADASTRO-DE-BOLSISTAS.doc\">Cadastro de Fornecedor<\/a><\/p>\n\n\n\n<p>\u2666 <u><a href=\"https:\/\/sites.uel.br\/proppg\/wp-content\/uploads\/2023\/11\/DiA_rias_e_Passagens_-_Convidados_ATUALIZADO.docx\">Di\u00e1rias e Passagens &#8211; externos<\/a><\/u><\/p>\n\n\n\n<p>\u2666 <u><a href=\"https:\/\/sites.uel.br\/proppg\/wp-content\/uploads\/2025\/05\/POS-GRADUACAO-FORMULARIO-SOLICITACAO-DE-DIARIAS_PASSAGENS_PARA-SERVIDORES.doc\">Di\u00e1rias e Passagens &#8211; servidores da UEL<\/a><\/u><\/p>\n\n\n\n<div style=\"height:20px\" aria-hidden=\"true\" class=\"wp-block-spacer\"><\/div>\n","protected":false},"excerpt":{"rendered":"<p>\u2666 Guia de Requisi\u00e7\u00e3o de Refei\u00e7\u00f5es \u2666 Guia de Requisi\u00e7\u00e3o de Refei\u00e7\u00f5es &#8211; Hotel Londristar \u2666 Recibo de Pagamento de Pessoa F\u00edsica (9.5) \u2666 Recibo de Pagamento N\u00e3o Tribut\u00e1veis (1.1) \u2666 Recibo de T\u00e1xi \u2666 Requisi\u00e7\u00e3o de Hospedagem \u2666 Cadastro de Fornecedor \u2666 Di\u00e1rias e Passagens &#8211; externos \u2666 Di\u00e1rias e Passagens &#8211; servidores da [&hellip;]<\/p>\n","protected":false},"author":10,"featured_media":0,"parent":0,"menu_order":0,"comment_status":"closed","ping_status":"closed","template":"","meta":{"_acf_changed":false,"_themeisle_gutenberg_block_has_review":false,"footnotes":""},"class_list":["post-928","page","type-page","status-publish","hentry"],"acf":[],"_links":{"self":[{"href":"https:\/\/sites.uel.br\/proppg\/wp-json\/wp\/v2\/pages\/928","targetHints":{"allow":["GET"]}}],"collection":[{"href":"https:\/\/sites.uel.br\/proppg\/wp-json\/wp\/v2\/pages"}],"about":[{"href":"https:\/\/sites.uel.br\/proppg\/wp-json\/wp\/v2\/types\/page"}],"author":[{"embeddable":true,"href":"https:\/\/sites.uel.br\/proppg\/wp-json\/wp\/v2\/users\/10"}],"replies":[{"embeddable":true,"href":"https:\/\/sites.uel.br\/proppg\/wp-json\/wp\/v2\/comments?post=928"}],"version-history":[{"count":35,"href":"https:\/\/sites.uel.br\/proppg\/wp-json\/wp\/v2\/pages\/928\/revisions"}],"predecessor-version":[{"id":5744,"href":"https:\/\/sites.uel.br\/proppg\/wp-json\/wp\/v2\/pages\/928\/revisions\/5744"}],"wp:attachment":[{"href":"https:\/\/sites.uel.br\/proppg\/wp-json\/wp\/v2\/media?parent=928"}],"curies":[{"name":"wp","href":"https:\/\/api.w.org\/{rel}","templated":true}]}}