{"id":5209,"date":"2026-01-19T16:17:48","date_gmt":"2026-01-19T19:17:48","guid":{"rendered":"https:\/\/sites.uel.br\/proppg\/?page_id=5209"},"modified":"2026-01-19T16:17:48","modified_gmt":"2026-01-19T19:17:48","slug":"tabelas-de-avaliacao-por-area-do-conhecimento-2025","status":"publish","type":"page","link":"https:\/\/sites.uel.br\/proppg\/tabelas-de-avaliacao-por-area-do-conhecimento-2025\/","title":{"rendered":"Tabelas de Avalia\u00e7\u00e3o por \u00c1rea do Conhecimento 2025"},"content":{"rendered":"\n<ul class=\"wp-block-list\">\n<li><a href=\"https:\/\/sites.uel.br\/proppg\/wp-content\/uploads\/Pesquisa\/Iniciacao\/Tabelas_e_formularios\/2025\/1_Tabela_Ciencias_Exatas_e_da_Terra_2025.pdf\">Ci\u00eancias Exatas e da Terra<\/a><\/li>\n\n\n\n<li><a href=\"https:\/\/sites.uel.br\/proppg\/wp-content\/uploads\/Pesquisa\/Iniciacao\/Tabelas_e_formularios\/2025\/2_Tabela_Ciencias_Biologicas_2025.pdf\">Ci\u00eancias Biol\u00f3gicas<\/a><\/li>\n\n\n\n<li><a href=\"https:\/\/sites.uel.br\/proppg\/wp-content\/uploads\/Pesquisa\/Iniciacao\/Tabelas_e_formularios\/2025\/3_Tabela_Engenharias_2025.pdf\">Engenharias<\/a><\/li>\n\n\n\n<li><a href=\"https:\/\/sites.uel.br\/proppg\/wp-content\/uploads\/Pesquisa\/Iniciacao\/Tabelas_e_formularios\/2025\/4_Tabela_Ciencias_da_Saude_2025.pdf\">Ci\u00eancias da Sa\u00fade<\/a><\/li>\n\n\n\n<li><a href=\"https:\/\/sites.uel.br\/proppg\/wp-content\/uploads\/Pesquisa\/Iniciacao\/Tabelas_e_formularios\/2025\/5_Tabela_Ciencias_Agrarias_2025.pdf\">Ci\u00eancias Agr\u00e1rias<\/a><\/li>\n\n\n\n<li><a href=\"https:\/\/sites.uel.br\/proppg\/wp-content\/uploads\/Pesquisa\/Iniciacao\/Tabelas_e_formularios\/2025\/6_Tabela_Ciencias_Sociais_e_Aplicadas_2025.pdf\">Ci\u00eancias Sociais Aplicadas<\/a><\/li>\n\n\n\n<li><a href=\"https:\/\/sites.uel.br\/proppg\/wp-content\/uploads\/Pesquisa\/Iniciacao\/Tabelas_e_formularios\/2025\/7_Tabela_Ciencias_Humanas_2025.pdf\">Ci\u00eancias Humanas<\/a><\/li>\n\n\n\n<li><a href=\"https:\/\/sites.uel.br\/proppg\/wp-content\/uploads\/Pesquisa\/Iniciacao\/Tabelas_e_formularios\/2025\/8_Tabela_Linguistica_Letras_e_Artes_2025.pdf\">Lingu\u00edstica, Letras e Artes<\/a><\/li>\n<\/ul>\n","protected":false},"excerpt":{"rendered":"","protected":false},"author":7,"featured_media":0,"parent":0,"menu_order":0,"comment_status":"closed","ping_status":"closed","template":"","meta":{"_acf_changed":false,"_themeisle_gutenberg_block_has_review":false,"footnotes":""},"class_list":["post-5209","page","type-page","status-publish","hentry"],"acf":[],"_links":{"self":[{"href":"https:\/\/sites.uel.br\/proppg\/wp-json\/wp\/v2\/pages\/5209","targetHints":{"allow":["GET"]}}],"collection":[{"href":"https:\/\/sites.uel.br\/proppg\/wp-json\/wp\/v2\/pages"}],"about":[{"href":"https:\/\/sites.uel.br\/proppg\/wp-json\/wp\/v2\/types\/page"}],"author":[{"embeddable":true,"href":"https:\/\/sites.uel.br\/proppg\/wp-json\/wp\/v2\/users\/7"}],"replies":[{"embeddable":true,"href":"https:\/\/sites.uel.br\/proppg\/wp-json\/wp\/v2\/comments?post=5209"}],"version-history":[{"count":1,"href":"https:\/\/sites.uel.br\/proppg\/wp-json\/wp\/v2\/pages\/5209\/revisions"}],"predecessor-version":[{"id":5210,"href":"https:\/\/sites.uel.br\/proppg\/wp-json\/wp\/v2\/pages\/5209\/revisions\/5210"}],"wp:attachment":[{"href":"https:\/\/sites.uel.br\/proppg\/wp-json\/wp\/v2\/media?parent=5209"}],"curies":[{"name":"wp","href":"https:\/\/api.w.org\/{rel}","templated":true}]}}