{"id":4821,"date":"2025-08-26T16:59:10","date_gmt":"2025-08-26T19:59:10","guid":{"rendered":"https:\/\/sites.uel.br\/proppg\/?page_id=4821"},"modified":"2025-08-26T16:59:10","modified_gmt":"2025-08-26T19:59:10","slug":"edital-proppg-48-2025-pdse","status":"publish","type":"page","link":"https:\/\/sites.uel.br\/proppg\/edital-proppg-48-2025-pdse\/","title":{"rendered":"Edital ProPPG 48\/2025 &#8211; PDSE"},"content":{"rendered":"\n<p><a href=\"https:\/\/sites.uel.br\/proppg\/wp-content\/uploads\/2025\/08\/Edital-PROPPG_48_2025_PDSE_UEL.pdf\">Edital CAPES n\u00ba17\/2025 &#8211; Programa Institucional de Doutorado Sandu\u00edche no Exterior (PDSE) 2025-2026<\/a><\/p>\n\n\n\n<ul class=\"wp-block-list\">\n<li><a href=\"https:\/\/sites.uel.br\/proppg\/wp-content\/uploads\/2025\/08\/3.-Anexo_I___Termo_de_Outorga_.pdf\">Termo de outorga<\/a> (anexo I)<\/li>\n\n\n\n<li><a href=\"https:\/\/sites.uel.br\/proppg\/wp-content\/uploads\/2025\/08\/4.-Anexo_II___Declaracao_Reconhecimento_da_Fluencia_Linguistica_do_cooorientador_no_exterior__1_.pdf\">Declara\u00e7\u00e3o de reconhecimento da flu\u00eancia lingu\u00edstica \u2015 institui\u00e7\u00e3o no exterior<\/a> (anexo II)<\/li>\n\n\n\n<li><a href=\"https:\/\/sites.uel.br\/proppg\/wp-content\/uploads\/2025\/08\/5.-Anexo_III_Declaracao-de-Reconhecimento-da-Fluencia-Linguistica_Orientador-no-Brasil.pdf\">Declara\u00e7\u00e3o de reconhecimento da flu\u00eancia lingu\u00edstica \u2015 brasileira<\/a> (anexo III)<\/li>\n\n\n\n<li><a href=\"https:\/\/sites.uel.br\/proppg\/wp-content\/uploads\/2025\/08\/6.-Anexo_IV__Requisitos-de-proficiencia-em-lingua-estrangeira-Alternativa-a-Declaracao.pdf\">Requisitos de profici\u00eancia em l\u00edngua estrangeira<\/a> \u2015 alternativa \u00e0 declara\u00e7\u00e3o (anexo IV)<\/li>\n\n\n\n<li><a href=\"https:\/\/sites.uel.br\/proppg\/wp-content\/uploads\/2025\/08\/7.-Anexo_V___MODELO_DA_DECLARACAO_DO_COORIENTADOR_NO_EXTERIOR_.pdf\">Modelo da carta do coorientador no exterior<\/a> (anexo V)<\/li>\n\n\n\n<li><a href=\"https:\/\/sites.uel.br\/proppg\/wp-content\/uploads\/2025\/08\/2.-Ata-de-Resultado-da-Selecao-Interna-PDSE-UEL.docx\">Ata de resultado da sele\u00e7\u00e3o interna (PDSE-UEL)<\/a><\/li>\n\n\n\n<li><a href=\"https:\/\/sites.uel.br\/proppg\/wp-content\/uploads\/2025\/08\/1.-Edital_Modelo_UEL_PDSE2025.docx\">Edital modelo UEL PDSE 2025<\/a><\/li>\n<\/ul>\n\n\n\n<p><\/p>\n\n\n\n<p><\/p>\n","protected":false},"excerpt":{"rendered":"<p>Edital CAPES n\u00ba17\/2025 &#8211; Programa Institucional de Doutorado Sandu\u00edche no Exterior (PDSE) 2025-2026<\/p>\n","protected":false},"author":7,"featured_media":0,"parent":0,"menu_order":0,"comment_status":"closed","ping_status":"closed","template":"","meta":{"_acf_changed":false,"_themeisle_gutenberg_block_has_review":false,"footnotes":""},"class_list":["post-4821","page","type-page","status-publish","hentry"],"acf":[],"_links":{"self":[{"href":"https:\/\/sites.uel.br\/proppg\/wp-json\/wp\/v2\/pages\/4821","targetHints":{"allow":["GET"]}}],"collection":[{"href":"https:\/\/sites.uel.br\/proppg\/wp-json\/wp\/v2\/pages"}],"about":[{"href":"https:\/\/sites.uel.br\/proppg\/wp-json\/wp\/v2\/types\/page"}],"author":[{"embeddable":true,"href":"https:\/\/sites.uel.br\/proppg\/wp-json\/wp\/v2\/users\/7"}],"replies":[{"embeddable":true,"href":"https:\/\/sites.uel.br\/proppg\/wp-json\/wp\/v2\/comments?post=4821"}],"version-history":[{"count":3,"href":"https:\/\/sites.uel.br\/proppg\/wp-json\/wp\/v2\/pages\/4821\/revisions"}],"predecessor-version":[{"id":4854,"href":"https:\/\/sites.uel.br\/proppg\/wp-json\/wp\/v2\/pages\/4821\/revisions\/4854"}],"wp:attachment":[{"href":"https:\/\/sites.uel.br\/proppg\/wp-json\/wp\/v2\/media?parent=4821"}],"curies":[{"name":"wp","href":"https:\/\/api.w.org\/{rel}","templated":true}]}}