{"id":4783,"date":"2025-08-06T09:27:04","date_gmt":"2025-08-06T12:27:04","guid":{"rendered":"https:\/\/sites.uel.br\/proppg\/?page_id=4783"},"modified":"2025-08-06T09:30:57","modified_gmt":"2025-08-06T12:30:57","slug":"edital-proppg-44-2025","status":"publish","type":"page","link":"https:\/\/sites.uel.br\/proppg\/edital-proppg-44-2025\/","title":{"rendered":"Edital PROPPG \u2013 44\/2025"},"content":{"rendered":"\n<p><a href=\"https:\/\/sites.uel.br\/proppg\/wp-content\/uploads\/2025\/08\/Edital_44_Resultado_Distribuicao_de_Bolsas_CNPq-Ciclo-2025_Agosto-1.pdf\">Resultado da Distribui\u00e7\u00e3o de Bolsas de Doutorado Institucionais.<\/a><\/p>\n\n\n\n<p>Anexos:<\/p>\n\n\n\n<p><a href=\"https:\/\/sites.uel.br\/proppg\/wp-content\/uploads\/2025\/08\/ANEXO-1-Termo-de-compromisso-bolsa_CNPq-1.docx\">TERMO DE COMPROMISSO DO BOLSISTA<\/a><\/p>\n\n\n\n<p><a href=\"https:\/\/sites.uel.br\/proppg\/wp-content\/uploads\/2025\/08\/ANEXO-2-Declaracao-de-Acumulos_CNPq-1.docx\">DECLARA\u00c7\u00c3O DE AC\u00daMULOS<\/a><\/p>\n","protected":false},"excerpt":{"rendered":"<p>Resultado da Distribui\u00e7\u00e3o de Bolsas de Doutorado Institucionais. Anexos: TERMO DE COMPROMISSO DO BOLSISTA DECLARA\u00c7\u00c3O DE AC\u00daMULOS<\/p>\n","protected":false},"author":17,"featured_media":0,"parent":0,"menu_order":0,"comment_status":"closed","ping_status":"closed","template":"","meta":{"_acf_changed":false,"_themeisle_gutenberg_block_has_review":false,"footnotes":""},"class_list":["post-4783","page","type-page","status-publish","hentry"],"acf":[],"_links":{"self":[{"href":"https:\/\/sites.uel.br\/proppg\/wp-json\/wp\/v2\/pages\/4783","targetHints":{"allow":["GET"]}}],"collection":[{"href":"https:\/\/sites.uel.br\/proppg\/wp-json\/wp\/v2\/pages"}],"about":[{"href":"https:\/\/sites.uel.br\/proppg\/wp-json\/wp\/v2\/types\/page"}],"author":[{"embeddable":true,"href":"https:\/\/sites.uel.br\/proppg\/wp-json\/wp\/v2\/users\/17"}],"replies":[{"embeddable":true,"href":"https:\/\/sites.uel.br\/proppg\/wp-json\/wp\/v2\/comments?post=4783"}],"version-history":[{"count":3,"href":"https:\/\/sites.uel.br\/proppg\/wp-json\/wp\/v2\/pages\/4783\/revisions"}],"predecessor-version":[{"id":4792,"href":"https:\/\/sites.uel.br\/proppg\/wp-json\/wp\/v2\/pages\/4783\/revisions\/4792"}],"wp:attachment":[{"href":"https:\/\/sites.uel.br\/proppg\/wp-json\/wp\/v2\/media?parent=4783"}],"curies":[{"name":"wp","href":"https:\/\/api.w.org\/{rel}","templated":true}]}}