{"id":4632,"date":"2025-06-02T17:33:59","date_gmt":"2025-06-02T20:33:59","guid":{"rendered":"https:\/\/sites.uel.br\/proppg\/?page_id=4632"},"modified":"2025-06-02T17:33:59","modified_gmt":"2025-06-02T20:33:59","slug":"edital-proppg-proex-07-2025","status":"publish","type":"page","link":"https:\/\/sites.uel.br\/proppg\/edital-proppg-proex-07-2025\/","title":{"rendered":"EDITAL PROPPG\/PROEX \u2013 07\/2025"},"content":{"rendered":"\n<p><a href=\"https:\/\/sites.uel.br\/proppg\/wp-content\/uploads\/2025\/06\/Edital-PROPPG_PROEX_PROEXT_PG-07-2025_Selecao-Interna_Segunda_Chamada-1.pdf\">PROGRAMA DE EXTENS\u00c3O DA EDUCA\u00c7\u00c3O SUPERIOR NA P\u00d3S-GRADUA\u00c7\u00c3O (PROEXT-PG)<\/a><\/p>\n\n\n\n<p><a href=\"https:\/\/sites.uel.br\/proppg\/wp-content\/uploads\/2025\/06\/ANEXOS_Edital-PROPPG_PROEX_PROEXT_PG-07_2025_Selecao-Interna-1.docx\">Anexos <\/a><\/p>\n","protected":false},"excerpt":{"rendered":"<p>PROGRAMA DE EXTENS\u00c3O DA EDUCA\u00c7\u00c3O SUPERIOR NA P\u00d3S-GRADUA\u00c7\u00c3O (PROEXT-PG) Anexos<\/p>\n","protected":false},"author":17,"featured_media":0,"parent":0,"menu_order":0,"comment_status":"closed","ping_status":"closed","template":"","meta":{"_acf_changed":false,"_themeisle_gutenberg_block_has_review":false,"footnotes":""},"class_list":["post-4632","page","type-page","status-publish","hentry"],"acf":[],"_links":{"self":[{"href":"https:\/\/sites.uel.br\/proppg\/wp-json\/wp\/v2\/pages\/4632","targetHints":{"allow":["GET"]}}],"collection":[{"href":"https:\/\/sites.uel.br\/proppg\/wp-json\/wp\/v2\/pages"}],"about":[{"href":"https:\/\/sites.uel.br\/proppg\/wp-json\/wp\/v2\/types\/page"}],"author":[{"embeddable":true,"href":"https:\/\/sites.uel.br\/proppg\/wp-json\/wp\/v2\/users\/17"}],"replies":[{"embeddable":true,"href":"https:\/\/sites.uel.br\/proppg\/wp-json\/wp\/v2\/comments?post=4632"}],"version-history":[{"count":1,"href":"https:\/\/sites.uel.br\/proppg\/wp-json\/wp\/v2\/pages\/4632\/revisions"}],"predecessor-version":[{"id":4633,"href":"https:\/\/sites.uel.br\/proppg\/wp-json\/wp\/v2\/pages\/4632\/revisions\/4633"}],"wp:attachment":[{"href":"https:\/\/sites.uel.br\/proppg\/wp-json\/wp\/v2\/media?parent=4632"}],"curies":[{"name":"wp","href":"https:\/\/api.w.org\/{rel}","templated":true}]}}